{"id":2371,"date":"2019-02-08T17:44:39","date_gmt":"2019-02-08T16:44:39","guid":{"rendered":"http:\/\/biog.adview.network\/personas-de-contacto\/"},"modified":"2024-12-17T09:24:17","modified_gmt":"2024-12-17T08:24:17","slug":"personas-de-contacto","status":"publish","type":"page","link":"https:\/\/biog-biogas.com\/es\/personas-de-contacto\/","title":{"rendered":"Personas de contacto"},"content":{"rendered":"<div class=\"wpb-content-wrapper\"><p>[vc_row bg_type=\u00bbbg_color\u00bb bg_color_value=\u00bb#0ba14b\u00bb css=\u00bb.vc_custom_1547372939300{margin-bottom: 20px !important;}\u00bb][vc_column css=\u00bb.vc_custom_1542096609850{padding-top: 0px !important;}\u00bb]<div id=\"ultimate-heading-821869e3f34d85504\" class=\"uvc-heading ult-adjust-bottom-margin ultimate-heading-821869e3f34d85504 uvc-406  uvc-heading-default-font-sizes\" data-hspacer=\"no_spacer\"  data-halign=\"left\" style=\"text-align:left\"><div class=\"uvc-heading-spacer no_spacer\" style=\"top\"><\/div><div class=\"uvc-main-heading ult-responsive\"  data-ultimate-target='.uvc-heading.ultimate-heading-821869e3f34d85504 h3'  data-responsive-json-new='{\"font-size\":\"\",\"line-height\":\"\"}' ><h3 style=\"--font-weight:theme;color:#ffffff;margin-top:10px;margin-bottom:10px;\">Gesti\u00f3n<\/h3><\/div><\/div>[\/vc_column][\/vc_row][vc_row][vc_column width=\u00bb1\/4&#8243;][vc_single_image image=\u00bb1309&#8243; alignment=\u00bbcenter\u00bb style=\u00bbvc_box_outline_circle\u00bb onclick=\u00bblink_image\u00bb css=\u00bb.vc_custom_1542096974213{margin-bottom: 10px !important;}\u00bb][vc_column_text css=\u00bb\u00bb]<\/p>\n<h4 style=\"text-align: center;\">Josef H\u00f6ckner<\/h4>\n<p style=\"text-align: center;\">Gerente<br \/>\n<a href=\"tel:+4377515014920\">+43 7751 50149-20<\/a><br \/>\n<a href=\"&#x6d;&#x61;&#105;l&#x74;&#x6f;&#58;&#106;o&#x73;&#x65;&#102;&#46;h&#x6f;&#x65;&#99;kn&#x65;&#x72;&#64;b&#x69;&#x6f;&#103;&#46;a&#x74;\">&#x6a;&#111;&#x73;&#101;f&#x2e;&#104;o&#x65;&#99;&#x6b;&#x6e;e&#x72;&#64;b&#x69;&#111;&#x67;&#x2e;a&#x74;<\/a><\/p>\n<p>[\/vc_column_text][\/vc_column][vc_column width=\u00bb1\/4&#8243;][vc_single_image image=\u00bb1316&#8243; alignment=\u00bbcenter\u00bb style=\u00bbvc_box_outline_circle\u00bb onclick=\u00bblink_image\u00bb css=\u00bb.vc_custom_1734422977200{margin-bottom: 10px !important;}\u00bb][vc_column_text css=\u00bb\u00bb]<\/p>\n<h4 style=\"text-align: center;\">Michael Weidinger<\/h4>\n<p style=\"text-align: center;\">Director adjunto<br \/>\n<a href=\"tel:+4377515014922\">+43 7751 50149-22<\/a><br \/>\n<a href=\"&#x6d;&#x61;&#x69;&#x6c;&#116;&#111;&#58;&#109;ich&#x61;&#x65;&#x6c;&#x2e;&#x77;&#101;&#105;&#100;ing&#x65;&#x72;&#x40;&#x62;&#x69;&#111;&#103;&#46;at\">&#x6d;&#x69;&#99;ha&#x65;&#x6c;&#46;&#119;e&#x69;&#x64;&#105;&#110;g&#x65;&#x72;&#x40;&#98;io&#x67;&#x2e;&#97;&#116;<\/a><\/p>\n<p>[\/vc_column_text][\/vc_column][vc_column width=\u00bb1\/4&#8243;][vc_single_image image=\u00bb1295&#8243; alignment=\u00bbcenter\u00bb style=\u00bbvc_box_outline_circle\u00bb onclick=\u00bblink_image\u00bb css=\u00bb.vc_custom_1734423057738{margin-bottom: 10px !important;}\u00bb][vc_column_text css=\u00bb\u00bb]<\/p>\n<h4 style=\"text-align: center;\">Hannes Bogner<\/h4>\n<p style=\"text-align: center;\">Director adjunto<br \/>\n<a href=\"tel:+4377515014925\">+43 7751 50149-25<\/a><br \/>\n<a href=\"&#x6d;&#x61;&#105;l&#x74;&#x6f;&#x3a;&#104;a&#x6e;&#x6e;&#x65;&#115;&#46;&#x62;&#x6f;&#x67;&#110;e&#x72;&#x40;&#x62;&#105;o&#x67;&#x2e;&#x61;&#116;\">h&#97;&#110;&#110;&#x65;&#x73;&#x2e;bo&#103;&#110;&#x65;&#x72;&#x40;&#x62;io&#103;&#46;&#x61;&#x74;<\/a><\/p>\n<p>[\/vc_column_text][\/vc_column][vc_column width=\u00bb1\/4&#8243;][\/vc_column][\/vc_row][vc_row bg_type=\u00bbbg_color\u00bb bg_color_value=\u00bb#0ba14b\u00bb css=\u00bb.vc_custom_1542096630327{margin-top: 50px !important;margin-bottom: 20px !important;}\u00bb][vc_column css=\u00bb.vc_custom_1542096609850{padding-top: 0px !important;}\u00bb]<div id=\"ultimate-heading-756969e3f34d855e4\" class=\"uvc-heading ult-adjust-bottom-margin ultimate-heading-756969e3f34d855e4 uvc-6304  uvc-heading-default-font-sizes\" data-hspacer=\"no_spacer\"  data-halign=\"left\" style=\"text-align:left\"><div class=\"uvc-heading-spacer no_spacer\" style=\"top\"><\/div><div class=\"uvc-main-heading ult-responsive\"  data-ultimate-target='.uvc-heading.ultimate-heading-756969e3f34d855e4 h3'  data-responsive-json-new='{\"font-size\":\"\",\"line-height\":\"\"}' ><h3 style=\"--font-weight:theme;color:#ffffff;margin-top:10px;margin-bottom:10px;\">Adquisici\u00f3n \/ Piezas de recambio \/ Service<\/h3><\/div><\/div>[\/vc_column][\/vc_row][vc_row][vc_column width=\u00bb1\/4&#8243;][vc_single_image image=\u00bb2936&#8243; alignment=\u00bbcenter\u00bb style=\u00bbvc_box_outline_circle\u00bb onclick=\u00bblink_image\u00bb css=\u00bb.vc_custom_1556772320568{margin-bottom: 10px !important;}\u00bb][vc_column_text]<\/p>\n<h4 style=\"text-align: center;\">Franz H\u00f6randner<\/h4>\n<p style=\"text-align: center;\">Adquisici\u00f3n y gesti\u00f3n de piezas de recambio<br \/>\n<a href=\"tel:+4377515014928\">+43 7751 50149-28<\/a><br \/>\n<a href=\"m&#97;&#x69;&#x6c;t&#111;&#58;&#x66;&#x72;a&#110;&#x7a;&#x2e;h&#111;&#101;&#x72;&#x61;n&#100;&#x6e;&#x65;r&#64;&#98;&#x69;&#x6f;g&#45;&#x62;&#x69;o&#103;&#97;&#x73;&#x2e;c&#111;&#x6d;\">&#x66;&#x72;&#97;&#110;z&#46;&#x68;&#x6f;&#x65;&#114;an&#x64;&#x6e;&#x65;&#114;&#64;b&#x69;&#x6f;&#x67;&#45;&#98;i&#x6f;&#x67;&#x61;&#115;&#46;co&#x6d;<\/a><\/p>\n<p>[\/vc_column_text][\/vc_column][vc_column width=\u00bb1\/4&#8243;][vc_single_image image=\u00bb5818&#8243; alignment=\u00bbcenter\u00bb style=\u00bbvc_box_outline_circle\u00bb onclick=\u00bblink_image\u00bb css=\u00bb.vc_custom_1564035759003{margin-bottom: 10px !important;}\u00bb][vc_column_text css=\u00bb\u00bb]<\/p>\n<h4 style=\"text-align: center;\">Stefan Pointecker<\/h4>\n<p style=\"text-align: center;\">Adquisici\u00f3n y gesti\u00f3n de piezas de recambio<br \/>\n<a href=\"tel:+4377515014927\">+43 7751 50149-27<\/a><br \/>\n<a href=\"&#109;&#x61;&#105;&#x6c;t&#111;&#x3a;&#115;&#x74;e&#x66;a&#110;&#x2e;&#112;&#x6f;i&#x6e;&#x74;&#101;&#x63;k&#x65;r&#114;&#x40;&#98;&#x69;o&#x67;-&#98;&#x69;&#111;&#x67;a&#115;&#x2e;&#99;&#x6f;m\">&#115;&#x74;&#x65;f&#97;&#x6e;&#46;&#112;&#x6f;i&#110;&#x74;e&#99;&#x6b;&#x65;&#114;&#x40;&#x62;i&#111;&#x67;-&#98;&#x69;o&#103;&#x61;&#x73;&#46;&#x63;&#x6f;m<\/a><\/p>\n<p>[\/vc_column_text][\/vc_column][vc_column width=\u00bb1\/4&#8243;][vc_single_image image=\u00bb282597&#8243; alignment=\u00bbcenter\u00bb style=\u00bbvc_box_outline_circle\u00bb onclick=\u00bblink_image\u00bb css=\u00bb.vc_custom_1734423616081{margin-bottom: 10px !important;}\u00bb][vc_column_text css=\u00bb\u00bb]<\/p>\n<h4 style=\"text-align: center;\">Dominik Leitner<\/h4>\n<p style=\"text-align: center;\">Service<br \/>\n<a href=\"tel:+4377515014936\">+43 7751 50149-36<\/a><br \/>\n<a href=\"&#x6d;&#97;&#105;l&#x74;&#x6f;&#58;d&#x6f;&#x6d;&#105;ni&#x6b;&#46;&#108;e&#x69;&#x74;&#110;e&#x72;&#x40;&#98;&#105;o&#x67;&#x2e;&#97;t\">&#100;&#x6f;&#109;&#x69;n&#x69;k&#46;&#x6c;&#101;&#x69;&#116;&#x6e;e&#x72;&#64;&#98;&#x69;&#111;&#x67;&#46;&#x61;t<\/a><\/p>\n<p>[\/vc_column_text][\/vc_column][vc_column width=\u00bb1\/4&#8243;][\/vc_column][\/vc_row]<\/p>\n<\/div>","protected":false},"excerpt":{"rendered":"<p>[vc_row bg_type=\u00bbbg_color\u00bb bg_color_value=\u00bb#0ba14b\u00bb css=\u00bb.vc_custom_1547372939300{margin-bottom: 20px !important;}\u00bb][vc_column css=\u00bb.vc_custom_1542096609850{padding-top: 0px !important;}\u00bb][\/vc_column][\/vc_row][vc_row][vc_column width=\u00bb1\/4&#8243;][vc_single_image image=\u00bb1309&#8243; alignment=\u00bbcenter\u00bb style=\u00bbvc_box_outline_circle\u00bb onclick=\u00bblink_image\u00bb css=\u00bb.vc_custom_1542096974213{margin-bottom: 10px !important;}\u00bb][vc_column_text css=\u00bb\u00bb] Josef H\u00f6ckner Gerente +43 7751 50149-20 &#106;&#x6f;&#115;&#x65;&#102;&#x2e;h&#x6f;e&#99;&#x6b;&#110;&#x65;&#114;&#x40;b&#x69;o&#103;&#x2e;&#97;&#x74; [\/vc_column_text][\/vc_column][vc_column width=\u00bb1\/4&#8243;][vc_single_image image=\u00bb1316&#8243; alignment=\u00bbcenter\u00bb style=\u00bbvc_box_outline_circle\u00bb onclick=\u00bblink_image\u00bb css=\u00bb.vc_custom_1734422977200{margin-bottom: 10px !important;}\u00bb][vc_column_text css=\u00bb\u00bb] Michael Weidinger Director adjunto +43 7751 50149-22 m&#105;&#99;&#104;&#x61;&#x65;&#x6c;&#46;w&#101;&#105;&#x64;&#x69;&#x6e;&#x67;er&#64;&#98;&#x69;&#x6f;&#x67;&#x2e;a&#116; [\/vc_column_text][\/vc_column][vc_column width=\u00bb1\/4&#8243;][vc_single_image image=\u00bb1295&#8243; alignment=\u00bbcenter\u00bb style=\u00bbvc_box_outline_circle\u00bb onclick=\u00bblink_image\u00bb css=\u00bb.vc_custom_1734423057738{margin-bottom: 10px !important;}\u00bb][vc_column_text css=\u00bb\u00bb] Hannes Bogner&hellip;<\/p>\n","protected":false},"author":1,"featured_media":0,"parent":0,"menu_order":0,"comment_status":"closed","ping_status":"open","template":"","meta":{"footnotes":""},"class_list":["post-2371","page","type-page","status-publish","hentry","description-off"],"yoast_head":"<!-- This site is optimized with the Yoast SEO plugin v27.4 - https:\/\/yoast.com\/product\/yoast-seo-wordpress\/ -->\n<title>Persona de contacto para consultas especiales | BioG \u2022 Solutions for green energy<\/title>\n<meta name=\"description\" content=\"\u00a1Esquema de sus personas de contacto! \u2606 si tiene alguna consulta, petici\u00f3n o sugerencia, p\u00f3ngase en contacto con nuestros especialistas del \u00e1rea correspondiente: estaremos encantados de ayudarle.\" \/>\n<meta name=\"robots\" content=\"index, follow, max-snippet:-1, max-image-preview:large, max-video-preview:-1\" \/>\n<link rel=\"canonical\" href=\"https:\/\/biog-biogas.com\/es\/personas-de-contacto\/\" \/>\n<meta property=\"og:locale\" content=\"es_ES\" \/>\n<meta property=\"og:type\" content=\"article\" \/>\n<meta property=\"og:title\" content=\"Persona de contacto para consultas especiales | BioG \u2022 Solutions for green energy\" \/>\n<meta property=\"og:description\" content=\"\u00a1Esquema de sus personas de contacto! \u2606 si tiene alguna consulta, petici\u00f3n o sugerencia, p\u00f3ngase en contacto con nuestros especialistas del \u00e1rea correspondiente: estaremos encantados de ayudarle.\" \/>\n<meta property=\"og:url\" content=\"https:\/\/biog-biogas.com\/es\/personas-de-contacto\/\" \/>\n<meta property=\"og:site_name\" content=\"BIOG\" \/>\n<meta property=\"article:modified_time\" content=\"2024-12-17T08:24:17+00:00\" \/>\n<meta name=\"twitter:card\" content=\"summary_large_image\" \/>\n<meta name=\"twitter:label1\" content=\"Tiempo de lectura\" \/>\n\t<meta name=\"twitter:data1\" content=\"1 minuto\" \/>\n<script type=\"application\/ld+json\" class=\"yoast-schema-graph\">{\"@context\":\"https:\\\/\\\/schema.org\",\"@graph\":[{\"@type\":\"WebPage\",\"@id\":\"https:\\\/\\\/biog-biogas.com\\\/es\\\/personas-de-contacto\\\/\",\"url\":\"https:\\\/\\\/biog-biogas.com\\\/es\\\/personas-de-contacto\\\/\",\"name\":\"Persona de contacto para consultas especiales | BioG \u2022 Solutions for green energy\",\"isPartOf\":{\"@id\":\"https:\\\/\\\/biog-biogas.com\\\/es\\\/#website\"},\"datePublished\":\"2019-02-08T16:44:39+00:00\",\"dateModified\":\"2024-12-17T08:24:17+00:00\",\"description\":\"\u00a1Esquema de sus personas de contacto! \u2606 si tiene alguna consulta, petici\u00f3n o sugerencia, p\u00f3ngase en contacto con nuestros especialistas del \u00e1rea correspondiente: estaremos encantados de ayudarle.\",\"breadcrumb\":{\"@id\":\"https:\\\/\\\/biog-biogas.com\\\/es\\\/personas-de-contacto\\\/#breadcrumb\"},\"inLanguage\":\"es\",\"potentialAction\":[{\"@type\":\"ReadAction\",\"target\":[\"https:\\\/\\\/biog-biogas.com\\\/es\\\/personas-de-contacto\\\/\"]}]},{\"@type\":\"BreadcrumbList\",\"@id\":\"https:\\\/\\\/biog-biogas.com\\\/es\\\/personas-de-contacto\\\/#breadcrumb\",\"itemListElement\":[{\"@type\":\"ListItem\",\"position\":1,\"name\":\"Startseite\",\"item\":\"https:\\\/\\\/biog-biogas.com\\\/es\\\/\"},{\"@type\":\"ListItem\",\"position\":2,\"name\":\"Personas de contacto\"}]},{\"@type\":\"WebSite\",\"@id\":\"https:\\\/\\\/biog-biogas.com\\\/es\\\/#website\",\"url\":\"https:\\\/\\\/biog-biogas.com\\\/es\\\/\",\"name\":\"BIOG\",\"description\":\"Solutions for green energy\",\"potentialAction\":[{\"@type\":\"SearchAction\",\"target\":{\"@type\":\"EntryPoint\",\"urlTemplate\":\"https:\\\/\\\/biog-biogas.com\\\/es\\\/?s={search_term_string}\"},\"query-input\":{\"@type\":\"PropertyValueSpecification\",\"valueRequired\":true,\"valueName\":\"search_term_string\"}}],\"inLanguage\":\"es\"}]}<\/script>\n<!-- \/ Yoast SEO plugin. -->","yoast_head_json":{"title":"Persona de contacto para consultas especiales | BioG \u2022 Solutions for green energy","description":"\u00a1Esquema de sus personas de contacto! \u2606 si tiene alguna consulta, petici\u00f3n o sugerencia, p\u00f3ngase en contacto con nuestros especialistas del \u00e1rea correspondiente: estaremos encantados de ayudarle.","robots":{"index":"index","follow":"follow","max-snippet":"max-snippet:-1","max-image-preview":"max-image-preview:large","max-video-preview":"max-video-preview:-1"},"canonical":"https:\/\/biog-biogas.com\/es\/personas-de-contacto\/","og_locale":"es_ES","og_type":"article","og_title":"Persona de contacto para consultas especiales | BioG \u2022 Solutions for green energy","og_description":"\u00a1Esquema de sus personas de contacto! \u2606 si tiene alguna consulta, petici\u00f3n o sugerencia, p\u00f3ngase en contacto con nuestros especialistas del \u00e1rea correspondiente: estaremos encantados de ayudarle.","og_url":"https:\/\/biog-biogas.com\/es\/personas-de-contacto\/","og_site_name":"BIOG","article_modified_time":"2024-12-17T08:24:17+00:00","twitter_card":"summary_large_image","twitter_misc":{"Tiempo de lectura":"1 minuto"},"schema":{"@context":"https:\/\/schema.org","@graph":[{"@type":"WebPage","@id":"https:\/\/biog-biogas.com\/es\/personas-de-contacto\/","url":"https:\/\/biog-biogas.com\/es\/personas-de-contacto\/","name":"Persona de contacto para consultas especiales | BioG \u2022 Solutions for green energy","isPartOf":{"@id":"https:\/\/biog-biogas.com\/es\/#website"},"datePublished":"2019-02-08T16:44:39+00:00","dateModified":"2024-12-17T08:24:17+00:00","description":"\u00a1Esquema de sus personas de contacto! \u2606 si tiene alguna consulta, petici\u00f3n o sugerencia, p\u00f3ngase en contacto con nuestros especialistas del \u00e1rea correspondiente: estaremos encantados de ayudarle.","breadcrumb":{"@id":"https:\/\/biog-biogas.com\/es\/personas-de-contacto\/#breadcrumb"},"inLanguage":"es","potentialAction":[{"@type":"ReadAction","target":["https:\/\/biog-biogas.com\/es\/personas-de-contacto\/"]}]},{"@type":"BreadcrumbList","@id":"https:\/\/biog-biogas.com\/es\/personas-de-contacto\/#breadcrumb","itemListElement":[{"@type":"ListItem","position":1,"name":"Startseite","item":"https:\/\/biog-biogas.com\/es\/"},{"@type":"ListItem","position":2,"name":"Personas de contacto"}]},{"@type":"WebSite","@id":"https:\/\/biog-biogas.com\/es\/#website","url":"https:\/\/biog-biogas.com\/es\/","name":"BIOG","description":"Solutions for green energy","potentialAction":[{"@type":"SearchAction","target":{"@type":"EntryPoint","urlTemplate":"https:\/\/biog-biogas.com\/es\/?s={search_term_string}"},"query-input":{"@type":"PropertyValueSpecification","valueRequired":true,"valueName":"search_term_string"}}],"inLanguage":"es"}]}},"_links":{"self":[{"href":"https:\/\/biog-biogas.com\/es\/wp-json\/wp\/v2\/pages\/2371","targetHints":{"allow":["GET"]}}],"collection":[{"href":"https:\/\/biog-biogas.com\/es\/wp-json\/wp\/v2\/pages"}],"about":[{"href":"https:\/\/biog-biogas.com\/es\/wp-json\/wp\/v2\/types\/page"}],"author":[{"embeddable":true,"href":"https:\/\/biog-biogas.com\/es\/wp-json\/wp\/v2\/users\/1"}],"replies":[{"embeddable":true,"href":"https:\/\/biog-biogas.com\/es\/wp-json\/wp\/v2\/comments?post=2371"}],"version-history":[{"count":0,"href":"https:\/\/biog-biogas.com\/es\/wp-json\/wp\/v2\/pages\/2371\/revisions"}],"wp:attachment":[{"href":"https:\/\/biog-biogas.com\/es\/wp-json\/wp\/v2\/media?parent=2371"}],"curies":[{"name":"wp","href":"https:\/\/api.w.org\/{rel}","templated":true}]}}