{"id":2388,"date":"2019-02-08T19:23:08","date_gmt":"2019-02-08T18:23:08","guid":{"rendered":"http:\/\/biog.adview.network\/higienizacion\/"},"modified":"2019-07-25T14:06:51","modified_gmt":"2019-07-25T12:06:51","slug":"higienizacion","status":"publish","type":"page","link":"https:\/\/biog-biogas.com\/es\/higienizacion\/","title":{"rendered":"Higienizaci\u00f3n"},"content":{"rendered":"<div class=\"wpb-content-wrapper\"><p>[vc_row][vc_column]<div id=\"ultimate-heading-202469d0eb276f055\" class=\"uvc-heading ult-adjust-bottom-margin ultimate-heading-202469d0eb276f055 uvc-2475  uvc-heading-default-font-sizes\" data-hspacer=\"no_spacer\"  data-halign=\"left\" style=\"text-align:left\"><div class=\"uvc-heading-spacer no_spacer\" style=\"top\"><\/div><div class=\"uvc-main-heading ult-responsive\"  data-ultimate-target='.uvc-heading.ultimate-heading-202469d0eb276f055 h2'  data-responsive-json-new='{\"font-size\":\"\",\"line-height\":\"\"}' ><h2 style=\"--font-weight:theme;margin-bottom:15px;\">Higienizaci\u00f3n<\/h2><\/div><\/div><div id=\"ultimate-heading-169569d0eb276f130\" class=\"uvc-heading ult-adjust-bottom-margin ultimate-heading-169569d0eb276f130 uvc-3784  uvc-heading-default-font-sizes\" data-hspacer=\"no_spacer\"  data-halign=\"left\" style=\"text-align:left\"><div class=\"uvc-heading-spacer no_spacer\" style=\"top\"><\/div><div class=\"uvc-main-heading ult-responsive\"  data-ultimate-target='.uvc-heading.ultimate-heading-169569d0eb276f130 h1'  data-responsive-json-new='{\"font-size\":\"\",\"line-height\":\"\"}' ><h1 style=\"--font-weight:theme;margin-bottom:15px;\">Especialistas en dispositivos para la higienizaci\u00f3n de tuber\u00edas en procesos continuos<\/h1><\/div><\/div>[vc_column_text]Debido a las condiciones cada vez m\u00e1s estrictas, el tratamiento de residuos requiere amplios conocimientos y experiencia. Cuando se trata de sustancias org\u00e1nicas delicadas, como despojos de matadero o residuos dom\u00e9sticos org\u00e1nicos, se requiere un tratamiento antig\u00e9rmenes mediante la aplicaci\u00f3n de calor.<\/p>\n<p>Los m\u00e9todos que se aplicaban hasta ahora para el tratamiento antig\u00e9rmenes provocaban la formaci\u00f3n de espuma no deseada. Para evitar este problema, en BioG nos hemos centrado y hemos desarrollado un sistema para la higienizaci\u00f3n de tuber\u00edas. La formaci\u00f3n de espuma se suprime completamente en un circuito cerrado. El sistema se basa en un proceso continuo o sistema de tuber\u00eda en tuber\u00eda. El sistema aprovecha el calor residual del material higienizado y calienta el material a tratar igual que en un intercambiador t\u00e9rmico. El material de desecho se trata en un circuito a 70 \u00b0C durante una hora y luego vuelve a salir del sistema de higienizaci\u00f3n completamente libre de g\u00e9rmenes. Ello garantiza que tanto el consumo t\u00e9rmico como el el\u00e9ctrico sean muy bajos.[\/vc_column_text][\/vc_column][\/vc_row][vc_row equal_height=\u00bbyes\u00bb content_placement=\u00bbmiddle\u00bb][vc_column]<style type=\"text\/css\" data-type=\"the7_shortcodes-inline-css\">.gallery-shortcode.gallery-masonry-shortcode-id-7168100f01de24ca08741356c169be3a figure,\n.gallery-shortcode.gallery-masonry-shortcode-id-7168100f01de24ca08741356c169be3a .rollover,\n.gallery-shortcode.gallery-masonry-shortcode-id-7168100f01de24ca08741356c169be3a img,\n.gallery-shortcode.gallery-masonry-shortcode-id-7168100f01de24ca08741356c169be3a .gallery-rollover {\n  border-radius: 0px;\n}\n.gallery-shortcode.gallery-masonry-shortcode-id-7168100f01de24ca08741356c169be3a.enable-bg-rollover .gallery-rollover {\n  background: -webkit-linear-gradient();\n  background: linear-gradient();\n}\n.gallery-shortcode.gallery-masonry-shortcode-id-7168100f01de24ca08741356c169be3a.enable-bg-rollover.hover-scale figure .rollover:after {\n  background: -webkit-linear-gradient();\n  background: linear-gradient();\n}\n.gallery-shortcode.gallery-masonry-shortcode-id-7168100f01de24ca08741356c169be3a .gallery-zoom-ico {\n  width: 44px;\n  height: 44px;\n  line-height: 44px;\n  border-radius: 100px;\n  margin: -22px 0 0 -22px;\n  border-width: 0px;\n  color: #ffffff;\n}\n.dt-icon-bg-on.gallery-shortcode.gallery-masonry-shortcode-id-7168100f01de24ca08741356c169be3a .gallery-zoom-ico {\n  background: rgba(255,255,255,0.3);\n  box-shadow: none;\n}\n.gallery-shortcode.gallery-masonry-shortcode-id-7168100f01de24ca08741356c169be3a .gallery-zoom-ico:before,\n.gallery-shortcode.gallery-masonry-shortcode-id-7168100f01de24ca08741356c169be3a .gallery-zoom-ico span {\n  font-size: 32px;\n  line-height: 44px;\n  color: #ffffff;\n}\n.gallery-shortcode.gallery-masonry-shortcode-id-7168100f01de24ca08741356c169be3a:not(.resize-by-browser-width) .dt-css-grid {\n  grid-row-gap: 10px;\n  grid-column-gap: 10px;\n  grid-template-columns: repeat(auto-fill,minmax(,1fr));\n}\n.gallery-shortcode.gallery-masonry-shortcode-id-7168100f01de24ca08741356c169be3a:not(.resize-by-browser-width) .dt-css-grid .double-width {\n  grid-column: span 2;\n}\n.cssgridlegacy.no-cssgrid .gallery-shortcode.gallery-masonry-shortcode-id-7168100f01de24ca08741356c169be3a:not(.resize-by-browser-width) .dt-css-grid,\n.no-cssgridlegacy.no-cssgrid .gallery-shortcode.gallery-masonry-shortcode-id-7168100f01de24ca08741356c169be3a:not(.resize-by-browser-width) .dt-css-grid {\n  display: flex;\n  flex-flow: row wrap;\n  margin: -5px;\n}\n.cssgridlegacy.no-cssgrid .gallery-shortcode.gallery-masonry-shortcode-id-7168100f01de24ca08741356c169be3a:not(.resize-by-browser-width) .dt-css-grid .wf-cell,\n.no-cssgridlegacy.no-cssgrid .gallery-shortcode.gallery-masonry-shortcode-id-7168100f01de24ca08741356c169be3a:not(.resize-by-browser-width) .dt-css-grid .wf-cell {\n  flex: 1 0 ;\n  max-width: 100%;\n  padding: 5px;\n  box-sizing: border-box;\n}\n.gallery-shortcode.gallery-masonry-shortcode-id-7168100f01de24ca08741356c169be3a.resize-by-browser-width .dt-css-grid {\n  grid-template-columns: repeat(4,1fr);\n  grid-template-rows: auto;\n  grid-column-gap: 10px;\n  grid-row-gap: 10px;\n}\n.gallery-shortcode.gallery-masonry-shortcode-id-7168100f01de24ca08741356c169be3a.resize-by-browser-width .dt-css-grid .double-width {\n  grid-column: span 2;\n}\n.cssgridlegacy.no-cssgrid .gallery-shortcode.gallery-masonry-shortcode-id-7168100f01de24ca08741356c169be3a.resize-by-browser-width .dt-css-grid {\n  margin: -5px;\n}\n.cssgridlegacy.no-cssgrid .gallery-shortcode.gallery-masonry-shortcode-id-7168100f01de24ca08741356c169be3a.resize-by-browser-width .dt-css-grid .wf-cell {\n  width: 25%;\n  padding: 5px;\n}\n.cssgridlegacy.no-cssgrid .gallery-shortcode.gallery-masonry-shortcode-id-7168100f01de24ca08741356c169be3a.resize-by-browser-width .dt-css-grid .wf-cell.double-width {\n  width: calc(25%) * 2;\n}\n.gallery-shortcode.gallery-masonry-shortcode-id-7168100f01de24ca08741356c169be3a.resize-by-browser-width:not(.centered-layout-list):not(.content-bg-on) .dt-css-grid {\n  grid-row-gap: 10px - ;\n}\n@media screen and (max-width: 1199px) {\n  .gallery-shortcode.gallery-masonry-shortcode-id-7168100f01de24ca08741356c169be3a.resize-by-browser-width .dt-css-grid {\n    grid-template-columns: repeat(4,1fr);\n  }\n  .cssgridlegacy.no-cssgrid .gallery-shortcode.gallery-masonry-shortcode-id-7168100f01de24ca08741356c169be3a.resize-by-browser-width .dt-css-grid .wf-cell,\n  .no-cssgridlegacy.no-cssgrid .gallery-shortcode.gallery-masonry-shortcode-id-7168100f01de24ca08741356c169be3a.resize-by-browser-width .dt-css-grid .wf-cell {\n    width: 25%;\n  }\n  .cssgridlegacy.no-cssgrid .gallery-shortcode.gallery-masonry-shortcode-id-7168100f01de24ca08741356c169be3a.resize-by-browser-width .dt-css-grid .wf-cell.double-width,\n  .no-cssgridlegacy.no-cssgrid .gallery-shortcode.gallery-masonry-shortcode-id-7168100f01de24ca08741356c169be3a.resize-by-browser-width .dt-css-grid .wf-cell.double-width {\n    width: calc(25%)*2;\n  }\n}\n@media screen and (max-width: 991px) {\n  .gallery-shortcode.gallery-masonry-shortcode-id-7168100f01de24ca08741356c169be3a.resize-by-browser-width .dt-css-grid {\n    grid-template-columns: repeat(4,1fr);\n  }\n  .cssgridlegacy.no-cssgrid .gallery-shortcode.gallery-masonry-shortcode-id-7168100f01de24ca08741356c169be3a.resize-by-browser-width .dt-css-grid .wf-cell,\n  .no-cssgridlegacy.no-cssgrid .gallery-shortcode.gallery-masonry-shortcode-id-7168100f01de24ca08741356c169be3a.resize-by-browser-width .dt-css-grid .wf-cell {\n    width: 25%;\n  }\n  .cssgridlegacy.no-cssgrid .gallery-shortcode.gallery-masonry-shortcode-id-7168100f01de24ca08741356c169be3a.resize-by-browser-width .dt-css-grid .wf-cell.double-width,\n  .no-cssgridlegacy.no-cssgrid .gallery-shortcode.gallery-masonry-shortcode-id-7168100f01de24ca08741356c169be3a.resize-by-browser-width .dt-css-grid .wf-cell.double-width {\n    width: calc(25%)*2;\n  }\n}\n@media screen and (max-width: 767px) {\n  .gallery-shortcode.gallery-masonry-shortcode-id-7168100f01de24ca08741356c169be3a.resize-by-browser-width .dt-css-grid {\n    grid-template-columns: repeat(2,1fr);\n  }\n  .cssgridlegacy.no-cssgrid .gallery-shortcode.gallery-masonry-shortcode-id-7168100f01de24ca08741356c169be3a.resize-by-browser-width .dt-css-grid .wf-cell,\n  .no-cssgridlegacy.no-cssgrid .gallery-shortcode.gallery-masonry-shortcode-id-7168100f01de24ca08741356c169be3a.resize-by-browser-width .dt-css-grid .wf-cell {\n    width: 50%;\n  }\n  .cssgridlegacy.no-cssgrid .gallery-shortcode.gallery-masonry-shortcode-id-7168100f01de24ca08741356c169be3a.resize-by-browser-width .dt-css-grid .wf-cell.double-width,\n  .no-cssgridlegacy.no-cssgrid .gallery-shortcode.gallery-masonry-shortcode-id-7168100f01de24ca08741356c169be3a.resize-by-browser-width .dt-css-grid .wf-cell.double-width {\n    width: calc(50%)*2;\n  }\n}\n<\/style><div class=\"gallery-shortcode dt-gallery-container gallery-masonry-shortcode-id-7168100f01de24ca08741356c169be3a mode-grid jquery-filter dt-icon-bg-off quick-scale-img dt-css-grid-wrap enable-bg-rollover resize-by-browser-width  hover-fade loading-effect-fall-perspective description-on-hover\" data-padding=\"5px\" data-cur-page=\"1\" data-post-limit=\"-1\" data-pagination-mode=\"none\" data-desktop-columns-num=\"4\" data-v-tablet-columns-num=\"4\" data-h-tablet-columns-num=\"4\" data-phone-columns-num=\"2\" data-width=\"0px\" data-columns=\"0\"><div class=\"dt-css-grid\" ><div class=\"wf-cell\" data-post-id=\"1970\" data-date=\"2019-01-13T10:28:30+01:00\" data-name=\"Tecnolog\u00eda para la higienizaci\u00f3n de tuber\u00edas\"><figure class=\"post visible\"><a href=\"https:\/\/biog-biogas.com\/wp-content\/uploads\/Hygienisierungstechnik-von-BIOG.jpg\" class=\"rollover dt-pswp-item layzr-bg\" data-large_image_width=\"1620\" data-large_image_height=\"1080\" data-dt-img-description=\"\" title=\"Tecnolog\u00eda para la higienizaci\u00f3n de tuber\u00edas\"><img decoding=\"async\" class=\"preload-me iso-lazy-load aspect\" src=\"data:image\/svg+xml,%3Csvg%20xmlns%3D&#39;http%3A%2F%2Fwww.w3.org%2F2000%2Fsvg&#39;%20viewBox%3D&#39;0%200%20231%20129&#39;%2F%3E\" data-src=\"https:\/\/biog-biogas.com\/wp-content\/uploads\/Hygienisierungstechnik-von-BIOG-231x129.jpg\" data-srcset=\"https:\/\/biog-biogas.com\/wp-content\/uploads\/Hygienisierungstechnik-von-BIOG-231x129.jpg 231w, https:\/\/biog-biogas.com\/wp-content\/uploads\/Hygienisierungstechnik-von-BIOG-347x194.jpg 347w\" loading=\"eager\" style=\"--ratio: 231 \/ 129\" sizes=\"(max-width: 231px) 100vw, 231px\" alt=\"Dispositivo para la higienizaci\u00f3n de tuber\u00edas en procesos continuos de BIOG\" width=\"231\" height=\"129\"  \/><span class=\"gallery-rollover\"><span class=\"gallery-zoom-ico icomoon-the7-font-the7-zoom-06\"><span><\/span><\/span><\/span><\/a><\/figure><\/div><div class=\"wf-cell\" data-post-id=\"1150\" data-date=\"2018-11-12T12:41:50+01:00\" data-name=\"Higienizaci\u00f3n en un procedimiento de intercambio t\u00e9rmico\"><figure class=\"post visible\"><a href=\"https:\/\/biog-biogas.com\/wp-content\/uploads\/Hygienisierung-im-Waermetauscherverfahren.jpg\" class=\"rollover dt-pswp-item layzr-bg\" data-large_image_width=\"1920\" data-large_image_height=\"1046\" data-dt-img-description=\"\" title=\"Higienizaci\u00f3n en un procedimiento de intercambio t\u00e9rmico\"><img decoding=\"async\" class=\"preload-me iso-lazy-load aspect\" src=\"data:image\/svg+xml,%3Csvg%20xmlns%3D&#39;http%3A%2F%2Fwww.w3.org%2F2000%2Fsvg&#39;%20viewBox%3D&#39;0%200%20231%20129&#39;%2F%3E\" data-src=\"https:\/\/biog-biogas.com\/wp-content\/uploads\/Hygienisierung-im-Waermetauscherverfahren-231x129.jpg\" data-srcset=\"https:\/\/biog-biogas.com\/wp-content\/uploads\/Hygienisierung-im-Waermetauscherverfahren-231x129.jpg 231w, https:\/\/biog-biogas.com\/wp-content\/uploads\/Hygienisierung-im-Waermetauscherverfahren-347x194.jpg 347w\" loading=\"eager\" style=\"--ratio: 231 \/ 129\" sizes=\"(max-width: 231px) 100vw, 231px\" alt=\"Dispositivo de higienizaci\u00f3n en un procedimiento de intercambio t\u00e9rmico\" width=\"231\" height=\"129\"  \/><span class=\"gallery-rollover\"><span class=\"gallery-zoom-ico icomoon-the7-font-the7-zoom-06\"><span><\/span><\/span><\/span><\/a><\/figure><\/div><div class=\"wf-cell\" data-post-id=\"1157\" data-date=\"2018-11-12T12:41:55+01:00\" data-name=\"Tecnolog\u00eda para la higienizaci\u00f3n de tuber\u00edas\"><figure class=\"post visible\"><a href=\"https:\/\/biog-biogas.com\/wp-content\/uploads\/Rohrhygienisierungstechnik.jpg\" class=\"rollover dt-pswp-item layzr-bg\" data-large_image_width=\"1920\" data-large_image_height=\"893\" data-dt-img-description=\"\" title=\"Tecnolog\u00eda para la higienizaci\u00f3n de tuber\u00edas\"><img decoding=\"async\" class=\"preload-me iso-lazy-load aspect\" src=\"data:image\/svg+xml,%3Csvg%20xmlns%3D&#39;http%3A%2F%2Fwww.w3.org%2F2000%2Fsvg&#39;%20viewBox%3D&#39;0%200%20231%20129&#39;%2F%3E\" data-src=\"https:\/\/biog-biogas.com\/wp-content\/uploads\/Rohrhygienisierungstechnik-231x129.jpg\" data-srcset=\"https:\/\/biog-biogas.com\/wp-content\/uploads\/Rohrhygienisierungstechnik-231x129.jpg 231w, https:\/\/biog-biogas.com\/wp-content\/uploads\/Rohrhygienisierungstechnik-347x194.jpg 347w\" loading=\"eager\" style=\"--ratio: 231 \/ 129\" sizes=\"(max-width: 231px) 100vw, 231px\" alt=\"Dispositivo para la higienizaci\u00f3n de tuber\u00edas en procesos continuos\" width=\"231\" height=\"129\"  \/><span class=\"gallery-rollover\"><span class=\"gallery-zoom-ico icomoon-the7-font-the7-zoom-06\"><span><\/span><\/span><\/span><\/a><\/figure><\/div><div class=\"wf-cell\" data-post-id=\"1164\" data-date=\"2018-11-12T12:42:00+01:00\" data-name=\"Tecnolog\u00eda para eliminar los g\u00e9rmenes de los desechos\"><figure class=\"post visible\"><a href=\"https:\/\/biog-biogas.com\/wp-content\/uploads\/Technik-zur-Keimbefreiung-von-Abfaellen.jpg\" class=\"rollover dt-pswp-item layzr-bg\" data-large_image_width=\"1920\" data-large_image_height=\"1080\" data-dt-img-description=\"\" title=\"Tecnolog\u00eda para eliminar los g\u00e9rmenes de los desechos\"><img decoding=\"async\" class=\"preload-me iso-lazy-load aspect\" src=\"data:image\/svg+xml,%3Csvg%20xmlns%3D&#39;http%3A%2F%2Fwww.w3.org%2F2000%2Fsvg&#39;%20viewBox%3D&#39;0%200%20231%20129&#39;%2F%3E\" data-src=\"https:\/\/biog-biogas.com\/wp-content\/uploads\/Technik-zur-Keimbefreiung-von-Abfaellen-231x129.jpg\" data-srcset=\"https:\/\/biog-biogas.com\/wp-content\/uploads\/Technik-zur-Keimbefreiung-von-Abfaellen-231x129.jpg 231w, https:\/\/biog-biogas.com\/wp-content\/uploads\/Technik-zur-Keimbefreiung-von-Abfaellen-347x194.jpg 347w\" loading=\"eager\" style=\"--ratio: 231 \/ 129\" sizes=\"(max-width: 231px) 100vw, 231px\" alt=\"Tecnolog\u00eda para eliminar los g\u00e9rmenes de los desechos\" width=\"231\" height=\"129\"  \/><span class=\"gallery-rollover\"><span class=\"gallery-zoom-ico icomoon-the7-font-the7-zoom-06\"><span><\/span><\/span><\/span><\/a><\/figure><\/div><\/div><!-- iso-container|iso-grid --><\/div>[\/vc_column][\/vc_row]<\/p>\n<\/div>","protected":false},"excerpt":{"rendered":"<p>[vc_row][vc_column][vc_column_text]Debido a las condiciones cada vez m\u00e1s estrictas, el tratamiento de residuos requiere amplios conocimientos y experiencia. Cuando se trata de sustancias org\u00e1nicas delicadas, como despojos de matadero o residuos dom\u00e9sticos org\u00e1nicos, se requiere un tratamiento antig\u00e9rmenes mediante la aplicaci\u00f3n de calor. Los m\u00e9todos que se aplicaban hasta ahora para el tratamiento antig\u00e9rmenes provocaban la&hellip;<\/p>\n","protected":false},"author":1,"featured_media":0,"parent":0,"menu_order":0,"comment_status":"closed","ping_status":"open","template":"","meta":{"footnotes":""},"class_list":["post-2388","page","type-page","status-publish","hentry","description-off"],"yoast_head":"<!-- This site is optimized with the Yoast SEO plugin v27.3 - https:\/\/yoast.com\/product\/yoast-seo-wordpress\/ -->\n<title>Higienizaci\u00f3n | BioG \u2022 Solutions for green energy<\/title>\n<meta name=\"description\" content=\"\u00a1Somos su especialista en dispositivos para la higienizaci\u00f3n de tuber\u00edas en procesos continuos! \u2606 supresi\u00f3n de la formaci\u00f3n de espuma \u2022 tratamiento antig\u00e9rmenes mediante la aplicaci\u00f3n de calor\" \/>\n<meta name=\"robots\" content=\"index, follow, max-snippet:-1, max-image-preview:large, max-video-preview:-1\" \/>\n<link rel=\"canonical\" href=\"https:\/\/biog-biogas.com\/es\/higienizacion\/\" \/>\n<meta property=\"og:locale\" content=\"es_ES\" \/>\n<meta property=\"og:type\" content=\"article\" \/>\n<meta property=\"og:title\" content=\"Higienizaci\u00f3n | BioG \u2022 Solutions for green energy\" \/>\n<meta property=\"og:description\" content=\"\u00a1Somos su especialista en dispositivos para la higienizaci\u00f3n de tuber\u00edas en procesos continuos! \u2606 supresi\u00f3n de la formaci\u00f3n de espuma \u2022 tratamiento antig\u00e9rmenes mediante la aplicaci\u00f3n de calor\" \/>\n<meta property=\"og:url\" content=\"https:\/\/biog-biogas.com\/es\/higienizacion\/\" \/>\n<meta property=\"og:site_name\" content=\"BIOG\" \/>\n<meta property=\"article:modified_time\" content=\"2019-07-25T12:06:51+00:00\" \/>\n<meta name=\"twitter:card\" content=\"summary_large_image\" \/>\n<meta name=\"twitter:label1\" content=\"Tiempo de lectura\" \/>\n\t<meta name=\"twitter:data1\" content=\"1 minuto\" \/>\n<script type=\"application\/ld+json\" class=\"yoast-schema-graph\">{\"@context\":\"https:\\\/\\\/schema.org\",\"@graph\":[{\"@type\":\"WebPage\",\"@id\":\"https:\\\/\\\/biog-biogas.com\\\/es\\\/higienizacion\\\/\",\"url\":\"https:\\\/\\\/biog-biogas.com\\\/es\\\/higienizacion\\\/\",\"name\":\"Higienizaci\u00f3n | BioG \u2022 Solutions for green energy\",\"isPartOf\":{\"@id\":\"https:\\\/\\\/biog-biogas.com\\\/es\\\/#website\"},\"datePublished\":\"2019-02-08T18:23:08+00:00\",\"dateModified\":\"2019-07-25T12:06:51+00:00\",\"description\":\"\u00a1Somos su especialista en dispositivos para la higienizaci\u00f3n de tuber\u00edas en procesos continuos! \u2606 supresi\u00f3n de la formaci\u00f3n de espuma \u2022 tratamiento antig\u00e9rmenes mediante la aplicaci\u00f3n de calor\",\"breadcrumb\":{\"@id\":\"https:\\\/\\\/biog-biogas.com\\\/es\\\/higienizacion\\\/#breadcrumb\"},\"inLanguage\":\"es\",\"potentialAction\":[{\"@type\":\"ReadAction\",\"target\":[\"https:\\\/\\\/biog-biogas.com\\\/es\\\/higienizacion\\\/\"]}]},{\"@type\":\"BreadcrumbList\",\"@id\":\"https:\\\/\\\/biog-biogas.com\\\/es\\\/higienizacion\\\/#breadcrumb\",\"itemListElement\":[{\"@type\":\"ListItem\",\"position\":1,\"name\":\"Startseite\",\"item\":\"https:\\\/\\\/biog-biogas.com\\\/es\\\/\"},{\"@type\":\"ListItem\",\"position\":2,\"name\":\"Higienizaci\u00f3n\"}]},{\"@type\":\"WebSite\",\"@id\":\"https:\\\/\\\/biog-biogas.com\\\/es\\\/#website\",\"url\":\"https:\\\/\\\/biog-biogas.com\\\/es\\\/\",\"name\":\"BIOG\",\"description\":\"Solutions for green energy\",\"potentialAction\":[{\"@type\":\"SearchAction\",\"target\":{\"@type\":\"EntryPoint\",\"urlTemplate\":\"https:\\\/\\\/biog-biogas.com\\\/es\\\/?s={search_term_string}\"},\"query-input\":{\"@type\":\"PropertyValueSpecification\",\"valueRequired\":true,\"valueName\":\"search_term_string\"}}],\"inLanguage\":\"es\"}]}<\/script>\n<!-- \/ Yoast SEO plugin. -->","yoast_head_json":{"title":"Higienizaci\u00f3n | BioG \u2022 Solutions for green energy","description":"\u00a1Somos su especialista en dispositivos para la higienizaci\u00f3n de tuber\u00edas en procesos continuos! \u2606 supresi\u00f3n de la formaci\u00f3n de espuma \u2022 tratamiento antig\u00e9rmenes mediante la aplicaci\u00f3n de calor","robots":{"index":"index","follow":"follow","max-snippet":"max-snippet:-1","max-image-preview":"max-image-preview:large","max-video-preview":"max-video-preview:-1"},"canonical":"https:\/\/biog-biogas.com\/es\/higienizacion\/","og_locale":"es_ES","og_type":"article","og_title":"Higienizaci\u00f3n | BioG \u2022 Solutions for green energy","og_description":"\u00a1Somos su especialista en dispositivos para la higienizaci\u00f3n de tuber\u00edas en procesos continuos! \u2606 supresi\u00f3n de la formaci\u00f3n de espuma \u2022 tratamiento antig\u00e9rmenes mediante la aplicaci\u00f3n de calor","og_url":"https:\/\/biog-biogas.com\/es\/higienizacion\/","og_site_name":"BIOG","article_modified_time":"2019-07-25T12:06:51+00:00","twitter_card":"summary_large_image","twitter_misc":{"Tiempo de lectura":"1 minuto"},"schema":{"@context":"https:\/\/schema.org","@graph":[{"@type":"WebPage","@id":"https:\/\/biog-biogas.com\/es\/higienizacion\/","url":"https:\/\/biog-biogas.com\/es\/higienizacion\/","name":"Higienizaci\u00f3n | BioG \u2022 Solutions for green energy","isPartOf":{"@id":"https:\/\/biog-biogas.com\/es\/#website"},"datePublished":"2019-02-08T18:23:08+00:00","dateModified":"2019-07-25T12:06:51+00:00","description":"\u00a1Somos su especialista en dispositivos para la higienizaci\u00f3n de tuber\u00edas en procesos continuos! \u2606 supresi\u00f3n de la formaci\u00f3n de espuma \u2022 tratamiento antig\u00e9rmenes mediante la aplicaci\u00f3n de calor","breadcrumb":{"@id":"https:\/\/biog-biogas.com\/es\/higienizacion\/#breadcrumb"},"inLanguage":"es","potentialAction":[{"@type":"ReadAction","target":["https:\/\/biog-biogas.com\/es\/higienizacion\/"]}]},{"@type":"BreadcrumbList","@id":"https:\/\/biog-biogas.com\/es\/higienizacion\/#breadcrumb","itemListElement":[{"@type":"ListItem","position":1,"name":"Startseite","item":"https:\/\/biog-biogas.com\/es\/"},{"@type":"ListItem","position":2,"name":"Higienizaci\u00f3n"}]},{"@type":"WebSite","@id":"https:\/\/biog-biogas.com\/es\/#website","url":"https:\/\/biog-biogas.com\/es\/","name":"BIOG","description":"Solutions for green energy","potentialAction":[{"@type":"SearchAction","target":{"@type":"EntryPoint","urlTemplate":"https:\/\/biog-biogas.com\/es\/?s={search_term_string}"},"query-input":{"@type":"PropertyValueSpecification","valueRequired":true,"valueName":"search_term_string"}}],"inLanguage":"es"}]}},"_links":{"self":[{"href":"https:\/\/biog-biogas.com\/es\/wp-json\/wp\/v2\/pages\/2388","targetHints":{"allow":["GET"]}}],"collection":[{"href":"https:\/\/biog-biogas.com\/es\/wp-json\/wp\/v2\/pages"}],"about":[{"href":"https:\/\/biog-biogas.com\/es\/wp-json\/wp\/v2\/types\/page"}],"author":[{"embeddable":true,"href":"https:\/\/biog-biogas.com\/es\/wp-json\/wp\/v2\/users\/1"}],"replies":[{"embeddable":true,"href":"https:\/\/biog-biogas.com\/es\/wp-json\/wp\/v2\/comments?post=2388"}],"version-history":[{"count":0,"href":"https:\/\/biog-biogas.com\/es\/wp-json\/wp\/v2\/pages\/2388\/revisions"}],"wp:attachment":[{"href":"https:\/\/biog-biogas.com\/es\/wp-json\/wp\/v2\/media?parent=2388"}],"curies":[{"name":"wp","href":"https:\/\/api.w.org\/{rel}","templated":true}]}}