{"id":2418,"date":"2019-02-09T10:04:25","date_gmt":"2019-02-09T09:04:25","guid":{"rendered":"http:\/\/biog.adview.network\/aviso-legal\/"},"modified":"2025-10-17T06:53:08","modified_gmt":"2025-10-17T04:53:08","slug":"aviso-legal","status":"publish","type":"page","link":"https:\/\/biog-biogas.com\/es\/aviso-legal\/","title":{"rendered":"Aviso legal"},"content":{"rendered":"<div class=\"wpb-content-wrapper\"><p>[vc_row][vc_column]<div id=\"ultimate-heading-789869e61cc63c3a6\" class=\"uvc-heading ult-adjust-bottom-margin ultimate-heading-789869e61cc63c3a6 uvc-8259 \" data-hspacer=\"no_spacer\"  data-halign=\"left\" style=\"text-align:left\"><div class=\"uvc-heading-spacer no_spacer\" style=\"top\"><\/div><div class=\"uvc-main-heading ult-responsive\"  data-ultimate-target='.uvc-heading.ultimate-heading-789869e61cc63c3a6 h2'  data-responsive-json-new='{\"font-size\":\"desktop:28px;\",\"line-height\":\"\"}' ><h2 style=\"--font-weight:theme;margin-bottom:25px;\">Divulgaci\u00f3n conforme a los art\u00edculos 24 y 25 de la Ley de medios de comunicaci\u00f3n e informaci\u00f3n conforme al art\u00edculo 5 de la Ley de comercio electr\u00f3nico<\/h2><\/div><\/div>[vc_column_text]<\/p>\n<h4>Responsable del contenido:<\/h4>\n<p>BioG GmbH<br \/>\nWeilbolden 18<br \/>\nA-4972 Utzenaich<br \/>\nAustria<\/p>\n<h4>Representaci\u00f3n:<\/h4>\n<p>Josef H\u00f6ckner, Gerente<\/p>\n<h4>Contacto:<\/h4>\n<p>Tel\u00e9fono: +43 (0) 7751 \/ 50149 &#8211; 0<br \/>\nCorreo electr\u00f3nico: <a href=\"&#109;&#x61;i&#x6c;t&#111;&#x3a;&#111;&#x66;f&#105;&#x63;&#101;&#x40;b&#x69;&#x6f;&#103;&#x2e;a&#x74;\">&#x6f;f&#x66;&#105;c&#x65;&#64;&#x62;&#105;o&#x67;&#46;&#x61;&#116;<\/a><\/p>\n<h4>N\u00ba de identificaci\u00f3n a efectos del impuesto sobre la cifra de negocios:<\/h4>\n<p>NIF: ATU64107503<\/p>\n<h4>Registro:<\/h4>\n<p>Registro mercantil: Tribunal estatal Ried im Innkreis, FN3062239b<\/p>\n<p>BioG GmbH es miembro de la C\u00e1mara de Comercio de Austria de conformidad con las disposiciones legales pertinentes.<br \/>\nPara la afiliaci\u00f3n a corporaciones de la C\u00e1mara de Comercio v\u00e9anse las empresas de la A a la Z en el sitio web de la WK\u00d6 <a href=\"https:\/\/firmen.wko.at\" target=\"_blank\" rel=\"noopener noreferrer\">https:\/\/firmen.wko.at<\/a>.<\/p>\n<h4>Objeto de la:<\/h4>\n<p>Ingenier\u00eda mec\u00e1nica general, comercio de bienes t\u00e9cnicos e industriales<\/p>\n<h4>Autoridad conforme a la Ley de comercio electr\u00f3nico:<\/h4>\n<p>Autoridades administrativas locales Ried im Innkreis<\/p>\n<h4>Normativa legal:<\/h4>\n<p><a href=\"https:\/\/www.ris.bka.gv.at\/\" target=\"_blank\" rel=\"noopener noreferrer\">https:\/\/www.ris.bka.gv.at\/<\/a>[\/vc_column_text][\/vc_column][\/vc_row][vc_row][vc_column][vc_column_text]Un proyecto de: <a href=\"https:\/\/www.agromarketing.at\/\" target=\"_blank\" rel=\"noopener noreferrer\">Agromarketing<\/a>[\/vc_column_text][\/vc_column][\/vc_row]<\/p>\n<\/div>","protected":false},"excerpt":{"rendered":"<p>[vc_row][vc_column][vc_column_text] Responsable del contenido: BioG GmbH Weilbolden 18 A-4972 Utzenaich Austria Representaci\u00f3n: Josef H\u00f6ckner, Gerente Contacto: Tel\u00e9fono: +43 (0) 7751 \/ 50149 &#8211; 0 Correo electr\u00f3nico: o&#102;&#x66;&#x69;c&#101;&#64;&#x62;&#x69;o&#103;&#46;&#x61;&#x74; N\u00ba de identificaci\u00f3n a efectos del impuesto sobre la cifra de negocios: NIF: ATU64107503 Registro: Registro mercantil: Tribunal estatal Ried im Innkreis, FN3062239b BioG GmbH es miembro de&hellip;<\/p>\n","protected":false},"author":1,"featured_media":0,"parent":0,"menu_order":0,"comment_status":"closed","ping_status":"open","template":"","meta":{"footnotes":""},"class_list":["post-2418","page","type-page","status-publish","hentry","description-off"],"yoast_head":"<!-- This site is optimized with the Yoast SEO plugin v27.4 - https:\/\/yoast.com\/product\/yoast-seo-wordpress\/ -->\n<title>Aviso legal y divulgaci\u00f3n | BioG \u2022 Solutions for green energy<\/title>\n<meta name=\"description\" content=\"\u00a1Aqu\u00ed encontrar\u00e1 el aviso legal de BioG! \u2606 responsable del contenido: BioG GmbH \u2022 Representada por el gerente, Josef H\u00f6ckner\" \/>\n<meta name=\"robots\" content=\"noindex, follow\" \/>\n<meta property=\"og:locale\" content=\"es_ES\" \/>\n<meta property=\"og:type\" content=\"article\" \/>\n<meta property=\"og:title\" content=\"Aviso legal y divulgaci\u00f3n | BioG \u2022 Solutions for green energy\" \/>\n<meta property=\"og:description\" content=\"\u00a1Aqu\u00ed encontrar\u00e1 el aviso legal de BioG! \u2606 responsable del contenido: BioG GmbH \u2022 Representada por el gerente, Josef H\u00f6ckner\" \/>\n<meta property=\"og:url\" content=\"https:\/\/biog-biogas.com\/es\/aviso-legal\/\" \/>\n<meta property=\"og:site_name\" content=\"BIOG\" \/>\n<meta property=\"article:modified_time\" content=\"2025-10-17T04:53:08+00:00\" \/>\n<meta name=\"twitter:card\" content=\"summary_large_image\" \/>\n<meta name=\"twitter:label1\" content=\"Tiempo de lectura\" \/>\n\t<meta name=\"twitter:data1\" content=\"1 minuto\" \/>\n<script type=\"application\/ld+json\" class=\"yoast-schema-graph\">{\"@context\":\"https:\\\/\\\/schema.org\",\"@graph\":[{\"@type\":\"WebPage\",\"@id\":\"https:\\\/\\\/biog-biogas.com\\\/es\\\/aviso-legal\\\/\",\"url\":\"https:\\\/\\\/biog-biogas.com\\\/es\\\/aviso-legal\\\/\",\"name\":\"Aviso legal y divulgaci\u00f3n | BioG \u2022 Solutions for green energy\",\"isPartOf\":{\"@id\":\"https:\\\/\\\/biog-biogas.com\\\/es\\\/#website\"},\"datePublished\":\"2019-02-09T09:04:25+00:00\",\"dateModified\":\"2025-10-17T04:53:08+00:00\",\"description\":\"\u00a1Aqu\u00ed encontrar\u00e1 el aviso legal de BioG! \u2606 responsable del contenido: BioG GmbH \u2022 Representada por el gerente, Josef H\u00f6ckner\",\"breadcrumb\":{\"@id\":\"https:\\\/\\\/biog-biogas.com\\\/es\\\/aviso-legal\\\/#breadcrumb\"},\"inLanguage\":\"es\",\"potentialAction\":[{\"@type\":\"ReadAction\",\"target\":[\"https:\\\/\\\/biog-biogas.com\\\/es\\\/aviso-legal\\\/\"]}]},{\"@type\":\"BreadcrumbList\",\"@id\":\"https:\\\/\\\/biog-biogas.com\\\/es\\\/aviso-legal\\\/#breadcrumb\",\"itemListElement\":[{\"@type\":\"ListItem\",\"position\":1,\"name\":\"Startseite\",\"item\":\"https:\\\/\\\/biog-biogas.com\\\/es\\\/\"},{\"@type\":\"ListItem\",\"position\":2,\"name\":\"Aviso legal\"}]},{\"@type\":\"WebSite\",\"@id\":\"https:\\\/\\\/biog-biogas.com\\\/es\\\/#website\",\"url\":\"https:\\\/\\\/biog-biogas.com\\\/es\\\/\",\"name\":\"BIOG\",\"description\":\"Solutions for green energy\",\"potentialAction\":[{\"@type\":\"SearchAction\",\"target\":{\"@type\":\"EntryPoint\",\"urlTemplate\":\"https:\\\/\\\/biog-biogas.com\\\/es\\\/?s={search_term_string}\"},\"query-input\":{\"@type\":\"PropertyValueSpecification\",\"valueRequired\":true,\"valueName\":\"search_term_string\"}}],\"inLanguage\":\"es\"}]}<\/script>\n<!-- \/ Yoast SEO plugin. -->","yoast_head_json":{"title":"Aviso legal y divulgaci\u00f3n | BioG \u2022 Solutions for green energy","description":"\u00a1Aqu\u00ed encontrar\u00e1 el aviso legal de BioG! \u2606 responsable del contenido: BioG GmbH \u2022 Representada por el gerente, Josef H\u00f6ckner","robots":{"index":"noindex","follow":"follow"},"og_locale":"es_ES","og_type":"article","og_title":"Aviso legal y divulgaci\u00f3n | BioG \u2022 Solutions for green energy","og_description":"\u00a1Aqu\u00ed encontrar\u00e1 el aviso legal de BioG! \u2606 responsable del contenido: BioG GmbH \u2022 Representada por el gerente, Josef H\u00f6ckner","og_url":"https:\/\/biog-biogas.com\/es\/aviso-legal\/","og_site_name":"BIOG","article_modified_time":"2025-10-17T04:53:08+00:00","twitter_card":"summary_large_image","twitter_misc":{"Tiempo de lectura":"1 minuto"},"schema":{"@context":"https:\/\/schema.org","@graph":[{"@type":"WebPage","@id":"https:\/\/biog-biogas.com\/es\/aviso-legal\/","url":"https:\/\/biog-biogas.com\/es\/aviso-legal\/","name":"Aviso legal y divulgaci\u00f3n | BioG \u2022 Solutions for green energy","isPartOf":{"@id":"https:\/\/biog-biogas.com\/es\/#website"},"datePublished":"2019-02-09T09:04:25+00:00","dateModified":"2025-10-17T04:53:08+00:00","description":"\u00a1Aqu\u00ed encontrar\u00e1 el aviso legal de BioG! \u2606 responsable del contenido: BioG GmbH \u2022 Representada por el gerente, Josef H\u00f6ckner","breadcrumb":{"@id":"https:\/\/biog-biogas.com\/es\/aviso-legal\/#breadcrumb"},"inLanguage":"es","potentialAction":[{"@type":"ReadAction","target":["https:\/\/biog-biogas.com\/es\/aviso-legal\/"]}]},{"@type":"BreadcrumbList","@id":"https:\/\/biog-biogas.com\/es\/aviso-legal\/#breadcrumb","itemListElement":[{"@type":"ListItem","position":1,"name":"Startseite","item":"https:\/\/biog-biogas.com\/es\/"},{"@type":"ListItem","position":2,"name":"Aviso legal"}]},{"@type":"WebSite","@id":"https:\/\/biog-biogas.com\/es\/#website","url":"https:\/\/biog-biogas.com\/es\/","name":"BIOG","description":"Solutions for green energy","potentialAction":[{"@type":"SearchAction","target":{"@type":"EntryPoint","urlTemplate":"https:\/\/biog-biogas.com\/es\/?s={search_term_string}"},"query-input":{"@type":"PropertyValueSpecification","valueRequired":true,"valueName":"search_term_string"}}],"inLanguage":"es"}]}},"_links":{"self":[{"href":"https:\/\/biog-biogas.com\/es\/wp-json\/wp\/v2\/pages\/2418","targetHints":{"allow":["GET"]}}],"collection":[{"href":"https:\/\/biog-biogas.com\/es\/wp-json\/wp\/v2\/pages"}],"about":[{"href":"https:\/\/biog-biogas.com\/es\/wp-json\/wp\/v2\/types\/page"}],"author":[{"embeddable":true,"href":"https:\/\/biog-biogas.com\/es\/wp-json\/wp\/v2\/users\/1"}],"replies":[{"embeddable":true,"href":"https:\/\/biog-biogas.com\/es\/wp-json\/wp\/v2\/comments?post=2418"}],"version-history":[{"count":0,"href":"https:\/\/biog-biogas.com\/es\/wp-json\/wp\/v2\/pages\/2418\/revisions"}],"wp:attachment":[{"href":"https:\/\/biog-biogas.com\/es\/wp-json\/wp\/v2\/media?parent=2418"}],"curies":[{"name":"wp","href":"https:\/\/api.w.org\/{rel}","templated":true}]}}