{"id":2512,"date":"2019-02-09T11:31:42","date_gmt":"2019-02-09T10:31:42","guid":{"rendered":"http:\/\/biog.adview.network\/asistencia-tecnica\/"},"modified":"2025-08-07T10:15:04","modified_gmt":"2025-08-07T08:15:04","slug":"asistencia-tecnica","status":"publish","type":"page","link":"https:\/\/biog-biogas.com\/es\/asistencia-tecnica\/","title":{"rendered":"Asistencia t\u00e9cnica"},"content":{"rendered":"<div class=\"wpb-content-wrapper\"><p>[vc_row][vc_column]<div id=\"ultimate-heading-25986a04b046a3803\" class=\"uvc-heading ult-adjust-bottom-margin ultimate-heading-25986a04b046a3803 uvc-2336  uvc-heading-default-font-sizes\" data-hspacer=\"no_spacer\"  data-halign=\"left\" style=\"text-align:left\"><div class=\"uvc-heading-spacer no_spacer\" style=\"top\"><\/div><div class=\"uvc-main-heading ult-responsive\"  data-ultimate-target='.uvc-heading.ultimate-heading-25986a04b046a3803 h1'  data-responsive-json-new='{\"font-size\":\"\",\"line-height\":\"\"}' ><h1 style=\"--font-weight:theme;margin-bottom:15px;\">La producci\u00f3n sostenible de energ\u00eda requiere tecnolog\u00eda y asistencia t\u00e9cnica<\/h1><\/div><\/div>[vc_column_text]La asistencia t\u00e9cnica es una prioridad para BioG. Por ello ofrecemos una serie de prestaciones especiales que garantizan el funcionamiento ininterrumpido.[\/vc_column_text][\/vc_column][\/vc_row][vc_row equal_height=\u00bbyes\u00bb content_placement=\u00bbmiddle\u00bb][vc_column width=\u00bb2\/3&#8243;]<div id=\"ultimate-heading-71516a04b046a38fb\" class=\"uvc-heading ult-adjust-bottom-margin ultimate-heading-71516a04b046a38fb uvc-25  uvc-heading-default-font-sizes\" data-hspacer=\"no_spacer\"  data-halign=\"left\" style=\"text-align:left\"><div class=\"uvc-heading-spacer no_spacer\" style=\"top\"><\/div><div class=\"uvc-main-heading ult-responsive\"  data-ultimate-target='.uvc-heading.ultimate-heading-71516a04b046a38fb h3'  data-responsive-json-new='{\"font-size\":\"\",\"line-height\":\"\"}' ><h3 style=\"--font-weight:theme;margin-bottom:15px;\">Mantenimiento a distancia y soporte t\u00e9cnico<\/h3><\/div><\/div>[vc_column_text]En caso de emergencia, nuestra tecnolog\u00eda nos permite acceder en l\u00ednea a la instalaci\u00f3n completa, a la informaci\u00f3n sobre fallos y solucionar las incidencias. El mantenimiento a distancia tambi\u00e9n nos permite ayudar f\u00e1cilmente al cliente cuando tiene preguntas t\u00e9cnicas. Gracias al registro continuo de los procesos durante las 24\u00a0horas del d\u00eda, los siete d\u00edas de la semana, tambi\u00e9n podemos acceder a los datos del hist\u00f3rico de rendimiento e incidencias.<\/p>\n<p>Eso tambi\u00e9n nos permite identificar a distancia el desgaste y llevar a cabo un an\u00e1lisis de las incidencias. Nuestra experiencia nos permite efectuar continuamente optimizaciones, tales como el incremento de la capacidad de transporte con un menor consumo de energ\u00eda.[\/vc_column_text][vc_empty_space height=\u00bb50px\u00bb][\/vc_column][vc_column width=\u00bb1\/3&#8243;][vc_single_image image=\u00bb1980&#8243; img_size=\u00bblarge\u00bb css=\u00bb\u00bb][\/vc_column][\/vc_row][vc_row][vc_column]<div id=\"ultimate-heading-99226a04b046a398a\" class=\"uvc-heading ult-adjust-bottom-margin ultimate-heading-99226a04b046a398a uvc-3859  uvc-heading-default-font-sizes\" data-hspacer=\"no_spacer\"  data-halign=\"left\" style=\"text-align:left\"><div class=\"uvc-heading-spacer no_spacer\" style=\"top\"><\/div><div class=\"uvc-main-heading ult-responsive\"  data-ultimate-target='.uvc-heading.ultimate-heading-99226a04b046a398a h3'  data-responsive-json-new='{\"font-size\":\"\",\"line-height\":\"\"}' ><h3 style=\"--font-weight:theme;margin-bottom:15px;\">Mantenimiento<\/h3><\/div><\/div>[vc_column_text css=\u00bb\u00bb]Eficiente, clara y fiable: su p\u00e1gina de mantenimiento para la m\u00e1xima disponibilidad de su planta<\/p>\n<p>Nuestra p\u00e1gina de mantenimiento es la herramienta clave para la operaci\u00f3n inteligente de su planta. Le ofrece una visi\u00f3n general clara y estructurada de todas las pr\u00f3ximas tareas de mantenimiento, desde las pruebas de bioalimentadores y las revisiones de molinos hasta las inspecciones de bombas.<\/p>\n<p>Con tiempos reales\/objetivos precisos y una sencilla funci\u00f3n de reinicio, la interfaz facilita una documentaci\u00f3n y planificaci\u00f3n fluidas. Esto no solo le ayuda a mantener una visi\u00f3n general, sino tambi\u00e9n a detectar los l\u00edmites de desgaste de forma temprana, antes de que se conviertan en un problema.<\/p>\n<ul>\n<li>Servicio preventivo en lugar de costosas aver\u00edas<\/li>\n<li>Minimizaci\u00f3n del tiempo de inactividad<\/li>\n<li>M\u00e1ximo rendimiento de la planta<\/li>\n<\/ul>\n<p>Benef\u00edciese de una planificaci\u00f3n inteligente del mantenimiento y garantice la eficiencia a largo plazo de su planta de biog\u00e1s: sencilla, transparente y con un mantenimiento optimizado.<\/p>\n<p><em>\u00a1Ahora disponible en el \u00e1rea de servicio de su sistema de control!<\/em>[\/vc_column_text][vc_single_image image=\u00bb284276&#8243; img_size=\u00bblarge\u00bb onclick=\u00bblink_image\u00bb css=\u00bb\u00bb][\/vc_column][\/vc_row][vc_row][vc_column]<style type=\"text\/css\" data-type=\"the7_shortcodes-inline-css\">.gallery-shortcode.gallery-masonry-shortcode-id-b815dc0dce86eb81447d6d939d2cb31b figure,\n.gallery-shortcode.gallery-masonry-shortcode-id-b815dc0dce86eb81447d6d939d2cb31b .rollover,\n.gallery-shortcode.gallery-masonry-shortcode-id-b815dc0dce86eb81447d6d939d2cb31b img,\n.gallery-shortcode.gallery-masonry-shortcode-id-b815dc0dce86eb81447d6d939d2cb31b .gallery-rollover {\n  border-radius: 0px;\n}\n.gallery-shortcode.gallery-masonry-shortcode-id-b815dc0dce86eb81447d6d939d2cb31b.enable-bg-rollover .gallery-rollover {\n  background: -webkit-linear-gradient();\n  background: linear-gradient();\n}\n.gallery-shortcode.gallery-masonry-shortcode-id-b815dc0dce86eb81447d6d939d2cb31b.enable-bg-rollover.hover-scale figure .rollover:after {\n  background: -webkit-linear-gradient();\n  background: linear-gradient();\n}\n.gallery-shortcode.gallery-masonry-shortcode-id-b815dc0dce86eb81447d6d939d2cb31b .gallery-zoom-ico {\n  width: 44px;\n  height: 44px;\n  line-height: 44px;\n  border-radius: 100px;\n  margin: -22px 0 0 -22px;\n  border-width: 0px;\n  color: #ffffff;\n}\n.dt-icon-bg-on.gallery-shortcode.gallery-masonry-shortcode-id-b815dc0dce86eb81447d6d939d2cb31b .gallery-zoom-ico {\n  background: rgba(255,255,255,0.3);\n  box-shadow: none;\n}\n.gallery-shortcode.gallery-masonry-shortcode-id-b815dc0dce86eb81447d6d939d2cb31b .gallery-zoom-ico:before,\n.gallery-shortcode.gallery-masonry-shortcode-id-b815dc0dce86eb81447d6d939d2cb31b .gallery-zoom-ico span {\n  font-size: 32px;\n  line-height: 44px;\n  color: #ffffff;\n}\n.gallery-shortcode.gallery-masonry-shortcode-id-b815dc0dce86eb81447d6d939d2cb31b:not(.resize-by-browser-width) .dt-css-grid {\n  grid-row-gap: 10px;\n  grid-column-gap: 10px;\n  grid-template-columns: repeat(auto-fill,minmax(,1fr));\n}\n.gallery-shortcode.gallery-masonry-shortcode-id-b815dc0dce86eb81447d6d939d2cb31b:not(.resize-by-browser-width) .dt-css-grid .double-width {\n  grid-column: span 2;\n}\n.cssgridlegacy.no-cssgrid .gallery-shortcode.gallery-masonry-shortcode-id-b815dc0dce86eb81447d6d939d2cb31b:not(.resize-by-browser-width) .dt-css-grid,\n.no-cssgridlegacy.no-cssgrid .gallery-shortcode.gallery-masonry-shortcode-id-b815dc0dce86eb81447d6d939d2cb31b:not(.resize-by-browser-width) .dt-css-grid {\n  display: flex;\n  flex-flow: row wrap;\n  margin: -5px;\n}\n.cssgridlegacy.no-cssgrid .gallery-shortcode.gallery-masonry-shortcode-id-b815dc0dce86eb81447d6d939d2cb31b:not(.resize-by-browser-width) .dt-css-grid .wf-cell,\n.no-cssgridlegacy.no-cssgrid .gallery-shortcode.gallery-masonry-shortcode-id-b815dc0dce86eb81447d6d939d2cb31b:not(.resize-by-browser-width) .dt-css-grid .wf-cell {\n  flex: 1 0 ;\n  max-width: 100%;\n  padding: 5px;\n  box-sizing: border-box;\n}\n.gallery-shortcode.gallery-masonry-shortcode-id-b815dc0dce86eb81447d6d939d2cb31b.resize-by-browser-width .dt-css-grid {\n  grid-template-columns: repeat(4,1fr);\n  grid-template-rows: auto;\n  grid-column-gap: 10px;\n  grid-row-gap: 10px;\n}\n.gallery-shortcode.gallery-masonry-shortcode-id-b815dc0dce86eb81447d6d939d2cb31b.resize-by-browser-width .dt-css-grid .double-width {\n  grid-column: span 2;\n}\n.cssgridlegacy.no-cssgrid .gallery-shortcode.gallery-masonry-shortcode-id-b815dc0dce86eb81447d6d939d2cb31b.resize-by-browser-width .dt-css-grid {\n  margin: -5px;\n}\n.cssgridlegacy.no-cssgrid .gallery-shortcode.gallery-masonry-shortcode-id-b815dc0dce86eb81447d6d939d2cb31b.resize-by-browser-width .dt-css-grid .wf-cell {\n  width: 25%;\n  padding: 5px;\n}\n.cssgridlegacy.no-cssgrid .gallery-shortcode.gallery-masonry-shortcode-id-b815dc0dce86eb81447d6d939d2cb31b.resize-by-browser-width .dt-css-grid .wf-cell.double-width {\n  width: calc(25%) * 2;\n}\n.gallery-shortcode.gallery-masonry-shortcode-id-b815dc0dce86eb81447d6d939d2cb31b.resize-by-browser-width:not(.centered-layout-list):not(.content-bg-on) .dt-css-grid {\n  grid-row-gap: 10px - ;\n}\n@media screen and (max-width: 1199px) {\n  .gallery-shortcode.gallery-masonry-shortcode-id-b815dc0dce86eb81447d6d939d2cb31b.resize-by-browser-width .dt-css-grid {\n    grid-template-columns: repeat(4,1fr);\n  }\n  .cssgridlegacy.no-cssgrid .gallery-shortcode.gallery-masonry-shortcode-id-b815dc0dce86eb81447d6d939d2cb31b.resize-by-browser-width .dt-css-grid .wf-cell,\n  .no-cssgridlegacy.no-cssgrid .gallery-shortcode.gallery-masonry-shortcode-id-b815dc0dce86eb81447d6d939d2cb31b.resize-by-browser-width .dt-css-grid .wf-cell {\n    width: 25%;\n  }\n  .cssgridlegacy.no-cssgrid .gallery-shortcode.gallery-masonry-shortcode-id-b815dc0dce86eb81447d6d939d2cb31b.resize-by-browser-width .dt-css-grid .wf-cell.double-width,\n  .no-cssgridlegacy.no-cssgrid .gallery-shortcode.gallery-masonry-shortcode-id-b815dc0dce86eb81447d6d939d2cb31b.resize-by-browser-width .dt-css-grid .wf-cell.double-width {\n    width: calc(25%)*2;\n  }\n}\n@media screen and (max-width: 991px) {\n  .gallery-shortcode.gallery-masonry-shortcode-id-b815dc0dce86eb81447d6d939d2cb31b.resize-by-browser-width .dt-css-grid {\n    grid-template-columns: repeat(4,1fr);\n  }\n  .cssgridlegacy.no-cssgrid .gallery-shortcode.gallery-masonry-shortcode-id-b815dc0dce86eb81447d6d939d2cb31b.resize-by-browser-width .dt-css-grid .wf-cell,\n  .no-cssgridlegacy.no-cssgrid .gallery-shortcode.gallery-masonry-shortcode-id-b815dc0dce86eb81447d6d939d2cb31b.resize-by-browser-width .dt-css-grid .wf-cell {\n    width: 25%;\n  }\n  .cssgridlegacy.no-cssgrid .gallery-shortcode.gallery-masonry-shortcode-id-b815dc0dce86eb81447d6d939d2cb31b.resize-by-browser-width .dt-css-grid .wf-cell.double-width,\n  .no-cssgridlegacy.no-cssgrid .gallery-shortcode.gallery-masonry-shortcode-id-b815dc0dce86eb81447d6d939d2cb31b.resize-by-browser-width .dt-css-grid .wf-cell.double-width {\n    width: calc(25%)*2;\n  }\n}\n@media screen and (max-width: 767px) {\n  .gallery-shortcode.gallery-masonry-shortcode-id-b815dc0dce86eb81447d6d939d2cb31b.resize-by-browser-width .dt-css-grid {\n    grid-template-columns: repeat(2,1fr);\n  }\n  .cssgridlegacy.no-cssgrid .gallery-shortcode.gallery-masonry-shortcode-id-b815dc0dce86eb81447d6d939d2cb31b.resize-by-browser-width .dt-css-grid .wf-cell,\n  .no-cssgridlegacy.no-cssgrid .gallery-shortcode.gallery-masonry-shortcode-id-b815dc0dce86eb81447d6d939d2cb31b.resize-by-browser-width .dt-css-grid .wf-cell {\n    width: 50%;\n  }\n  .cssgridlegacy.no-cssgrid .gallery-shortcode.gallery-masonry-shortcode-id-b815dc0dce86eb81447d6d939d2cb31b.resize-by-browser-width .dt-css-grid .wf-cell.double-width,\n  .no-cssgridlegacy.no-cssgrid .gallery-shortcode.gallery-masonry-shortcode-id-b815dc0dce86eb81447d6d939d2cb31b.resize-by-browser-width .dt-css-grid .wf-cell.double-width {\n    width: calc(50%)*2;\n  }\n}\n<\/style><div class=\"gallery-shortcode dt-gallery-container gallery-masonry-shortcode-id-b815dc0dce86eb81447d6d939d2cb31b mode-grid jquery-filter dt-icon-bg-off quick-scale-img dt-css-grid-wrap enable-bg-rollover resize-by-browser-width  hover-fade loading-effect-fall-perspective description-on-hover\" data-padding=\"5px\" data-cur-page=\"1\" data-post-limit=\"-1\" data-pagination-mode=\"none\" data-desktop-columns-num=\"4\" data-v-tablet-columns-num=\"4\" data-h-tablet-columns-num=\"4\" data-phone-columns-num=\"2\" data-width=\"0px\" data-columns=\"0\"><div class=\"dt-css-grid\" ><div class=\"wf-cell\" data-post-id=\"24674\" data-date=\"2020-07-15T10:52:09+02:00\" data-name=\"BIOG-Teile2\"><figure class=\"post visible\"><a href=\"https:\/\/biog-biogas.com\/wp-content\/uploads\/BIOG-Teile2.jpg\" class=\"rollover dt-pswp-item layzr-bg\" data-large_image_width=\"1618\" data-large_image_height=\"1080\" data-dt-img-description=\"\" title=\"BIOG-Teile2\"><img decoding=\"async\" class=\"preload-me iso-lazy-load aspect\" src=\"data:image\/svg+xml,%3Csvg%20xmlns%3D&#39;http%3A%2F%2Fwww.w3.org%2F2000%2Fsvg&#39;%20viewBox%3D&#39;0%200%20231%20130&#39;%2F%3E\" data-src=\"https:\/\/biog-biogas.com\/wp-content\/uploads\/BIOG-Teile2-231x130.jpg\" data-srcset=\"https:\/\/biog-biogas.com\/wp-content\/uploads\/BIOG-Teile2-231x130.jpg 231w, https:\/\/biog-biogas.com\/wp-content\/uploads\/BIOG-Teile2-347x195.jpg 347w\" loading=\"eager\" style=\"--ratio: 231 \/ 130\" sizes=\"(max-width: 231px) 100vw, 231px\" alt=\"\" width=\"231\" height=\"130\"  \/><span class=\"gallery-rollover\"><span class=\"gallery-zoom-ico icomoon-the7-font-the7-zoom-06\"><span><\/span><\/span><\/span><\/a><\/figure><\/div><div class=\"wf-cell\" data-post-id=\"24667\" data-date=\"2020-07-15T10:51:50+02:00\" data-name=\"BIOG-Servicearbeiten\"><figure class=\"post visible\"><a href=\"https:\/\/biog-biogas.com\/wp-content\/uploads\/BIOG-Servicearbeiten-1.jpg\" class=\"rollover dt-pswp-item layzr-bg\" data-large_image_width=\"1618\" data-large_image_height=\"1080\" data-dt-img-description=\"\" title=\"BIOG-Servicearbeiten\"><img decoding=\"async\" class=\"preload-me iso-lazy-load aspect\" src=\"data:image\/svg+xml,%3Csvg%20xmlns%3D&#39;http%3A%2F%2Fwww.w3.org%2F2000%2Fsvg&#39;%20viewBox%3D&#39;0%200%20231%20130&#39;%2F%3E\" data-src=\"https:\/\/biog-biogas.com\/wp-content\/uploads\/BIOG-Servicearbeiten-1-231x130.jpg\" data-srcset=\"https:\/\/biog-biogas.com\/wp-content\/uploads\/BIOG-Servicearbeiten-1-231x130.jpg 231w, https:\/\/biog-biogas.com\/wp-content\/uploads\/BIOG-Servicearbeiten-1-347x195.jpg 347w\" loading=\"eager\" style=\"--ratio: 231 \/ 130\" sizes=\"(max-width: 231px) 100vw, 231px\" alt=\"\" width=\"231\" height=\"130\"  \/><span class=\"gallery-rollover\"><span class=\"gallery-zoom-ico icomoon-the7-font-the7-zoom-06\"><span><\/span><\/span><\/span><\/a><\/figure><\/div><div class=\"wf-cell\" data-post-id=\"24660\" data-date=\"2020-07-15T10:51:16+02:00\" data-name=\"BIOG-ersatzteile 1\"><figure class=\"post visible\"><a href=\"https:\/\/biog-biogas.com\/wp-content\/uploads\/BIOG-ersatzteile-1.jpg\" class=\"rollover dt-pswp-item layzr-bg\" data-large_image_width=\"1618\" data-large_image_height=\"1080\" data-dt-img-description=\"\" title=\"BIOG-ersatzteile 1\"><img decoding=\"async\" class=\"preload-me iso-lazy-load aspect\" src=\"data:image\/svg+xml,%3Csvg%20xmlns%3D&#39;http%3A%2F%2Fwww.w3.org%2F2000%2Fsvg&#39;%20viewBox%3D&#39;0%200%20231%20130&#39;%2F%3E\" data-src=\"https:\/\/biog-biogas.com\/wp-content\/uploads\/BIOG-ersatzteile-1-231x130.jpg\" data-srcset=\"https:\/\/biog-biogas.com\/wp-content\/uploads\/BIOG-ersatzteile-1-231x130.jpg 231w, https:\/\/biog-biogas.com\/wp-content\/uploads\/BIOG-ersatzteile-1-347x195.jpg 347w\" loading=\"eager\" style=\"--ratio: 231 \/ 130\" sizes=\"(max-width: 231px) 100vw, 231px\" alt=\"\" width=\"231\" height=\"130\"  \/><span class=\"gallery-rollover\"><span class=\"gallery-zoom-ico icomoon-the7-font-the7-zoom-06\"><span><\/span><\/span><\/span><\/a><\/figure><\/div><div class=\"wf-cell\" data-post-id=\"282639\" data-date=\"2024-04-08T08:53:44+02:00\" data-name=\"MicrosoftTeams-image\"><figure class=\"post visible\"><a href=\"https:\/\/biog-biogas.com\/wp-content\/uploads\/MicrosoftTeams-image-1.png\" class=\"rollover dt-pswp-item layzr-bg\" data-large_image_width=\"1878\" data-large_image_height=\"974\" data-dt-img-description=\"\" title=\"MicrosoftTeams-image\"><img decoding=\"async\" class=\"preload-me iso-lazy-load aspect\" src=\"data:image\/svg+xml,%3Csvg%20xmlns%3D&#39;http%3A%2F%2Fwww.w3.org%2F2000%2Fsvg&#39;%20viewBox%3D&#39;0%200%20231%20129&#39;%2F%3E\" data-src=\"https:\/\/biog-biogas.com\/wp-content\/uploads\/MicrosoftTeams-image-1-231x129.png\" data-srcset=\"https:\/\/biog-biogas.com\/wp-content\/uploads\/MicrosoftTeams-image-1-231x129.png 231w, https:\/\/biog-biogas.com\/wp-content\/uploads\/MicrosoftTeams-image-1-347x194.png 347w\" loading=\"eager\" style=\"--ratio: 231 \/ 129\" sizes=\"(max-width: 231px) 100vw, 231px\" alt=\"\" width=\"231\" height=\"129\"  \/><span class=\"gallery-rollover\"><span class=\"gallery-zoom-ico icomoon-the7-font-the7-zoom-06\"><span><\/span><\/span><\/span><\/a><\/figure><\/div><\/div><!-- iso-container|iso-grid --><\/div>[\/vc_column][vc_column][vc_empty_space height=\u00bb50px\u00bb]<div id=\"ultimate-heading-50666a04b046ac5ce\" class=\"uvc-heading ult-adjust-bottom-margin ultimate-heading-50666a04b046ac5ce uvc-3851  uvc-heading-default-font-sizes\" data-hspacer=\"no_spacer\"  data-halign=\"left\" style=\"text-align:left\"><div class=\"uvc-heading-spacer no_spacer\" style=\"top\"><\/div><div class=\"uvc-main-heading ult-responsive\"  data-ultimate-target='.uvc-heading.ultimate-heading-50666a04b046ac5ce h3'  data-responsive-json-new='{\"font-size\":\"\",\"line-height\":\"\"}' ><h3 style=\"--font-weight:theme;margin-bottom:15px;\">Cont\u00e1ctanos sin compromiso:<\/h3><\/div><\/div>[vc_row_inner equal_height=\u00bbyes\u00bb content_placement=\u00bbmiddle\u00bb][vc_column_inner width=\u00bb1\/4&#8243;][vc_empty_space height=\u00bb20px\u00bb][vc_single_image image=\u00bb282597&#8243; alignment=\u00bbcenter\u00bb style=\u00bbvc_box_outline_circle\u00bb onclick=\u00bblink_image\u00bb css=\u00bb.vc_custom_1710488730762{margin-bottom: 10px !important;}\u00bb][\/vc_column_inner][vc_column_inner width=\u00bb1\/4&#8243;][vc_column_text]<\/p>\n<h4><\/h4>\n<p>&nbsp;<\/p>\n<h4>Dominik Leitner<\/h4>\n<p>Servicekoordination<br \/><a href=\"tel:+436603185280\">+43 660 318 5280<\/a><br \/><a href=\"&#109;&#x61;&#105;&#x6c;&#116;&#x6f;&#58;&#x64;&#111;&#x6d;&#105;&#x6e;i&#x6b;&#46;&#x6c;e&#x69;t&#x6e;e&#x72;&#64;&#98;&#x69;&#111;&#x67;&#46;&#x61;&#116;\">d&#111;&#109;&#x69;&#x6e;&#x69;&#x6b;&#46;&#108;&#101;&#105;&#x74;&#x6e;&#x65;r&#64;&#98;&#105;&#x6f;&#x67;&#x2e;at<\/a>[\/vc_column_text][\/vc_column_inner][vc_column_inner width=\u00bb1\/4&#8243;][vc_empty_space height=\u00bb20px\u00bb][vc_single_image image=\u00bb282605&#8243; alignment=\u00bbcenter\u00bb style=\u00bbvc_box_outline_circle\u00bb onclick=\u00bblink_image\u00bb css=\u00bb.vc_custom_1710488803304{margin-bottom: 10px !important;}\u00bb][\/vc_column_inner][vc_column_inner width=\u00bb1\/4&#8243;][vc_column_text]<\/p>\n<h4><\/h4>\n<p>&nbsp;<\/p>\n<h4>Paul Schmitsberger<\/h4>\n<p>Servicekoordination<br \/><a href=\"tel:+4377515014941\">+43 7751 50149-41<\/a><br \/><a href=\"&#x6d;&#97;&#x69;&#108;t&#x6f;&#58;p&#x61;&#117;&#x6c;&#x2e;s&#x63;&#104;m&#x69;&#116;&#x73;&#x62;e&#x72;&#103;e&#x72;&#64;b&#x69;&#111;&#x67;&#46;a&#x74;\">paul&#46;sch&#109;&#105;&#116;&#115;&#98;&#101;&#114;&#103;&#101;&#114;&#x40;&#x62;&#x69;&#x6f;&#x67;&#x2e;&#x61;&#x74;<\/a>[\/vc_column_text][\/vc_column_inner][\/vc_row_inner][\/vc_column][\/vc_row]<\/p>\n<\/div>","protected":false},"excerpt":{"rendered":"<p>[vc_row][vc_column][vc_column_text]La asistencia t\u00e9cnica es una prioridad para BioG. Por ello ofrecemos una serie de prestaciones especiales que garantizan el funcionamiento ininterrumpido.[\/vc_column_text][\/vc_column][\/vc_row][vc_row equal_height=\u00bbyes\u00bb content_placement=\u00bbmiddle\u00bb][vc_column width=\u00bb2\/3&#8243;][vc_column_text]En caso de emergencia, nuestra tecnolog\u00eda nos permite acceder en l\u00ednea a la instalaci\u00f3n completa, a la informaci\u00f3n sobre fallos y solucionar las incidencias. El mantenimiento a distancia tambi\u00e9n nos permite ayudar&hellip;<\/p>\n","protected":false},"author":1,"featured_media":0,"parent":0,"menu_order":0,"comment_status":"closed","ping_status":"open","template":"","meta":{"footnotes":""},"class_list":["post-2512","page","type-page","status-publish","hentry","description-off"],"yoast_head":"<!-- This site is optimized with the Yoast SEO plugin v27.5 - https:\/\/yoast.com\/product\/yoast-seo-wordpress\/ -->\n<title>Asistencia t\u00e9cnica y mantenimiento | BioG \u2022 Solutions for green energy<\/title>\n<meta name=\"description\" content=\"\u00a1Le ofrecemos una serie de prestaciones especiales que garantizan el funcionamiento ininterrumpido! \u2606 mantenimiento a distancia y soporte t\u00e9cnico \u2022 servicio r\u00e1pido de piezas de recambio\" \/>\n<meta name=\"robots\" content=\"index, follow, max-snippet:-1, max-image-preview:large, max-video-preview:-1\" \/>\n<link rel=\"canonical\" href=\"https:\/\/biog-biogas.com\/es\/asistencia-tecnica\/\" \/>\n<meta property=\"og:locale\" content=\"es_ES\" \/>\n<meta property=\"og:type\" content=\"article\" \/>\n<meta property=\"og:title\" content=\"Asistencia t\u00e9cnica y mantenimiento | BioG \u2022 Solutions for green energy\" \/>\n<meta property=\"og:description\" content=\"\u00a1Le ofrecemos una serie de prestaciones especiales que garantizan el funcionamiento ininterrumpido! \u2606 mantenimiento a distancia y soporte t\u00e9cnico \u2022 servicio r\u00e1pido de piezas de recambio\" \/>\n<meta property=\"og:url\" content=\"https:\/\/biog-biogas.com\/es\/asistencia-tecnica\/\" \/>\n<meta property=\"og:site_name\" content=\"BIOG\" \/>\n<meta property=\"article:modified_time\" content=\"2025-08-07T08:15:04+00:00\" \/>\n<meta name=\"twitter:card\" content=\"summary_large_image\" \/>\n<meta name=\"twitter:label1\" content=\"Tiempo de lectura\" \/>\n\t<meta name=\"twitter:data1\" content=\"3 minutos\" \/>\n<script type=\"application\/ld+json\" class=\"yoast-schema-graph\">{\"@context\":\"https:\\\/\\\/schema.org\",\"@graph\":[{\"@type\":\"WebPage\",\"@id\":\"https:\\\/\\\/biog-biogas.com\\\/es\\\/asistencia-tecnica\\\/\",\"url\":\"https:\\\/\\\/biog-biogas.com\\\/es\\\/asistencia-tecnica\\\/\",\"name\":\"Asistencia t\u00e9cnica y mantenimiento | BioG \u2022 Solutions for green energy\",\"isPartOf\":{\"@id\":\"https:\\\/\\\/biog-biogas.com\\\/es\\\/#website\"},\"datePublished\":\"2019-02-09T10:31:42+00:00\",\"dateModified\":\"2025-08-07T08:15:04+00:00\",\"description\":\"\u00a1Le ofrecemos una serie de prestaciones especiales que garantizan el funcionamiento ininterrumpido! \u2606 mantenimiento a distancia y soporte t\u00e9cnico \u2022 servicio r\u00e1pido de piezas de recambio\",\"breadcrumb\":{\"@id\":\"https:\\\/\\\/biog-biogas.com\\\/es\\\/asistencia-tecnica\\\/#breadcrumb\"},\"inLanguage\":\"es\",\"potentialAction\":[{\"@type\":\"ReadAction\",\"target\":[\"https:\\\/\\\/biog-biogas.com\\\/es\\\/asistencia-tecnica\\\/\"]}]},{\"@type\":\"BreadcrumbList\",\"@id\":\"https:\\\/\\\/biog-biogas.com\\\/es\\\/asistencia-tecnica\\\/#breadcrumb\",\"itemListElement\":[{\"@type\":\"ListItem\",\"position\":1,\"name\":\"Startseite\",\"item\":\"https:\\\/\\\/biog-biogas.com\\\/es\\\/\"},{\"@type\":\"ListItem\",\"position\":2,\"name\":\"Asistencia t\u00e9cnica\"}]},{\"@type\":\"WebSite\",\"@id\":\"https:\\\/\\\/biog-biogas.com\\\/es\\\/#website\",\"url\":\"https:\\\/\\\/biog-biogas.com\\\/es\\\/\",\"name\":\"BIOG\",\"description\":\"Solutions for green energy\",\"potentialAction\":[{\"@type\":\"SearchAction\",\"target\":{\"@type\":\"EntryPoint\",\"urlTemplate\":\"https:\\\/\\\/biog-biogas.com\\\/es\\\/?s={search_term_string}\"},\"query-input\":{\"@type\":\"PropertyValueSpecification\",\"valueRequired\":true,\"valueName\":\"search_term_string\"}}],\"inLanguage\":\"es\"}]}<\/script>\n<!-- \/ Yoast SEO plugin. -->","yoast_head_json":{"title":"Asistencia t\u00e9cnica y mantenimiento | BioG \u2022 Solutions for green energy","description":"\u00a1Le ofrecemos una serie de prestaciones especiales que garantizan el funcionamiento ininterrumpido! \u2606 mantenimiento a distancia y soporte t\u00e9cnico \u2022 servicio r\u00e1pido de piezas de recambio","robots":{"index":"index","follow":"follow","max-snippet":"max-snippet:-1","max-image-preview":"max-image-preview:large","max-video-preview":"max-video-preview:-1"},"canonical":"https:\/\/biog-biogas.com\/es\/asistencia-tecnica\/","og_locale":"es_ES","og_type":"article","og_title":"Asistencia t\u00e9cnica y mantenimiento | BioG \u2022 Solutions for green energy","og_description":"\u00a1Le ofrecemos una serie de prestaciones especiales que garantizan el funcionamiento ininterrumpido! \u2606 mantenimiento a distancia y soporte t\u00e9cnico \u2022 servicio r\u00e1pido de piezas de recambio","og_url":"https:\/\/biog-biogas.com\/es\/asistencia-tecnica\/","og_site_name":"BIOG","article_modified_time":"2025-08-07T08:15:04+00:00","twitter_card":"summary_large_image","twitter_misc":{"Tiempo de lectura":"3 minutos"},"schema":{"@context":"https:\/\/schema.org","@graph":[{"@type":"WebPage","@id":"https:\/\/biog-biogas.com\/es\/asistencia-tecnica\/","url":"https:\/\/biog-biogas.com\/es\/asistencia-tecnica\/","name":"Asistencia t\u00e9cnica y mantenimiento | BioG \u2022 Solutions for green energy","isPartOf":{"@id":"https:\/\/biog-biogas.com\/es\/#website"},"datePublished":"2019-02-09T10:31:42+00:00","dateModified":"2025-08-07T08:15:04+00:00","description":"\u00a1Le ofrecemos una serie de prestaciones especiales que garantizan el funcionamiento ininterrumpido! \u2606 mantenimiento a distancia y soporte t\u00e9cnico \u2022 servicio r\u00e1pido de piezas de recambio","breadcrumb":{"@id":"https:\/\/biog-biogas.com\/es\/asistencia-tecnica\/#breadcrumb"},"inLanguage":"es","potentialAction":[{"@type":"ReadAction","target":["https:\/\/biog-biogas.com\/es\/asistencia-tecnica\/"]}]},{"@type":"BreadcrumbList","@id":"https:\/\/biog-biogas.com\/es\/asistencia-tecnica\/#breadcrumb","itemListElement":[{"@type":"ListItem","position":1,"name":"Startseite","item":"https:\/\/biog-biogas.com\/es\/"},{"@type":"ListItem","position":2,"name":"Asistencia t\u00e9cnica"}]},{"@type":"WebSite","@id":"https:\/\/biog-biogas.com\/es\/#website","url":"https:\/\/biog-biogas.com\/es\/","name":"BIOG","description":"Solutions for green energy","potentialAction":[{"@type":"SearchAction","target":{"@type":"EntryPoint","urlTemplate":"https:\/\/biog-biogas.com\/es\/?s={search_term_string}"},"query-input":{"@type":"PropertyValueSpecification","valueRequired":true,"valueName":"search_term_string"}}],"inLanguage":"es"}]}},"_links":{"self":[{"href":"https:\/\/biog-biogas.com\/es\/wp-json\/wp\/v2\/pages\/2512","targetHints":{"allow":["GET"]}}],"collection":[{"href":"https:\/\/biog-biogas.com\/es\/wp-json\/wp\/v2\/pages"}],"about":[{"href":"https:\/\/biog-biogas.com\/es\/wp-json\/wp\/v2\/types\/page"}],"author":[{"embeddable":true,"href":"https:\/\/biog-biogas.com\/es\/wp-json\/wp\/v2\/users\/1"}],"replies":[{"embeddable":true,"href":"https:\/\/biog-biogas.com\/es\/wp-json\/wp\/v2\/comments?post=2512"}],"version-history":[{"count":0,"href":"https:\/\/biog-biogas.com\/es\/wp-json\/wp\/v2\/pages\/2512\/revisions"}],"wp:attachment":[{"href":"https:\/\/biog-biogas.com\/es\/wp-json\/wp\/v2\/media?parent=2512"}],"curies":[{"name":"wp","href":"https:\/\/api.w.org\/{rel}","templated":true}]}}