{"id":2533,"date":"2019-02-09T11:45:45","date_gmt":"2019-02-09T10:45:45","guid":{"rendered":"http:\/\/biog.adview.network\/instalaciones-de-secado\/"},"modified":"2019-07-30T11:47:09","modified_gmt":"2019-07-30T09:47:09","slug":"instalaciones-de-secado","status":"publish","type":"page","link":"https:\/\/biog-biogas.com\/es\/instalaciones-de-secado\/","title":{"rendered":"Instalaciones de secado"},"content":{"rendered":"<div class=\"wpb-content-wrapper\"><p>[vc_row][vc_column]<div id=\"ultimate-heading-536069d50033a506e\" class=\"uvc-heading ult-adjust-bottom-margin ultimate-heading-536069d50033a506e uvc-1337  uvc-heading-default-font-sizes\" data-hspacer=\"no_spacer\"  data-halign=\"left\" style=\"text-align:left\"><div class=\"uvc-heading-spacer no_spacer\" style=\"top\"><\/div><div class=\"uvc-main-heading ult-responsive\"  data-ultimate-target='.uvc-heading.ultimate-heading-536069d50033a506e h2'  data-responsive-json-new='{\"font-size\":\"\",\"line-height\":\"\"}' ><h2 style=\"--font-weight:theme;margin-bottom:15px;\">Instalaciones de secado<\/h2><\/div><\/div><div id=\"ultimate-heading-360969d50033a5150\" class=\"uvc-heading ult-adjust-bottom-margin ultimate-heading-360969d50033a5150 uvc-1882  uvc-heading-default-font-sizes\" data-hspacer=\"no_spacer\"  data-halign=\"left\" style=\"text-align:left\"><div class=\"uvc-heading-spacer no_spacer\" style=\"top\"><\/div><div class=\"uvc-main-heading ult-responsive\"  data-ultimate-target='.uvc-heading.ultimate-heading-360969d50033a5150 h1'  data-responsive-json-new='{\"font-size\":\"\",\"line-height\":\"\"}' ><h1 style=\"--font-weight:theme;margin-bottom:15px;\">Dise\u00f1o de suelo m\u00f3vil para la m\u00e1xima eficiencia en el secado de material a granel<\/h1><\/div><\/div>[\/vc_column][\/vc_row][vc_row equal_height=\u00bbyes\u00bb content_placement=\u00bbbottom\u00bb][vc_column width=\u00bb3\/4&#8243;][vc_column_text]BioG tambi\u00e9n fabrica instalaciones de secado con una base de suelo m\u00f3vil en forma de soluciones de contenedor o como sistemas de secado fabricados a medida e integrados. El objetivo es maximizar el grado de aprovechamiento del calor.<\/p>\n<p>En un proceso de dos pasos que consta de un dep\u00f3sito y de una c\u00e1mara de secado, se obtiene una saturaci\u00f3n del aire del 100\u00a0% y un grado de secado que puede regularse con precisi\u00f3n. En un proceso de dos etapas, el aire calentado en un intercambiador t\u00e9rmico pasa primero por el \u00e1rea de secado final y luego por el \u00e1rea de almacenamiento. Esta act\u00faa simult\u00e1neamente como filtro biol\u00f3gico y mantiene las v\u00edas de secado libres de polvo.<\/p>\n<p>El \u00e1mbito ideal de estos sistemas son las plantas de biog\u00e1s. El calor residual se puede aprovechar de manera id\u00f3nea para el secado de materiales tales como cereales, madera troceada y otros materiales a granel. Las instalaciones de gasificador de madera tambi\u00e9n son un \u00e1mbito de uso id\u00f3neo para esta innovadora tecnolog\u00eda de secado.[\/vc_column_text][vc_single_image image=\u00bb1180&#8243; img_size=\u00bbmedium\u00bb alignment=\u00bbright\u00bb onclick=\u00bblink_image\u00bb][\/vc_column][vc_column width=\u00bb1\/4&#8243;][vc_single_image image=\u00bb1173&#8243; img_size=\u00bblarge\u00bb onclick=\u00bblink_image\u00bb][\/vc_column][\/vc_row]<\/p>\n<\/div>","protected":false},"excerpt":{"rendered":"<p>[vc_row][vc_column][\/vc_column][\/vc_row][vc_row equal_height=\u00bbyes\u00bb content_placement=\u00bbbottom\u00bb][vc_column width=\u00bb3\/4&#8243;][vc_column_text]BioG tambi\u00e9n fabrica instalaciones de secado con una base de suelo m\u00f3vil en forma de soluciones de contenedor o como sistemas de secado fabricados a medida e integrados. El objetivo es maximizar el grado de aprovechamiento del calor. En un proceso de dos pasos que consta de un dep\u00f3sito y de una&hellip;<\/p>\n","protected":false},"author":1,"featured_media":0,"parent":0,"menu_order":0,"comment_status":"closed","ping_status":"open","template":"","meta":{"footnotes":""},"class_list":["post-2533","page","type-page","status-publish","hentry","description-off"],"yoast_head":"<!-- This site is optimized with the Yoast SEO plugin v27.3 - https:\/\/yoast.com\/product\/yoast-seo-wordpress\/ -->\n<title>Instalaciones de secado | BioG \u2022 Solutions for green energy<\/title>\n<meta name=\"description\" content=\"\u00a1Con el sistema de suelo m\u00f3vil le proporcionamos la m\u00e1xima eficiencia en el secado de material a granel! \u2606 m\u00e1ximo aprovechamiento del calor\" \/>\n<meta name=\"robots\" content=\"index, follow, max-snippet:-1, max-image-preview:large, max-video-preview:-1\" \/>\n<link rel=\"canonical\" href=\"https:\/\/biog-biogas.com\/es\/instalaciones-de-secado\/\" \/>\n<meta property=\"og:locale\" content=\"es_ES\" \/>\n<meta property=\"og:type\" content=\"article\" \/>\n<meta property=\"og:title\" content=\"Instalaciones de secado | BioG \u2022 Solutions for green energy\" \/>\n<meta property=\"og:description\" content=\"\u00a1Con el sistema de suelo m\u00f3vil le proporcionamos la m\u00e1xima eficiencia en el secado de material a granel! \u2606 m\u00e1ximo aprovechamiento del calor\" \/>\n<meta property=\"og:url\" content=\"https:\/\/biog-biogas.com\/es\/instalaciones-de-secado\/\" \/>\n<meta property=\"og:site_name\" content=\"BIOG\" \/>\n<meta property=\"article:modified_time\" content=\"2019-07-30T09:47:09+00:00\" \/>\n<meta name=\"twitter:card\" content=\"summary_large_image\" \/>\n<meta name=\"twitter:label1\" content=\"Tiempo de lectura\" \/>\n\t<meta name=\"twitter:data1\" content=\"1 minuto\" \/>\n<script type=\"application\/ld+json\" class=\"yoast-schema-graph\">{\"@context\":\"https:\\\/\\\/schema.org\",\"@graph\":[{\"@type\":\"WebPage\",\"@id\":\"https:\\\/\\\/biog-biogas.com\\\/es\\\/instalaciones-de-secado\\\/\",\"url\":\"https:\\\/\\\/biog-biogas.com\\\/es\\\/instalaciones-de-secado\\\/\",\"name\":\"Instalaciones de secado | BioG \u2022 Solutions for green energy\",\"isPartOf\":{\"@id\":\"https:\\\/\\\/biog-biogas.com\\\/es\\\/#website\"},\"datePublished\":\"2019-02-09T10:45:45+00:00\",\"dateModified\":\"2019-07-30T09:47:09+00:00\",\"description\":\"\u00a1Con el sistema de suelo m\u00f3vil le proporcionamos la m\u00e1xima eficiencia en el secado de material a granel! \u2606 m\u00e1ximo aprovechamiento del calor\",\"breadcrumb\":{\"@id\":\"https:\\\/\\\/biog-biogas.com\\\/es\\\/instalaciones-de-secado\\\/#breadcrumb\"},\"inLanguage\":\"es\",\"potentialAction\":[{\"@type\":\"ReadAction\",\"target\":[\"https:\\\/\\\/biog-biogas.com\\\/es\\\/instalaciones-de-secado\\\/\"]}]},{\"@type\":\"BreadcrumbList\",\"@id\":\"https:\\\/\\\/biog-biogas.com\\\/es\\\/instalaciones-de-secado\\\/#breadcrumb\",\"itemListElement\":[{\"@type\":\"ListItem\",\"position\":1,\"name\":\"Startseite\",\"item\":\"https:\\\/\\\/biog-biogas.com\\\/es\\\/\"},{\"@type\":\"ListItem\",\"position\":2,\"name\":\"Instalaciones de secado\"}]},{\"@type\":\"WebSite\",\"@id\":\"https:\\\/\\\/biog-biogas.com\\\/es\\\/#website\",\"url\":\"https:\\\/\\\/biog-biogas.com\\\/es\\\/\",\"name\":\"BIOG\",\"description\":\"Solutions for green energy\",\"potentialAction\":[{\"@type\":\"SearchAction\",\"target\":{\"@type\":\"EntryPoint\",\"urlTemplate\":\"https:\\\/\\\/biog-biogas.com\\\/es\\\/?s={search_term_string}\"},\"query-input\":{\"@type\":\"PropertyValueSpecification\",\"valueRequired\":true,\"valueName\":\"search_term_string\"}}],\"inLanguage\":\"es\"}]}<\/script>\n<!-- \/ Yoast SEO plugin. -->","yoast_head_json":{"title":"Instalaciones de secado | BioG \u2022 Solutions for green energy","description":"\u00a1Con el sistema de suelo m\u00f3vil le proporcionamos la m\u00e1xima eficiencia en el secado de material a granel! \u2606 m\u00e1ximo aprovechamiento del calor","robots":{"index":"index","follow":"follow","max-snippet":"max-snippet:-1","max-image-preview":"max-image-preview:large","max-video-preview":"max-video-preview:-1"},"canonical":"https:\/\/biog-biogas.com\/es\/instalaciones-de-secado\/","og_locale":"es_ES","og_type":"article","og_title":"Instalaciones de secado | BioG \u2022 Solutions for green energy","og_description":"\u00a1Con el sistema de suelo m\u00f3vil le proporcionamos la m\u00e1xima eficiencia en el secado de material a granel! \u2606 m\u00e1ximo aprovechamiento del calor","og_url":"https:\/\/biog-biogas.com\/es\/instalaciones-de-secado\/","og_site_name":"BIOG","article_modified_time":"2019-07-30T09:47:09+00:00","twitter_card":"summary_large_image","twitter_misc":{"Tiempo de lectura":"1 minuto"},"schema":{"@context":"https:\/\/schema.org","@graph":[{"@type":"WebPage","@id":"https:\/\/biog-biogas.com\/es\/instalaciones-de-secado\/","url":"https:\/\/biog-biogas.com\/es\/instalaciones-de-secado\/","name":"Instalaciones de secado | BioG \u2022 Solutions for green energy","isPartOf":{"@id":"https:\/\/biog-biogas.com\/es\/#website"},"datePublished":"2019-02-09T10:45:45+00:00","dateModified":"2019-07-30T09:47:09+00:00","description":"\u00a1Con el sistema de suelo m\u00f3vil le proporcionamos la m\u00e1xima eficiencia en el secado de material a granel! \u2606 m\u00e1ximo aprovechamiento del calor","breadcrumb":{"@id":"https:\/\/biog-biogas.com\/es\/instalaciones-de-secado\/#breadcrumb"},"inLanguage":"es","potentialAction":[{"@type":"ReadAction","target":["https:\/\/biog-biogas.com\/es\/instalaciones-de-secado\/"]}]},{"@type":"BreadcrumbList","@id":"https:\/\/biog-biogas.com\/es\/instalaciones-de-secado\/#breadcrumb","itemListElement":[{"@type":"ListItem","position":1,"name":"Startseite","item":"https:\/\/biog-biogas.com\/es\/"},{"@type":"ListItem","position":2,"name":"Instalaciones de secado"}]},{"@type":"WebSite","@id":"https:\/\/biog-biogas.com\/es\/#website","url":"https:\/\/biog-biogas.com\/es\/","name":"BIOG","description":"Solutions for green energy","potentialAction":[{"@type":"SearchAction","target":{"@type":"EntryPoint","urlTemplate":"https:\/\/biog-biogas.com\/es\/?s={search_term_string}"},"query-input":{"@type":"PropertyValueSpecification","valueRequired":true,"valueName":"search_term_string"}}],"inLanguage":"es"}]}},"_links":{"self":[{"href":"https:\/\/biog-biogas.com\/es\/wp-json\/wp\/v2\/pages\/2533","targetHints":{"allow":["GET"]}}],"collection":[{"href":"https:\/\/biog-biogas.com\/es\/wp-json\/wp\/v2\/pages"}],"about":[{"href":"https:\/\/biog-biogas.com\/es\/wp-json\/wp\/v2\/types\/page"}],"author":[{"embeddable":true,"href":"https:\/\/biog-biogas.com\/es\/wp-json\/wp\/v2\/users\/1"}],"replies":[{"embeddable":true,"href":"https:\/\/biog-biogas.com\/es\/wp-json\/wp\/v2\/comments?post=2533"}],"version-history":[{"count":0,"href":"https:\/\/biog-biogas.com\/es\/wp-json\/wp\/v2\/pages\/2533\/revisions"}],"wp:attachment":[{"href":"https:\/\/biog-biogas.com\/es\/wp-json\/wp\/v2\/media?parent=2533"}],"curies":[{"name":"wp","href":"https:\/\/api.w.org\/{rel}","templated":true}]}}