{"id":283737,"date":"2024-02-06T14:10:23","date_gmt":"2024-02-06T13:10:23","guid":{"rendered":"https:\/\/biog-biogas.com\/biocng-hoftankstelle\/"},"modified":"2025-11-06T09:08:14","modified_gmt":"2025-11-06T08:08:14","slug":"biocng-hoftankstelle","status":"publish","type":"page","link":"https:\/\/biog-biogas.com\/es\/biocng-hoftankstelle\/","title":{"rendered":"BioCNG Hoftankstelle"},"content":{"rendered":"<div class=\"wpb-content-wrapper\"><p>[vc_row][vc_column width=\u00bb2\/3&#8243;]<div id=\"ultimate-heading-325669e2112f940d7\" class=\"uvc-heading ult-adjust-bottom-margin ultimate-heading-325669e2112f940d7 uvc-181  uvc-heading-default-font-sizes\" data-hspacer=\"no_spacer\"  data-halign=\"left\" style=\"text-align:left\"><div class=\"uvc-heading-spacer no_spacer\" style=\"top\"><\/div><div class=\"uvc-main-heading ult-responsive\"  data-ultimate-target='.uvc-heading.ultimate-heading-325669e2112f940d7 h2'  data-responsive-json-new='{\"font-size\":\"\",\"line-height\":\"\"}' ><h2 style=\"--font-weight:theme;\">Estaci\u00f3n de servicio BioCNG para granjas<\/h2><\/div><\/div><div id=\"ultimate-heading-145469e2112f941c9\" class=\"uvc-heading ult-adjust-bottom-margin ultimate-heading-145469e2112f941c9 uvc-933  uvc-heading-default-font-sizes\" data-hspacer=\"no_spacer\"  data-halign=\"left\" style=\"text-align:left\"><div class=\"uvc-heading-spacer no_spacer\" style=\"top\"><\/div><div class=\"uvc-main-heading ult-responsive\"  data-ultimate-target='.uvc-heading.ultimate-heading-145469e2112f941c9 h1'  data-responsive-json-new='{\"font-size\":\"\",\"line-height\":\"\"}' ><h1 style=\"--font-weight:theme;\">Combustible a partir de paja y esti\u00e9rcol<\/h1><\/div><\/div>[vc_column_text css=\u00bb\u00bb]Ahora puede producir combustible con su propia estaci\u00f3n de servicio y obtener certificados de GEI.<\/p>\n<p>El BioCNG es biog\u00e1s purificado que se comprime a 250 bar. Se utiliza en todos los veh\u00edculos de GNC disponibles en el mercado.[\/vc_column_text][\/vc_column][vc_column width=\u00bb1\/3&#8243;][vc_single_image image=\u00bb282355&#8243; img_size=\u00bblarge\u00bb alignment=\u00bbcenter\u00bb][\/vc_column][\/vc_row][vc_row][vc_column][vc_column_text css=\u00bb\u00bb]<strong>As\u00ed es como funciona:<\/strong><\/p>\n<p>Se extrae de la planta de biog\u00e1s una parte del flujo, entre el 10 y el 20 % del biog\u00e1s producido, que posteriormente se purifica, se comprime y se separa en CO2 y CH4 mediante una membrana, para luego comprimirse a 250 bar y almacenarse en botellas a presi\u00f3n. A trav\u00e9s de una instalaci\u00f3n de tanques, el BioCNG se suministra a los veh\u00edculos de GNC.<br \/>\nEl gas residual, con aproximadamente un 82 % de CO2 y un 18 % de CH4, se devuelve al flujo de gas del motor de biog\u00e1s.[\/vc_column_text][vc_empty_space][\/vc_column][\/vc_row][vc_row][vc_column width=\u00bb1\/2&#8243;]<div id=\"ultimate-heading-869869e2112f94258\" class=\"uvc-heading ult-adjust-bottom-margin ultimate-heading-869869e2112f94258 uvc-4691  uvc-heading-default-font-sizes\" data-hspacer=\"no_spacer\"  data-halign=\"left\" style=\"text-align:left\"><div class=\"uvc-heading-spacer no_spacer\" style=\"top\"><\/div><div class=\"uvc-main-heading ult-responsive\"  data-ultimate-target='.uvc-heading.ultimate-heading-869869e2112f94258 h2'  data-responsive-json-new='{\"font-size\":\"\",\"line-height\":\"\"}' ><h2 style=\"--font-weight:theme;\">Datos y cifras<\/h2><\/div><\/div>[vc_column_text css=\u00bb\u00bb]Capacidades: 35, 65 o 100 m\u00b3 de biog\u00e1s\/h[\/vc_column_text]<div class=\"standard-arrow list-divider bullet-top\"><ul>\n<li>Una etapa de membrana alcanza un contenido de CH4 del 95 al 98 %.<\/li>\n<li>El gas residual tiene entonces un contenido de CH4 del 15 al 20 %.<\/li>\n<li>Una extracci\u00f3n de biog\u00e1s del 10 % reduce el contenido de CH4 en un 4 %.<\/li>\n<li>Un paquete de botellas de 960 l almacena 240 m\u00b3 o 170 kg de CH\u2084 a 250 bar.<\/li>\n<li>Se puede repostar aproximadamente 1\/3, es decir, unos 56 kg por repostaje, lo que equivale a 73 l de di\u00e9sel.<\/li>\n<li>1 kg de GNC tiene el mismo contenido energ\u00e9tico que 1,5 l de gasolina o 1,3 l de di\u00e9sel.<\/li>\n<li>Consumo propio de energ\u00eda con GNC: 10 %.<\/li>\n<li>Los paquetes de almacenamiento se pueden ampliar (= paquete b\u00e1sico de 960 l + ampliaciones de 960 l).<\/li>\n<\/ul>\n<\/div>[\/vc_column][vc_column width=\u00bb1\/2&#8243;][vc_empty_space height=\u00bb100px\u00bb][vc_single_image image=\u00bb284799&#8243; img_size=\u00bbfull\u00bb css=\u00bb\u00bb][\/vc_column][\/vc_row][vc_row][vc_column][vc_empty_space]<div id=\"highlight-box-wrap-6657\"  data-ultimate-target='#highlight-box-wrap-6657'  data-responsive-json-new='{\"font-size\":\"desktop:32px;\",\"line-height\":\"\"}'  class=\"ultimate-call-to-action ult-adjust-bottom-margin  ctaction-text-center ult-responsive\" style=\"font-family:Kalam;font-weight:normal;color:#ffffff;background:#0ba14b;padding-top:20px;padding-bottom:20px;\"  data-background=\"#0ba14b\"  data-background-hover=\"#2f2f2f\"  data-override=\"0\" ><div class=\"ultimate-ctaction-icon ctaction-icon-right-push\"><div class=\"ult-just-icon-wrapper  \"><div class=\"align-icon\" style=\"text-align:center;\">\n<div class=\"aio-icon none \"  style=\"font-size:32px;display:inline-block;\">\n\t<i class=\"Defaults-cloud-download\"><\/i>\n<\/div><\/div><\/div><\/div><div class=\"uvc-ctaction-data uvc-ctaction-data-right-push ult-responsive\">\u00a1Descargue el folleto actual de las estaciones de servicio BioCNG para granjas en formato PDF!<a href=\"https:\/\/biog-biogas.com\/wp-content\/uploads\/EN_Hoftankstelle.pdf\">EN_Hoftankstelle<\/a><\/div><a class=\"ulimate-call-to-action-link\" href=\"https:\/\/biog-biogas.com\/wp-content\/uploads\/EN_Hoftankstelle.pdf\" ><\/a><\/div>[\/vc_column][\/vc_row][vc_row][vc_column][vc_column_text css=\u00bb\u00bb]<\/p>\n<table width=\"471\">\n<tbody>\n<tr>\n<td width=\"226\">\n<h3><strong>TIPO 3 etapas<\/strong><\/h3>\n<\/td>\n<td width=\"78\">\n<h3><strong>T35D<\/strong><\/h3>\n<\/td>\n<td width=\"78\">\n<h3><strong>T65D<\/strong><\/h3>\n<\/td>\n<td width=\"79\">\n<h3><strong>T100D<\/strong><\/h3>\n<\/td>\n<\/tr>\n<tr>\n<td>Cantidad de biog\u00e1s m\u00b3\/h<\/td>\n<td>27,3<\/td>\n<td>50,4<\/td>\n<td>77,5<\/td>\n<\/tr>\n<tr>\n<td>N\u00famero de membranas<\/td>\n<td>3<\/td>\n<td>3<\/td>\n<td>3<\/td>\n<\/tr>\n<tr>\n<td>CH<sub>4<\/sub> m<sup>3<\/sup>\/h con un 52 % de CH<sub>4<\/sub><\/td>\n<td>14,2<\/td>\n<td>26,2<\/td>\n<td>40,3<\/td>\n<\/tr>\n<tr>\n<td>CH<sub>4<\/sub> en el gas residual con un 0,5 % m\u00b3<\/td>\n<td>0,07<\/td>\n<td>0,13<\/td>\n<td>0,20<\/td>\n<\/tr>\n<tr>\n<td>CH4 m<sup>3<\/sup>\/h para GNC<\/td>\n<td>14,1<\/td>\n<td>26,1<\/td>\n<td>40,1<\/td>\n<\/tr>\n<tr>\n<td>GNC kg\/h 97 % CH<sub>4<\/sub><\/td>\n<td>10,4<\/td>\n<td>19,3<\/td>\n<td>29,6<\/td>\n<\/tr>\n<tr>\n<td>GNC kg\/d\u00eda<\/td>\n<td>250<\/td>\n<td>462<\/td>\n<td>711<\/td>\n<\/tr>\n<tr>\n<td>GNC kg\/a\u00f1o<\/td>\n<td>91 462<\/td>\n<td>168 786<\/td>\n<td>259 645<\/td>\n<\/tr>\n<tr>\n<td>Di\u00e9sel l\/a\u00f1o<\/td>\n<td>118 900<\/td>\n<td>219 420<\/td>\n<td>337 538<\/td>\n<\/tr>\n<\/tbody>\n<\/table>\n<p>[\/vc_column_text][\/vc_column][\/vc_row]<\/p>\n<\/div>","protected":false},"excerpt":{"rendered":"<p>[vc_row][vc_column width=\u00bb2\/3&#8243;][vc_column_text css=\u00bb\u00bb]Ahora puede producir combustible con su propia estaci\u00f3n de servicio y obtener certificados de GEI. El BioCNG es biog\u00e1s purificado que se comprime a 250 bar. Se utiliza en todos los veh\u00edculos de GNC disponibles en el mercado.[\/vc_column_text][\/vc_column][vc_column width=\u00bb1\/3&#8243;][vc_single_image image=\u00bb282355&#8243; img_size=\u00bblarge\u00bb alignment=\u00bbcenter\u00bb][\/vc_column][\/vc_row][vc_row][vc_column][vc_column_text css=\u00bb\u00bb]As\u00ed es como funciona: Se extrae de la planta de biog\u00e1s&hellip;<\/p>\n","protected":false},"author":46,"featured_media":0,"parent":0,"menu_order":0,"comment_status":"closed","ping_status":"closed","template":"","meta":{"footnotes":""},"class_list":["post-283737","page","type-page","status-publish","hentry","description-off"],"yoast_head":"<!-- This site is optimized with the Yoast SEO plugin v27.4 - https:\/\/yoast.com\/product\/yoast-seo-wordpress\/ -->\n<title>BioCNG Hoftankstelle - BIOG<\/title>\n<meta name=\"robots\" content=\"index, follow, max-snippet:-1, max-image-preview:large, max-video-preview:-1\" \/>\n<link rel=\"canonical\" href=\"https:\/\/biog-biogas.com\/es\/biocng-hoftankstelle\/\" \/>\n<meta property=\"og:locale\" content=\"es_ES\" \/>\n<meta property=\"og:type\" content=\"article\" \/>\n<meta property=\"og:title\" content=\"BioCNG Hoftankstelle - BIOG\" \/>\n<meta property=\"og:description\" content=\"[vc_row][vc_column width=\u00bb2\/3&#8243;][vc_column_text css=\u00bb\u00bb]Ahora puede producir combustible con su propia estaci\u00f3n de servicio y obtener certificados de GEI. El BioCNG es biog\u00e1s purificado que se comprime a 250 bar. Se utiliza en todos los veh\u00edculos de GNC disponibles en el mercado.[\/vc_column_text][\/vc_column][vc_column width=\u00bb1\/3&#8243;][vc_single_image image=\u00bb282355&#8243; img_size=\u00bblarge\u00bb alignment=\u00bbcenter\u00bb][\/vc_column][\/vc_row][vc_row][vc_column][vc_column_text css=\u00bb\u00bb]As\u00ed es como funciona: Se extrae de la planta de biog\u00e1s&hellip;\" \/>\n<meta property=\"og:url\" content=\"https:\/\/biog-biogas.com\/es\/biocng-hoftankstelle\/\" \/>\n<meta property=\"og:site_name\" content=\"BIOG\" \/>\n<meta property=\"article:modified_time\" content=\"2025-11-06T08:08:14+00:00\" \/>\n<meta name=\"twitter:card\" content=\"summary_large_image\" \/>\n<meta name=\"twitter:label1\" content=\"Tiempo de lectura\" \/>\n\t<meta name=\"twitter:data1\" content=\"3 minutos\" \/>\n<script type=\"application\/ld+json\" class=\"yoast-schema-graph\">{\"@context\":\"https:\\\/\\\/schema.org\",\"@graph\":[{\"@type\":\"WebPage\",\"@id\":\"https:\\\/\\\/biog-biogas.com\\\/es\\\/biocng-hoftankstelle\\\/\",\"url\":\"https:\\\/\\\/biog-biogas.com\\\/es\\\/biocng-hoftankstelle\\\/\",\"name\":\"BioCNG Hoftankstelle - BIOG\",\"isPartOf\":{\"@id\":\"https:\\\/\\\/biog-biogas.com\\\/es\\\/#website\"},\"datePublished\":\"2024-02-06T13:10:23+00:00\",\"dateModified\":\"2025-11-06T08:08:14+00:00\",\"breadcrumb\":{\"@id\":\"https:\\\/\\\/biog-biogas.com\\\/es\\\/biocng-hoftankstelle\\\/#breadcrumb\"},\"inLanguage\":\"es\",\"potentialAction\":[{\"@type\":\"ReadAction\",\"target\":[\"https:\\\/\\\/biog-biogas.com\\\/es\\\/biocng-hoftankstelle\\\/\"]}]},{\"@type\":\"BreadcrumbList\",\"@id\":\"https:\\\/\\\/biog-biogas.com\\\/es\\\/biocng-hoftankstelle\\\/#breadcrumb\",\"itemListElement\":[{\"@type\":\"ListItem\",\"position\":1,\"name\":\"Startseite\",\"item\":\"https:\\\/\\\/biog-biogas.com\\\/es\\\/\"},{\"@type\":\"ListItem\",\"position\":2,\"name\":\"BioCNG Hoftankstelle\"}]},{\"@type\":\"WebSite\",\"@id\":\"https:\\\/\\\/biog-biogas.com\\\/es\\\/#website\",\"url\":\"https:\\\/\\\/biog-biogas.com\\\/es\\\/\",\"name\":\"BIOG\",\"description\":\"Solutions for green energy\",\"potentialAction\":[{\"@type\":\"SearchAction\",\"target\":{\"@type\":\"EntryPoint\",\"urlTemplate\":\"https:\\\/\\\/biog-biogas.com\\\/es\\\/?s={search_term_string}\"},\"query-input\":{\"@type\":\"PropertyValueSpecification\",\"valueRequired\":true,\"valueName\":\"search_term_string\"}}],\"inLanguage\":\"es\"}]}<\/script>\n<!-- \/ Yoast SEO plugin. -->","yoast_head_json":{"title":"BioCNG Hoftankstelle - BIOG","robots":{"index":"index","follow":"follow","max-snippet":"max-snippet:-1","max-image-preview":"max-image-preview:large","max-video-preview":"max-video-preview:-1"},"canonical":"https:\/\/biog-biogas.com\/es\/biocng-hoftankstelle\/","og_locale":"es_ES","og_type":"article","og_title":"BioCNG Hoftankstelle - BIOG","og_description":"[vc_row][vc_column width=\u00bb2\/3&#8243;][vc_column_text css=\u00bb\u00bb]Ahora puede producir combustible con su propia estaci\u00f3n de servicio y obtener certificados de GEI. El BioCNG es biog\u00e1s purificado que se comprime a 250 bar. Se utiliza en todos los veh\u00edculos de GNC disponibles en el mercado.[\/vc_column_text][\/vc_column][vc_column width=\u00bb1\/3&#8243;][vc_single_image image=\u00bb282355&#8243; img_size=\u00bblarge\u00bb alignment=\u00bbcenter\u00bb][\/vc_column][\/vc_row][vc_row][vc_column][vc_column_text css=\u00bb\u00bb]As\u00ed es como funciona: Se extrae de la planta de biog\u00e1s&hellip;","og_url":"https:\/\/biog-biogas.com\/es\/biocng-hoftankstelle\/","og_site_name":"BIOG","article_modified_time":"2025-11-06T08:08:14+00:00","twitter_card":"summary_large_image","twitter_misc":{"Tiempo de lectura":"3 minutos"},"schema":{"@context":"https:\/\/schema.org","@graph":[{"@type":"WebPage","@id":"https:\/\/biog-biogas.com\/es\/biocng-hoftankstelle\/","url":"https:\/\/biog-biogas.com\/es\/biocng-hoftankstelle\/","name":"BioCNG Hoftankstelle - BIOG","isPartOf":{"@id":"https:\/\/biog-biogas.com\/es\/#website"},"datePublished":"2024-02-06T13:10:23+00:00","dateModified":"2025-11-06T08:08:14+00:00","breadcrumb":{"@id":"https:\/\/biog-biogas.com\/es\/biocng-hoftankstelle\/#breadcrumb"},"inLanguage":"es","potentialAction":[{"@type":"ReadAction","target":["https:\/\/biog-biogas.com\/es\/biocng-hoftankstelle\/"]}]},{"@type":"BreadcrumbList","@id":"https:\/\/biog-biogas.com\/es\/biocng-hoftankstelle\/#breadcrumb","itemListElement":[{"@type":"ListItem","position":1,"name":"Startseite","item":"https:\/\/biog-biogas.com\/es\/"},{"@type":"ListItem","position":2,"name":"BioCNG Hoftankstelle"}]},{"@type":"WebSite","@id":"https:\/\/biog-biogas.com\/es\/#website","url":"https:\/\/biog-biogas.com\/es\/","name":"BIOG","description":"Solutions for green energy","potentialAction":[{"@type":"SearchAction","target":{"@type":"EntryPoint","urlTemplate":"https:\/\/biog-biogas.com\/es\/?s={search_term_string}"},"query-input":{"@type":"PropertyValueSpecification","valueRequired":true,"valueName":"search_term_string"}}],"inLanguage":"es"}]}},"_links":{"self":[{"href":"https:\/\/biog-biogas.com\/es\/wp-json\/wp\/v2\/pages\/283737","targetHints":{"allow":["GET"]}}],"collection":[{"href":"https:\/\/biog-biogas.com\/es\/wp-json\/wp\/v2\/pages"}],"about":[{"href":"https:\/\/biog-biogas.com\/es\/wp-json\/wp\/v2\/types\/page"}],"author":[{"embeddable":true,"href":"https:\/\/biog-biogas.com\/es\/wp-json\/wp\/v2\/users\/46"}],"replies":[{"embeddable":true,"href":"https:\/\/biog-biogas.com\/es\/wp-json\/wp\/v2\/comments?post=283737"}],"version-history":[{"count":0,"href":"https:\/\/biog-biogas.com\/es\/wp-json\/wp\/v2\/pages\/283737\/revisions"}],"wp:attachment":[{"href":"https:\/\/biog-biogas.com\/es\/wp-json\/wp\/v2\/media?parent=283737"}],"curies":[{"name":"wp","href":"https:\/\/api.w.org\/{rel}","templated":true}]}}