{"id":283817,"date":"2022-01-31T13:19:12","date_gmt":"2022-01-31T12:19:12","guid":{"rendered":"https:\/\/biog-biogas.com\/fluessig-mischsystem-biomerge\/"},"modified":"2026-03-02T09:18:48","modified_gmt":"2026-03-02T08:18:48","slug":"fluessig-mischsystem-biomerge","status":"publish","type":"page","link":"https:\/\/biog-biogas.com\/es\/fluessig-mischsystem-biomerge\/","title":{"rendered":"Sistema de mezcla l\u00edquida &#8211; BioMerge"},"content":{"rendered":"<div class=\"wpb-content-wrapper\"><p>[vc_row][vc_column]<div id=\"ultimate-heading-425169e2107269a54\" class=\"uvc-heading ult-adjust-bottom-margin ultimate-heading-425169e2107269a54 uvc-944  uvc-heading-default-font-sizes\" data-hspacer=\"no_spacer\"  data-halign=\"left\" style=\"text-align:left\"><div class=\"uvc-heading-spacer no_spacer\" style=\"top\"><\/div><div class=\"uvc-main-heading ult-responsive\"  data-ultimate-target='.uvc-heading.ultimate-heading-425169e2107269a54 h2'  data-responsive-json-new='{\"font-size\":\"\",\"line-height\":\"\"}' ><h2 style=\"--font-weight:theme;margin-bottom:15px;\">BioMerge: el inteligente sistema de mezcla con separador de cuerpos extra\u00f1os<\/h2><\/div><\/div><div id=\"ultimate-heading-629869e2107269b5f\" class=\"uvc-heading ult-adjust-bottom-margin ultimate-heading-629869e2107269b5f uvc-5924  uvc-heading-default-font-sizes\" data-hspacer=\"no_spacer\"  data-halign=\"left\" style=\"text-align:left\"><div class=\"uvc-heading-spacer no_spacer\" style=\"top\"><\/div><div class=\"uvc-main-heading ult-responsive\"  data-ultimate-target='.uvc-heading.ultimate-heading-629869e2107269b5f h1'  data-responsive-json-new='{\"font-size\":\"\",\"line-height\":\"\"}' ><h1 style=\"--font-weight:theme;margin-bottom:15px;\">M\u00e1ximo rendimiento, mezcla perfecta, separaci\u00f3n limpia<\/h1><\/div><\/div>[vc_empty_space][\/vc_column][\/vc_row][vc_row][vc_column width=\u00bb2\/3&#8243;][vc_column_text css=\u00bb\u00bb]<strong>Potente sistema de mezcla \u2013 incluso para materiales ligeros como la paja<\/strong><\/p>\n<p>Nuestro sistema BioMerge complementa el probado sistema completo BioCrusher con una mezcla eficaz de s\u00f3lidos y separaci\u00f3n de cuerpos extra\u00f1os. Es ideal para grandes vol\u00famenes de material, incluso cuando se trata de materiales ligeros como la paja.<\/p>\n<p>El material se mezcla con l\u00edquido del fermentador mediante un tornillo mezclador inclinado (700 mm de di\u00e1metro, 1200 litros de volumen). Palas de mezcla especiales garantizan una mezcla r\u00e1pida y homog\u00e9nea, desplazando de forma fiable el aire del material.<\/p>\n<p>Un separador de cuerpos extra\u00f1os integrado elimina autom\u00e1ticamente objetos pesados, como piedras o piezas met\u00e1licas \u2013 ya sea en una caja de recolecci\u00f3n o mediante una cinta transportadora.[\/vc_column_text][vc_empty_space][\/vc_column][vc_column width=\u00bb1\/3&#8243;][vc_single_image image=\u00bb285400&#8243; img_size=\u00bblarge\u00bb css=\u00bb\u00bb][\/vc_column][\/vc_row][vc_row][vc_column width=\u00bb1\/3&#8243;][vc_single_image image=\u00bb283788&#8243; img_size=\u00bbfull\u00bb css=\u00bb\u00bb][\/vc_column][vc_column width=\u00bb2\/3&#8243;]<div class=\"standard-arrow list-divider bullet-top\"><ul>\n<li>Aplicable a todos los materiales org\u00e1nicos destinados a plantas de biog\u00e1s, incluyendo todos los restos de campo, paja, esti\u00e9rcol y residuos org\u00e1nicos.<\/li>\n<li>Doble capacidad de transporte en comparaci\u00f3n con los sistemas convencionales de alimentaci\u00f3n l\u00edquida.<\/li>\n<li>Separador eficiente y autom\u00e1tico de materiales pesados.<\/li>\n<li>Desplazamiento de aire del material.<\/li>\n<li>Mezcla intensa para una m\u00e1xima explotaci\u00f3n del proceso de fermentaci\u00f3n.<\/li>\n<li>Reducci\u00f3n de la separaci\u00f3n de fases en el fermentador.<\/li>\n<li>Compatible con todos los sistemas existentes de planta.<\/li>\n<li>Compatible con todos los sistemas de bombeo.<\/li>\n<\/ul>\n<\/div>[vc_empty_space][\/vc_column][\/vc_row][vc_row][vc_column width=\u00bb2\/3&#8243;]<div id=\"ultimate-heading-681969e2107269cd4\" class=\"uvc-heading ult-adjust-bottom-margin ultimate-heading-681969e2107269cd4 uvc-9546  uvc-heading-default-font-sizes\" data-hspacer=\"no_spacer\"  data-halign=\"left\" style=\"text-align:left\"><div class=\"uvc-heading-spacer no_spacer\" style=\"top\"><\/div><div class=\"uvc-main-heading ult-responsive\"  data-ultimate-target='.uvc-heading.ultimate-heading-681969e2107269cd4 h3'  data-responsive-json-new='{\"font-size\":\"\",\"line-height\":\"\"}' ><h3 style=\"--font-weight:theme;\">Separaci\u00f3n de cuerpos extra\u00f1os BioMerge<\/h3><\/div><\/div>[vc_empty_space][vc_column_text css=\u00bb\u00bb]<\/p>\n<p data-start=\"0\" data-end=\"54\"><strong>Soluci\u00f3n limpia \u2013 directamente en el proceso de mezcla<\/strong><\/p>\n<p data-start=\"56\" data-end=\"390\" data-is-last-node=\"\" data-is-only-node=\"\">La separaci\u00f3n de cuerpos extra\u00f1os BioMerge es una extensi\u00f3n integrada del sistema BioMerge y garantiza la eliminaci\u00f3n fiable de contaminantes ya durante la mezcla. Ya sean piedras, piezas met\u00e1licas u otros cuerpos extra\u00f1os s\u00f3lidos, el sistema protege su maquinaria, aumenta la seguridad operativa y reduce las tareas de mantenimiento.<\/p>\n<p>[\/vc_column_text][vc_column_text css=\u00bb\u00bb]<\/p>\n<p><strong>Separaci\u00f3n eficiente \u2013 directamente en el lugar de la acci\u00f3n<\/strong><\/p>\n<p>Gracias a la integraci\u00f3n directa en el tornillo mezclador inclinado, los cuerpos extra\u00f1os se detectan y separan ya durante la alimentaci\u00f3n. Muy pr\u00e1ctico: las piezas pesadas como piedras o metal caen autom\u00e1ticamente en una caja de recogida o, de forma opcional, se descargan autom\u00e1ticamente en un contenedor de desechos.[\/vc_column_text]<div class=\"standard-arrow list-divider bullet-top\"><p data-start=\"0\" data-end=\"39\"><strong>Sus ventajas con la separaci\u00f3n BioMerge<\/strong><\/p>\n<ul data-start=\"41\" data-end=\"592\" data-is-last-node=\"\" data-is-only-node=\"\">\n<li data-start=\"41\" data-end=\"166\">\n<p data-start=\"43\" data-end=\"166\"><strong>Integrada en el sistema de mezcla BioMerge<\/strong><br data-start=\"85\" data-end=\"88\" \/>No requiere espacio adicional \u2013 combinaci\u00f3n perfecta de mezcla y separaci\u00f3n.<\/p>\n<\/li>\n<li data-start=\"168\" data-end=\"283\">\n<p data-start=\"170\" data-end=\"283\"><strong>Eliminaci\u00f3n fiable de cuerpos extra\u00f1os<\/strong><br data-start=\"208\" data-end=\"211\" \/>Tambi\u00e9n funciona con sustratos ligeros como paja o ensilado de hierba.<\/p>\n<\/li>\n<li data-start=\"285\" data-end=\"371\">\n<p data-start=\"287\" data-end=\"371\"><strong>Menor desgaste \u2013 mayor durabilidad<\/strong><br data-start=\"321\" data-end=\"324\" \/>Protege trituradores, bombas y fermentadores.<\/p>\n<\/li>\n<li data-start=\"373\" data-end=\"471\">\n<p data-start=\"375\" data-end=\"471\"><strong>Bajo mantenimiento y automatizable<\/strong><br data-start=\"409\" data-end=\"412\" \/>La descarga autom\u00e1tica opcional ahorra tiempo y personal.<\/p>\n<\/li>\n<li data-start=\"473\" data-end=\"592\" data-is-last-node=\"\">\n<p data-start=\"475\" data-end=\"592\" data-is-last-node=\"\"><strong>Ideal para altas capacidades de alimentaci\u00f3n<\/strong><br data-start=\"519\" data-end=\"522\" \/>La eficiencia se mantiene incluso con grandes vol\u00famenes de material.<\/p>\n<\/li>\n<\/ul>\n<\/div>[vc_empty_space height=\u00bb64px\u00bb][\/vc_column][vc_column width=\u00bb1\/3&#8243;][vc_empty_space][vc_single_image image=\u00bb283764&#8243; img_size=\u00bblarge\u00bb css=\u00bb\u00bb][\/vc_column][\/vc_row][vc_row][vc_column width=\u00bb1\/4&#8243;]<div id=\"ultimate-heading-52669e2107269e30\" class=\"uvc-heading ult-adjust-bottom-margin ultimate-heading-52669e2107269e30 uvc-688  uvc-heading-default-font-sizes\" data-hspacer=\"no_spacer\"  data-halign=\"left\" style=\"text-align:left\"><div class=\"uvc-heading-spacer no_spacer\" style=\"top\"><\/div><div class=\"uvc-main-heading ult-responsive\"  data-ultimate-target='.uvc-heading.ultimate-heading-52669e2107269e30 h3'  data-responsive-json-new='{\"font-size\":\"\",\"line-height\":\"\"}' ><h3 style=\"--font-weight:theme;margin-bottom:15px;\">Visualizaci\u00f3n del BioFeeder<\/h3><\/div><\/div>[vc_column_text css=\u00bb\u00bb]Esta vista general muestra el estado operativo actual del sistema. Todos los componentes principales, como la hidr\u00e1ulica, las tornillos sin fin, el triturador, el BioMerge y las bombas, est\u00e1n representados gr\u00e1ficamente. Los colores indican el estado de cada elemento: verde significa activo, gris inactivo. Los datos en tiempo real, como el nivel de llenado, la presi\u00f3n, el consumo de energ\u00eda, el caudal y la frecuencia, permiten un an\u00e1lisis r\u00e1pido. La visualizaci\u00f3n intuitiva ayuda al personal de operaci\u00f3n a controlar el proceso de manera segura y eficiente.[\/vc_column_text][vc_empty_space][\/vc_column][vc_column width=\u00bb3\/4&#8243;][vc_single_image image=\u00bb283390&#8243; img_size=\u00bblarge\u00bb css=\u00bb\u00bb][vc_empty_space][\/vc_column][\/vc_row][vc_row][vc_column width=\u00bb1\/4&#8243;]<div id=\"ultimate-heading-301769e2107269ebd\" class=\"uvc-heading ult-adjust-bottom-margin ultimate-heading-301769e2107269ebd uvc-631  uvc-heading-default-font-sizes\" data-hspacer=\"no_spacer\"  data-halign=\"left\" style=\"text-align:left\"><div class=\"uvc-heading-spacer no_spacer\" style=\"top\"><\/div><div class=\"uvc-main-heading ult-responsive\"  data-ultimate-target='.uvc-heading.ultimate-heading-301769e2107269ebd h3'  data-responsive-json-new='{\"font-size\":\"\",\"line-height\":\"\"}' ><h3 style=\"--font-weight:theme;margin-bottom:15px;\">Visualizaci\u00f3n en 3D del BioFeeder<\/h3><\/div><\/div>[vc_column_text css=\u00bb\u00bb]Esta imagen muestra una representaci\u00f3n 3D realista del BioFeeder en funcionamiento. Ilustra el recorrido de la biomasa a trav\u00e9s de la planta \u2013 desde la carga, pasando por el tornillo transversal, el triturador, hasta la bomba de alimentaci\u00f3n. Todos los componentes centrales, como los cilindros hidr\u00e1ulicos, los transportadores de tornillo y los agitadores, se representan con animaciones para facilitar la comprensi\u00f3n del proceso mec\u00e1nico. Los movimientos fluidos y el alto nivel de detalle t\u00e9cnico ofrecen una visi\u00f3n clara de los procesos tal como ocurren en una planta real de biog\u00e1s. Ideal para comprender el funcionamiento de la m\u00e1quina, identificar posibles fallos y para la formaci\u00f3n del personal.<\/p>\n<p>[\/vc_column_text][vc_empty_space][\/vc_column][vc_column width=\u00bb3\/4&#8243;][vc_single_image image=\u00bb283397&#8243; img_size=\u00bblarge\u00bb css=\u00bb\u00bb][vc_empty_space][\/vc_column][\/vc_row][vc_row][vc_column]<div id=\"ultimate-heading-722969e2107269f41\" class=\"uvc-heading ult-adjust-bottom-margin ultimate-heading-722969e2107269f41 uvc-4821  uvc-heading-default-font-sizes\" data-hspacer=\"no_spacer\"  data-halign=\"center\" style=\"text-align:center\"><div class=\"uvc-heading-spacer no_spacer\" style=\"top\"><\/div><div class=\"uvc-main-heading ult-responsive\"  data-ultimate-target='.uvc-heading.ultimate-heading-722969e2107269f41 h3'  data-responsive-json-new='{\"font-size\":\"\",\"line-height\":\"\"}' ><h3 style=\"--font-weight:theme;margin-bottom:15px;\">Incorporaci\u00f3n virtual<\/h3><\/div><\/div>[vc_column_text css=\u00bb\u00bb][\/vc_column_text][vc_video link=\u00bbhttps:\/\/www.youtube.com\/watch?v=ALaXZjbRAGI\u00bb css=\u00bb\u00bb][vc_empty_space][\/vc_column][\/vc_row][vc_row][vc_column width=\u00bb1\/3&#8243;][vc_single_image image=\u00bb279953&#8243; img_size=\u00bblarge\u00bb][\/vc_column][vc_column width=\u00bb1\/3&#8243;][vc_single_image image=\u00bb279928&#8243; img_size=\u00bblarge\u00bb][\/vc_column][vc_column width=\u00bb1\/3&#8243;][vc_single_image image=\u00bb279921&#8243; img_size=\u00bblarge\u00bb][\/vc_column][\/vc_row]<\/p>\n<\/div>","protected":false},"excerpt":{"rendered":"<p>[vc_row][vc_column][vc_empty_space][\/vc_column][\/vc_row][vc_row][vc_column width=\u00bb2\/3&#8243;][vc_column_text css=\u00bb\u00bb]Potente sistema de mezcla \u2013 incluso para materiales ligeros como la paja Nuestro sistema BioMerge complementa el probado sistema completo BioCrusher con una mezcla eficaz de s\u00f3lidos y separaci\u00f3n de cuerpos extra\u00f1os. Es ideal para grandes vol\u00famenes de material, incluso cuando se trata de materiales ligeros como la paja. El material se mezcla&hellip;<\/p>\n","protected":false},"author":46,"featured_media":0,"parent":0,"menu_order":0,"comment_status":"closed","ping_status":"closed","template":"","meta":{"footnotes":""},"class_list":["post-283817","page","type-page","status-publish","hentry","description-off"],"yoast_head":"<!-- This site is optimized with the Yoast SEO plugin v27.4 - https:\/\/yoast.com\/product\/yoast-seo-wordpress\/ -->\n<title>Sistema de mezcla l\u00edquida - BioMerge - BIOG<\/title>\n<meta name=\"robots\" content=\"index, follow, max-snippet:-1, max-image-preview:large, max-video-preview:-1\" \/>\n<link rel=\"canonical\" href=\"https:\/\/biog-biogas.com\/es\/fluessig-mischsystem-biomerge\/\" \/>\n<meta property=\"og:locale\" content=\"es_ES\" \/>\n<meta property=\"og:type\" content=\"article\" \/>\n<meta property=\"og:title\" content=\"Sistema de mezcla l\u00edquida - BioMerge - BIOG\" \/>\n<meta property=\"og:description\" content=\"[vc_row][vc_column][vc_empty_space][\/vc_column][\/vc_row][vc_row][vc_column width=\u00bb2\/3&#8243;][vc_column_text css=\u00bb\u00bb]Potente sistema de mezcla \u2013 incluso para materiales ligeros como la paja Nuestro sistema BioMerge complementa el probado sistema completo BioCrusher con una mezcla eficaz de s\u00f3lidos y separaci\u00f3n de cuerpos extra\u00f1os. Es ideal para grandes vol\u00famenes de material, incluso cuando se trata de materiales ligeros como la paja. El material se mezcla&hellip;\" \/>\n<meta property=\"og:url\" content=\"https:\/\/biog-biogas.com\/es\/fluessig-mischsystem-biomerge\/\" \/>\n<meta property=\"og:site_name\" content=\"BIOG\" \/>\n<meta property=\"article:modified_time\" content=\"2026-03-02T08:18:48+00:00\" \/>\n<meta name=\"twitter:card\" content=\"summary_large_image\" \/>\n<meta name=\"twitter:label1\" content=\"Tiempo de lectura\" \/>\n\t<meta name=\"twitter:data1\" content=\"6 minutos\" \/>\n<script type=\"application\/ld+json\" class=\"yoast-schema-graph\">{\"@context\":\"https:\\\/\\\/schema.org\",\"@graph\":[{\"@type\":\"WebPage\",\"@id\":\"https:\\\/\\\/biog-biogas.com\\\/es\\\/fluessig-mischsystem-biomerge\\\/\",\"url\":\"https:\\\/\\\/biog-biogas.com\\\/es\\\/fluessig-mischsystem-biomerge\\\/\",\"name\":\"Sistema de mezcla l\u00edquida - BioMerge - BIOG\",\"isPartOf\":{\"@id\":\"https:\\\/\\\/biog-biogas.com\\\/es\\\/#website\"},\"datePublished\":\"2022-01-31T12:19:12+00:00\",\"dateModified\":\"2026-03-02T08:18:48+00:00\",\"breadcrumb\":{\"@id\":\"https:\\\/\\\/biog-biogas.com\\\/es\\\/fluessig-mischsystem-biomerge\\\/#breadcrumb\"},\"inLanguage\":\"es\",\"potentialAction\":[{\"@type\":\"ReadAction\",\"target\":[\"https:\\\/\\\/biog-biogas.com\\\/es\\\/fluessig-mischsystem-biomerge\\\/\"]}]},{\"@type\":\"BreadcrumbList\",\"@id\":\"https:\\\/\\\/biog-biogas.com\\\/es\\\/fluessig-mischsystem-biomerge\\\/#breadcrumb\",\"itemListElement\":[{\"@type\":\"ListItem\",\"position\":1,\"name\":\"Startseite\",\"item\":\"https:\\\/\\\/biog-biogas.com\\\/es\\\/\"},{\"@type\":\"ListItem\",\"position\":2,\"name\":\"Sistema de mezcla l\u00edquida &#8211; BioMerge\"}]},{\"@type\":\"WebSite\",\"@id\":\"https:\\\/\\\/biog-biogas.com\\\/es\\\/#website\",\"url\":\"https:\\\/\\\/biog-biogas.com\\\/es\\\/\",\"name\":\"BIOG\",\"description\":\"Solutions for green energy\",\"potentialAction\":[{\"@type\":\"SearchAction\",\"target\":{\"@type\":\"EntryPoint\",\"urlTemplate\":\"https:\\\/\\\/biog-biogas.com\\\/es\\\/?s={search_term_string}\"},\"query-input\":{\"@type\":\"PropertyValueSpecification\",\"valueRequired\":true,\"valueName\":\"search_term_string\"}}],\"inLanguage\":\"es\"}]}<\/script>\n<!-- \/ Yoast SEO plugin. -->","yoast_head_json":{"title":"Sistema de mezcla l\u00edquida - BioMerge - BIOG","robots":{"index":"index","follow":"follow","max-snippet":"max-snippet:-1","max-image-preview":"max-image-preview:large","max-video-preview":"max-video-preview:-1"},"canonical":"https:\/\/biog-biogas.com\/es\/fluessig-mischsystem-biomerge\/","og_locale":"es_ES","og_type":"article","og_title":"Sistema de mezcla l\u00edquida - BioMerge - BIOG","og_description":"[vc_row][vc_column][vc_empty_space][\/vc_column][\/vc_row][vc_row][vc_column width=\u00bb2\/3&#8243;][vc_column_text css=\u00bb\u00bb]Potente sistema de mezcla \u2013 incluso para materiales ligeros como la paja Nuestro sistema BioMerge complementa el probado sistema completo BioCrusher con una mezcla eficaz de s\u00f3lidos y separaci\u00f3n de cuerpos extra\u00f1os. Es ideal para grandes vol\u00famenes de material, incluso cuando se trata de materiales ligeros como la paja. El material se mezcla&hellip;","og_url":"https:\/\/biog-biogas.com\/es\/fluessig-mischsystem-biomerge\/","og_site_name":"BIOG","article_modified_time":"2026-03-02T08:18:48+00:00","twitter_card":"summary_large_image","twitter_misc":{"Tiempo de lectura":"6 minutos"},"schema":{"@context":"https:\/\/schema.org","@graph":[{"@type":"WebPage","@id":"https:\/\/biog-biogas.com\/es\/fluessig-mischsystem-biomerge\/","url":"https:\/\/biog-biogas.com\/es\/fluessig-mischsystem-biomerge\/","name":"Sistema de mezcla l\u00edquida - BioMerge - BIOG","isPartOf":{"@id":"https:\/\/biog-biogas.com\/es\/#website"},"datePublished":"2022-01-31T12:19:12+00:00","dateModified":"2026-03-02T08:18:48+00:00","breadcrumb":{"@id":"https:\/\/biog-biogas.com\/es\/fluessig-mischsystem-biomerge\/#breadcrumb"},"inLanguage":"es","potentialAction":[{"@type":"ReadAction","target":["https:\/\/biog-biogas.com\/es\/fluessig-mischsystem-biomerge\/"]}]},{"@type":"BreadcrumbList","@id":"https:\/\/biog-biogas.com\/es\/fluessig-mischsystem-biomerge\/#breadcrumb","itemListElement":[{"@type":"ListItem","position":1,"name":"Startseite","item":"https:\/\/biog-biogas.com\/es\/"},{"@type":"ListItem","position":2,"name":"Sistema de mezcla l\u00edquida &#8211; BioMerge"}]},{"@type":"WebSite","@id":"https:\/\/biog-biogas.com\/es\/#website","url":"https:\/\/biog-biogas.com\/es\/","name":"BIOG","description":"Solutions for green energy","potentialAction":[{"@type":"SearchAction","target":{"@type":"EntryPoint","urlTemplate":"https:\/\/biog-biogas.com\/es\/?s={search_term_string}"},"query-input":{"@type":"PropertyValueSpecification","valueRequired":true,"valueName":"search_term_string"}}],"inLanguage":"es"}]}},"_links":{"self":[{"href":"https:\/\/biog-biogas.com\/es\/wp-json\/wp\/v2\/pages\/283817","targetHints":{"allow":["GET"]}}],"collection":[{"href":"https:\/\/biog-biogas.com\/es\/wp-json\/wp\/v2\/pages"}],"about":[{"href":"https:\/\/biog-biogas.com\/es\/wp-json\/wp\/v2\/types\/page"}],"author":[{"embeddable":true,"href":"https:\/\/biog-biogas.com\/es\/wp-json\/wp\/v2\/users\/46"}],"replies":[{"embeddable":true,"href":"https:\/\/biog-biogas.com\/es\/wp-json\/wp\/v2\/comments?post=283817"}],"version-history":[{"count":0,"href":"https:\/\/biog-biogas.com\/es\/wp-json\/wp\/v2\/pages\/283817\/revisions"}],"wp:attachment":[{"href":"https:\/\/biog-biogas.com\/es\/wp-json\/wp\/v2\/media?parent=283817"}],"curies":[{"name":"wp","href":"https:\/\/api.w.org\/{rel}","templated":true}]}}