{"id":283986,"date":"2025-07-17T10:57:17","date_gmt":"2025-07-17T08:57:17","guid":{"rendered":"https:\/\/biog-biogas.com\/fremdkoerperabscheidung\/"},"modified":"2025-08-05T08:24:57","modified_gmt":"2025-08-05T06:24:57","slug":"fremdkoerperabscheidung","status":"publish","type":"page","link":"https:\/\/biog-biogas.com\/es\/fluessig-mischsystem-biomerge\/fremdkoerperabscheidung\/","title":{"rendered":"Separaci\u00f3n de cuerpos extra\u00f1os"},"content":{"rendered":"<div class=\"wpb-content-wrapper\"><p>[vc_row][vc_column width=\u00bb2\/3&#8243;]<div id=\"ultimate-heading-367069e20586d488e\" class=\"uvc-heading ult-adjust-bottom-margin ultimate-heading-367069e20586d488e uvc-3991  uvc-heading-default-font-sizes\" data-hspacer=\"no_spacer\"  data-halign=\"left\" style=\"text-align:left\"><div class=\"uvc-heading-spacer no_spacer\" style=\"top\"><\/div><div class=\"uvc-main-heading ult-responsive\"  data-ultimate-target='.uvc-heading.ultimate-heading-367069e20586d488e h2'  data-responsive-json-new='{\"font-size\":\"\",\"line-height\":\"\"}' ><h2 style=\"--font-weight:theme;\">Separaci\u00f3n de cuerpos extra\u00f1os de BioG<\/h2><\/div><\/div><div id=\"ultimate-heading-532669e20586d499d\" class=\"uvc-heading ult-adjust-bottom-margin ultimate-heading-532669e20586d499d uvc-9269  uvc-heading-default-font-sizes\" data-hspacer=\"no_spacer\"  data-halign=\"left\" style=\"text-align:left\"><div class=\"uvc-heading-spacer no_spacer\" style=\"top\"><\/div><div class=\"uvc-main-heading ult-responsive\"  data-ultimate-target='.uvc-heading.ultimate-heading-532669e20586d499d h1'  data-responsive-json-new='{\"font-size\":\"\",\"line-height\":\"\"}' ><h1 style=\"--font-weight:theme;\">Eficiente. Fiable. Bajo mantenimiento.<\/h1><\/div><\/div>[vc_column_text css=\u00bb\u00bb]El sistema de separaci\u00f3n de cuerpos extra\u00f1os BioG es la soluci\u00f3n ideal para instalaciones que trabajan con material muy contaminado. Dise\u00f1ado para condiciones de uso exigentes, el sistema elimina de forma fiable los cuerpos extra\u00f1os s\u00f3lidos y flexibles antes de que causen da\u00f1os.[\/vc_column_text][vc_empty_space]<div class=\"standard-arrow list-divider bullet-top\"><h2>Resumen de sus ventajas<\/h2>\n<ul>\n<li><strong>Mayor vida \u00fatil de su instalaci\u00f3n.<\/strong><br \/>\nUn separador magn\u00e9tico conectado en serie protege eficazmente las trituradoras y las bombas contra part\u00edculas met\u00e1licas extra\u00f1as.<\/li>\n<li><strong>Mayor seguridad operativa.<\/strong><br \/>\nMenos part\u00edculas extra\u00f1as en el fermentador significan menos aver\u00edas y una fermentaci\u00f3n m\u00e1s uniforme.<\/li>\n<li><strong>Bajo mantenimiento y eficiencia.<\/strong><br \/>\nLa separaci\u00f3n activa prolonga considerablemente los intervalos de mantenimiento de sus fermentadores.<\/li>\n<li><strong>Materia prima limpia.<\/strong><br \/>\nLa separaci\u00f3n mejora la homogeneidad y facilita el control de calidad de sus proveedores.<\/li>\n<li><strong>Opcional: separador autom\u00e1tico de piedras.<\/strong><br \/>\nIdeal para tiempos de funcionamiento m\u00e1s largos sin intervenciones manuales.<\/li>\n<\/ul>\n<\/div>[vc_empty_space height=\u00bb60px\u00bb]<div id=\"ultimate-heading-227769e20586d4b1f\" class=\"uvc-heading ult-adjust-bottom-margin ultimate-heading-227769e20586d4b1f uvc-5810  uvc-heading-default-font-sizes\" data-hspacer=\"no_spacer\"  data-halign=\"left\" style=\"text-align:left\"><div class=\"uvc-heading-spacer no_spacer\" style=\"top\"><\/div><div class=\"uvc-main-heading ult-responsive\"  data-ultimate-target='.uvc-heading.ultimate-heading-227769e20586d4b1f h2'  data-responsive-json-new='{\"font-size\":\"\",\"line-height\":\"\"}' ><h2 style=\"--font-weight:theme;\">Variantes del sistema<\/h2><\/div><\/div>[vc_empty_space][\/vc_column][vc_column width=\u00bb1\/3&#8243;][vc_empty_space height=\u00bb250px\u00bb][vc_single_image image=\u00bb283862&#8243; img_size=\u00bbfull\u00bb css=\u00bb\u00bb][\/vc_column][\/vc_row][vc_row][vc_column width=\u00bb1\/3&#8243;][vc_column_text css=\u00bb\u00bb]<strong>Separadores magn\u00e9ticos para trituradoras<\/strong><br \/>Protecci\u00f3n contra componentes met\u00e1licos y reducci\u00f3n del desgaste<\/p>\n<p>&nbsp;<\/p>\n<p>[\/vc_column_text][vc_single_image image=\u00bb283890&#8243; img_size=\u00bbmedium\u00bb css=\u00bb\u00bb][\/vc_column][vc_column width=\u00bb1\/3&#8243;][vc_column_text css=\u00bb\u00bb]<strong>Separaci\u00f3n completa con BioMerge<\/strong><\/p>\n<p>Especialmente eficaz contra una amplia variedad de objetos extra\u00f1os, desde sacos de arena hasta esterillas de goma y piedras.[\/vc_column_text][vc_single_image image=\u00bb284078&#8243; img_size=\u00bblarge\u00bb css=\u00bb\u00bb][\/vc_column][vc_column width=\u00bb1\/3&#8243;][vc_column_text css=\u00bb\u00bb]<strong>Separador Autom\u00e1tico de Piedras<\/strong><\/p>\n<p>Para la separaci\u00f3n autom\u00e1tica de objetos extra\u00f1os pesados mediante una cinta transportadora.<br \/>Permite intervalos de inspecci\u00f3n m\u00e1s largos.[\/vc_column_text][vc_single_image image=\u00bb284085&#8243; img_size=\u00bblarge\u00bb css=\u00bb\u00bb][\/vc_column][\/vc_row][vc_row][vc_column][vc_empty_space][vc_column_text css=\u00bb\u00bb]<strong>Conf\u00ede en la seguridad, la eficiencia y la durabilidad con el sistema de separaci\u00f3n de cuerpos extra\u00f1os de BioG.<\/strong><\/p>\n<p>\u00a1Consulte ahora o solicite un presupuesto sin compromiso![\/vc_column_text][\/vc_column][\/vc_row]<\/p>\n<\/div>","protected":false},"excerpt":{"rendered":"<p>[vc_row][vc_column width=\u00bb2\/3&#8243;][vc_column_text css=\u00bb\u00bb]El sistema de separaci\u00f3n de cuerpos extra\u00f1os BioG es la soluci\u00f3n ideal para instalaciones que trabajan con material muy contaminado. Dise\u00f1ado para condiciones de uso exigentes, el sistema elimina de forma fiable los cuerpos extra\u00f1os s\u00f3lidos y flexibles antes de que causen da\u00f1os.[\/vc_column_text][vc_empty_space][vc_empty_space height=\u00bb60px\u00bb][vc_empty_space][\/vc_column][vc_column width=\u00bb1\/3&#8243;][vc_empty_space height=\u00bb250px\u00bb][vc_single_image image=\u00bb283862&#8243; img_size=\u00bbfull\u00bb css=\u00bb\u00bb][\/vc_column][\/vc_row][vc_row][vc_column width=\u00bb1\/3&#8243;][vc_column_text css=\u00bb\u00bb]Separadores magn\u00e9ticos para&hellip;<\/p>\n","protected":false},"author":1,"featured_media":0,"parent":283817,"menu_order":0,"comment_status":"closed","ping_status":"closed","template":"","meta":{"footnotes":""},"class_list":["post-283986","page","type-page","status-publish","hentry","description-off"],"yoast_head":"<!-- This site is optimized with the Yoast SEO plugin v27.4 - https:\/\/yoast.com\/product\/yoast-seo-wordpress\/ -->\n<title>Separaci\u00f3n de cuerpos extra\u00f1os - BIOG<\/title>\n<meta name=\"robots\" content=\"index, follow, max-snippet:-1, max-image-preview:large, max-video-preview:-1\" \/>\n<link rel=\"canonical\" href=\"https:\/\/biog-biogas.com\/es\/fluessig-mischsystem-biomerge\/fremdkoerperabscheidung\/\" \/>\n<meta property=\"og:locale\" content=\"es_ES\" \/>\n<meta property=\"og:type\" content=\"article\" \/>\n<meta property=\"og:title\" content=\"Separaci\u00f3n de cuerpos extra\u00f1os - BIOG\" \/>\n<meta property=\"og:description\" content=\"[vc_row][vc_column width=\u00bb2\/3&#8243;][vc_column_text css=\u00bb\u00bb]El sistema de separaci\u00f3n de cuerpos extra\u00f1os BioG es la soluci\u00f3n ideal para instalaciones que trabajan con material muy contaminado. Dise\u00f1ado para condiciones de uso exigentes, el sistema elimina de forma fiable los cuerpos extra\u00f1os s\u00f3lidos y flexibles antes de que causen da\u00f1os.[\/vc_column_text][vc_empty_space][vc_empty_space height=\u00bb60px\u00bb][vc_empty_space][\/vc_column][vc_column width=\u00bb1\/3&#8243;][vc_empty_space height=\u00bb250px\u00bb][vc_single_image image=\u00bb283862&#8243; img_size=\u00bbfull\u00bb css=\u00bb\u00bb][\/vc_column][\/vc_row][vc_row][vc_column width=\u00bb1\/3&#8243;][vc_column_text css=\u00bb\u00bb]Separadores magn\u00e9ticos para&hellip;\" \/>\n<meta property=\"og:url\" content=\"https:\/\/biog-biogas.com\/es\/fluessig-mischsystem-biomerge\/fremdkoerperabscheidung\/\" \/>\n<meta property=\"og:site_name\" content=\"BIOG\" \/>\n<meta property=\"article:modified_time\" content=\"2025-08-05T06:24:57+00:00\" \/>\n<meta name=\"twitter:card\" content=\"summary_large_image\" \/>\n<meta name=\"twitter:label1\" content=\"Tiempo de lectura\" \/>\n\t<meta name=\"twitter:data1\" content=\"2 minutos\" \/>\n<script type=\"application\/ld+json\" class=\"yoast-schema-graph\">{\"@context\":\"https:\\\/\\\/schema.org\",\"@graph\":[{\"@type\":\"WebPage\",\"@id\":\"https:\\\/\\\/biog-biogas.com\\\/es\\\/fluessig-mischsystem-biomerge\\\/fremdkoerperabscheidung\\\/\",\"url\":\"https:\\\/\\\/biog-biogas.com\\\/es\\\/fluessig-mischsystem-biomerge\\\/fremdkoerperabscheidung\\\/\",\"name\":\"Separaci\u00f3n de cuerpos extra\u00f1os - BIOG\",\"isPartOf\":{\"@id\":\"https:\\\/\\\/biog-biogas.com\\\/es\\\/#website\"},\"datePublished\":\"2025-07-17T08:57:17+00:00\",\"dateModified\":\"2025-08-05T06:24:57+00:00\",\"breadcrumb\":{\"@id\":\"https:\\\/\\\/biog-biogas.com\\\/es\\\/fluessig-mischsystem-biomerge\\\/fremdkoerperabscheidung\\\/#breadcrumb\"},\"inLanguage\":\"es\",\"potentialAction\":[{\"@type\":\"ReadAction\",\"target\":[\"https:\\\/\\\/biog-biogas.com\\\/es\\\/fluessig-mischsystem-biomerge\\\/fremdkoerperabscheidung\\\/\"]}]},{\"@type\":\"BreadcrumbList\",\"@id\":\"https:\\\/\\\/biog-biogas.com\\\/es\\\/fluessig-mischsystem-biomerge\\\/fremdkoerperabscheidung\\\/#breadcrumb\",\"itemListElement\":[{\"@type\":\"ListItem\",\"position\":1,\"name\":\"Startseite\",\"item\":\"https:\\\/\\\/biog-biogas.com\\\/es\\\/\"},{\"@type\":\"ListItem\",\"position\":2,\"name\":\"Sistema de mezcla l\u00edquida &#8211; BioMerge\",\"item\":\"https:\\\/\\\/biog-biogas.com\\\/es\\\/fluessig-mischsystem-biomerge\\\/\"},{\"@type\":\"ListItem\",\"position\":3,\"name\":\"Separaci\u00f3n de cuerpos extra\u00f1os\"}]},{\"@type\":\"WebSite\",\"@id\":\"https:\\\/\\\/biog-biogas.com\\\/es\\\/#website\",\"url\":\"https:\\\/\\\/biog-biogas.com\\\/es\\\/\",\"name\":\"BIOG\",\"description\":\"Solutions for green energy\",\"potentialAction\":[{\"@type\":\"SearchAction\",\"target\":{\"@type\":\"EntryPoint\",\"urlTemplate\":\"https:\\\/\\\/biog-biogas.com\\\/es\\\/?s={search_term_string}\"},\"query-input\":{\"@type\":\"PropertyValueSpecification\",\"valueRequired\":true,\"valueName\":\"search_term_string\"}}],\"inLanguage\":\"es\"}]}<\/script>\n<!-- \/ Yoast SEO plugin. -->","yoast_head_json":{"title":"Separaci\u00f3n de cuerpos extra\u00f1os - BIOG","robots":{"index":"index","follow":"follow","max-snippet":"max-snippet:-1","max-image-preview":"max-image-preview:large","max-video-preview":"max-video-preview:-1"},"canonical":"https:\/\/biog-biogas.com\/es\/fluessig-mischsystem-biomerge\/fremdkoerperabscheidung\/","og_locale":"es_ES","og_type":"article","og_title":"Separaci\u00f3n de cuerpos extra\u00f1os - BIOG","og_description":"[vc_row][vc_column width=\u00bb2\/3&#8243;][vc_column_text css=\u00bb\u00bb]El sistema de separaci\u00f3n de cuerpos extra\u00f1os BioG es la soluci\u00f3n ideal para instalaciones que trabajan con material muy contaminado. Dise\u00f1ado para condiciones de uso exigentes, el sistema elimina de forma fiable los cuerpos extra\u00f1os s\u00f3lidos y flexibles antes de que causen da\u00f1os.[\/vc_column_text][vc_empty_space][vc_empty_space height=\u00bb60px\u00bb][vc_empty_space][\/vc_column][vc_column width=\u00bb1\/3&#8243;][vc_empty_space height=\u00bb250px\u00bb][vc_single_image image=\u00bb283862&#8243; img_size=\u00bbfull\u00bb css=\u00bb\u00bb][\/vc_column][\/vc_row][vc_row][vc_column width=\u00bb1\/3&#8243;][vc_column_text css=\u00bb\u00bb]Separadores magn\u00e9ticos para&hellip;","og_url":"https:\/\/biog-biogas.com\/es\/fluessig-mischsystem-biomerge\/fremdkoerperabscheidung\/","og_site_name":"BIOG","article_modified_time":"2025-08-05T06:24:57+00:00","twitter_card":"summary_large_image","twitter_misc":{"Tiempo de lectura":"2 minutos"},"schema":{"@context":"https:\/\/schema.org","@graph":[{"@type":"WebPage","@id":"https:\/\/biog-biogas.com\/es\/fluessig-mischsystem-biomerge\/fremdkoerperabscheidung\/","url":"https:\/\/biog-biogas.com\/es\/fluessig-mischsystem-biomerge\/fremdkoerperabscheidung\/","name":"Separaci\u00f3n de cuerpos extra\u00f1os - BIOG","isPartOf":{"@id":"https:\/\/biog-biogas.com\/es\/#website"},"datePublished":"2025-07-17T08:57:17+00:00","dateModified":"2025-08-05T06:24:57+00:00","breadcrumb":{"@id":"https:\/\/biog-biogas.com\/es\/fluessig-mischsystem-biomerge\/fremdkoerperabscheidung\/#breadcrumb"},"inLanguage":"es","potentialAction":[{"@type":"ReadAction","target":["https:\/\/biog-biogas.com\/es\/fluessig-mischsystem-biomerge\/fremdkoerperabscheidung\/"]}]},{"@type":"BreadcrumbList","@id":"https:\/\/biog-biogas.com\/es\/fluessig-mischsystem-biomerge\/fremdkoerperabscheidung\/#breadcrumb","itemListElement":[{"@type":"ListItem","position":1,"name":"Startseite","item":"https:\/\/biog-biogas.com\/es\/"},{"@type":"ListItem","position":2,"name":"Sistema de mezcla l\u00edquida &#8211; BioMerge","item":"https:\/\/biog-biogas.com\/es\/fluessig-mischsystem-biomerge\/"},{"@type":"ListItem","position":3,"name":"Separaci\u00f3n de cuerpos extra\u00f1os"}]},{"@type":"WebSite","@id":"https:\/\/biog-biogas.com\/es\/#website","url":"https:\/\/biog-biogas.com\/es\/","name":"BIOG","description":"Solutions for green energy","potentialAction":[{"@type":"SearchAction","target":{"@type":"EntryPoint","urlTemplate":"https:\/\/biog-biogas.com\/es\/?s={search_term_string}"},"query-input":{"@type":"PropertyValueSpecification","valueRequired":true,"valueName":"search_term_string"}}],"inLanguage":"es"}]}},"_links":{"self":[{"href":"https:\/\/biog-biogas.com\/es\/wp-json\/wp\/v2\/pages\/283986","targetHints":{"allow":["GET"]}}],"collection":[{"href":"https:\/\/biog-biogas.com\/es\/wp-json\/wp\/v2\/pages"}],"about":[{"href":"https:\/\/biog-biogas.com\/es\/wp-json\/wp\/v2\/types\/page"}],"author":[{"embeddable":true,"href":"https:\/\/biog-biogas.com\/es\/wp-json\/wp\/v2\/users\/1"}],"replies":[{"embeddable":true,"href":"https:\/\/biog-biogas.com\/es\/wp-json\/wp\/v2\/comments?post=283986"}],"version-history":[{"count":0,"href":"https:\/\/biog-biogas.com\/es\/wp-json\/wp\/v2\/pages\/283986\/revisions"}],"up":[{"embeddable":true,"href":"https:\/\/biog-biogas.com\/es\/wp-json\/wp\/v2\/pages\/283817"}],"wp:attachment":[{"href":"https:\/\/biog-biogas.com\/es\/wp-json\/wp\/v2\/media?parent=283986"}],"curies":[{"name":"wp","href":"https:\/\/api.w.org\/{rel}","templated":true}]}}