{"id":284744,"date":"2021-06-23T07:49:04","date_gmt":"2021-06-23T05:49:04","guid":{"rendered":"https:\/\/biog-biogas.com\/la-empresa\/firmengeschichte\/"},"modified":"2025-10-22T09:29:33","modified_gmt":"2025-10-22T07:29:33","slug":"firmengeschichte","status":"publish","type":"page","link":"https:\/\/biog-biogas.com\/es\/la-empresa\/firmengeschichte\/","title":{"rendered":"Historia de la empresa"},"content":{"rendered":"<div class=\"wpb-content-wrapper\"><p>[vc_row][vc_column width=\u00bb1\/2&#8243;][vc_row_inner][vc_column_inner][vc_column_text]<\/p>\n<h1>Historia de la empresa<\/h1>\n<p>[\/vc_column_text][\/vc_column_inner][\/vc_row_inner][vc_empty_space][vc_column_text]Actualmente, BioG cuenta con m\u00e1s de 60 empleados y acompa\u00f1a cada a\u00f1o a entre 30 y 50 plantas de biog\u00e1s en la construcci\u00f3n o reconversi\u00f3n de plantas de biog\u00e1s de cultivos principales, como ma\u00edz y cereales, a residuos, como paja, esti\u00e9rcol, material de mantenimiento del paisaje y residuos org\u00e1nicos.<\/p>\n<p>Debido al buen balance de CO2 del biometano procedente de residuos y al uso cada vez m\u00e1s intensivo del biometano como combustible, esta forma de energ\u00eda se est\u00e1 impulsando cada vez m\u00e1s en todo el mundo, lo que se ajusta perfectamente a la filosof\u00eda de nuestra empresa.<br \/>\n[\/vc_column_text][vc_empty_space height=\u00bb100px\u00bb][\/vc_column][vc_column width=\u00bb1\/2&#8243;][vc_empty_space height=\u00bb100px\u00bb]<div class=\"shortcode-banner lazyload\" style=\"min-height: 350px;background-image:inherit\" data-bg-image=\"url(https:\/\/biog-biogas.com\/wp-content\/uploads\/DSCN1777-scaled.jpg)\"><div class=\"shortcode-banner-bg wf-table\" style=\"padding: 0px;min-height: 350px\"><div class=\"shortcode-banner-inside wf-table text-normal\" style=\"border: solid 10px transparent;outline: solid 0px;outline-color: #ffffff;height: 340px\"><div><\/div><\/div><\/div><\/div>[vc_empty_space height=\u00bb50px\u00bb][\/vc_column][\/vc_row][vc_row][vc_column][vc_empty_space][vc_single_image image=\u00bb284720&#8243; img_size=\u00bbfull\u00bb css=\u00bb\u00bb][vc_empty_space]<div class=\"smile-icon-timeline-wrap csstime   \"     style=\"\"><div class=\"timeline-line \" style=\"border-right-color:;\"><span><\/span><\/div><div class=\"timeline-wrapper\"><div class=\"timeline-block \"><div class=\"timeline-dot\"><\/div><div class=\"ult-timeline-arrow\"><s><\/s><l><\/l><\/div><div class=\"timeline-icon-block\"><div class=\"ult-timeline-icon tl-icon-no-bg\" style=\"   \"><\/div> <!-- icon --><\/div><div class=\"timeline-header-block\" >\n\t\t\t\t\t\t\t<div id=\"timeline-item-7584\" class=\"timeline-header\" style=\"\"><h2 class=\"ult-timeline-title ult-responsive\"  data-ultimate-target='#timeline-item-7584 .ult-timeline-title'  data-responsive-json-new='{\"font-size\":\"\",\"line-height\":\"\"}'  style=\"\">2023<\/h2><div class=\"ult-responsive timeline-item-spt\"  data-ultimate-target='#timeline-item-7584 .timeline-item-spt'  data-responsive-json-new='{\"font-size\":\"\",\"line-height\":\"\"}'  style=\"\"><\/p>\n<p style=\"text-align: center;\"><a href=\"https:\/\/biog-biogas.com\/es\/biocng-hoftankstelle\/\"><img decoding=\"async\" class=\"alignnone wp-image-282358 size-medium lazyload\" data-src=\"https:\/\/biog-biogas.com\/wp-content\/uploads\/0_CNG-Hoftankstelle_Ansicht-300x169.jpg\" alt=\"\" width=\"300\" height=\"169\" data-srcset=\"https:\/\/biog-biogas.com\/wp-content\/uploads\/\/0_CNG-Hoftankstelle_Ansicht-300x169.jpg 300w, https:\/\/biog-biogas.com\/wp-content\/uploads\/\/0_CNG-Hoftankstelle_Ansicht-1024x577.jpg 1024w, https:\/\/biog-biogas.com\/wp-content\/uploads\/\/0_CNG-Hoftankstelle_Ansicht-768x432.jpg 768w, https:\/\/biog-biogas.com\/wp-content\/uploads\/\/0_CNG-Hoftankstelle_Ansicht-1536x865.jpg 1536w, https:\/\/biog-biogas.com\/wp-content\/uploads\/\/0_CNG-Hoftankstelle_Ansicht-2048x1153.jpg 2048w, https:\/\/biog-biogas.com\/wp-content\/uploads\/\/0_CNG-Hoftankstelle_Ansicht-600x338.jpg 600w\" data-sizes=\"auto\" src=\"data:image\/svg+xml;base64,PHN2ZyB3aWR0aD0iMSIgaGVpZ2h0PSIxIiB4bWxucz0iaHR0cDovL3d3dy53My5vcmcvMjAwMC9zdmciPjwvc3ZnPg==\" style=\"--smush-placeholder-width: 300px; --smush-placeholder-aspect-ratio: 300\/169;\" data-original-sizes=\"(max-width: 300px) 100vw, 300px\" \/><\/a><\/p>\n<h3 style=\"text-align: center;\">Primera estaci\u00f3n de servicio BioCNG<br \/>\nCombustible a partir de paja y esti\u00e9rcol<\/h3>\n<p><\/div><\/div> <!-- header --><\/div><\/div><div class=\"timeline-block \"><div class=\"timeline-dot\"><\/div><div class=\"ult-timeline-arrow\"><s><\/s><l><\/l><\/div><div class=\"timeline-icon-block\"><div class=\"ult-timeline-icon tl-icon-no-bg\" style=\"   \"><\/div> <!-- icon --><\/div><div class=\"timeline-header-block\" >\n\t\t\t\t\t\t\t<div id=\"timeline-item-8522\" class=\"timeline-header\" style=\"\"><h2 class=\"ult-timeline-title ult-responsive\"  data-ultimate-target='#timeline-item-8522 .ult-timeline-title'  data-responsive-json-new='{\"font-size\":\"\",\"line-height\":\"\"}'  style=\"\">2022<\/h2><div class=\"ult-responsive timeline-item-spt\"  data-ultimate-target='#timeline-item-8522 .timeline-item-spt'  data-responsive-json-new='{\"font-size\":\"\",\"line-height\":\"\"}'  style=\"\"><\/p>\n<h3 style=\"text-align: center;\"><a href=\"https:\/\/biog-biogas.com\/energie-aus-feldresten-live-am-10-09-2022\/\"><img decoding=\"async\" class=\"alignnone size-medium wp-image-280812 lazyload\" data-src=\"https:\/\/biog-biogas.com\/wp-content\/uploads\/DJI_0710-300x200.jpg\" alt=\"\" width=\"300\" height=\"200\" src=\"data:image\/svg+xml;base64,PHN2ZyB3aWR0aD0iMSIgaGVpZ2h0PSIxIiB4bWxucz0iaHR0cDovL3d3dy53My5vcmcvMjAwMC9zdmciPjwvc3ZnPg==\" style=\"--smush-placeholder-width: 300px; --smush-placeholder-aspect-ratio: 300\/200;\" \/><\/a><a href=\"https:\/\/biog-biogas.com\/energie-aus-feldresten-live-am-10-09-2022\/\"><img decoding=\"async\" class=\"alignnone size-medium wp-image-280721 lazyload\" data-src=\"https:\/\/biog-biogas.com\/wp-content\/uploads\/Feldarbeit_BioChipper2-300x200.jpg\" alt=\"\" width=\"300\" height=\"200\" data-srcset=\"https:\/\/biog-biogas.com\/wp-content\/uploads\/Feldarbeit_BioChipper2-300x200.jpg 300w, https:\/\/biog-biogas.com\/wp-content\/uploads\/Feldarbeit_BioChipper2-1024x683.jpg 1024w, https:\/\/biog-biogas.com\/wp-content\/uploads\/Feldarbeit_BioChipper2-768x512.jpg 768w, https:\/\/biog-biogas.com\/wp-content\/uploads\/Feldarbeit_BioChipper2-1536x1024.jpg 1536w, https:\/\/biog-biogas.com\/wp-content\/uploads\/Feldarbeit_BioChipper2-2048x1365.jpg 2048w, https:\/\/biog-biogas.com\/wp-content\/uploads\/Feldarbeit_BioChipper2-600x400.jpg 600w\" data-sizes=\"auto\" src=\"data:image\/svg+xml;base64,PHN2ZyB3aWR0aD0iMSIgaGVpZ2h0PSIxIiB4bWxucz0iaHR0cDovL3d3dy53My5vcmcvMjAwMC9zdmciPjwvc3ZnPg==\" style=\"--smush-placeholder-width: 300px; --smush-placeholder-aspect-ratio: 300\/200;\" data-original-sizes=\"(max-width: 300px) 100vw, 300px\" \/><\/a><\/h3>\n<h3 style=\"text-align: center;\">Tag der offenen T\u00fcr \u00abEnergie aus Feldresten LIVE\u00bb<\/h3>\n<p><\/div><\/div> <!-- header --><\/div><\/div><div class=\"timeline-block \"><div class=\"timeline-dot\"><\/div><div class=\"ult-timeline-arrow\"><s><\/s><l><\/l><\/div><div class=\"timeline-icon-block\"><div class=\"ult-timeline-icon tl-icon-no-bg\" style=\"   \"><\/div> <!-- icon --><\/div><div class=\"timeline-header-block\" >\n\t\t\t\t\t\t\t<div id=\"timeline-item-1898\" class=\"timeline-header\" style=\"\"><h2 class=\"ult-timeline-title ult-responsive\"  data-ultimate-target='#timeline-item-1898 .ult-timeline-title'  data-responsive-json-new='{\"font-size\":\"\",\"line-height\":\"\"}'  style=\"\">2022<\/h2><div class=\"ult-responsive timeline-item-spt\"  data-ultimate-target='#timeline-item-1898 .timeline-item-spt'  data-responsive-json-new='{\"font-size\":\"\",\"line-height\":\"\"}'  style=\"\"><\/p>\n<h3 style=\"text-align: center;\"><a href=\"https:\/\/biog-biogas.com\/279971\/\"><img decoding=\"async\" class=\"alignnone size-medium wp-image-281562 lazyload\" data-src=\"https:\/\/biog-biogas.com\/wp-content\/uploads\/IMG_20220531_124112-300x225.jpg\" alt=\"\" width=\"300\" height=\"225\" data-srcset=\"https:\/\/biog-biogas.com\/wp-content\/uploads\/IMG_20220531_124112-300x225.jpg 300w, https:\/\/biog-biogas.com\/wp-content\/uploads\/IMG_20220531_124112-1024x768.jpg 1024w, https:\/\/biog-biogas.com\/wp-content\/uploads\/IMG_20220531_124112-768x576.jpg 768w, https:\/\/biog-biogas.com\/wp-content\/uploads\/IMG_20220531_124112-1536x1152.jpg 1536w, https:\/\/biog-biogas.com\/wp-content\/uploads\/IMG_20220531_124112-2048x1536.jpg 2048w, https:\/\/biog-biogas.com\/wp-content\/uploads\/IMG_20220531_124112-600x450.jpg 600w\" data-sizes=\"auto\" src=\"data:image\/svg+xml;base64,PHN2ZyB3aWR0aD0iMSIgaGVpZ2h0PSIxIiB4bWxucz0iaHR0cDovL3d3dy53My5vcmcvMjAwMC9zdmciPjwvc3ZnPg==\" style=\"--smush-placeholder-width: 300px; --smush-placeholder-aspect-ratio: 300\/225;\" data-original-sizes=\"(max-width: 300px) 100vw, 300px\" \/><\/a><\/h3>\n<h3 style=\"text-align: center;\">Fertigstellung der Produktionshalle<\/h3>\n<p><\/div><\/div> <!-- header --><\/div><\/div><div class=\"timeline-block \"><div class=\"timeline-dot\"><\/div><div class=\"ult-timeline-arrow\"><s><\/s><l><\/l><\/div><div class=\"timeline-icon-block\"><div class=\"ult-timeline-icon tl-icon-no-bg\" style=\"   \"><\/div> <!-- icon --><\/div><div class=\"timeline-header-block\" >\n\t\t\t\t\t\t\t<div id=\"timeline-item-9791\" class=\"timeline-header\" style=\"\"><h2 class=\"ult-timeline-title ult-responsive\"  data-ultimate-target='#timeline-item-9791 .ult-timeline-title'  data-responsive-json-new='{\"font-size\":\"\",\"line-height\":\"\"}'  style=\"\">2021<\/h2><div class=\"ult-responsive timeline-item-spt\"  data-ultimate-target='#timeline-item-9791 .timeline-item-spt'  data-responsive-json-new='{\"font-size\":\"\",\"line-height\":\"\"}'  style=\"\"><\/p>\n<h3 style=\"text-align: center;\"><img decoding=\"async\" class=\"size-medium wp-image-180031 aligncenter lazyload\" data-src=\"https:\/\/biog-biogas.com\/wp-content\/uploads\/BIOG-Ansicht-300x159.jpg\" alt=\"\" width=\"300\" height=\"159\" data-srcset=\"https:\/\/biog-biogas.com\/wp-content\/uploads\/BIOG-Ansicht-300x159.jpg 300w, https:\/\/biog-biogas.com\/wp-content\/uploads\/BIOG-Ansicht-1024x542.jpg 1024w, https:\/\/biog-biogas.com\/wp-content\/uploads\/BIOG-Ansicht-768x407.jpg 768w, https:\/\/biog-biogas.com\/wp-content\/uploads\/BIOG-Ansicht-600x318.jpg 600w, https:\/\/biog-biogas.com\/wp-content\/uploads\/BIOG-Ansicht.jpg 1280w\" data-sizes=\"auto\" src=\"data:image\/svg+xml;base64,PHN2ZyB3aWR0aD0iMSIgaGVpZ2h0PSIxIiB4bWxucz0iaHR0cDovL3d3dy53My5vcmcvMjAwMC9zdmciPjwvc3ZnPg==\" style=\"--smush-placeholder-width: 300px; --smush-placeholder-aspect-ratio: 300\/159;\" data-original-sizes=\"(max-width: 300px) 100vw, 300px\" \/><\/h3>\n<h3 style=\"text-align: center;\">Erweiterung der Produktionshalle<\/h3>\n<p><\/div><\/div> <!-- header --><\/div><\/div><div class=\"timeline-block \"><div class=\"timeline-dot\"><\/div><div class=\"ult-timeline-arrow\"><s><\/s><l><\/l><\/div><div class=\"timeline-icon-block\"><div class=\"ult-timeline-icon tl-icon-no-bg\" style=\"   \"><\/div> <!-- icon --><\/div><div class=\"timeline-header-block\" >\n\t\t\t\t\t\t\t<div id=\"timeline-item-7457\" class=\"timeline-header\" style=\"\"><h2 class=\"ult-timeline-title ult-responsive\"  data-ultimate-target='#timeline-item-7457 .ult-timeline-title'  data-responsive-json-new='{\"font-size\":\"\",\"line-height\":\"\"}'  style=\"\">2020<\/h2><div class=\"ult-responsive timeline-item-spt\"  data-ultimate-target='#timeline-item-7457 .timeline-item-spt'  data-responsive-json-new='{\"font-size\":\"\",\"line-height\":\"\"}'  style=\"\"><\/p>\n<h3 style=\"text-align: center;\"><img decoding=\"async\" class=\"alignnone size-medium wp-image-21423 lazyload\" data-src=\"https:\/\/biog-biogas.com\/wp-content\/uploads\/\/biog-und-meba-biogas-crop-300x166.jpg\" alt=\"\" width=\"300\" height=\"166\" data-srcset=\"https:\/\/biog-biogas.com\/wp-content\/uploads\/biog-und-meba-biogas-crop-300x166.jpg 300w, https:\/\/biog-biogas.com\/wp-content\/uploads\/biog-und-meba-biogas-crop-1024x567.jpg 1024w, https:\/\/biog-biogas.com\/wp-content\/uploads\/biog-und-meba-biogas-crop-768x425.jpg 768w, https:\/\/biog-biogas.com\/wp-content\/uploads\/biog-und-meba-biogas-crop-600x332.jpg 600w, https:\/\/biog-biogas.com\/wp-content\/uploads\/biog-und-meba-biogas-crop.jpg 1493w\" data-sizes=\"auto\" src=\"data:image\/svg+xml;base64,PHN2ZyB3aWR0aD0iMSIgaGVpZ2h0PSIxIiB4bWxucz0iaHR0cDovL3d3dy53My5vcmcvMjAwMC9zdmciPjwvc3ZnPg==\" style=\"--smush-placeholder-width: 300px; --smush-placeholder-aspect-ratio: 300\/166;\" data-original-sizes=\"(max-width: 300px) 100vw, 300px\" \/><\/h3>\n<p><\/p>\n<h3 style=\"text-align: center;\">Fundaci\u00f3n de la empresa conjunta BioG Biogas GmbH en N\u00f6rdlingen, Alemania.<\/h3>\n<p><\/div><\/div> <!-- header --><\/div><\/div><div class=\"timeline-block \"><div class=\"timeline-dot\"><\/div><div class=\"ult-timeline-arrow\"><s><\/s><l><\/l><\/div><div class=\"timeline-icon-block\"><div class=\"ult-timeline-icon tl-icon-no-bg\" style=\"   \"><\/div> <!-- icon --><\/div><div class=\"timeline-header-block\" >\n\t\t\t\t\t\t\t<div id=\"timeline-item-9433\" class=\"timeline-header\" style=\"\"><h2 class=\"ult-timeline-title ult-responsive\"  data-ultimate-target='#timeline-item-9433 .ult-timeline-title'  data-responsive-json-new='{\"font-size\":\"\",\"line-height\":\"\"}'  style=\"\">2019<\/h2><div class=\"ult-responsive timeline-item-spt\"  data-ultimate-target='#timeline-item-9433 .timeline-item-spt'  data-responsive-json-new='{\"font-size\":\"\",\"line-height\":\"\"}'  style=\"\"><\/p>\n<h3 style=\"text-align: center;\">Fundaci\u00f3n de la filial BioG America Inc. en Denver, EE. UU.<\/h3>\n<p><\/div><\/div> <!-- header --><\/div><\/div><div class=\"timeline-block \"><div class=\"timeline-dot\"><\/div><div class=\"ult-timeline-arrow\"><s><\/s><l><\/l><\/div><div class=\"timeline-icon-block\"><div class=\"ult-timeline-icon tl-icon-no-bg\" style=\"   \"><\/div> <!-- icon --><\/div><div class=\"timeline-header-block\" >\n\t\t\t\t\t\t\t<div id=\"timeline-item-7313\" class=\"timeline-header\" style=\"\"><h2 class=\"ult-timeline-title ult-responsive\"  data-ultimate-target='#timeline-item-7313 .ult-timeline-title'  data-responsive-json-new='{\"font-size\":\"\",\"line-height\":\"\"}'  style=\"\">2008<\/h2><div class=\"ult-responsive timeline-item-spt\"  data-ultimate-target='#timeline-item-7313 .timeline-item-spt'  data-responsive-json-new='{\"font-size\":\"\",\"line-height\":\"\"}'  style=\"\"><\/p>\n<h3 style=\"text-align: center;\">Fundaci\u00f3n de BioG GmbH para la producci\u00f3n de componentes t\u00e9cnicos y el acompa\u00f1amiento biol\u00f3gico para la producci\u00f3n de biometano a partir de paja y esti\u00e9rcol con 2 empleados.<\/h3>\n<p><\/div><\/div> <!-- header --><\/div><\/div><div class=\"timeline-block \"><div class=\"timeline-dot\"><\/div><div class=\"ult-timeline-arrow\"><s><\/s><l><\/l><\/div><div class=\"timeline-icon-block\"><div class=\"ult-timeline-icon tl-icon-no-bg\" style=\"   \"><\/div> <!-- icon --><\/div><div class=\"timeline-header-block\" >\n\t\t\t\t\t\t\t<div id=\"timeline-item-8707\" class=\"timeline-header\" style=\"\"><h2 class=\"ult-timeline-title ult-responsive\"  data-ultimate-target='#timeline-item-8707 .ult-timeline-title'  data-responsive-json-new='{\"font-size\":\"\",\"line-height\":\"\"}'  style=\"\">2006 - 2008<\/h2><div class=\"ult-responsive timeline-item-spt\"  data-ultimate-target='#timeline-item-8707 .timeline-item-spt'  data-responsive-json-new='{\"font-size\":\"\",\"line-height\":\"\"}'  style=\"\"><\/p>\n<h3 style=\"text-align: center;\">Reforma de la planta de biog\u00e1s \u00d6koenergie Utzenaich mediante desarrollos t\u00e9cnicos propios para cambiar el material utilizado, pasando del ensilado de ma\u00edz a residuos agr\u00edcolas, paja y esti\u00e9rcol.<\/h3>\n<p><\/div><\/div> <!-- header --><\/div><\/div><div class=\"timeline-block \"><div class=\"timeline-dot\"><\/div><div class=\"ult-timeline-arrow\"><s><\/s><l><\/l><\/div><div class=\"timeline-icon-block\"><div class=\"ult-timeline-icon tl-icon-no-bg\" style=\"   \"><\/div> <!-- icon --><\/div><div class=\"timeline-header-block\" >\n\t\t\t\t\t\t\t<div id=\"timeline-item-3599\" class=\"timeline-header\" style=\"\"><h2 class=\"ult-timeline-title ult-responsive\"  data-ultimate-target='#timeline-item-3599 .ult-timeline-title'  data-responsive-json-new='{\"font-size\":\"\",\"line-height\":\"\"}'  style=\"\">2004<\/h2><div class=\"ult-responsive timeline-item-spt\"  data-ultimate-target='#timeline-item-3599 .timeline-item-spt'  data-responsive-json-new='{\"font-size\":\"\",\"line-height\":\"\"}'  style=\"\"><\/p>\n<h3 style=\"text-align: center;\"><img decoding=\"async\" class=\"size-medium wp-image-203737 aligncenter lazyload\" data-src=\"https:\/\/biog-biogas.com\/wp-content\/uploads\/\/DSC00834-300x225.jpg\" alt=\"\" width=\"300\" height=\"179\" src=\"data:image\/svg+xml;base64,PHN2ZyB3aWR0aD0iMSIgaGVpZ2h0PSIxIiB4bWxucz0iaHR0cDovL3d3dy53My5vcmcvMjAwMC9zdmciPjwvc3ZnPg==\" style=\"--smush-placeholder-width: 300px; --smush-placeholder-aspect-ratio: 300\/179;\" \/><\/h3>\n<p><\/p>\n<h3 style=\"text-align: center;\">Fundaci\u00f3n de la empresa \u00d6koenergie Utzenaich GmbH para la explotaci\u00f3n de una planta de biog\u00e1s de 500 kW a partir de ensilado de ma\u00edz.<\/h3>\n<p><\/div><\/div> <!-- header --><\/div><\/div><\/div><\/div>[\/vc_column][\/vc_row]<\/p>\n<\/div>","protected":false},"excerpt":{"rendered":"<p>[vc_row][vc_column width=\u00bb1\/2&#8243;][vc_row_inner][vc_column_inner][vc_column_text] Historia de la empresa [\/vc_column_text][\/vc_column_inner][\/vc_row_inner][vc_empty_space][vc_column_text]Actualmente, BioG cuenta con m\u00e1s de 60 empleados y acompa\u00f1a cada a\u00f1o a entre 30 y 50 plantas de biog\u00e1s en la construcci\u00f3n o reconversi\u00f3n de plantas de biog\u00e1s de cultivos principales, como ma\u00edz y cereales, a residuos, como paja, esti\u00e9rcol, material de mantenimiento del paisaje y residuos org\u00e1nicos.&hellip;<\/p>\n","protected":false},"author":46,"featured_media":0,"parent":2251,"menu_order":0,"comment_status":"closed","ping_status":"closed","template":"","meta":{"footnotes":""},"class_list":["post-284744","page","type-page","status-publish","hentry","description-off"],"yoast_head":"<!-- This site is optimized with the Yoast SEO plugin v27.3 - https:\/\/yoast.com\/product\/yoast-seo-wordpress\/ -->\n<title>Historia de la empresa - BIOG<\/title>\n<meta name=\"robots\" content=\"index, follow, max-snippet:-1, max-image-preview:large, max-video-preview:-1\" \/>\n<link rel=\"canonical\" href=\"https:\/\/biog-biogas.com\/es\/la-empresa\/firmengeschichte\/\" \/>\n<meta property=\"og:locale\" content=\"es_ES\" \/>\n<meta property=\"og:type\" content=\"article\" \/>\n<meta property=\"og:title\" content=\"Historia de la empresa - BIOG\" \/>\n<meta property=\"og:description\" content=\"[vc_row][vc_column width=\u00bb1\/2&#8243;][vc_row_inner][vc_column_inner][vc_column_text] Historia de la empresa [\/vc_column_text][\/vc_column_inner][\/vc_row_inner][vc_empty_space][vc_column_text]Actualmente, BioG cuenta con m\u00e1s de 60 empleados y acompa\u00f1a cada a\u00f1o a entre 30 y 50 plantas de biog\u00e1s en la construcci\u00f3n o reconversi\u00f3n de plantas de biog\u00e1s de cultivos principales, como ma\u00edz y cereales, a residuos, como paja, esti\u00e9rcol, material de mantenimiento del paisaje y residuos org\u00e1nicos.&hellip;\" \/>\n<meta property=\"og:url\" content=\"https:\/\/biog-biogas.com\/es\/la-empresa\/firmengeschichte\/\" \/>\n<meta property=\"og:site_name\" content=\"BIOG\" \/>\n<meta property=\"article:modified_time\" content=\"2025-10-22T07:29:33+00:00\" \/>\n<meta property=\"og:image\" content=\"https:\/\/biog-biogas.com\/wp-content\/uploads\/0_CNG-Hoftankstelle_Ansicht-scaled.jpg\" \/>\n\t<meta property=\"og:image:width\" content=\"2560\" \/>\n\t<meta property=\"og:image:height\" content=\"1441\" \/>\n\t<meta property=\"og:image:type\" content=\"image\/jpeg\" \/>\n<meta name=\"twitter:card\" content=\"summary_large_image\" \/>\n<meta name=\"twitter:label1\" content=\"Tiempo de lectura\" \/>\n\t<meta name=\"twitter:data1\" content=\"3 minutos\" \/>\n<script type=\"application\/ld+json\" class=\"yoast-schema-graph\">{\"@context\":\"https:\\\/\\\/schema.org\",\"@graph\":[{\"@type\":\"WebPage\",\"@id\":\"https:\\\/\\\/biog-biogas.com\\\/es\\\/la-empresa\\\/firmengeschichte\\\/\",\"url\":\"https:\\\/\\\/biog-biogas.com\\\/es\\\/la-empresa\\\/firmengeschichte\\\/\",\"name\":\"Historia de la empresa - BIOG\",\"isPartOf\":{\"@id\":\"https:\\\/\\\/biog-biogas.com\\\/es\\\/#website\"},\"primaryImageOfPage\":{\"@id\":\"https:\\\/\\\/biog-biogas.com\\\/es\\\/la-empresa\\\/firmengeschichte\\\/#primaryimage\"},\"image\":{\"@id\":\"https:\\\/\\\/biog-biogas.com\\\/es\\\/la-empresa\\\/firmengeschichte\\\/#primaryimage\"},\"thumbnailUrl\":\"https:\\\/\\\/biog-biogas.com\\\/wp-content\\\/uploads\\\/0_CNG-Hoftankstelle_Ansicht-300x169.jpg\",\"datePublished\":\"2021-06-23T05:49:04+00:00\",\"dateModified\":\"2025-10-22T07:29:33+00:00\",\"breadcrumb\":{\"@id\":\"https:\\\/\\\/biog-biogas.com\\\/es\\\/la-empresa\\\/firmengeschichte\\\/#breadcrumb\"},\"inLanguage\":\"es\",\"potentialAction\":[{\"@type\":\"ReadAction\",\"target\":[\"https:\\\/\\\/biog-biogas.com\\\/es\\\/la-empresa\\\/firmengeschichte\\\/\"]}]},{\"@type\":\"ImageObject\",\"inLanguage\":\"es\",\"@id\":\"https:\\\/\\\/biog-biogas.com\\\/es\\\/la-empresa\\\/firmengeschichte\\\/#primaryimage\",\"url\":\"https:\\\/\\\/biog-biogas.com\\\/wp-content\\\/uploads\\\/0_CNG-Hoftankstelle_Ansicht-300x169.jpg\",\"contentUrl\":\"https:\\\/\\\/biog-biogas.com\\\/wp-content\\\/uploads\\\/0_CNG-Hoftankstelle_Ansicht-300x169.jpg\"},{\"@type\":\"BreadcrumbList\",\"@id\":\"https:\\\/\\\/biog-biogas.com\\\/es\\\/la-empresa\\\/firmengeschichte\\\/#breadcrumb\",\"itemListElement\":[{\"@type\":\"ListItem\",\"position\":1,\"name\":\"Startseite\",\"item\":\"https:\\\/\\\/biog-biogas.com\\\/es\\\/\"},{\"@type\":\"ListItem\",\"position\":2,\"name\":\"La empresa\",\"item\":\"https:\\\/\\\/biog-biogas.com\\\/es\\\/la-empresa\\\/\"},{\"@type\":\"ListItem\",\"position\":3,\"name\":\"Historia de la empresa\"}]},{\"@type\":\"WebSite\",\"@id\":\"https:\\\/\\\/biog-biogas.com\\\/es\\\/#website\",\"url\":\"https:\\\/\\\/biog-biogas.com\\\/es\\\/\",\"name\":\"BIOG\",\"description\":\"Solutions for green energy\",\"potentialAction\":[{\"@type\":\"SearchAction\",\"target\":{\"@type\":\"EntryPoint\",\"urlTemplate\":\"https:\\\/\\\/biog-biogas.com\\\/es\\\/?s={search_term_string}\"},\"query-input\":{\"@type\":\"PropertyValueSpecification\",\"valueRequired\":true,\"valueName\":\"search_term_string\"}}],\"inLanguage\":\"es\"}]}<\/script>\n<!-- \/ Yoast SEO plugin. -->","yoast_head_json":{"title":"Historia de la empresa - BIOG","robots":{"index":"index","follow":"follow","max-snippet":"max-snippet:-1","max-image-preview":"max-image-preview:large","max-video-preview":"max-video-preview:-1"},"canonical":"https:\/\/biog-biogas.com\/es\/la-empresa\/firmengeschichte\/","og_locale":"es_ES","og_type":"article","og_title":"Historia de la empresa - BIOG","og_description":"[vc_row][vc_column width=\u00bb1\/2&#8243;][vc_row_inner][vc_column_inner][vc_column_text] Historia de la empresa [\/vc_column_text][\/vc_column_inner][\/vc_row_inner][vc_empty_space][vc_column_text]Actualmente, BioG cuenta con m\u00e1s de 60 empleados y acompa\u00f1a cada a\u00f1o a entre 30 y 50 plantas de biog\u00e1s en la construcci\u00f3n o reconversi\u00f3n de plantas de biog\u00e1s de cultivos principales, como ma\u00edz y cereales, a residuos, como paja, esti\u00e9rcol, material de mantenimiento del paisaje y residuos org\u00e1nicos.&hellip;","og_url":"https:\/\/biog-biogas.com\/es\/la-empresa\/firmengeschichte\/","og_site_name":"BIOG","article_modified_time":"2025-10-22T07:29:33+00:00","og_image":[{"width":2560,"height":1441,"url":"https:\/\/biog-biogas.com\/wp-content\/uploads\/0_CNG-Hoftankstelle_Ansicht-scaled.jpg","type":"image\/jpeg"}],"twitter_card":"summary_large_image","twitter_misc":{"Tiempo de lectura":"3 minutos"},"schema":{"@context":"https:\/\/schema.org","@graph":[{"@type":"WebPage","@id":"https:\/\/biog-biogas.com\/es\/la-empresa\/firmengeschichte\/","url":"https:\/\/biog-biogas.com\/es\/la-empresa\/firmengeschichte\/","name":"Historia de la empresa - BIOG","isPartOf":{"@id":"https:\/\/biog-biogas.com\/es\/#website"},"primaryImageOfPage":{"@id":"https:\/\/biog-biogas.com\/es\/la-empresa\/firmengeschichte\/#primaryimage"},"image":{"@id":"https:\/\/biog-biogas.com\/es\/la-empresa\/firmengeschichte\/#primaryimage"},"thumbnailUrl":"https:\/\/biog-biogas.com\/wp-content\/uploads\/0_CNG-Hoftankstelle_Ansicht-300x169.jpg","datePublished":"2021-06-23T05:49:04+00:00","dateModified":"2025-10-22T07:29:33+00:00","breadcrumb":{"@id":"https:\/\/biog-biogas.com\/es\/la-empresa\/firmengeschichte\/#breadcrumb"},"inLanguage":"es","potentialAction":[{"@type":"ReadAction","target":["https:\/\/biog-biogas.com\/es\/la-empresa\/firmengeschichte\/"]}]},{"@type":"ImageObject","inLanguage":"es","@id":"https:\/\/biog-biogas.com\/es\/la-empresa\/firmengeschichte\/#primaryimage","url":"https:\/\/biog-biogas.com\/wp-content\/uploads\/0_CNG-Hoftankstelle_Ansicht-300x169.jpg","contentUrl":"https:\/\/biog-biogas.com\/wp-content\/uploads\/0_CNG-Hoftankstelle_Ansicht-300x169.jpg"},{"@type":"BreadcrumbList","@id":"https:\/\/biog-biogas.com\/es\/la-empresa\/firmengeschichte\/#breadcrumb","itemListElement":[{"@type":"ListItem","position":1,"name":"Startseite","item":"https:\/\/biog-biogas.com\/es\/"},{"@type":"ListItem","position":2,"name":"La empresa","item":"https:\/\/biog-biogas.com\/es\/la-empresa\/"},{"@type":"ListItem","position":3,"name":"Historia de la empresa"}]},{"@type":"WebSite","@id":"https:\/\/biog-biogas.com\/es\/#website","url":"https:\/\/biog-biogas.com\/es\/","name":"BIOG","description":"Solutions for green energy","potentialAction":[{"@type":"SearchAction","target":{"@type":"EntryPoint","urlTemplate":"https:\/\/biog-biogas.com\/es\/?s={search_term_string}"},"query-input":{"@type":"PropertyValueSpecification","valueRequired":true,"valueName":"search_term_string"}}],"inLanguage":"es"}]}},"_links":{"self":[{"href":"https:\/\/biog-biogas.com\/es\/wp-json\/wp\/v2\/pages\/284744","targetHints":{"allow":["GET"]}}],"collection":[{"href":"https:\/\/biog-biogas.com\/es\/wp-json\/wp\/v2\/pages"}],"about":[{"href":"https:\/\/biog-biogas.com\/es\/wp-json\/wp\/v2\/types\/page"}],"author":[{"embeddable":true,"href":"https:\/\/biog-biogas.com\/es\/wp-json\/wp\/v2\/users\/46"}],"replies":[{"embeddable":true,"href":"https:\/\/biog-biogas.com\/es\/wp-json\/wp\/v2\/comments?post=284744"}],"version-history":[{"count":0,"href":"https:\/\/biog-biogas.com\/es\/wp-json\/wp\/v2\/pages\/284744\/revisions"}],"up":[{"embeddable":true,"href":"https:\/\/biog-biogas.com\/es\/wp-json\/wp\/v2\/pages\/2251"}],"wp:attachment":[{"href":"https:\/\/biog-biogas.com\/es\/wp-json\/wp\/v2\/media?parent=284744"}],"curies":[{"name":"wp","href":"https:\/\/api.w.org\/{rel}","templated":true}]}}