{"id":285191,"date":"2026-01-15T11:38:59","date_gmt":"2026-01-15T10:38:59","guid":{"rendered":"https:\/\/biog-biogas.com\/cng-fronttank\/"},"modified":"2026-01-16T08:03:13","modified_gmt":"2026-01-16T07:03:13","slug":"cng-fronttank","status":"publish","type":"page","link":"https:\/\/biog-biogas.com\/es\/cng-fronttank\/","title":{"rendered":"CNG Fronttank"},"content":{"rendered":"<div class=\"wpb-content-wrapper\"><p>[vc_row][vc_column width=\u00bb1\/2&#8243;]<div id=\"ultimate-heading-766069d3c10b2469d\" class=\"uvc-heading ult-adjust-bottom-margin ultimate-heading-766069d3c10b2469d uvc-170  uvc-heading-default-font-sizes\" data-hspacer=\"no_spacer\"  data-halign=\"left\" style=\"text-align:left\"><div class=\"uvc-heading-spacer no_spacer\" style=\"top\"><\/div><div class=\"uvc-main-heading ult-responsive\"  data-ultimate-target='.uvc-heading.ultimate-heading-766069d3c10b2469d h2'  data-responsive-json-new='{\"font-size\":\"\",\"line-height\":\"\"}' ><h2 style=\"--font-weight:theme;\">Dep\u00f3sito delantero de GNC<\/h2><\/div><\/div><div id=\"ultimate-heading-64569d3c10b247c5\" class=\"uvc-heading ult-adjust-bottom-margin ultimate-heading-64569d3c10b247c5 uvc-6493  uvc-heading-default-font-sizes\" data-hspacer=\"no_spacer\"  data-halign=\"left\" style=\"text-align:left\"><div class=\"uvc-heading-spacer no_spacer\" style=\"top\"><\/div><div class=\"uvc-main-heading ult-responsive\"  data-ultimate-target='.uvc-heading.ultimate-heading-64569d3c10b247c5 h1'  data-responsive-json-new='{\"font-size\":\"\",\"line-height\":\"\"}' ><h1 style=\"--font-weight:theme;\">La fuente de energ\u00eda sostenible para la agricultura moderna<\/h1><\/div><\/div>[vc_empty_space][vc_column_text css=\u00bb\u00bb]En cooperaci\u00f3n con New Holland, BioG lleva la transici\u00f3n energ\u00e9tica directamente al campo.<br data-start=\"170\" data-end=\"173\" \/>El tanque frontal de GNC hace que la agricultura sea m\u00e1s independiente, sostenible y rentable.[\/vc_column_text][vc_empty_space][vc_column_text css=\u00bb\u00bb]<\/p>\n<h2 data-start=\"269\" data-end=\"292\">Flexible y pr\u00e1ctico<\/h2>\n<ul data-start=\"293\" data-end=\"450\">\n<li data-start=\"293\" data-end=\"345\">\n<p data-start=\"295\" data-end=\"345\">Montaje delantero o trasero en cualquier tractor<\/p>\n<\/li>\n<li data-start=\"346\" data-end=\"398\">\n<p data-start=\"348\" data-end=\"398\">Tambi\u00e9n se puede montar en implementos agr\u00edcolas<\/p>\n<\/li>\n<li data-start=\"399\" data-end=\"450\">\n<p data-start=\"401\" data-end=\"450\">Sistema de cierre r\u00e1pido para m\u00e1xima flexibilidad<\/p>\n<\/li>\n<\/ul>\n<p>[\/vc_column_text][vc_empty_space height=\u00bb70px\u00bb][\/vc_column][vc_column width=\u00bb1\/2&#8243;][vc_single_image image=\u00bb285148&#8243; img_size=\u00bbfull\u00bb alignment=\u00bbcenter\u00bb css=\u00bb\u00bb][\/vc_column][\/vc_row][vc_row][vc_column width=\u00bb1\/2&#8243;][vc_column_text css=\u00bb\u00bb]<\/p>\n<div class=\"text-base my-auto mx-auto [--thread-content-margin:--spacing(4)] @w-sm\/main:[--thread-content-margin:--spacing(6)] @w-lg\/main:[--thread-content-margin:--spacing(16)] px-(--thread-content-margin)\">\n<div class=\"[--thread-content-max-width:40rem] @w-lg\/main:[--thread-content-max-width:48rem] mx-auto max-w-(--thread-content-max-width) flex-1 group\/turn-messages focus-visible:outline-hidden relative flex w-full min-w-0 flex-col agent-turn\" tabindex=\"-1\">\n<div class=\"flex max-w-full flex-col grow\">\n<div class=\"min-h-8 text-message relative flex w-full flex-col items-end gap-2 text-start break-words whitespace-normal [.text-message+&amp;]:mt-1\" dir=\"auto\" data-message-author-role=\"assistant\" data-message-id=\"e2427a86-6c53-4d52-be03-8d676f5c2502\" data-message-model-slug=\"gpt-5-2\">\n<div class=\"flex w-full flex-col gap-1 empty:hidden first:pt-[1px]\">\n<div class=\"markdown prose dark:prose-invert w-full break-words light markdown-new-styling\">\n<h2 data-start=\"452\" data-end=\"468\">Sus ventajas<\/h2>\n<ul>\n<li data-start=\"471\" data-end=\"507\">Reducci\u00f3n de costos de combustible<\/li>\n<li data-start=\"471\" data-end=\"507\">Disminuci\u00f3n de emisiones de CO\u2082<\/li>\n<li data-start=\"471\" data-end=\"507\">Independencia del di\u00e9sel<\/li>\n<li data-start=\"471\" data-end=\"507\">Integraci\u00f3n sencilla en flotas existentes<\/li>\n<li data-start=\"471\" data-end=\"507\">Seguro y robusto<\/li>\n<li data-start=\"471\" data-end=\"507\">Dise\u00f1ado espec\u00edficamente para uso agr\u00edcola<\/li>\n<li style=\"list-style-type: none;\"><\/li>\n<\/ul>\n<\/div>\n<\/div>\n<\/div>\n<\/div>\n<\/div>\n<\/div>\n<p>[\/vc_column_text][\/vc_column][vc_column width=\u00bb1\/2&#8243;][vc_column_text css=\u00bb\u00bb]<\/p>\n<h2 data-start=\"686\" data-end=\"704\">Datos t\u00e9cnicos<\/h2>\n<ul>\n<li data-start=\"707\" data-end=\"728\"><strong>Volumen:<\/strong> 575 litros<\/li>\n<li data-start=\"707\" data-end=\"728\"><strong>Capacidad de almacenamiento:<\/strong> aprox. 80 kg de GNC \u2259 aprox. 110 litros de di\u00e9sel<\/li>\n<li data-start=\"707\" data-end=\"728\"><strong>Peso en vac\u00edo:<\/strong> 1.000 kg<\/li>\n<li data-start=\"707\" data-end=\"728\"><strong>Peso adicional posible:<\/strong> + 250 kg<\/li>\n<li style=\"list-style-type: none;\"><\/li>\n<\/ul>\n<p>[\/vc_column_text][\/vc_column][\/vc_row][vc_row][vc_column][vc_empty_space][vc_single_image image=\u00bb285155&#8243; img_size=\u00bblarge\u00bb alignment=\u00bbcenter\u00bb css=\u00bb\u00bb][\/vc_column][\/vc_row]<\/p>\n<\/div>","protected":false},"excerpt":{"rendered":"<p>[vc_row][vc_column width=\u00bb1\/2&#8243;][vc_empty_space][vc_column_text css=\u00bb\u00bb]En cooperaci\u00f3n con New Holland, BioG lleva la transici\u00f3n energ\u00e9tica directamente al campo.El tanque frontal de GNC hace que la agricultura sea m\u00e1s independiente, sostenible y rentable.[\/vc_column_text][vc_empty_space][vc_column_text css=\u00bb\u00bb] Flexible y pr\u00e1ctico Montaje delantero o trasero en cualquier tractor Tambi\u00e9n se puede montar en implementos agr\u00edcolas Sistema de cierre r\u00e1pido para m\u00e1xima flexibilidad [\/vc_column_text][vc_empty_space&hellip;<\/p>\n","protected":false},"author":46,"featured_media":0,"parent":0,"menu_order":0,"comment_status":"closed","ping_status":"closed","template":"","meta":{"footnotes":""},"class_list":["post-285191","page","type-page","status-publish","hentry","description-off"],"yoast_head":"<!-- This site is optimized with the Yoast SEO plugin v27.3 - https:\/\/yoast.com\/product\/yoast-seo-wordpress\/ -->\n<title>CNG Fronttank - BIOG<\/title>\n<meta name=\"robots\" content=\"index, follow, max-snippet:-1, max-image-preview:large, max-video-preview:-1\" \/>\n<link rel=\"canonical\" href=\"https:\/\/biog-biogas.com\/es\/cng-fronttank\/\" \/>\n<meta property=\"og:locale\" content=\"es_ES\" \/>\n<meta property=\"og:type\" content=\"article\" \/>\n<meta property=\"og:title\" content=\"CNG Fronttank - BIOG\" \/>\n<meta property=\"og:description\" content=\"[vc_row][vc_column width=\u00bb1\/2&#8243;][vc_empty_space][vc_column_text css=\u00bb\u00bb]En cooperaci\u00f3n con New Holland, BioG lleva la transici\u00f3n energ\u00e9tica directamente al campo.El tanque frontal de GNC hace que la agricultura sea m\u00e1s independiente, sostenible y rentable.[\/vc_column_text][vc_empty_space][vc_column_text css=\u00bb\u00bb] Flexible y pr\u00e1ctico Montaje delantero o trasero en cualquier tractor Tambi\u00e9n se puede montar en implementos agr\u00edcolas Sistema de cierre r\u00e1pido para m\u00e1xima flexibilidad [\/vc_column_text][vc_empty_space&hellip;\" \/>\n<meta property=\"og:url\" content=\"https:\/\/biog-biogas.com\/es\/cng-fronttank\/\" \/>\n<meta property=\"og:site_name\" content=\"BIOG\" \/>\n<meta property=\"article:modified_time\" content=\"2026-01-16T07:03:13+00:00\" \/>\n<meta name=\"twitter:card\" content=\"summary_large_image\" \/>\n<meta name=\"twitter:label1\" content=\"Tiempo de lectura\" \/>\n\t<meta name=\"twitter:data1\" content=\"1 minuto\" \/>\n<script type=\"application\/ld+json\" class=\"yoast-schema-graph\">{\"@context\":\"https:\\\/\\\/schema.org\",\"@graph\":[{\"@type\":\"WebPage\",\"@id\":\"https:\\\/\\\/biog-biogas.com\\\/es\\\/cng-fronttank\\\/\",\"url\":\"https:\\\/\\\/biog-biogas.com\\\/es\\\/cng-fronttank\\\/\",\"name\":\"CNG Fronttank - BIOG\",\"isPartOf\":{\"@id\":\"https:\\\/\\\/biog-biogas.com\\\/es\\\/#website\"},\"datePublished\":\"2026-01-15T10:38:59+00:00\",\"dateModified\":\"2026-01-16T07:03:13+00:00\",\"breadcrumb\":{\"@id\":\"https:\\\/\\\/biog-biogas.com\\\/es\\\/cng-fronttank\\\/#breadcrumb\"},\"inLanguage\":\"es\",\"potentialAction\":[{\"@type\":\"ReadAction\",\"target\":[\"https:\\\/\\\/biog-biogas.com\\\/es\\\/cng-fronttank\\\/\"]}]},{\"@type\":\"BreadcrumbList\",\"@id\":\"https:\\\/\\\/biog-biogas.com\\\/es\\\/cng-fronttank\\\/#breadcrumb\",\"itemListElement\":[{\"@type\":\"ListItem\",\"position\":1,\"name\":\"Startseite\",\"item\":\"https:\\\/\\\/biog-biogas.com\\\/es\\\/\"},{\"@type\":\"ListItem\",\"position\":2,\"name\":\"CNG Fronttank\"}]},{\"@type\":\"WebSite\",\"@id\":\"https:\\\/\\\/biog-biogas.com\\\/es\\\/#website\",\"url\":\"https:\\\/\\\/biog-biogas.com\\\/es\\\/\",\"name\":\"BIOG\",\"description\":\"Solutions for green energy\",\"potentialAction\":[{\"@type\":\"SearchAction\",\"target\":{\"@type\":\"EntryPoint\",\"urlTemplate\":\"https:\\\/\\\/biog-biogas.com\\\/es\\\/?s={search_term_string}\"},\"query-input\":{\"@type\":\"PropertyValueSpecification\",\"valueRequired\":true,\"valueName\":\"search_term_string\"}}],\"inLanguage\":\"es\"}]}<\/script>\n<!-- \/ Yoast SEO plugin. -->","yoast_head_json":{"title":"CNG Fronttank - BIOG","robots":{"index":"index","follow":"follow","max-snippet":"max-snippet:-1","max-image-preview":"max-image-preview:large","max-video-preview":"max-video-preview:-1"},"canonical":"https:\/\/biog-biogas.com\/es\/cng-fronttank\/","og_locale":"es_ES","og_type":"article","og_title":"CNG Fronttank - BIOG","og_description":"[vc_row][vc_column width=\u00bb1\/2&#8243;][vc_empty_space][vc_column_text css=\u00bb\u00bb]En cooperaci\u00f3n con New Holland, BioG lleva la transici\u00f3n energ\u00e9tica directamente al campo.El tanque frontal de GNC hace que la agricultura sea m\u00e1s independiente, sostenible y rentable.[\/vc_column_text][vc_empty_space][vc_column_text css=\u00bb\u00bb] Flexible y pr\u00e1ctico Montaje delantero o trasero en cualquier tractor Tambi\u00e9n se puede montar en implementos agr\u00edcolas Sistema de cierre r\u00e1pido para m\u00e1xima flexibilidad [\/vc_column_text][vc_empty_space&hellip;","og_url":"https:\/\/biog-biogas.com\/es\/cng-fronttank\/","og_site_name":"BIOG","article_modified_time":"2026-01-16T07:03:13+00:00","twitter_card":"summary_large_image","twitter_misc":{"Tiempo de lectura":"1 minuto"},"schema":{"@context":"https:\/\/schema.org","@graph":[{"@type":"WebPage","@id":"https:\/\/biog-biogas.com\/es\/cng-fronttank\/","url":"https:\/\/biog-biogas.com\/es\/cng-fronttank\/","name":"CNG Fronttank - BIOG","isPartOf":{"@id":"https:\/\/biog-biogas.com\/es\/#website"},"datePublished":"2026-01-15T10:38:59+00:00","dateModified":"2026-01-16T07:03:13+00:00","breadcrumb":{"@id":"https:\/\/biog-biogas.com\/es\/cng-fronttank\/#breadcrumb"},"inLanguage":"es","potentialAction":[{"@type":"ReadAction","target":["https:\/\/biog-biogas.com\/es\/cng-fronttank\/"]}]},{"@type":"BreadcrumbList","@id":"https:\/\/biog-biogas.com\/es\/cng-fronttank\/#breadcrumb","itemListElement":[{"@type":"ListItem","position":1,"name":"Startseite","item":"https:\/\/biog-biogas.com\/es\/"},{"@type":"ListItem","position":2,"name":"CNG Fronttank"}]},{"@type":"WebSite","@id":"https:\/\/biog-biogas.com\/es\/#website","url":"https:\/\/biog-biogas.com\/es\/","name":"BIOG","description":"Solutions for green energy","potentialAction":[{"@type":"SearchAction","target":{"@type":"EntryPoint","urlTemplate":"https:\/\/biog-biogas.com\/es\/?s={search_term_string}"},"query-input":{"@type":"PropertyValueSpecification","valueRequired":true,"valueName":"search_term_string"}}],"inLanguage":"es"}]}},"_links":{"self":[{"href":"https:\/\/biog-biogas.com\/es\/wp-json\/wp\/v2\/pages\/285191","targetHints":{"allow":["GET"]}}],"collection":[{"href":"https:\/\/biog-biogas.com\/es\/wp-json\/wp\/v2\/pages"}],"about":[{"href":"https:\/\/biog-biogas.com\/es\/wp-json\/wp\/v2\/types\/page"}],"author":[{"embeddable":true,"href":"https:\/\/biog-biogas.com\/es\/wp-json\/wp\/v2\/users\/46"}],"replies":[{"embeddable":true,"href":"https:\/\/biog-biogas.com\/es\/wp-json\/wp\/v2\/comments?post=285191"}],"version-history":[{"count":0,"href":"https:\/\/biog-biogas.com\/es\/wp-json\/wp\/v2\/pages\/285191\/revisions"}],"wp:attachment":[{"href":"https:\/\/biog-biogas.com\/es\/wp-json\/wp\/v2\/media?parent=285191"}],"curies":[{"name":"wp","href":"https:\/\/api.w.org\/{rel}","templated":true}]}}