{"id":115574,"date":"2020-12-28T12:37:07","date_gmt":"2020-12-28T11:37:07","guid":{"rendered":"https:\/\/biog-biogas.com\/apercu-des-pieces-de-rechange\/"},"modified":"2021-01-14T15:32:41","modified_gmt":"2021-01-14T14:32:41","slug":"apercu-des-pieces-de-rechange","status":"publish","type":"page","link":"https:\/\/biog-biogas.com\/fr\/apercu-des-pieces-de-rechange\/","title":{"rendered":"Aper\u00e7u des pi\u00e8ces de rechange"},"content":{"rendered":"<div class=\"wpb-content-wrapper\"><p>[vc_row][vc_column][vc_column_text]<\/p>\n<h1><strong>Pi\u00e8ces de rechange disponibles rapidement pour votre machine<\/strong><\/h1>\n<p>[\/vc_column_text][vc_column_text css_animation=\u00a0\u00bbnone\u00a0\u00bb]<strong>Bienvenue dans notre catalogue en ligne\u00a0!<\/strong><\/p>\n<p>Il est possible d\u2019obtenir ici des renseignements sur les pi\u00e8ces de rechange pour votre machine et de recevoir sous 24\u00a0heures (les jours ouvrables) une offre personnalis\u00e9e. Les pi\u00e8ces les plus courantes sont en stock dans nos centres r\u00e9gionaux et nous pouvons dans les meilleurs d\u00e9lais. Toutes les petites pi\u00e8ces n\u00e9cessaires au montage (vis, rondelles, \u00e9crous) sont bien \u00e9videmment incluses dans la livraison.<\/p>\n<p>Outre les pi\u00e8ces de rechange d\u2019origine des fabricants de machines, nous proposons \u00e9galement nos propres <a href=\"https:\/\/biog-biogas.com\/hvf-hochverschleissfeste-bauteile-fuer-biogasanlagen\/\"><strong>pi\u00e8ces d\u2019usure BioG HVF<\/strong><\/a> dont la dur\u00e9e de vie est consid\u00e9rablement prolong\u00e9e pour les machines et composants s\u00e9lectionn\u00e9s.<\/p>\n<p>Veuillez nous fournir les donn\u00e9es de la machine \u00e0 la fin du processus de demande car c\u2019est le seul moyen de vous fournir la bonne pi\u00e8ce de rechange pr\u00eate \u00e0 \u00eatre install\u00e9e.<\/p>\n<p>Il est bien s\u00fbr \u00e9galement possible de nous joindre par t\u00e9l\u00e9phone du lundi au jeudi de 8h00 \u00e0 16h00 et le vendredi de 8h00 \u00e0 12h00. Votre ligne directe avec le professionnel des pi\u00e8ces d\u00e9tach\u00e9es BioG\u00a0: +43\u00a07751\u00a050149-28. Si vous avez besoin d\u2019aide pour l\u2019installation, contactez nos techniciens de service.<\/p>\n<p>La valeur minimale de commande de pi\u00e8ces de rechange est de 150\u00a0\u20ac. Si ce montant n\u2019est pas atteint, nous facturons un suppl\u00e9ment pour quantit\u00e9 minimum de 60\u00a0\u20ac.<\/p>\n<p><strong>Par d\u00e9finition, toutes les pi\u00e8ces de la machine en contact direct avec le substrat sont consid\u00e9r\u00e9es comme des pi\u00e8ces d\u2019usure.<\/strong>[\/vc_column_text][\/vc_column][\/vc_row][vc_row][vc_column width=\u00a0\u00bb1\/4&Prime;]<section class=\"shortcode-teaser img-full frame-fancy frame-on\"><div class=\"shortcode-teaser-img\"><a class=\"layzr-bg rollover\" href=\"https:\/\/biog-biogas.com\/fr\/apercu-des-pieces-de-rechange\/biochipper\/\"><img decoding=\"async\" class=\"lazy-load\" src=\"data:image\/svg+xml;charset=utf-8,%3Csvg xmlns%3D&#039;http%3A%2F%2Fwww.w3.org%2F2000%2Fsvg&#039; viewBox%3D&#039;0 0 1012 1012&#039;%2F%3E\" width=\"1012\" height=\"1012\" data-srcset=\"https:\/\/biog-biogas.com\/wp-content\/uploads\/BioChipper_web.jpg 1012w\" data-src=\"https:\/\/biog-biogas.com\/wp-content\/uploads\/BioChipper_web.jpg\" \/><\/a><\/div><div class=\"shortcode-teaser-content text-big\"><p>BioChipper<\/p>\n<\/div><\/section>[\/vc_column][vc_column width=\u00a0\u00bb1\/4&Prime;]<section class=\"shortcode-teaser img-full frame-fancy frame-on\"><div class=\"shortcode-teaser-img\"><a class=\"layzr-bg rollover\" href=\"https:\/\/biog-biogas.com\/fr\/apercu-des-pieces-de-rechange\/biofeeder\/\"><img decoding=\"async\" class=\"lazy-load\" src=\"data:image\/svg+xml;charset=utf-8,%3Csvg xmlns%3D&#039;http%3A%2F%2Fwww.w3.org%2F2000%2Fsvg&#039; viewBox%3D&#039;0 0 1012 1012&#039;%2F%3E\" width=\"1012\" height=\"1012\" data-srcset=\"https:\/\/biog-biogas.com\/wp-content\/uploads\/BioFeeder_web.jpg 1012w\" data-src=\"https:\/\/biog-biogas.com\/wp-content\/uploads\/BioFeeder_web.jpg\" \/><\/a><\/div><div class=\"shortcode-teaser-content text-big\"><p>BioFeeder<\/p>\n<\/div><\/section>[\/vc_column][vc_column width=\u00a0\u00bb1\/4&Prime;]<section class=\"shortcode-teaser img-full frame-fancy frame-on\"><div class=\"shortcode-teaser-img\"><a class=\"layzr-bg rollover\" href=\"https:\/\/biog-biogas.com\/fr\/apercu-des-pieces-de-rechange\/bhs-biogrinder\/\"><img decoding=\"async\" class=\"lazy-load\" src=\"data:image\/svg+xml;charset=utf-8,%3Csvg xmlns%3D&#039;http%3A%2F%2Fwww.w3.org%2F2000%2Fsvg&#039; viewBox%3D&#039;0 0 813 813&#039;%2F%3E\" width=\"813\" height=\"813\" data-srcset=\"https:\/\/biog-biogas.com\/wp-content\/uploads\/BHS_RBG8_web.jpg 813w\" data-src=\"https:\/\/biog-biogas.com\/wp-content\/uploads\/BHS_RBG8_web.jpg\" \/><\/a><\/div><div class=\"shortcode-teaser-content text-big\"><p>BHS Biogrinder<\/p>\n<\/div><\/section>[\/vc_column][vc_column width=\u00a0\u00bb1\/4&Prime;]<section class=\"shortcode-teaser img-full frame-fancy frame-on\"><div class=\"shortcode-teaser-img\"><a class=\"layzr-bg rollover\" href=\"https:\/\/biog-biogas.com\/fr\/apercu-des-pieces-de-rechange\/lindner-limator-serie-0\/\"><img decoding=\"async\" class=\"lazy-load\" src=\"data:image\/svg+xml;charset=utf-8,%3Csvg xmlns%3D&#039;http%3A%2F%2Fwww.w3.org%2F2000%2Fsvg&#039; viewBox%3D&#039;0 0 1012 1012&#039;%2F%3E\" width=\"1012\" height=\"1012\" data-srcset=\"https:\/\/biog-biogas.com\/wp-content\/uploads\/Limator-0_web.jpg 1012w\" data-src=\"https:\/\/biog-biogas.com\/wp-content\/uploads\/Limator-0_web.jpg\" \/><\/a><\/div><div class=\"shortcode-teaser-content text-big\"><p>Limator LINDNER S\u00e9rie 0<\/p>\n<\/div><\/section>[\/vc_column][\/vc_row][vc_row][vc_column width=\u00a0\u00bb1\/4&Prime;]<section class=\"shortcode-teaser img-full frame-fancy frame-on\"><div class=\"shortcode-teaser-img\"><a class=\"layzr-bg rollover\" href=\"https:\/\/biog-biogas.com\/fr\/apercu-des-pieces-de-rechange\/lindner-limator-serie-2\/\"><img decoding=\"async\" class=\"lazy-load\" src=\"data:image\/svg+xml;charset=utf-8,%3Csvg xmlns%3D&#039;http%3A%2F%2Fwww.w3.org%2F2000%2Fsvg&#039; viewBox%3D&#039;0 0 1012 1012&#039;%2F%3E\" width=\"1012\" height=\"1012\" data-srcset=\"https:\/\/biog-biogas.com\/wp-content\/uploads\/Limator-2_web.jpg 1012w\" data-src=\"https:\/\/biog-biogas.com\/wp-content\/uploads\/Limator-2_web.jpg\" \/><\/a><\/div><div class=\"shortcode-teaser-content text-big\"><p>Limator LINDNER S\u00e9rie 2 et 3<\/p>\n<\/div><\/section>[\/vc_column][vc_column width=\u00a0\u00bb1\/4&Prime;]<section class=\"shortcode-teaser img-full frame-fancy frame-on\"><div class=\"shortcode-teaser-img\"><a class=\"layzr-bg rollover\" href=\"https:\/\/biog-biogas.com\/fr\/apercu-des-pieces-de-rechange\/mewa-qz-900\/\"><img decoding=\"async\" class=\"lazy-load\" src=\"data:image\/svg+xml;charset=utf-8,%3Csvg xmlns%3D&#039;http%3A%2F%2Fwww.w3.org%2F2000%2Fsvg&#039; viewBox%3D&#039;0 0 1024 1024&#039;%2F%3E\" width=\"1024\" height=\"1024\" alt=\"QZ900 Ersatzteile\" data-srcset=\"https:\/\/biog-biogas.com\/wp-content\/uploads\/MeBa-QZ900_SW.jpg 1024w\" data-src=\"https:\/\/biog-biogas.com\/wp-content\/uploads\/MeBa-QZ900_SW.jpg\" \/><\/a><\/div><div class=\"shortcode-teaser-content text-big\"><p>MeWa QZ 900<\/p>\n<\/div><\/section>[\/vc_column][vc_column width=\u00a0\u00bb1\/4&Prime;]<section class=\"shortcode-teaser img-full frame-fancy frame-on\"><div class=\"shortcode-teaser-img\"><a class=\"layzr-bg rollover\" href=\"https:\/\/biog-biogas.com\/fr\/apercu-des-pieces-de-rechange\/wangen-pumpe\/\"><img decoding=\"async\" class=\"lazy-load\" src=\"data:image\/svg+xml;charset=utf-8,%3Csvg xmlns%3D&#039;http%3A%2F%2Fwww.w3.org%2F2000%2Fsvg&#039; viewBox%3D&#039;0 0 1012 1012&#039;%2F%3E\" width=\"1012\" height=\"1012\" data-srcset=\"https:\/\/biog-biogas.com\/wp-content\/uploads\/Wangen-Substratpumpe_web.jpg 1012w\" data-src=\"https:\/\/biog-biogas.com\/wp-content\/uploads\/Wangen-Substratpumpe_web.jpg\" \/><\/a><\/div><div class=\"shortcode-teaser-content text-big\"><p>Pompe WANGEN<\/p>\n<\/div><\/section>[\/vc_column][vc_column width=\u00a0\u00bb1\/4&Prime;]<section class=\"shortcode-teaser img-full frame-fancy frame-on\"><div class=\"shortcode-teaser-img\"><a class=\"layzr-bg rollover\" href=\"https:\/\/biog-biogas.com\/fr\/apercu-des-pieces-de-rechange\/wangen-biomix-pumpe\/\"><img decoding=\"async\" class=\"lazy-load\" src=\"data:image\/svg+xml;charset=utf-8,%3Csvg xmlns%3D&#039;http%3A%2F%2Fwww.w3.org%2F2000%2Fsvg&#039; viewBox%3D&#039;0 0 1012 1012&#039;%2F%3E\" width=\"1012\" height=\"1012\" data-srcset=\"https:\/\/biog-biogas.com\/wp-content\/uploads\/Wangen-BioMix_web.jpg 1012w\" data-src=\"https:\/\/biog-biogas.com\/wp-content\/uploads\/Wangen-BioMix_web.jpg\" \/><\/a><\/div><div class=\"shortcode-teaser-content text-big\"><p>Pompe Wangen Biomix<\/p>\n<\/div><\/section>[\/vc_column][\/vc_row]<\/p>\n<\/div>","protected":false},"excerpt":{"rendered":"<p>[vc_row][vc_column][vc_column_text] Pi\u00e8ces de rechange disponibles rapidement pour votre machine [\/vc_column_text][vc_column_text css_animation=\u00a0\u00bbnone\u00a0\u00bb]Bienvenue dans notre catalogue en ligne\u00a0! Il est possible d\u2019obtenir ici des renseignements sur les pi\u00e8ces de rechange pour votre machine et de recevoir sous 24\u00a0heures (les jours ouvrables) une offre personnalis\u00e9e. Les pi\u00e8ces les plus courantes sont en stock dans nos centres r\u00e9gionaux et&hellip;<\/p>\n","protected":false},"author":1,"featured_media":0,"parent":0,"menu_order":0,"comment_status":"closed","ping_status":"open","template":"","meta":{"footnotes":""},"class_list":["post-115574","page","type-page","status-publish","hentry","description-off"],"yoast_head":"<!-- This site is optimized with the Yoast SEO plugin v27.3 - https:\/\/yoast.com\/product\/yoast-seo-wordpress\/ -->\n<title>Aper\u00e7u des pi\u00e8ces de rechange - BIOG<\/title>\n<meta name=\"robots\" content=\"index, follow, max-snippet:-1, max-image-preview:large, max-video-preview:-1\" \/>\n<link rel=\"canonical\" href=\"https:\/\/biog-biogas.com\/fr\/apercu-des-pieces-de-rechange\/\" \/>\n<meta property=\"og:locale\" content=\"fr_FR\" \/>\n<meta property=\"og:type\" content=\"article\" \/>\n<meta property=\"og:title\" content=\"Aper\u00e7u des pi\u00e8ces de rechange - BIOG\" \/>\n<meta property=\"og:description\" content=\"[vc_row][vc_column][vc_column_text] Pi\u00e8ces de rechange disponibles rapidement pour votre machine [\/vc_column_text][vc_column_text css_animation=\u00a0\u00bbnone\u00a0\u00bb]Bienvenue dans notre catalogue en ligne\u00a0! Il est possible d\u2019obtenir ici des renseignements sur les pi\u00e8ces de rechange pour votre machine et de recevoir sous 24\u00a0heures (les jours ouvrables) une offre personnalis\u00e9e. Les pi\u00e8ces les plus courantes sont en stock dans nos centres r\u00e9gionaux et&hellip;\" \/>\n<meta property=\"og:url\" content=\"https:\/\/biog-biogas.com\/fr\/apercu-des-pieces-de-rechange\/\" \/>\n<meta property=\"og:site_name\" content=\"BIOG\" \/>\n<meta property=\"article:modified_time\" content=\"2021-01-14T14:32:41+00:00\" \/>\n<meta name=\"twitter:card\" content=\"summary_large_image\" \/>\n<meta name=\"twitter:label1\" content=\"Dur\u00e9e de lecture estim\u00e9e\" \/>\n\t<meta name=\"twitter:data1\" content=\"3 minutes\" \/>\n<script type=\"application\/ld+json\" class=\"yoast-schema-graph\">{\"@context\":\"https:\\\/\\\/schema.org\",\"@graph\":[{\"@type\":\"WebPage\",\"@id\":\"https:\\\/\\\/biog-biogas.com\\\/fr\\\/apercu-des-pieces-de-rechange\\\/\",\"url\":\"https:\\\/\\\/biog-biogas.com\\\/fr\\\/apercu-des-pieces-de-rechange\\\/\",\"name\":\"Aper\u00e7u des pi\u00e8ces de rechange - BIOG\",\"isPartOf\":{\"@id\":\"https:\\\/\\\/biog-biogas.com\\\/fr\\\/#website\"},\"datePublished\":\"2020-12-28T11:37:07+00:00\",\"dateModified\":\"2021-01-14T14:32:41+00:00\",\"breadcrumb\":{\"@id\":\"https:\\\/\\\/biog-biogas.com\\\/fr\\\/apercu-des-pieces-de-rechange\\\/#breadcrumb\"},\"inLanguage\":\"fr-FR\",\"potentialAction\":[{\"@type\":\"ReadAction\",\"target\":[\"https:\\\/\\\/biog-biogas.com\\\/fr\\\/apercu-des-pieces-de-rechange\\\/\"]}]},{\"@type\":\"BreadcrumbList\",\"@id\":\"https:\\\/\\\/biog-biogas.com\\\/fr\\\/apercu-des-pieces-de-rechange\\\/#breadcrumb\",\"itemListElement\":[{\"@type\":\"ListItem\",\"position\":1,\"name\":\"Startseite\",\"item\":\"https:\\\/\\\/biog-biogas.com\\\/fr\\\/\"},{\"@type\":\"ListItem\",\"position\":2,\"name\":\"Aper\u00e7u des pi\u00e8ces de rechange\"}]},{\"@type\":\"WebSite\",\"@id\":\"https:\\\/\\\/biog-biogas.com\\\/fr\\\/#website\",\"url\":\"https:\\\/\\\/biog-biogas.com\\\/fr\\\/\",\"name\":\"BIOG\",\"description\":\"Solutions for green energy\",\"potentialAction\":[{\"@type\":\"SearchAction\",\"target\":{\"@type\":\"EntryPoint\",\"urlTemplate\":\"https:\\\/\\\/biog-biogas.com\\\/fr\\\/?s={search_term_string}\"},\"query-input\":{\"@type\":\"PropertyValueSpecification\",\"valueRequired\":true,\"valueName\":\"search_term_string\"}}],\"inLanguage\":\"fr-FR\"}]}<\/script>\n<!-- \/ Yoast SEO plugin. -->","yoast_head_json":{"title":"Aper\u00e7u des pi\u00e8ces de rechange - BIOG","robots":{"index":"index","follow":"follow","max-snippet":"max-snippet:-1","max-image-preview":"max-image-preview:large","max-video-preview":"max-video-preview:-1"},"canonical":"https:\/\/biog-biogas.com\/fr\/apercu-des-pieces-de-rechange\/","og_locale":"fr_FR","og_type":"article","og_title":"Aper\u00e7u des pi\u00e8ces de rechange - BIOG","og_description":"[vc_row][vc_column][vc_column_text] Pi\u00e8ces de rechange disponibles rapidement pour votre machine [\/vc_column_text][vc_column_text css_animation=\u00a0\u00bbnone\u00a0\u00bb]Bienvenue dans notre catalogue en ligne\u00a0! Il est possible d\u2019obtenir ici des renseignements sur les pi\u00e8ces de rechange pour votre machine et de recevoir sous 24\u00a0heures (les jours ouvrables) une offre personnalis\u00e9e. Les pi\u00e8ces les plus courantes sont en stock dans nos centres r\u00e9gionaux et&hellip;","og_url":"https:\/\/biog-biogas.com\/fr\/apercu-des-pieces-de-rechange\/","og_site_name":"BIOG","article_modified_time":"2021-01-14T14:32:41+00:00","twitter_card":"summary_large_image","twitter_misc":{"Dur\u00e9e de lecture estim\u00e9e":"3 minutes"},"schema":{"@context":"https:\/\/schema.org","@graph":[{"@type":"WebPage","@id":"https:\/\/biog-biogas.com\/fr\/apercu-des-pieces-de-rechange\/","url":"https:\/\/biog-biogas.com\/fr\/apercu-des-pieces-de-rechange\/","name":"Aper\u00e7u des pi\u00e8ces de rechange - BIOG","isPartOf":{"@id":"https:\/\/biog-biogas.com\/fr\/#website"},"datePublished":"2020-12-28T11:37:07+00:00","dateModified":"2021-01-14T14:32:41+00:00","breadcrumb":{"@id":"https:\/\/biog-biogas.com\/fr\/apercu-des-pieces-de-rechange\/#breadcrumb"},"inLanguage":"fr-FR","potentialAction":[{"@type":"ReadAction","target":["https:\/\/biog-biogas.com\/fr\/apercu-des-pieces-de-rechange\/"]}]},{"@type":"BreadcrumbList","@id":"https:\/\/biog-biogas.com\/fr\/apercu-des-pieces-de-rechange\/#breadcrumb","itemListElement":[{"@type":"ListItem","position":1,"name":"Startseite","item":"https:\/\/biog-biogas.com\/fr\/"},{"@type":"ListItem","position":2,"name":"Aper\u00e7u des pi\u00e8ces de rechange"}]},{"@type":"WebSite","@id":"https:\/\/biog-biogas.com\/fr\/#website","url":"https:\/\/biog-biogas.com\/fr\/","name":"BIOG","description":"Solutions for green energy","potentialAction":[{"@type":"SearchAction","target":{"@type":"EntryPoint","urlTemplate":"https:\/\/biog-biogas.com\/fr\/?s={search_term_string}"},"query-input":{"@type":"PropertyValueSpecification","valueRequired":true,"valueName":"search_term_string"}}],"inLanguage":"fr-FR"}]}},"_links":{"self":[{"href":"https:\/\/biog-biogas.com\/fr\/wp-json\/wp\/v2\/pages\/115574","targetHints":{"allow":["GET"]}}],"collection":[{"href":"https:\/\/biog-biogas.com\/fr\/wp-json\/wp\/v2\/pages"}],"about":[{"href":"https:\/\/biog-biogas.com\/fr\/wp-json\/wp\/v2\/types\/page"}],"author":[{"embeddable":true,"href":"https:\/\/biog-biogas.com\/fr\/wp-json\/wp\/v2\/users\/1"}],"replies":[{"embeddable":true,"href":"https:\/\/biog-biogas.com\/fr\/wp-json\/wp\/v2\/comments?post=115574"}],"version-history":[{"count":0,"href":"https:\/\/biog-biogas.com\/fr\/wp-json\/wp\/v2\/pages\/115574\/revisions"}],"wp:attachment":[{"href":"https:\/\/biog-biogas.com\/fr\/wp-json\/wp\/v2\/media?parent=115574"}],"curies":[{"name":"wp","href":"https:\/\/api.w.org\/{rel}","templated":true}]}}