{"id":126295,"date":"2021-01-25T14:51:51","date_gmt":"2021-01-25T13:51:51","guid":{"rendered":"https:\/\/biog-biogas.com\/inscription-reussie\/"},"modified":"2021-01-25T14:51:51","modified_gmt":"2021-01-25T13:51:51","slug":"inscription-reussie","status":"publish","type":"page","link":"https:\/\/biog-biogas.com\/fr\/inscription-reussie\/","title":{"rendered":"Inscription r\u00e9ussie"},"content":{"rendered":"<h1 style=\"text-align: center;\">Merci beaucoup pour votre enregistrement sur notre site Web!<\/h1>\n<h4 style=\"text-align: center;\">Notre administration clients d\u00e9cidera de votre enregistrement sous peu. D\u00e8s que ce dernier est valid\u00e9, nous vous informerons dans les meilleurs d\u00e9lais.<\/h4>\n","protected":false},"excerpt":{"rendered":"<p>Merci beaucoup pour votre enregistrement sur notre site Web! Notre administration clients d\u00e9cidera de votre enregistrement sous peu. D\u00e8s que ce dernier est valid\u00e9, nous vous informerons dans les meilleurs d\u00e9lais.<\/p>\n","protected":false},"author":1,"featured_media":0,"parent":0,"menu_order":0,"comment_status":"closed","ping_status":"open","template":"","meta":{"footnotes":""},"class_list":["post-126295","page","type-page","status-publish","hentry","description-off"],"yoast_head":"<!-- This site is optimized with the Yoast SEO plugin v27.5 - https:\/\/yoast.com\/product\/yoast-seo-wordpress\/ -->\n<title>Inscription r\u00e9ussie - BIOG<\/title>\n<meta name=\"robots\" content=\"index, follow, max-snippet:-1, max-image-preview:large, max-video-preview:-1\" \/>\n<link rel=\"canonical\" href=\"https:\/\/biog-biogas.com\/fr\/inscription-reussie\/\" \/>\n<meta property=\"og:locale\" content=\"fr_FR\" \/>\n<meta property=\"og:type\" content=\"article\" \/>\n<meta property=\"og:title\" content=\"Inscription r\u00e9ussie - BIOG\" \/>\n<meta property=\"og:description\" content=\"Merci beaucoup pour votre enregistrement sur notre site Web! Notre administration clients d\u00e9cidera de votre enregistrement sous peu. D\u00e8s que ce dernier est valid\u00e9, nous vous informerons dans les meilleurs d\u00e9lais.\" \/>\n<meta property=\"og:url\" content=\"https:\/\/biog-biogas.com\/fr\/inscription-reussie\/\" \/>\n<meta property=\"og:site_name\" content=\"BIOG\" \/>\n<meta name=\"twitter:card\" content=\"summary_large_image\" \/>\n<script type=\"application\/ld+json\" class=\"yoast-schema-graph\">{\"@context\":\"https:\\\/\\\/schema.org\",\"@graph\":[{\"@type\":\"WebPage\",\"@id\":\"https:\\\/\\\/biog-biogas.com\\\/fr\\\/inscription-reussie\\\/\",\"url\":\"https:\\\/\\\/biog-biogas.com\\\/fr\\\/inscription-reussie\\\/\",\"name\":\"Inscription r\u00e9ussie - BIOG\",\"isPartOf\":{\"@id\":\"https:\\\/\\\/biog-biogas.com\\\/fr\\\/#website\"},\"datePublished\":\"2021-01-25T13:51:51+00:00\",\"breadcrumb\":{\"@id\":\"https:\\\/\\\/biog-biogas.com\\\/fr\\\/inscription-reussie\\\/#breadcrumb\"},\"inLanguage\":\"fr-FR\",\"potentialAction\":[{\"@type\":\"ReadAction\",\"target\":[\"https:\\\/\\\/biog-biogas.com\\\/fr\\\/inscription-reussie\\\/\"]}]},{\"@type\":\"BreadcrumbList\",\"@id\":\"https:\\\/\\\/biog-biogas.com\\\/fr\\\/inscription-reussie\\\/#breadcrumb\",\"itemListElement\":[{\"@type\":\"ListItem\",\"position\":1,\"name\":\"Startseite\",\"item\":\"https:\\\/\\\/biog-biogas.com\\\/fr\\\/\"},{\"@type\":\"ListItem\",\"position\":2,\"name\":\"Inscription r\u00e9ussie\"}]},{\"@type\":\"WebSite\",\"@id\":\"https:\\\/\\\/biog-biogas.com\\\/fr\\\/#website\",\"url\":\"https:\\\/\\\/biog-biogas.com\\\/fr\\\/\",\"name\":\"BIOG\",\"description\":\"Solutions for green energy\",\"potentialAction\":[{\"@type\":\"SearchAction\",\"target\":{\"@type\":\"EntryPoint\",\"urlTemplate\":\"https:\\\/\\\/biog-biogas.com\\\/fr\\\/?s={search_term_string}\"},\"query-input\":{\"@type\":\"PropertyValueSpecification\",\"valueRequired\":true,\"valueName\":\"search_term_string\"}}],\"inLanguage\":\"fr-FR\"}]}<\/script>\n<!-- \/ Yoast SEO plugin. -->","yoast_head_json":{"title":"Inscription r\u00e9ussie - BIOG","robots":{"index":"index","follow":"follow","max-snippet":"max-snippet:-1","max-image-preview":"max-image-preview:large","max-video-preview":"max-video-preview:-1"},"canonical":"https:\/\/biog-biogas.com\/fr\/inscription-reussie\/","og_locale":"fr_FR","og_type":"article","og_title":"Inscription r\u00e9ussie - BIOG","og_description":"Merci beaucoup pour votre enregistrement sur notre site Web! Notre administration clients d\u00e9cidera de votre enregistrement sous peu. D\u00e8s que ce dernier est valid\u00e9, nous vous informerons dans les meilleurs d\u00e9lais.","og_url":"https:\/\/biog-biogas.com\/fr\/inscription-reussie\/","og_site_name":"BIOG","twitter_card":"summary_large_image","schema":{"@context":"https:\/\/schema.org","@graph":[{"@type":"WebPage","@id":"https:\/\/biog-biogas.com\/fr\/inscription-reussie\/","url":"https:\/\/biog-biogas.com\/fr\/inscription-reussie\/","name":"Inscription r\u00e9ussie - BIOG","isPartOf":{"@id":"https:\/\/biog-biogas.com\/fr\/#website"},"datePublished":"2021-01-25T13:51:51+00:00","breadcrumb":{"@id":"https:\/\/biog-biogas.com\/fr\/inscription-reussie\/#breadcrumb"},"inLanguage":"fr-FR","potentialAction":[{"@type":"ReadAction","target":["https:\/\/biog-biogas.com\/fr\/inscription-reussie\/"]}]},{"@type":"BreadcrumbList","@id":"https:\/\/biog-biogas.com\/fr\/inscription-reussie\/#breadcrumb","itemListElement":[{"@type":"ListItem","position":1,"name":"Startseite","item":"https:\/\/biog-biogas.com\/fr\/"},{"@type":"ListItem","position":2,"name":"Inscription r\u00e9ussie"}]},{"@type":"WebSite","@id":"https:\/\/biog-biogas.com\/fr\/#website","url":"https:\/\/biog-biogas.com\/fr\/","name":"BIOG","description":"Solutions for green energy","potentialAction":[{"@type":"SearchAction","target":{"@type":"EntryPoint","urlTemplate":"https:\/\/biog-biogas.com\/fr\/?s={search_term_string}"},"query-input":{"@type":"PropertyValueSpecification","valueRequired":true,"valueName":"search_term_string"}}],"inLanguage":"fr-FR"}]}},"_links":{"self":[{"href":"https:\/\/biog-biogas.com\/fr\/wp-json\/wp\/v2\/pages\/126295","targetHints":{"allow":["GET"]}}],"collection":[{"href":"https:\/\/biog-biogas.com\/fr\/wp-json\/wp\/v2\/pages"}],"about":[{"href":"https:\/\/biog-biogas.com\/fr\/wp-json\/wp\/v2\/types\/page"}],"author":[{"embeddable":true,"href":"https:\/\/biog-biogas.com\/fr\/wp-json\/wp\/v2\/users\/1"}],"replies":[{"embeddable":true,"href":"https:\/\/biog-biogas.com\/fr\/wp-json\/wp\/v2\/comments?post=126295"}],"version-history":[{"count":0,"href":"https:\/\/biog-biogas.com\/fr\/wp-json\/wp\/v2\/pages\/126295\/revisions"}],"wp:attachment":[{"href":"https:\/\/biog-biogas.com\/fr\/wp-json\/wp\/v2\/media?parent=126295"}],"curies":[{"name":"wp","href":"https:\/\/api.w.org\/{rel}","templated":true}]}}