{"id":2359,"date":"2019-02-08T17:25:47","date_gmt":"2019-02-08T16:25:47","guid":{"rendered":"http:\/\/biog.adview.network\/interlocuteurs\/"},"modified":"2026-04-21T13:15:23","modified_gmt":"2026-04-21T11:15:23","slug":"interlocuteurs","status":"publish","type":"page","link":"https:\/\/biog-biogas.com\/fr\/interlocuteurs\/","title":{"rendered":"Interlocuteurs"},"content":{"rendered":"<div class=\"wpb-content-wrapper\"><p>[vc_row bg_type=\u00a0\u00bbbg_color\u00a0\u00bb bg_color_value=\u00a0\u00bb#0ba14b\u00a0\u00bb css=\u00a0\u00bb.vc_custom_1547372939300{margin-bottom: 20px !important;}\u00a0\u00bb][vc_column css=\u00a0\u00bb.vc_custom_1542096609850{padding-top: 0px !important;}\u00a0\u00bb]<div id=\"ultimate-heading-871169e9c5297d7df\" class=\"uvc-heading ult-adjust-bottom-margin ultimate-heading-871169e9c5297d7df uvc-9505  uvc-heading-default-font-sizes\" data-hspacer=\"no_spacer\"  data-halign=\"left\" style=\"text-align:left\"><div class=\"uvc-heading-spacer no_spacer\" style=\"top\"><\/div><div class=\"uvc-main-heading ult-responsive\"  data-ultimate-target='.uvc-heading.ultimate-heading-871169e9c5297d7df h3'  data-responsive-json-new='{\"font-size\":\"\",\"line-height\":\"\"}' ><h3 style=\"--font-weight:theme;color:#ffffff;margin-top:10px;margin-bottom:10px;\">Direction<\/h3><\/div><\/div>[\/vc_column][\/vc_row][vc_row][vc_column width=\u00a0\u00bb1\/4&Prime;][vc_single_image image=\u00a0\u00bb1305&Prime; alignment=\u00a0\u00bbcenter\u00a0\u00bb style=\u00a0\u00bbvc_box_outline_circle\u00a0\u00bb onclick=\u00a0\u00bblink_image\u00a0\u00bb css=\u00a0\u00bb.vc_custom_1542096974213{margin-bottom: 10px !important;}\u00a0\u00bb][vc_column_text css=\u00a0\u00bb\u00a0\u00bb]<\/p>\n<h4 style=\"text-align: center;\">Josef H\u00f6ckner<\/h4>\n<p style=\"text-align: center;\">Directeur<br \/>\n<a href=\"tel:+4377515014920\">+43 7751 50149-20<\/a><br \/>\n<a href=\"&#x6d;&#x61;&#x69;&#x6c;&#116;&#111;&#58;jo&#x73;&#x65;&#x66;&#x2e;&#x68;&#111;&#101;&#99;kn&#x65;&#x72;&#x40;&#x62;&#x69;&#111;&#103;&#46;at\">&#x6a;&#x6f;&#x73;&#x65;&#x66;&#x2e;&#x68;&#x6f;&#x65;&#x63;&#x6b;&#x6e;&#x65;&#x72;&#x40;&#x62;&#x69;&#x6f;&#x67;&#x2e;&#x61;&#x74;<\/a><\/p>\n<p>[\/vc_column_text][\/vc_column][vc_column width=\u00a0\u00bb1\/4&Prime;][vc_single_image image=\u00a0\u00bb1312&Prime; alignment=\u00a0\u00bbcenter\u00a0\u00bb style=\u00a0\u00bbvc_box_outline_circle\u00a0\u00bb onclick=\u00a0\u00bblink_image\u00a0\u00bb css=\u00a0\u00bb.vc_custom_1734418408918{margin-bottom: 10px !important;}\u00a0\u00bb][vc_column_text css=\u00a0\u00bb\u00a0\u00bb]<\/p>\n<h4 style=\"text-align: center;\">Michael Weidinger<\/h4>\n<p style=\"text-align: center;\">Directeur adjoint<br \/>\n<a href=\"tel:+4377515014922\">+43 7751 50149-22<\/a><br \/>\n<a href=\"m&#97;&#x69;&#x6c;t&#111;&#58;&#x6d;&#x69;c&#104;&#97;&#x65;&#x6c;&#46;&#119;&#x65;&#x69;&#x64;i&#110;&#x67;&#x65;r&#64;&#98;&#x69;&#x6f;g&#46;&#97;&#x74;\">m&#105;&#99;&#x68;&#x61;e&#108;&#46;&#x77;&#x65;&#x69;d&#105;&#110;&#x67;&#x65;r&#64;&#98;&#x69;&#x6f;&#x67;&#46;&#97;&#116;<\/a><\/p>\n<p>[\/vc_column_text][\/vc_column][vc_column width=\u00a0\u00bb1\/4&Prime;][vc_single_image image=\u00a0\u00bb1291&Prime; alignment=\u00a0\u00bbcenter\u00a0\u00bb style=\u00a0\u00bbvc_box_outline_circle\u00a0\u00bb onclick=\u00a0\u00bblink_image\u00a0\u00bb css=\u00a0\u00bb.vc_custom_1734418572506{margin-bottom: 10px !important;}\u00a0\u00bb][vc_column_text css=\u00a0\u00bb\u00a0\u00bb]<\/p>\n<h4 style=\"text-align: center;\">Hannes Bogner<\/h4>\n<p style=\"text-align: center;\">Directeur adjoint<br \/>\n<a href=\"tel:+4377515014925\">+43 7751 50149-25<\/a><br \/>\n<a href=\"&#x6d;a&#x69;l&#x74;&#111;&#x3a;&#104;a&#x6e;n&#x65;&#115;&#x2e;&#98;&#x6f;&#103;n&#x65;r&#x40;&#98;&#x69;&#111;&#x67;&#x2e;a&#x74;\">&#x68;&#97;n&#x6e;&#101;s&#x2e;&#x62;&#111;&#x67;&#x6e;&#101;r&#x40;&#98;i&#x6f;&#x67;&#46;&#x61;&#x74;<\/a><\/p>\n<p>[\/vc_column_text][\/vc_column][vc_column width=\u00a0\u00bb1\/4&Prime;][\/vc_column][\/vc_row][vc_row bg_type=\u00a0\u00bbbg_color\u00a0\u00bb bg_color_value=\u00a0\u00bb#0ba14b\u00a0\u00bb css=\u00a0\u00bb.vc_custom_1542096630327{margin-top: 50px !important;margin-bottom: 20px !important;}\u00a0\u00bb][vc_column css=\u00a0\u00bb.vc_custom_1542096609850{padding-top: 0px !important;}\u00a0\u00bb]<div id=\"ultimate-heading-710969e9c5297d931\" class=\"uvc-heading ult-adjust-bottom-margin ultimate-heading-710969e9c5297d931 uvc-489  uvc-heading-default-font-sizes\" data-hspacer=\"no_spacer\"  data-halign=\"left\" style=\"text-align:left\"><div class=\"uvc-heading-spacer no_spacer\" style=\"top\"><\/div><div class=\"uvc-main-heading ult-responsive\"  data-ultimate-target='.uvc-heading.ultimate-heading-710969e9c5297d931 h3'  data-responsive-json-new='{\"font-size\":\"\",\"line-height\":\"\"}' ><h3 style=\"--font-weight:theme;color:#ffffff;margin-top:10px;margin-bottom:10px;\">Distribution<\/h3><\/div><\/div>[\/vc_column][\/vc_row][vc_row][vc_column width=\u00a0\u00bb1\/4&Prime;][vc_single_image image=\u00a0\u00bb22543&Prime; alignment=\u00a0\u00bbcenter\u00a0\u00bb style=\u00a0\u00bbvc_box_outline_circle\u00a0\u00bb onclick=\u00a0\u00bblink_image\u00a0\u00bb css=\u00a0\u00bb.vc_custom_1734419418705{margin-bottom: 10px !important;}\u00a0\u00bb][vc_column_text]<\/p>\n<h4 style=\"text-align: center;\">Gregor Vogrin<\/h4>\n<p style=\"text-align: center;\">Distribution &#8211; Agence territoriale Am\u00e9rique du Nord<br \/>\n<a href=\"&#x6d;&#97;&#x69;&#x6c;&#116;&#x6f;&#58;g&#x72;&#101;g&#x6f;&#114;&#46;&#x76;&#111;g&#x72;&#105;&#x6e;&#x40;&#98;&#x69;&#x6f;&#103;&#x2d;&#98;i&#x6f;&#103;a&#x73;&#46;c&#x6f;&#109;\">&#103;&#x72;e&#x67;&#x6f;&#114;&#x2e;v&#111;&#x67;&#114;&#x69;n&#64;&#x62;i&#x6f;g&#45;&#x62;i&#x6f;&#x67;&#97;&#x73;&#46;&#99;&#x6f;&#109;<\/a><\/p>\n<p>[\/vc_column_text][\/vc_column][vc_column width=\u00a0\u00bb1\/4&Prime;][\/vc_column][\/vc_row][vc_row bg_type=\u00a0\u00bbbg_color\u00a0\u00bb bg_color_value=\u00a0\u00bb#0ba14b\u00a0\u00bb css=\u00a0\u00bb.vc_custom_1542096630327{margin-top: 50px !important;margin-bottom: 20px !important;}\u00a0\u00bb][vc_column css=\u00a0\u00bb.vc_custom_1542096609850{padding-top: 0px !important;}\u00a0\u00bb]<div id=\"ultimate-heading-836869e9c5297d9cb\" class=\"uvc-heading ult-adjust-bottom-margin ultimate-heading-836869e9c5297d9cb uvc-1559  uvc-heading-default-font-sizes\" data-hspacer=\"no_spacer\"  data-halign=\"left\" style=\"text-align:left\"><div class=\"uvc-heading-spacer no_spacer\" style=\"top\"><\/div><div class=\"uvc-main-heading ult-responsive\"  data-ultimate-target='.uvc-heading.ultimate-heading-836869e9c5297d9cb h3'  data-responsive-json-new='{\"font-size\":\"\",\"line-height\":\"\"}' ><h3 style=\"--font-weight:theme;color:#ffffff;margin-top:10px;margin-bottom:10px;\">Achat \/ gestion des pi\u00e8ces d\u00e9tach\u00e9es \/ service<\/h3><\/div><\/div>[\/vc_column][\/vc_row][vc_row][vc_column width=\u00a0\u00bb1\/4&Prime;][vc_single_image image=\u00a0\u00bb2932&Prime; alignment=\u00a0\u00bbcenter\u00a0\u00bb style=\u00a0\u00bbvc_box_outline_circle\u00a0\u00bb onclick=\u00a0\u00bblink_image\u00a0\u00bb css=\u00a0\u00bb.vc_custom_1556772320568{margin-bottom: 10px !important;}\u00a0\u00bb][vc_column_text css=\u00a0\u00bb\u00a0\u00bb]<\/p>\n<h4 style=\"text-align: center;\">Franz H\u00f6randner<\/h4>\n<p style=\"text-align: center;\">Achat et gestion des pi\u00e8ces d\u00e9tach\u00e9es<br \/>\n<a href=\"tel:+4377515014928\">+43 7751 50149-28<\/a><br \/>\n<a href=\"mailto:franz&#46;hoerandner&#64;&#98;&#105;&#111;&#103;&#46;&#97;&#116;\">&#102;&#x72;a&#x6e;&#x7a;&#46;&#x68;o&#101;&#x72;&#97;&#x6e;d&#110;&#x65;r&#x40;b&#105;&#x6f;g&#x2e;&#x61;&#116;<\/a><\/p>\n<p>[\/vc_column_text][\/vc_column][vc_column width=\u00a0\u00bb1\/4&Prime;][vc_single_image image=\u00a0\u00bb5814&Prime; alignment=\u00a0\u00bbcenter\u00a0\u00bb style=\u00a0\u00bbvc_box_outline_circle\u00a0\u00bb onclick=\u00a0\u00bblink_image\u00a0\u00bb css=\u00a0\u00bb.vc_custom_1564035759003{margin-bottom: 10px !important;}\u00a0\u00bb][vc_column_text css=\u00a0\u00bb\u00a0\u00bb]<\/p>\n<h4 style=\"text-align: center;\">Stefan Pointecker<\/h4>\n<p style=\"text-align: center;\">Achat et gestion des pi\u00e8ces d\u00e9tach\u00e9es<br \/>\n<a href=\"tel:+4377515014927\">+43 7751 50149-27<\/a><br \/>\n<a href=\"&#109;&#97;&#x69;&#x6c;&#116;&#111;&#x3a;&#x73;&#116;&#101;&#x66;&#x61;&#110;&#46;&#x70;&#x6f;&#105;&#110;&#x74;&#x65;&#99;&#107;&#x65;&#x72;&#114;&#64;&#x62;&#x69;&#111;&#103;&#x2d;&#x62;&#105;&#111;&#x67;&#x61;&#115;&#46;&#x63;&#x6f;&#109;\">&#x73;&#116;&#101;f&#x61;&#x6e;&#46;p&#x6f;&#x69;&#110;te&#x63;&#107;&#101;r&#x40;&#x62;&#105;o&#x67;&#x2e;&#97;&#116;<\/a><\/p>\n<p>[\/vc_column_text][\/vc_column][vc_column width=\u00a0\u00bb1\/4&Prime;][vc_single_image image=\u00a0\u00bb282593&Prime; alignment=\u00a0\u00bbcenter\u00a0\u00bb style=\u00a0\u00bbvc_box_outline_circle\u00a0\u00bb onclick=\u00a0\u00bblink_image\u00a0\u00bb css=\u00a0\u00bb.vc_custom_1734418834865{margin-bottom: 10px !important;}\u00a0\u00bb][vc_column_text css=\u00a0\u00bb\u00a0\u00bb]<\/p>\n<h4 style=\"text-align: center;\">Dominik Leitner<\/h4>\n<p style=\"text-align: center;\">Service<br \/>\n<a href=\"tel:+4377515014936\">+43 7751 50149-36<\/a><br \/>\n<a href=\"&#x6d;a&#x69;&#108;t&#x6f;&#58;&#x64;&#x6f;m&#x69;&#110;i&#x6b;&#46;&#x6c;&#101;i&#x74;&#110;e&#x72;&#64;&#x62;&#105;o&#x67;&#46;&#x61;&#x74;\">d&#111;&#x6d;&#x69;&#x6e;i&#107;&#x2e;&#x6c;&#x65;i&#116;&#x6e;&#x65;&#x72;&#64;&#98;&#x69;&#x6f;&#x67;&#46;&#97;&#x74;<\/a><\/p>\n<p>[\/vc_column_text][\/vc_column][vc_column width=\u00a0\u00bb1\/4&Prime;][\/vc_column][\/vc_row]<\/p>\n<\/div>","protected":false},"excerpt":{"rendered":"<p>[vc_row bg_type=\u00a0\u00bbbg_color\u00a0\u00bb bg_color_value=\u00a0\u00bb#0ba14b\u00a0\u00bb css=\u00a0\u00bb.vc_custom_1547372939300{margin-bottom: 20px !important;}\u00a0\u00bb][vc_column css=\u00a0\u00bb.vc_custom_1542096609850{padding-top: 0px !important;}\u00a0\u00bb][\/vc_column][\/vc_row][vc_row][vc_column width=\u00a0\u00bb1\/4&Prime;][vc_single_image image=\u00a0\u00bb1305&Prime; alignment=\u00a0\u00bbcenter\u00a0\u00bb style=\u00a0\u00bbvc_box_outline_circle\u00a0\u00bb onclick=\u00a0\u00bblink_image\u00a0\u00bb css=\u00a0\u00bb.vc_custom_1542096974213{margin-bottom: 10px !important;}\u00a0\u00bb][vc_column_text css=\u00a0\u00bb\u00a0\u00bb] Josef H\u00f6ckner Directeur +43 7751 50149-20 &#106;&#111;&#x73;e&#102;&#x2e;&#x68;o&#101;&#x63;&#x6b;n&#101;&#x72;&#x40;b&#105;&#x6f;&#x67;&#46;&#97;&#x74; [\/vc_column_text][\/vc_column][vc_column width=\u00a0\u00bb1\/4&Prime;][vc_single_image image=\u00a0\u00bb1312&Prime; alignment=\u00a0\u00bbcenter\u00a0\u00bb style=\u00a0\u00bbvc_box_outline_circle\u00a0\u00bb onclick=\u00a0\u00bblink_image\u00a0\u00bb css=\u00a0\u00bb.vc_custom_1734418408918{margin-bottom: 10px !important;}\u00a0\u00bb][vc_column_text css=\u00a0\u00bb\u00a0\u00bb] Michael Weidinger Directeur adjoint +43 7751 50149-22 &#x6d;i&#x63;&#104;a&#x65;&#108;&#x2e;&#119;e&#x69;&#100;&#x69;&#110;g&#x65;&#114;&#x40;&#x62;i&#x6f;&#103;&#46;&#x61;&#116; [\/vc_column_text][\/vc_column][vc_column width=\u00a0\u00bb1\/4&Prime;][vc_single_image image=\u00a0\u00bb1291&Prime; alignment=\u00a0\u00bbcenter\u00a0\u00bb style=\u00a0\u00bbvc_box_outline_circle\u00a0\u00bb onclick=\u00a0\u00bblink_image\u00a0\u00bb css=\u00a0\u00bb.vc_custom_1734418572506{margin-bottom: 10px !important;}\u00a0\u00bb][vc_column_text css=\u00a0\u00bb\u00a0\u00bb] Hannes Bogner&hellip;<\/p>\n","protected":false},"author":1,"featured_media":0,"parent":0,"menu_order":0,"comment_status":"closed","ping_status":"open","template":"","meta":{"footnotes":""},"class_list":["post-2359","page","type-page","status-publish","hentry","description-off"],"yoast_head":"<!-- This site is optimized with the Yoast SEO plugin v27.4 - https:\/\/yoast.com\/product\/yoast-seo-wordpress\/ -->\n<title>Interlocuteurs pour questions sp\u00e9ciales | BioG \u2022 Solutions for green energy<\/title>\n<meta name=\"description\" content=\"Vos interlocuteurs en un coup d&#039;\u0153il ! \u2606 Contactez nos sp\u00e9cialistes dans le domaine respectif en cas de questions, de souhaits et de suggestions - nous nous faisons un plaisir de vous aider.\" \/>\n<meta name=\"robots\" content=\"index, follow, max-snippet:-1, max-image-preview:large, max-video-preview:-1\" \/>\n<link rel=\"canonical\" href=\"https:\/\/biog-biogas.com\/fr\/interlocuteurs\/\" \/>\n<meta property=\"og:locale\" content=\"fr_FR\" \/>\n<meta property=\"og:type\" content=\"article\" \/>\n<meta property=\"og:title\" content=\"Interlocuteurs pour questions sp\u00e9ciales | BioG \u2022 Solutions for green energy\" \/>\n<meta property=\"og:description\" content=\"Vos interlocuteurs en un coup d&#039;\u0153il ! \u2606 Contactez nos sp\u00e9cialistes dans le domaine respectif en cas de questions, de souhaits et de suggestions - nous nous faisons un plaisir de vous aider.\" \/>\n<meta property=\"og:url\" content=\"https:\/\/biog-biogas.com\/fr\/interlocuteurs\/\" \/>\n<meta property=\"og:site_name\" content=\"BIOG\" \/>\n<meta property=\"article:modified_time\" content=\"2026-04-21T11:15:23+00:00\" \/>\n<meta name=\"twitter:card\" content=\"summary_large_image\" \/>\n<meta name=\"twitter:label1\" content=\"Dur\u00e9e de lecture estim\u00e9e\" \/>\n\t<meta name=\"twitter:data1\" content=\"3 minutes\" \/>\n<script type=\"application\/ld+json\" class=\"yoast-schema-graph\">{\"@context\":\"https:\\\/\\\/schema.org\",\"@graph\":[{\"@type\":\"WebPage\",\"@id\":\"https:\\\/\\\/biog-biogas.com\\\/fr\\\/interlocuteurs\\\/\",\"url\":\"https:\\\/\\\/biog-biogas.com\\\/fr\\\/interlocuteurs\\\/\",\"name\":\"Interlocuteurs pour questions sp\u00e9ciales | BioG \u2022 Solutions for green energy\",\"isPartOf\":{\"@id\":\"https:\\\/\\\/biog-biogas.com\\\/fr\\\/#website\"},\"datePublished\":\"2019-02-08T16:25:47+00:00\",\"dateModified\":\"2026-04-21T11:15:23+00:00\",\"description\":\"Vos interlocuteurs en un coup d'\u0153il ! \u2606 Contactez nos sp\u00e9cialistes dans le domaine respectif en cas de questions, de souhaits et de suggestions - nous nous faisons un plaisir de vous aider.\",\"breadcrumb\":{\"@id\":\"https:\\\/\\\/biog-biogas.com\\\/fr\\\/interlocuteurs\\\/#breadcrumb\"},\"inLanguage\":\"fr-FR\",\"potentialAction\":[{\"@type\":\"ReadAction\",\"target\":[\"https:\\\/\\\/biog-biogas.com\\\/fr\\\/interlocuteurs\\\/\"]}]},{\"@type\":\"BreadcrumbList\",\"@id\":\"https:\\\/\\\/biog-biogas.com\\\/fr\\\/interlocuteurs\\\/#breadcrumb\",\"itemListElement\":[{\"@type\":\"ListItem\",\"position\":1,\"name\":\"Startseite\",\"item\":\"https:\\\/\\\/biog-biogas.com\\\/fr\\\/\"},{\"@type\":\"ListItem\",\"position\":2,\"name\":\"Interlocuteurs\"}]},{\"@type\":\"WebSite\",\"@id\":\"https:\\\/\\\/biog-biogas.com\\\/fr\\\/#website\",\"url\":\"https:\\\/\\\/biog-biogas.com\\\/fr\\\/\",\"name\":\"BIOG\",\"description\":\"Solutions for green energy\",\"potentialAction\":[{\"@type\":\"SearchAction\",\"target\":{\"@type\":\"EntryPoint\",\"urlTemplate\":\"https:\\\/\\\/biog-biogas.com\\\/fr\\\/?s={search_term_string}\"},\"query-input\":{\"@type\":\"PropertyValueSpecification\",\"valueRequired\":true,\"valueName\":\"search_term_string\"}}],\"inLanguage\":\"fr-FR\"}]}<\/script>\n<!-- \/ Yoast SEO plugin. -->","yoast_head_json":{"title":"Interlocuteurs pour questions sp\u00e9ciales | BioG \u2022 Solutions for green energy","description":"Vos interlocuteurs en un coup d'\u0153il ! \u2606 Contactez nos sp\u00e9cialistes dans le domaine respectif en cas de questions, de souhaits et de suggestions - nous nous faisons un plaisir de vous aider.","robots":{"index":"index","follow":"follow","max-snippet":"max-snippet:-1","max-image-preview":"max-image-preview:large","max-video-preview":"max-video-preview:-1"},"canonical":"https:\/\/biog-biogas.com\/fr\/interlocuteurs\/","og_locale":"fr_FR","og_type":"article","og_title":"Interlocuteurs pour questions sp\u00e9ciales | BioG \u2022 Solutions for green energy","og_description":"Vos interlocuteurs en un coup d'\u0153il ! \u2606 Contactez nos sp\u00e9cialistes dans le domaine respectif en cas de questions, de souhaits et de suggestions - nous nous faisons un plaisir de vous aider.","og_url":"https:\/\/biog-biogas.com\/fr\/interlocuteurs\/","og_site_name":"BIOG","article_modified_time":"2026-04-21T11:15:23+00:00","twitter_card":"summary_large_image","twitter_misc":{"Dur\u00e9e de lecture estim\u00e9e":"3 minutes"},"schema":{"@context":"https:\/\/schema.org","@graph":[{"@type":"WebPage","@id":"https:\/\/biog-biogas.com\/fr\/interlocuteurs\/","url":"https:\/\/biog-biogas.com\/fr\/interlocuteurs\/","name":"Interlocuteurs pour questions sp\u00e9ciales | BioG \u2022 Solutions for green energy","isPartOf":{"@id":"https:\/\/biog-biogas.com\/fr\/#website"},"datePublished":"2019-02-08T16:25:47+00:00","dateModified":"2026-04-21T11:15:23+00:00","description":"Vos interlocuteurs en un coup d'\u0153il ! \u2606 Contactez nos sp\u00e9cialistes dans le domaine respectif en cas de questions, de souhaits et de suggestions - nous nous faisons un plaisir de vous aider.","breadcrumb":{"@id":"https:\/\/biog-biogas.com\/fr\/interlocuteurs\/#breadcrumb"},"inLanguage":"fr-FR","potentialAction":[{"@type":"ReadAction","target":["https:\/\/biog-biogas.com\/fr\/interlocuteurs\/"]}]},{"@type":"BreadcrumbList","@id":"https:\/\/biog-biogas.com\/fr\/interlocuteurs\/#breadcrumb","itemListElement":[{"@type":"ListItem","position":1,"name":"Startseite","item":"https:\/\/biog-biogas.com\/fr\/"},{"@type":"ListItem","position":2,"name":"Interlocuteurs"}]},{"@type":"WebSite","@id":"https:\/\/biog-biogas.com\/fr\/#website","url":"https:\/\/biog-biogas.com\/fr\/","name":"BIOG","description":"Solutions for green energy","potentialAction":[{"@type":"SearchAction","target":{"@type":"EntryPoint","urlTemplate":"https:\/\/biog-biogas.com\/fr\/?s={search_term_string}"},"query-input":{"@type":"PropertyValueSpecification","valueRequired":true,"valueName":"search_term_string"}}],"inLanguage":"fr-FR"}]}},"_links":{"self":[{"href":"https:\/\/biog-biogas.com\/fr\/wp-json\/wp\/v2\/pages\/2359","targetHints":{"allow":["GET"]}}],"collection":[{"href":"https:\/\/biog-biogas.com\/fr\/wp-json\/wp\/v2\/pages"}],"about":[{"href":"https:\/\/biog-biogas.com\/fr\/wp-json\/wp\/v2\/types\/page"}],"author":[{"embeddable":true,"href":"https:\/\/biog-biogas.com\/fr\/wp-json\/wp\/v2\/users\/1"}],"replies":[{"embeddable":true,"href":"https:\/\/biog-biogas.com\/fr\/wp-json\/wp\/v2\/comments?post=2359"}],"version-history":[{"count":0,"href":"https:\/\/biog-biogas.com\/fr\/wp-json\/wp\/v2\/pages\/2359\/revisions"}],"wp:attachment":[{"href":"https:\/\/biog-biogas.com\/fr\/wp-json\/wp\/v2\/media?parent=2359"}],"curies":[{"name":"wp","href":"https:\/\/api.w.org\/{rel}","templated":true}]}}