{"id":2380,"date":"2019-02-08T19:18:31","date_gmt":"2019-02-08T18:18:31","guid":{"rendered":"http:\/\/biog.adview.network\/hygienisation\/"},"modified":"2019-07-25T14:08:33","modified_gmt":"2019-07-25T12:08:33","slug":"hygienisation","status":"publish","type":"page","link":"https:\/\/biog-biogas.com\/fr\/hygienisation\/","title":{"rendered":"Hygi\u00e9nisation"},"content":{"rendered":"<div class=\"wpb-content-wrapper\"><p>[vc_row][vc_column]<div id=\"ultimate-heading-413469e63f251dbcd\" class=\"uvc-heading ult-adjust-bottom-margin ultimate-heading-413469e63f251dbcd uvc-4809  uvc-heading-default-font-sizes\" data-hspacer=\"no_spacer\"  data-halign=\"left\" style=\"text-align:left\"><div class=\"uvc-heading-spacer no_spacer\" style=\"top\"><\/div><div class=\"uvc-main-heading ult-responsive\"  data-ultimate-target='.uvc-heading.ultimate-heading-413469e63f251dbcd h2'  data-responsive-json-new='{\"font-size\":\"\",\"line-height\":\"\"}' ><h2 style=\"--font-weight:theme;margin-bottom:15px;\">Hygi\u00e9nisation<\/h2><\/div><\/div><div id=\"ultimate-heading-513569e63f251dca0\" class=\"uvc-heading ult-adjust-bottom-margin ultimate-heading-513569e63f251dca0 uvc-3395  uvc-heading-default-font-sizes\" data-hspacer=\"no_spacer\"  data-halign=\"left\" style=\"text-align:left\"><div class=\"uvc-heading-spacer no_spacer\" style=\"top\"><\/div><div class=\"uvc-main-heading ult-responsive\"  data-ultimate-target='.uvc-heading.ultimate-heading-513569e63f251dca0 h1'  data-responsive-json-new='{\"font-size\":\"\",\"line-height\":\"\"}' ><h1 style=\"--font-weight:theme;margin-bottom:15px;\">Sp\u00e9cialiste en mati\u00e8re d'installation d\u2019hygi\u00e9nisation de tuyauteries en proc\u00e9dure de travers\u00e9e<\/h1><\/div><\/div>[vc_column_text]En raison de conditions de plus en plus strictes, le traitement de d\u00e9chets n\u00e9cessite un savoir-faire \u00e9tendu. Avec des mati\u00e8res organiques sensibles, comme par exemples des d\u00e9chets d\u2019abattoirs ou d\u2019ordures m\u00e9nag\u00e8res organiques, un traitement anti-germes au moyen de chauffage est n\u00e9cessaire.<\/p>\n<p>Avec la m\u00e9thode utilis\u00e9e jusqu\u2019\u00e0 pr\u00e9sent dans le traitement anti-germes, il y a toujours de nouveau formation de mousse ind\u00e9sirable. Afin de pouvoir contourner ce probl\u00e8me, chez BioG, nous nous sommes concentr\u00e9s sur le concept de l\u2019hygi\u00e9nisation des tuyauteries et l\u2019avons soumis \u00e0 un d\u00e9veloppement continu. Avec cela, dans un circuit ferm\u00e9, la formation de mousse est enti\u00e8rement supprim\u00e9e. Le concept repose sur une proc\u00e9dure de travers\u00e9e, resp. d&rsquo;un syst\u00e8me tube-en-tube. Ici, la chaleur d\u2019\u00e9vacuation de la mati\u00e8re soumise \u00e0 l\u2019hygi\u00e9nisation et la mati\u00e8re devant encore \u00eatre trait\u00e9e est chauff\u00e9e, comme dans un \u00e9changeur thermique. \u00c0 70\u00b0C, les mati\u00e8res constituant les d\u00e9chets sont trait\u00e9es pendant une heure en circuit ferm\u00e9 avant de quitter la technologie d\u2019hygi\u00e9nisation exemptes de germes. Ainsi, une consommation de chaleur tr\u00e8s basse et par cons\u00e9quent une consommation \u00e9lectrique tr\u00e8s faible sont garanties.[\/vc_column_text][\/vc_column][\/vc_row][vc_row equal_height=\u00a0\u00bbyes\u00a0\u00bb content_placement=\u00a0\u00bbmiddle\u00a0\u00bb][vc_column]<style type=\"text\/css\" data-type=\"the7_shortcodes-inline-css\">.gallery-shortcode.gallery-masonry-shortcode-id-7168100f01de24ca08741356c169be3a figure,\n.gallery-shortcode.gallery-masonry-shortcode-id-7168100f01de24ca08741356c169be3a .rollover,\n.gallery-shortcode.gallery-masonry-shortcode-id-7168100f01de24ca08741356c169be3a img,\n.gallery-shortcode.gallery-masonry-shortcode-id-7168100f01de24ca08741356c169be3a .gallery-rollover {\n  border-radius: 0px;\n}\n.gallery-shortcode.gallery-masonry-shortcode-id-7168100f01de24ca08741356c169be3a.enable-bg-rollover .gallery-rollover {\n  background: -webkit-linear-gradient();\n  background: linear-gradient();\n}\n.gallery-shortcode.gallery-masonry-shortcode-id-7168100f01de24ca08741356c169be3a.enable-bg-rollover.hover-scale figure .rollover:after {\n  background: -webkit-linear-gradient();\n  background: linear-gradient();\n}\n.gallery-shortcode.gallery-masonry-shortcode-id-7168100f01de24ca08741356c169be3a .gallery-zoom-ico {\n  width: 44px;\n  height: 44px;\n  line-height: 44px;\n  border-radius: 100px;\n  margin: -22px 0 0 -22px;\n  border-width: 0px;\n  color: #ffffff;\n}\n.dt-icon-bg-on.gallery-shortcode.gallery-masonry-shortcode-id-7168100f01de24ca08741356c169be3a .gallery-zoom-ico {\n  background: rgba(255,255,255,0.3);\n  box-shadow: none;\n}\n.gallery-shortcode.gallery-masonry-shortcode-id-7168100f01de24ca08741356c169be3a .gallery-zoom-ico:before,\n.gallery-shortcode.gallery-masonry-shortcode-id-7168100f01de24ca08741356c169be3a .gallery-zoom-ico span {\n  font-size: 32px;\n  line-height: 44px;\n  color: #ffffff;\n}\n.gallery-shortcode.gallery-masonry-shortcode-id-7168100f01de24ca08741356c169be3a:not(.resize-by-browser-width) .dt-css-grid {\n  grid-row-gap: 10px;\n  grid-column-gap: 10px;\n  grid-template-columns: repeat(auto-fill,minmax(,1fr));\n}\n.gallery-shortcode.gallery-masonry-shortcode-id-7168100f01de24ca08741356c169be3a:not(.resize-by-browser-width) .dt-css-grid .double-width {\n  grid-column: span 2;\n}\n.cssgridlegacy.no-cssgrid .gallery-shortcode.gallery-masonry-shortcode-id-7168100f01de24ca08741356c169be3a:not(.resize-by-browser-width) .dt-css-grid,\n.no-cssgridlegacy.no-cssgrid .gallery-shortcode.gallery-masonry-shortcode-id-7168100f01de24ca08741356c169be3a:not(.resize-by-browser-width) .dt-css-grid {\n  display: flex;\n  flex-flow: row wrap;\n  margin: -5px;\n}\n.cssgridlegacy.no-cssgrid .gallery-shortcode.gallery-masonry-shortcode-id-7168100f01de24ca08741356c169be3a:not(.resize-by-browser-width) .dt-css-grid .wf-cell,\n.no-cssgridlegacy.no-cssgrid .gallery-shortcode.gallery-masonry-shortcode-id-7168100f01de24ca08741356c169be3a:not(.resize-by-browser-width) .dt-css-grid .wf-cell {\n  flex: 1 0 ;\n  max-width: 100%;\n  padding: 5px;\n  box-sizing: border-box;\n}\n.gallery-shortcode.gallery-masonry-shortcode-id-7168100f01de24ca08741356c169be3a.resize-by-browser-width .dt-css-grid {\n  grid-template-columns: repeat(4,1fr);\n  grid-template-rows: auto;\n  grid-column-gap: 10px;\n  grid-row-gap: 10px;\n}\n.gallery-shortcode.gallery-masonry-shortcode-id-7168100f01de24ca08741356c169be3a.resize-by-browser-width .dt-css-grid .double-width {\n  grid-column: span 2;\n}\n.cssgridlegacy.no-cssgrid .gallery-shortcode.gallery-masonry-shortcode-id-7168100f01de24ca08741356c169be3a.resize-by-browser-width .dt-css-grid {\n  margin: -5px;\n}\n.cssgridlegacy.no-cssgrid .gallery-shortcode.gallery-masonry-shortcode-id-7168100f01de24ca08741356c169be3a.resize-by-browser-width .dt-css-grid .wf-cell {\n  width: 25%;\n  padding: 5px;\n}\n.cssgridlegacy.no-cssgrid .gallery-shortcode.gallery-masonry-shortcode-id-7168100f01de24ca08741356c169be3a.resize-by-browser-width .dt-css-grid .wf-cell.double-width {\n  width: calc(25%) * 2;\n}\n.gallery-shortcode.gallery-masonry-shortcode-id-7168100f01de24ca08741356c169be3a.resize-by-browser-width:not(.centered-layout-list):not(.content-bg-on) .dt-css-grid {\n  grid-row-gap: 10px - ;\n}\n@media screen and (max-width: 1199px) {\n  .gallery-shortcode.gallery-masonry-shortcode-id-7168100f01de24ca08741356c169be3a.resize-by-browser-width .dt-css-grid {\n    grid-template-columns: repeat(4,1fr);\n  }\n  .cssgridlegacy.no-cssgrid .gallery-shortcode.gallery-masonry-shortcode-id-7168100f01de24ca08741356c169be3a.resize-by-browser-width .dt-css-grid .wf-cell,\n  .no-cssgridlegacy.no-cssgrid .gallery-shortcode.gallery-masonry-shortcode-id-7168100f01de24ca08741356c169be3a.resize-by-browser-width .dt-css-grid .wf-cell {\n    width: 25%;\n  }\n  .cssgridlegacy.no-cssgrid .gallery-shortcode.gallery-masonry-shortcode-id-7168100f01de24ca08741356c169be3a.resize-by-browser-width .dt-css-grid .wf-cell.double-width,\n  .no-cssgridlegacy.no-cssgrid .gallery-shortcode.gallery-masonry-shortcode-id-7168100f01de24ca08741356c169be3a.resize-by-browser-width .dt-css-grid .wf-cell.double-width {\n    width: calc(25%)*2;\n  }\n}\n@media screen and (max-width: 991px) {\n  .gallery-shortcode.gallery-masonry-shortcode-id-7168100f01de24ca08741356c169be3a.resize-by-browser-width .dt-css-grid {\n    grid-template-columns: repeat(4,1fr);\n  }\n  .cssgridlegacy.no-cssgrid .gallery-shortcode.gallery-masonry-shortcode-id-7168100f01de24ca08741356c169be3a.resize-by-browser-width .dt-css-grid .wf-cell,\n  .no-cssgridlegacy.no-cssgrid .gallery-shortcode.gallery-masonry-shortcode-id-7168100f01de24ca08741356c169be3a.resize-by-browser-width .dt-css-grid .wf-cell {\n    width: 25%;\n  }\n  .cssgridlegacy.no-cssgrid .gallery-shortcode.gallery-masonry-shortcode-id-7168100f01de24ca08741356c169be3a.resize-by-browser-width .dt-css-grid .wf-cell.double-width,\n  .no-cssgridlegacy.no-cssgrid .gallery-shortcode.gallery-masonry-shortcode-id-7168100f01de24ca08741356c169be3a.resize-by-browser-width .dt-css-grid .wf-cell.double-width {\n    width: calc(25%)*2;\n  }\n}\n@media screen and (max-width: 767px) {\n  .gallery-shortcode.gallery-masonry-shortcode-id-7168100f01de24ca08741356c169be3a.resize-by-browser-width .dt-css-grid {\n    grid-template-columns: repeat(2,1fr);\n  }\n  .cssgridlegacy.no-cssgrid .gallery-shortcode.gallery-masonry-shortcode-id-7168100f01de24ca08741356c169be3a.resize-by-browser-width .dt-css-grid .wf-cell,\n  .no-cssgridlegacy.no-cssgrid .gallery-shortcode.gallery-masonry-shortcode-id-7168100f01de24ca08741356c169be3a.resize-by-browser-width .dt-css-grid .wf-cell {\n    width: 50%;\n  }\n  .cssgridlegacy.no-cssgrid .gallery-shortcode.gallery-masonry-shortcode-id-7168100f01de24ca08741356c169be3a.resize-by-browser-width .dt-css-grid .wf-cell.double-width,\n  .no-cssgridlegacy.no-cssgrid .gallery-shortcode.gallery-masonry-shortcode-id-7168100f01de24ca08741356c169be3a.resize-by-browser-width .dt-css-grid .wf-cell.double-width {\n    width: calc(50%)*2;\n  }\n}\n<\/style><div class=\"gallery-shortcode dt-gallery-container gallery-masonry-shortcode-id-7168100f01de24ca08741356c169be3a mode-grid jquery-filter dt-icon-bg-off quick-scale-img dt-css-grid-wrap enable-bg-rollover resize-by-browser-width  hover-fade loading-effect-fall-perspective description-on-hover\" data-padding=\"5px\" data-cur-page=\"1\" data-post-limit=\"-1\" data-pagination-mode=\"none\" data-desktop-columns-num=\"4\" data-v-tablet-columns-num=\"4\" data-h-tablet-columns-num=\"4\" data-phone-columns-num=\"2\" data-width=\"0px\" data-columns=\"0\"><div class=\"dt-css-grid\" ><div class=\"wf-cell\" data-post-id=\"1966\" data-date=\"2019-01-13T10:28:30+01:00\" data-name=\"Technologie d\u2019hygi\u00e9nisation de tuyauteries\"><figure class=\"post visible\"><a href=\"https:\/\/biog-biogas.com\/wp-content\/uploads\/Hygienisierungstechnik-von-BIOG.jpg\" class=\"rollover dt-pswp-item layzr-bg\" data-large_image_width=\"1620\" data-large_image_height=\"1080\" data-dt-img-description=\"\" title=\"Technologie d\u2019hygi\u00e9nisation de tuyauteries\"><img decoding=\"async\" class=\"preload-me iso-lazy-load aspect\" src=\"data:image\/svg+xml,%3Csvg%20xmlns%3D&#39;http%3A%2F%2Fwww.w3.org%2F2000%2Fsvg&#39;%20viewBox%3D&#39;0%200%20231%20129&#39;%2F%3E\" data-src=\"https:\/\/biog-biogas.com\/wp-content\/uploads\/Hygienisierungstechnik-von-BIOG-231x129.jpg\" data-srcset=\"https:\/\/biog-biogas.com\/wp-content\/uploads\/Hygienisierungstechnik-von-BIOG-231x129.jpg 231w, https:\/\/biog-biogas.com\/wp-content\/uploads\/Hygienisierungstechnik-von-BIOG-347x194.jpg 347w\" loading=\"eager\" style=\"--ratio: 231 \/ 129\" sizes=\"(max-width: 231px) 100vw, 231px\" alt=\"Installation d\u2019hygi\u00e9nisation de tuyauterie en proc\u00e9dure de travers\u00e9e de BIOG\" width=\"231\" height=\"129\"  \/><span class=\"gallery-rollover\"><span class=\"gallery-zoom-ico icomoon-the7-font-the7-zoom-06\"><span><\/span><\/span><\/span><\/a><\/figure><\/div><div class=\"wf-cell\" data-post-id=\"1146\" data-date=\"2018-11-12T12:41:50+01:00\" data-name=\"Hygi\u00e9nisation en proc\u00e9dure d\u2019\u00e9change thermique\"><figure class=\"post visible\"><a href=\"https:\/\/biog-biogas.com\/wp-content\/uploads\/Hygienisierung-im-Waermetauscherverfahren.jpg\" class=\"rollover dt-pswp-item layzr-bg\" data-large_image_width=\"1920\" data-large_image_height=\"1046\" data-dt-img-description=\"\" title=\"Hygi\u00e9nisation en proc\u00e9dure d\u2019\u00e9change thermique\"><img decoding=\"async\" class=\"preload-me iso-lazy-load aspect\" src=\"data:image\/svg+xml,%3Csvg%20xmlns%3D&#39;http%3A%2F%2Fwww.w3.org%2F2000%2Fsvg&#39;%20viewBox%3D&#39;0%200%20231%20129&#39;%2F%3E\" data-src=\"https:\/\/biog-biogas.com\/wp-content\/uploads\/Hygienisierung-im-Waermetauscherverfahren-231x129.jpg\" data-srcset=\"https:\/\/biog-biogas.com\/wp-content\/uploads\/Hygienisierung-im-Waermetauscherverfahren-231x129.jpg 231w, https:\/\/biog-biogas.com\/wp-content\/uploads\/Hygienisierung-im-Waermetauscherverfahren-347x194.jpg 347w\" loading=\"eager\" style=\"--ratio: 231 \/ 129\" sizes=\"(max-width: 231px) 100vw, 231px\" alt=\"Installation pour l\u2019hygi\u00e9nisation en proc\u00e9dure d\u2019\u00e9change thermique\" width=\"231\" height=\"129\"  \/><span class=\"gallery-rollover\"><span class=\"gallery-zoom-ico icomoon-the7-font-the7-zoom-06\"><span><\/span><\/span><\/span><\/a><\/figure><\/div><div class=\"wf-cell\" data-post-id=\"1153\" data-date=\"2018-11-12T12:41:55+01:00\" data-name=\"Technologie d\u2019hygi\u00e9nisation de tuyauteries\"><figure class=\"post visible\"><a href=\"https:\/\/biog-biogas.com\/wp-content\/uploads\/Rohrhygienisierungstechnik.jpg\" class=\"rollover dt-pswp-item layzr-bg\" data-large_image_width=\"1920\" data-large_image_height=\"893\" data-dt-img-description=\"\" title=\"Technologie d\u2019hygi\u00e9nisation de tuyauteries\"><img decoding=\"async\" class=\"preload-me iso-lazy-load aspect\" src=\"data:image\/svg+xml,%3Csvg%20xmlns%3D&#39;http%3A%2F%2Fwww.w3.org%2F2000%2Fsvg&#39;%20viewBox%3D&#39;0%200%20231%20129&#39;%2F%3E\" data-src=\"https:\/\/biog-biogas.com\/wp-content\/uploads\/Rohrhygienisierungstechnik-231x129.jpg\" data-srcset=\"https:\/\/biog-biogas.com\/wp-content\/uploads\/Rohrhygienisierungstechnik-231x129.jpg 231w, https:\/\/biog-biogas.com\/wp-content\/uploads\/Rohrhygienisierungstechnik-347x194.jpg 347w\" loading=\"eager\" style=\"--ratio: 231 \/ 129\" sizes=\"(max-width: 231px) 100vw, 231px\" alt=\"Installation d\u2019hygi\u00e9nisation de tuyauteries en proc\u00e9dure de travers\u00e9e\" width=\"231\" height=\"129\"  \/><span class=\"gallery-rollover\"><span class=\"gallery-zoom-ico icomoon-the7-font-the7-zoom-06\"><span><\/span><\/span><\/span><\/a><\/figure><\/div><div class=\"wf-cell\" data-post-id=\"1160\" data-date=\"2018-11-12T12:42:00+01:00\" data-name=\"Technologie relative \u00e0 la suppression de germes dans les d\u00e9chets\"><figure class=\"post visible\"><a href=\"https:\/\/biog-biogas.com\/wp-content\/uploads\/Technik-zur-Keimbefreiung-von-Abfaellen.jpg\" class=\"rollover dt-pswp-item layzr-bg\" data-large_image_width=\"1920\" data-large_image_height=\"1080\" data-dt-img-description=\"\" title=\"Technologie relative \u00e0 la suppression de germes dans les d\u00e9chets\"><img decoding=\"async\" class=\"preload-me iso-lazy-load aspect\" src=\"data:image\/svg+xml,%3Csvg%20xmlns%3D&#39;http%3A%2F%2Fwww.w3.org%2F2000%2Fsvg&#39;%20viewBox%3D&#39;0%200%20231%20129&#39;%2F%3E\" data-src=\"https:\/\/biog-biogas.com\/wp-content\/uploads\/Technik-zur-Keimbefreiung-von-Abfaellen-231x129.jpg\" data-srcset=\"https:\/\/biog-biogas.com\/wp-content\/uploads\/Technik-zur-Keimbefreiung-von-Abfaellen-231x129.jpg 231w, https:\/\/biog-biogas.com\/wp-content\/uploads\/Technik-zur-Keimbefreiung-von-Abfaellen-347x194.jpg 347w\" loading=\"eager\" style=\"--ratio: 231 \/ 129\" sizes=\"(max-width: 231px) 100vw, 231px\" alt=\"Technologie relative \u00e0 la suppression de germes dans les d\u00e9chets\" width=\"231\" height=\"129\"  \/><span class=\"gallery-rollover\"><span class=\"gallery-zoom-ico icomoon-the7-font-the7-zoom-06\"><span><\/span><\/span><\/span><\/a><\/figure><\/div><\/div><!-- iso-container|iso-grid --><\/div>[\/vc_column][\/vc_row]<\/p>\n<\/div>","protected":false},"excerpt":{"rendered":"<p>[vc_row][vc_column][vc_column_text]En raison de conditions de plus en plus strictes, le traitement de d\u00e9chets n\u00e9cessite un savoir-faire \u00e9tendu. Avec des mati\u00e8res organiques sensibles, comme par exemples des d\u00e9chets d\u2019abattoirs ou d\u2019ordures m\u00e9nag\u00e8res organiques, un traitement anti-germes au moyen de chauffage est n\u00e9cessaire. Avec la m\u00e9thode utilis\u00e9e jusqu\u2019\u00e0 pr\u00e9sent dans le traitement anti-germes, il y a toujours&hellip;<\/p>\n","protected":false},"author":1,"featured_media":0,"parent":0,"menu_order":0,"comment_status":"closed","ping_status":"open","template":"","meta":{"footnotes":""},"class_list":["post-2380","page","type-page","status-publish","hentry","description-off"],"yoast_head":"<!-- This site is optimized with the Yoast SEO plugin v27.4 - https:\/\/yoast.com\/product\/yoast-seo-wordpress\/ -->\n<title>Hygi\u00e9nisation | BioG \u2022 Solutions for green energy<\/title>\n<meta name=\"description\" content=\"Nous sommes vos sp\u00e9cialistes pour installations d\u2019hygi\u00e9nisation de tuyauteries en proc\u00e9dure de travers\u00e9e ! \u2606 Suppression de la formation de mousse \u2022 Traitement anti-germes par chauffage\" \/>\n<meta name=\"robots\" content=\"index, follow, max-snippet:-1, max-image-preview:large, max-video-preview:-1\" \/>\n<link rel=\"canonical\" href=\"https:\/\/biog-biogas.com\/fr\/hygienisation\/\" \/>\n<meta property=\"og:locale\" content=\"fr_FR\" \/>\n<meta property=\"og:type\" content=\"article\" \/>\n<meta property=\"og:title\" content=\"Hygi\u00e9nisation | BioG \u2022 Solutions for green energy\" \/>\n<meta property=\"og:description\" content=\"Nous sommes vos sp\u00e9cialistes pour installations d\u2019hygi\u00e9nisation de tuyauteries en proc\u00e9dure de travers\u00e9e ! \u2606 Suppression de la formation de mousse \u2022 Traitement anti-germes par chauffage\" \/>\n<meta property=\"og:url\" content=\"https:\/\/biog-biogas.com\/fr\/hygienisation\/\" \/>\n<meta property=\"og:site_name\" content=\"BIOG\" \/>\n<meta property=\"article:modified_time\" content=\"2019-07-25T12:08:33+00:00\" \/>\n<meta name=\"twitter:card\" content=\"summary_large_image\" \/>\n<meta name=\"twitter:label1\" content=\"Dur\u00e9e de lecture estim\u00e9e\" \/>\n\t<meta name=\"twitter:data1\" content=\"2 minutes\" \/>\n<script type=\"application\/ld+json\" class=\"yoast-schema-graph\">{\"@context\":\"https:\\\/\\\/schema.org\",\"@graph\":[{\"@type\":\"WebPage\",\"@id\":\"https:\\\/\\\/biog-biogas.com\\\/fr\\\/hygienisation\\\/\",\"url\":\"https:\\\/\\\/biog-biogas.com\\\/fr\\\/hygienisation\\\/\",\"name\":\"Hygi\u00e9nisation | BioG \u2022 Solutions for green energy\",\"isPartOf\":{\"@id\":\"https:\\\/\\\/biog-biogas.com\\\/fr\\\/#website\"},\"datePublished\":\"2019-02-08T18:18:31+00:00\",\"dateModified\":\"2019-07-25T12:08:33+00:00\",\"description\":\"Nous sommes vos sp\u00e9cialistes pour installations d\u2019hygi\u00e9nisation de tuyauteries en proc\u00e9dure de travers\u00e9e ! \u2606 Suppression de la formation de mousse \u2022 Traitement anti-germes par chauffage\",\"breadcrumb\":{\"@id\":\"https:\\\/\\\/biog-biogas.com\\\/fr\\\/hygienisation\\\/#breadcrumb\"},\"inLanguage\":\"fr-FR\",\"potentialAction\":[{\"@type\":\"ReadAction\",\"target\":[\"https:\\\/\\\/biog-biogas.com\\\/fr\\\/hygienisation\\\/\"]}]},{\"@type\":\"BreadcrumbList\",\"@id\":\"https:\\\/\\\/biog-biogas.com\\\/fr\\\/hygienisation\\\/#breadcrumb\",\"itemListElement\":[{\"@type\":\"ListItem\",\"position\":1,\"name\":\"Startseite\",\"item\":\"https:\\\/\\\/biog-biogas.com\\\/fr\\\/\"},{\"@type\":\"ListItem\",\"position\":2,\"name\":\"Hygi\u00e9nisation\"}]},{\"@type\":\"WebSite\",\"@id\":\"https:\\\/\\\/biog-biogas.com\\\/fr\\\/#website\",\"url\":\"https:\\\/\\\/biog-biogas.com\\\/fr\\\/\",\"name\":\"BIOG\",\"description\":\"Solutions for green energy\",\"potentialAction\":[{\"@type\":\"SearchAction\",\"target\":{\"@type\":\"EntryPoint\",\"urlTemplate\":\"https:\\\/\\\/biog-biogas.com\\\/fr\\\/?s={search_term_string}\"},\"query-input\":{\"@type\":\"PropertyValueSpecification\",\"valueRequired\":true,\"valueName\":\"search_term_string\"}}],\"inLanguage\":\"fr-FR\"}]}<\/script>\n<!-- \/ Yoast SEO plugin. -->","yoast_head_json":{"title":"Hygi\u00e9nisation | BioG \u2022 Solutions for green energy","description":"Nous sommes vos sp\u00e9cialistes pour installations d\u2019hygi\u00e9nisation de tuyauteries en proc\u00e9dure de travers\u00e9e ! \u2606 Suppression de la formation de mousse \u2022 Traitement anti-germes par chauffage","robots":{"index":"index","follow":"follow","max-snippet":"max-snippet:-1","max-image-preview":"max-image-preview:large","max-video-preview":"max-video-preview:-1"},"canonical":"https:\/\/biog-biogas.com\/fr\/hygienisation\/","og_locale":"fr_FR","og_type":"article","og_title":"Hygi\u00e9nisation | BioG \u2022 Solutions for green energy","og_description":"Nous sommes vos sp\u00e9cialistes pour installations d\u2019hygi\u00e9nisation de tuyauteries en proc\u00e9dure de travers\u00e9e ! \u2606 Suppression de la formation de mousse \u2022 Traitement anti-germes par chauffage","og_url":"https:\/\/biog-biogas.com\/fr\/hygienisation\/","og_site_name":"BIOG","article_modified_time":"2019-07-25T12:08:33+00:00","twitter_card":"summary_large_image","twitter_misc":{"Dur\u00e9e de lecture estim\u00e9e":"2 minutes"},"schema":{"@context":"https:\/\/schema.org","@graph":[{"@type":"WebPage","@id":"https:\/\/biog-biogas.com\/fr\/hygienisation\/","url":"https:\/\/biog-biogas.com\/fr\/hygienisation\/","name":"Hygi\u00e9nisation | BioG \u2022 Solutions for green energy","isPartOf":{"@id":"https:\/\/biog-biogas.com\/fr\/#website"},"datePublished":"2019-02-08T18:18:31+00:00","dateModified":"2019-07-25T12:08:33+00:00","description":"Nous sommes vos sp\u00e9cialistes pour installations d\u2019hygi\u00e9nisation de tuyauteries en proc\u00e9dure de travers\u00e9e ! \u2606 Suppression de la formation de mousse \u2022 Traitement anti-germes par chauffage","breadcrumb":{"@id":"https:\/\/biog-biogas.com\/fr\/hygienisation\/#breadcrumb"},"inLanguage":"fr-FR","potentialAction":[{"@type":"ReadAction","target":["https:\/\/biog-biogas.com\/fr\/hygienisation\/"]}]},{"@type":"BreadcrumbList","@id":"https:\/\/biog-biogas.com\/fr\/hygienisation\/#breadcrumb","itemListElement":[{"@type":"ListItem","position":1,"name":"Startseite","item":"https:\/\/biog-biogas.com\/fr\/"},{"@type":"ListItem","position":2,"name":"Hygi\u00e9nisation"}]},{"@type":"WebSite","@id":"https:\/\/biog-biogas.com\/fr\/#website","url":"https:\/\/biog-biogas.com\/fr\/","name":"BIOG","description":"Solutions for green energy","potentialAction":[{"@type":"SearchAction","target":{"@type":"EntryPoint","urlTemplate":"https:\/\/biog-biogas.com\/fr\/?s={search_term_string}"},"query-input":{"@type":"PropertyValueSpecification","valueRequired":true,"valueName":"search_term_string"}}],"inLanguage":"fr-FR"}]}},"_links":{"self":[{"href":"https:\/\/biog-biogas.com\/fr\/wp-json\/wp\/v2\/pages\/2380","targetHints":{"allow":["GET"]}}],"collection":[{"href":"https:\/\/biog-biogas.com\/fr\/wp-json\/wp\/v2\/pages"}],"about":[{"href":"https:\/\/biog-biogas.com\/fr\/wp-json\/wp\/v2\/types\/page"}],"author":[{"embeddable":true,"href":"https:\/\/biog-biogas.com\/fr\/wp-json\/wp\/v2\/users\/1"}],"replies":[{"embeddable":true,"href":"https:\/\/biog-biogas.com\/fr\/wp-json\/wp\/v2\/comments?post=2380"}],"version-history":[{"count":0,"href":"https:\/\/biog-biogas.com\/fr\/wp-json\/wp\/v2\/pages\/2380\/revisions"}],"wp:attachment":[{"href":"https:\/\/biog-biogas.com\/fr\/wp-json\/wp\/v2\/media?parent=2380"}],"curies":[{"name":"wp","href":"https:\/\/api.w.org\/{rel}","templated":true}]}}