{"id":2399,"date":"2019-02-09T09:47:02","date_gmt":"2019-02-09T08:47:02","guid":{"rendered":"http:\/\/biog.adview.network\/adresse-bibliographique\/"},"modified":"2025-10-17T06:52:32","modified_gmt":"2025-10-17T04:52:32","slug":"adresse-bibliographique","status":"publish","type":"page","link":"https:\/\/biog-biogas.com\/fr\/adresse-bibliographique\/","title":{"rendered":"Adresse bibliographique"},"content":{"rendered":"<div class=\"wpb-content-wrapper\"><p>[vc_row][vc_column]<div id=\"ultimate-heading-467669f2edfc33c02\" class=\"uvc-heading ult-adjust-bottom-margin ultimate-heading-467669f2edfc33c02 uvc-2283 \" data-hspacer=\"no_spacer\"  data-halign=\"left\" style=\"text-align:left\"><div class=\"uvc-heading-spacer no_spacer\" style=\"top\"><\/div><div class=\"uvc-main-heading ult-responsive\"  data-ultimate-target='.uvc-heading.ultimate-heading-467669f2edfc33c02 h2'  data-responsive-json-new='{\"font-size\":\"desktop:28px;\",\"line-height\":\"\"}' ><h2 style=\"--font-weight:theme;margin-bottom:25px;\">Publication conform\u00e9ment au \u00a7\u00a724, 25 de la loi sur les m\u00e9dias et les informations selon \u00a7\u00a7 5 ECG<\/h2><\/div><\/div>[vc_column_text]<\/p>\n<h4>Responsable du contenu:<\/h4>\n<p>BioG GmbH<br \/>\nWeilbolden 18<br \/>\nA-4972 Utzenaich<br \/>\nAutriche<\/p>\n<h4>Repr\u00e9sent\u00e9e par:<\/h4>\n<p>Josef H\u00f6ckner, Directeur<\/p>\n<h4>Contact:<\/h4>\n<p>N\u00b0 de t\u00e9l\u00e9phone: +43 (0) 7751 \/ 50149 &#8211; 0<br \/>\nAdresse e-mail: <a href=\"&#x6d;&#x61;&#x69;&#x6c;&#116;&#111;:of&#x66;&#x69;&#x63;&#x65;&#64;&#98;iog&#x2e;&#x61;&#x74;\">&#x6f;f&#x66;&#105;&#x63;&#101;&#x40;&#x62;i&#x6f;&#103;&#x2e;&#97;&#x74;<\/a><\/p>\n<h4>N\u00b0 d\u2019identification de TVA:<\/h4>\n<p>Num\u00e9ro de TVA: ATU64107503<\/p>\n<h4>Inscription au registre:<\/h4>\n<p>Registre des soci\u00e9t\u00e9s : Tribunal \u00e9tatique Ried im Innkreis, FN3062239b<\/p>\n<p>BioG GmbH est membre de la chambre d\u2019\u00e9conomie et de commerce d\u2019Autriche, conform\u00e9ment aux dispositions l\u00e9gislatives correspondantes.<br \/>\nPour l\u2019appartenance \u00e0 des organismes de la chambre d\u2019\u00e9conomie et de commerce, voir les soci\u00e9t\u00e9s A-Z sur le site Web de la WK\u00d6 <a href=\"https:\/\/firmen.wko.at\" target=\"_blank\" rel=\"noopener noreferrer\">https:\/\/firmen.wko.at<\/a>.<\/p>\n<h4>Objet social:<\/h4>\n<p>Construction g\u00e9n\u00e9rale de machines, commerce avec des moyens techniques et industriels<\/p>\n<h4>Autorit\u00e9 conf. \u00c0 ECG:<\/h4>\n<p>Autorit\u00e9 administrative Ried im Innkreis<\/p>\n<h4>Dispositions l\u00e9gales:<\/h4>\n<p><a href=\"https:\/\/www.ris.bka.gv.at\/\" target=\"_blank\" rel=\"noopener noreferrer\">https:\/\/www.ris.bka.gv.at\/<\/a>[\/vc_column_text][\/vc_column][\/vc_row][vc_row][vc_column][vc_column_text]Un projet de: <a href=\"https:\/\/www.agromarketing.at\/\" target=\"_blank\" rel=\"noopener noreferrer\">Agromarketing<\/a>[\/vc_column_text][\/vc_column][\/vc_row]<\/p>\n<\/div>","protected":false},"excerpt":{"rendered":"<p>[vc_row][vc_column][vc_column_text] Responsable du contenu: BioG GmbH Weilbolden 18 A-4972 Utzenaich Autriche Repr\u00e9sent\u00e9e par: Josef H\u00f6ckner, Directeur Contact: N\u00b0 de t\u00e9l\u00e9phone: +43 (0) 7751 \/ 50149 &#8211; 0 Adresse e-mail: &#x6f;&#102;&#x66;&#x69;c&#x65;&#64;b&#x69;&#111;g&#x2e;&#97;&#x74; N\u00b0 d\u2019identification de TVA: Num\u00e9ro de TVA: ATU64107503 Inscription au registre: Registre des soci\u00e9t\u00e9s : Tribunal \u00e9tatique Ried im Innkreis, FN3062239b BioG GmbH est membre&hellip;<\/p>\n","protected":false},"author":1,"featured_media":0,"parent":0,"menu_order":0,"comment_status":"closed","ping_status":"open","template":"","meta":{"footnotes":""},"class_list":["post-2399","page","type-page","status-publish","hentry","description-off"],"yoast_head":"<!-- This site is optimized with the Yoast SEO plugin v27.5 - https:\/\/yoast.com\/product\/yoast-seo-wordpress\/ -->\n<title>Adresse bibliographique et publication | BioG \u2022 Solutions for green energy<\/title>\n<meta name=\"description\" content=\"Ici, vous trouvez l\u2019adresse bibliographique de BioG ! \u2606 Responsable du contenu : BioG GmbH \u2022 Repr\u00e9sent\u00e9e par le directeur Josef H\u00f6ckner\" \/>\n<meta name=\"robots\" content=\"noindex, follow\" \/>\n<meta property=\"og:locale\" content=\"fr_FR\" \/>\n<meta property=\"og:type\" content=\"article\" \/>\n<meta property=\"og:title\" content=\"Adresse bibliographique et publication | BioG \u2022 Solutions for green energy\" \/>\n<meta property=\"og:description\" content=\"Ici, vous trouvez l\u2019adresse bibliographique de BioG ! \u2606 Responsable du contenu : BioG GmbH \u2022 Repr\u00e9sent\u00e9e par le directeur Josef H\u00f6ckner\" \/>\n<meta property=\"og:url\" content=\"https:\/\/biog-biogas.com\/fr\/adresse-bibliographique\/\" \/>\n<meta property=\"og:site_name\" content=\"BIOG\" \/>\n<meta property=\"article:modified_time\" content=\"2025-10-17T04:52:32+00:00\" \/>\n<meta name=\"twitter:card\" content=\"summary_large_image\" \/>\n<meta name=\"twitter:label1\" content=\"Dur\u00e9e de lecture estim\u00e9e\" \/>\n\t<meta name=\"twitter:data1\" content=\"1 minute\" \/>\n<script type=\"application\/ld+json\" class=\"yoast-schema-graph\">{\"@context\":\"https:\\\/\\\/schema.org\",\"@graph\":[{\"@type\":\"WebPage\",\"@id\":\"https:\\\/\\\/biog-biogas.com\\\/fr\\\/adresse-bibliographique\\\/\",\"url\":\"https:\\\/\\\/biog-biogas.com\\\/fr\\\/adresse-bibliographique\\\/\",\"name\":\"Adresse bibliographique et publication | BioG \u2022 Solutions for green energy\",\"isPartOf\":{\"@id\":\"https:\\\/\\\/biog-biogas.com\\\/fr\\\/#website\"},\"datePublished\":\"2019-02-09T08:47:02+00:00\",\"dateModified\":\"2025-10-17T04:52:32+00:00\",\"description\":\"Ici, vous trouvez l\u2019adresse bibliographique de BioG ! \u2606 Responsable du contenu : BioG GmbH \u2022 Repr\u00e9sent\u00e9e par le directeur Josef H\u00f6ckner\",\"breadcrumb\":{\"@id\":\"https:\\\/\\\/biog-biogas.com\\\/fr\\\/adresse-bibliographique\\\/#breadcrumb\"},\"inLanguage\":\"fr-FR\",\"potentialAction\":[{\"@type\":\"ReadAction\",\"target\":[\"https:\\\/\\\/biog-biogas.com\\\/fr\\\/adresse-bibliographique\\\/\"]}]},{\"@type\":\"BreadcrumbList\",\"@id\":\"https:\\\/\\\/biog-biogas.com\\\/fr\\\/adresse-bibliographique\\\/#breadcrumb\",\"itemListElement\":[{\"@type\":\"ListItem\",\"position\":1,\"name\":\"Startseite\",\"item\":\"https:\\\/\\\/biog-biogas.com\\\/fr\\\/\"},{\"@type\":\"ListItem\",\"position\":2,\"name\":\"Adresse bibliographique\"}]},{\"@type\":\"WebSite\",\"@id\":\"https:\\\/\\\/biog-biogas.com\\\/fr\\\/#website\",\"url\":\"https:\\\/\\\/biog-biogas.com\\\/fr\\\/\",\"name\":\"BIOG\",\"description\":\"Solutions for green energy\",\"potentialAction\":[{\"@type\":\"SearchAction\",\"target\":{\"@type\":\"EntryPoint\",\"urlTemplate\":\"https:\\\/\\\/biog-biogas.com\\\/fr\\\/?s={search_term_string}\"},\"query-input\":{\"@type\":\"PropertyValueSpecification\",\"valueRequired\":true,\"valueName\":\"search_term_string\"}}],\"inLanguage\":\"fr-FR\"}]}<\/script>\n<!-- \/ Yoast SEO plugin. -->","yoast_head_json":{"title":"Adresse bibliographique et publication | BioG \u2022 Solutions for green energy","description":"Ici, vous trouvez l\u2019adresse bibliographique de BioG ! \u2606 Responsable du contenu : BioG GmbH \u2022 Repr\u00e9sent\u00e9e par le directeur Josef H\u00f6ckner","robots":{"index":"noindex","follow":"follow"},"og_locale":"fr_FR","og_type":"article","og_title":"Adresse bibliographique et publication | BioG \u2022 Solutions for green energy","og_description":"Ici, vous trouvez l\u2019adresse bibliographique de BioG ! \u2606 Responsable du contenu : BioG GmbH \u2022 Repr\u00e9sent\u00e9e par le directeur Josef H\u00f6ckner","og_url":"https:\/\/biog-biogas.com\/fr\/adresse-bibliographique\/","og_site_name":"BIOG","article_modified_time":"2025-10-17T04:52:32+00:00","twitter_card":"summary_large_image","twitter_misc":{"Dur\u00e9e de lecture estim\u00e9e":"1 minute"},"schema":{"@context":"https:\/\/schema.org","@graph":[{"@type":"WebPage","@id":"https:\/\/biog-biogas.com\/fr\/adresse-bibliographique\/","url":"https:\/\/biog-biogas.com\/fr\/adresse-bibliographique\/","name":"Adresse bibliographique et publication | BioG \u2022 Solutions for green energy","isPartOf":{"@id":"https:\/\/biog-biogas.com\/fr\/#website"},"datePublished":"2019-02-09T08:47:02+00:00","dateModified":"2025-10-17T04:52:32+00:00","description":"Ici, vous trouvez l\u2019adresse bibliographique de BioG ! \u2606 Responsable du contenu : BioG GmbH \u2022 Repr\u00e9sent\u00e9e par le directeur Josef H\u00f6ckner","breadcrumb":{"@id":"https:\/\/biog-biogas.com\/fr\/adresse-bibliographique\/#breadcrumb"},"inLanguage":"fr-FR","potentialAction":[{"@type":"ReadAction","target":["https:\/\/biog-biogas.com\/fr\/adresse-bibliographique\/"]}]},{"@type":"BreadcrumbList","@id":"https:\/\/biog-biogas.com\/fr\/adresse-bibliographique\/#breadcrumb","itemListElement":[{"@type":"ListItem","position":1,"name":"Startseite","item":"https:\/\/biog-biogas.com\/fr\/"},{"@type":"ListItem","position":2,"name":"Adresse bibliographique"}]},{"@type":"WebSite","@id":"https:\/\/biog-biogas.com\/fr\/#website","url":"https:\/\/biog-biogas.com\/fr\/","name":"BIOG","description":"Solutions for green energy","potentialAction":[{"@type":"SearchAction","target":{"@type":"EntryPoint","urlTemplate":"https:\/\/biog-biogas.com\/fr\/?s={search_term_string}"},"query-input":{"@type":"PropertyValueSpecification","valueRequired":true,"valueName":"search_term_string"}}],"inLanguage":"fr-FR"}]}},"_links":{"self":[{"href":"https:\/\/biog-biogas.com\/fr\/wp-json\/wp\/v2\/pages\/2399","targetHints":{"allow":["GET"]}}],"collection":[{"href":"https:\/\/biog-biogas.com\/fr\/wp-json\/wp\/v2\/pages"}],"about":[{"href":"https:\/\/biog-biogas.com\/fr\/wp-json\/wp\/v2\/types\/page"}],"author":[{"embeddable":true,"href":"https:\/\/biog-biogas.com\/fr\/wp-json\/wp\/v2\/users\/1"}],"replies":[{"embeddable":true,"href":"https:\/\/biog-biogas.com\/fr\/wp-json\/wp\/v2\/comments?post=2399"}],"version-history":[{"count":0,"href":"https:\/\/biog-biogas.com\/fr\/wp-json\/wp\/v2\/pages\/2399\/revisions"}],"wp:attachment":[{"href":"https:\/\/biog-biogas.com\/fr\/wp-json\/wp\/v2\/media?parent=2399"}],"curies":[{"name":"wp","href":"https:\/\/api.w.org\/{rel}","templated":true}]}}