{"id":2525,"date":"2019-02-09T11:40:43","date_gmt":"2019-02-09T10:40:43","guid":{"rendered":"http:\/\/biog.adview.network\/installations-de-sechage\/"},"modified":"2019-07-30T11:48:01","modified_gmt":"2019-07-30T09:48:01","slug":"installations-de-sechage","status":"publish","type":"page","link":"https:\/\/biog-biogas.com\/fr\/installations-de-sechage\/","title":{"rendered":"Installations de s\u00e9chage"},"content":{"rendered":"<div class=\"wpb-content-wrapper\"><p>[vc_row][vc_column]<div id=\"ultimate-heading-13346a07bd5caef58\" class=\"uvc-heading ult-adjust-bottom-margin ultimate-heading-13346a07bd5caef58 uvc-6781  uvc-heading-default-font-sizes\" data-hspacer=\"no_spacer\"  data-halign=\"left\" style=\"text-align:left\"><div class=\"uvc-heading-spacer no_spacer\" style=\"top\"><\/div><div class=\"uvc-main-heading ult-responsive\"  data-ultimate-target='.uvc-heading.ultimate-heading-13346a07bd5caef58 h2'  data-responsive-json-new='{\"font-size\":\"\",\"line-height\":\"\"}' ><h2 style=\"--font-weight:theme;margin-bottom:15px;\">Installations de s\u00e9chage<\/h2><\/div><\/div><div id=\"ultimate-heading-81316a07bd5caf043\" class=\"uvc-heading ult-adjust-bottom-margin ultimate-heading-81316a07bd5caf043 uvc-2244  uvc-heading-default-font-sizes\" data-hspacer=\"no_spacer\"  data-halign=\"left\" style=\"text-align:left\"><div class=\"uvc-heading-spacer no_spacer\" style=\"top\"><\/div><div class=\"uvc-main-heading ult-responsive\"  data-ultimate-target='.uvc-heading.ultimate-heading-81316a07bd5caf043 h1'  data-responsive-json-new='{\"font-size\":\"\",\"line-height\":\"\"}' ><h1 style=\"--font-weight:theme;margin-bottom:15px;\">Concept de fond mouvant \u2018Walking Floor) pour une efficacit\u00e9 des plus \u00e9lev\u00e9es dans le s\u00e9chage de produits en vrac<\/h1><\/div><\/div>[\/vc_column][\/vc_row][vc_row equal_height=\u00a0\u00bbyes\u00a0\u00bb content_placement=\u00a0\u00bbbottom\u00a0\u00bb][vc_column width=\u00a0\u00bb3\/4&Prime;][vc_column_text]BioG construit \u00e9galement des installations de s\u00e9chage sur la base du fond mouvant (Walking-Floor) et offre cela en tant que solutions sous forme de conteneurs ainsi qu\u2019en tant que syst\u00e8mes de s\u00e9chage r\u00e9alis\u00e9s sur mesure et int\u00e9gr\u00e9s. Avec cela, l\u2019attention repose sur la r\u00e9partition thermique la plus grande possible.<\/p>\n<p>Dans un processus en 2 \u00e9tapes, compos\u00e9 d\u2019un r\u00e9servoir de stockage et d&rsquo;une chambre de s\u00e9chage, une saturation de l\u2019air \u00e0 100% et un degr\u00e9 de s\u00e9chage r\u00e9glable de mani\u00e8re pr\u00e9cise sont atteints. Avec cela, de l\u2019air r\u00e9chauff\u00e9 via un \u00e9changeur thermique est conduit dans un processus \u00e0 deux \u00e9tapes, dans un premier temps \u00e0 travers la zone de s\u00e9chage final et seulement apr\u00e8s \u00e0 travers la zone de stockage. Cette derni\u00e8re agit simultan\u00e9ment en tant que filtre biologique et maintient le rail de s\u00e9chage exempt de poussi\u00e8re.<\/p>\n<p>De mani\u00e8re id\u00e9ale, de tels syst\u00e8mes sont utilis\u00e9s avec des installations de biogaz. Ici, la chaleur d\u2019\u00e9vacuation peut \u00eatre utilis\u00e9e de mani\u00e8re id\u00e9ale pour le s\u00e9chage de mati\u00e8res, comme des c\u00e9r\u00e9ales, des copeaux de bois et d\u2019autres produits en vrac. Des installations \u00e0 carburateurs \u00e0 bois sont \u00e9galement un champ d\u2019utilisation id\u00e9al pour une technologie de s\u00e9chage innovatrice.[\/vc_column_text][vc_single_image image=\u00a0\u00bb1176&Prime; img_size=\u00a0\u00bbmedium\u00a0\u00bb alignment=\u00a0\u00bbright\u00a0\u00bb onclick=\u00a0\u00bblink_image\u00a0\u00bb][\/vc_column][vc_column width=\u00a0\u00bb1\/4&Prime;][vc_single_image image=\u00a0\u00bb1169&Prime; img_size=\u00a0\u00bblarge\u00a0\u00bb onclick=\u00a0\u00bblink_image\u00a0\u00bb][\/vc_column][\/vc_row]<\/p>\n<\/div>","protected":false},"excerpt":{"rendered":"<p>[vc_row][vc_column][\/vc_column][\/vc_row][vc_row equal_height=\u00a0\u00bbyes\u00a0\u00bb content_placement=\u00a0\u00bbbottom\u00a0\u00bb][vc_column width=\u00a0\u00bb3\/4&Prime;][vc_column_text]BioG construit \u00e9galement des installations de s\u00e9chage sur la base du fond mouvant (Walking-Floor) et offre cela en tant que solutions sous forme de conteneurs ainsi qu\u2019en tant que syst\u00e8mes de s\u00e9chage r\u00e9alis\u00e9s sur mesure et int\u00e9gr\u00e9s. Avec cela, l\u2019attention repose sur la r\u00e9partition thermique la plus grande possible. Dans un processus&hellip;<\/p>\n","protected":false},"author":1,"featured_media":0,"parent":0,"menu_order":0,"comment_status":"closed","ping_status":"open","template":"","meta":{"footnotes":""},"class_list":["post-2525","page","type-page","status-publish","hentry","description-off"],"yoast_head":"<!-- This site is optimized with the Yoast SEO plugin v27.5 - https:\/\/yoast.com\/product\/yoast-seo-wordpress\/ -->\n<title>Installations de s\u00e9chage | BioG \u2022 Solutions for green energy<\/title>\n<meta name=\"description\" content=\"Avec le concept du fond mouvant (Walking Floor), nous r\u00e9alisons pour vous le degr\u00e9 d\u2019efficacit\u00e9 le plus \u00e9lev\u00e9 dans le s\u00e9chage de produits en vrac ! \u2606 R\u00e9partition thermique la plus grande possible\" \/>\n<meta name=\"robots\" content=\"index, follow, max-snippet:-1, max-image-preview:large, max-video-preview:-1\" \/>\n<link rel=\"canonical\" href=\"https:\/\/biog-biogas.com\/fr\/installations-de-sechage\/\" \/>\n<meta property=\"og:locale\" content=\"fr_FR\" \/>\n<meta property=\"og:type\" content=\"article\" \/>\n<meta property=\"og:title\" content=\"Installations de s\u00e9chage | BioG \u2022 Solutions for green energy\" \/>\n<meta property=\"og:description\" content=\"Avec le concept du fond mouvant (Walking Floor), nous r\u00e9alisons pour vous le degr\u00e9 d\u2019efficacit\u00e9 le plus \u00e9lev\u00e9 dans le s\u00e9chage de produits en vrac ! \u2606 R\u00e9partition thermique la plus grande possible\" \/>\n<meta property=\"og:url\" content=\"https:\/\/biog-biogas.com\/fr\/installations-de-sechage\/\" \/>\n<meta property=\"og:site_name\" content=\"BIOG\" \/>\n<meta property=\"article:modified_time\" content=\"2019-07-30T09:48:01+00:00\" \/>\n<meta name=\"twitter:card\" content=\"summary_large_image\" \/>\n<meta name=\"twitter:label1\" content=\"Dur\u00e9e de lecture estim\u00e9e\" \/>\n\t<meta name=\"twitter:data1\" content=\"2 minutes\" \/>\n<script type=\"application\/ld+json\" class=\"yoast-schema-graph\">{\"@context\":\"https:\\\/\\\/schema.org\",\"@graph\":[{\"@type\":\"WebPage\",\"@id\":\"https:\\\/\\\/biog-biogas.com\\\/fr\\\/installations-de-sechage\\\/\",\"url\":\"https:\\\/\\\/biog-biogas.com\\\/fr\\\/installations-de-sechage\\\/\",\"name\":\"Installations de s\u00e9chage | BioG \u2022 Solutions for green energy\",\"isPartOf\":{\"@id\":\"https:\\\/\\\/biog-biogas.com\\\/fr\\\/#website\"},\"datePublished\":\"2019-02-09T10:40:43+00:00\",\"dateModified\":\"2019-07-30T09:48:01+00:00\",\"description\":\"Avec le concept du fond mouvant (Walking Floor), nous r\u00e9alisons pour vous le degr\u00e9 d\u2019efficacit\u00e9 le plus \u00e9lev\u00e9 dans le s\u00e9chage de produits en vrac ! \u2606 R\u00e9partition thermique la plus grande possible\",\"breadcrumb\":{\"@id\":\"https:\\\/\\\/biog-biogas.com\\\/fr\\\/installations-de-sechage\\\/#breadcrumb\"},\"inLanguage\":\"fr-FR\",\"potentialAction\":[{\"@type\":\"ReadAction\",\"target\":[\"https:\\\/\\\/biog-biogas.com\\\/fr\\\/installations-de-sechage\\\/\"]}]},{\"@type\":\"BreadcrumbList\",\"@id\":\"https:\\\/\\\/biog-biogas.com\\\/fr\\\/installations-de-sechage\\\/#breadcrumb\",\"itemListElement\":[{\"@type\":\"ListItem\",\"position\":1,\"name\":\"Startseite\",\"item\":\"https:\\\/\\\/biog-biogas.com\\\/fr\\\/\"},{\"@type\":\"ListItem\",\"position\":2,\"name\":\"Installations de s\u00e9chage\"}]},{\"@type\":\"WebSite\",\"@id\":\"https:\\\/\\\/biog-biogas.com\\\/fr\\\/#website\",\"url\":\"https:\\\/\\\/biog-biogas.com\\\/fr\\\/\",\"name\":\"BIOG\",\"description\":\"Solutions for green energy\",\"potentialAction\":[{\"@type\":\"SearchAction\",\"target\":{\"@type\":\"EntryPoint\",\"urlTemplate\":\"https:\\\/\\\/biog-biogas.com\\\/fr\\\/?s={search_term_string}\"},\"query-input\":{\"@type\":\"PropertyValueSpecification\",\"valueRequired\":true,\"valueName\":\"search_term_string\"}}],\"inLanguage\":\"fr-FR\"}]}<\/script>\n<!-- \/ Yoast SEO plugin. -->","yoast_head_json":{"title":"Installations de s\u00e9chage | BioG \u2022 Solutions for green energy","description":"Avec le concept du fond mouvant (Walking Floor), nous r\u00e9alisons pour vous le degr\u00e9 d\u2019efficacit\u00e9 le plus \u00e9lev\u00e9 dans le s\u00e9chage de produits en vrac ! \u2606 R\u00e9partition thermique la plus grande possible","robots":{"index":"index","follow":"follow","max-snippet":"max-snippet:-1","max-image-preview":"max-image-preview:large","max-video-preview":"max-video-preview:-1"},"canonical":"https:\/\/biog-biogas.com\/fr\/installations-de-sechage\/","og_locale":"fr_FR","og_type":"article","og_title":"Installations de s\u00e9chage | BioG \u2022 Solutions for green energy","og_description":"Avec le concept du fond mouvant (Walking Floor), nous r\u00e9alisons pour vous le degr\u00e9 d\u2019efficacit\u00e9 le plus \u00e9lev\u00e9 dans le s\u00e9chage de produits en vrac ! \u2606 R\u00e9partition thermique la plus grande possible","og_url":"https:\/\/biog-biogas.com\/fr\/installations-de-sechage\/","og_site_name":"BIOG","article_modified_time":"2019-07-30T09:48:01+00:00","twitter_card":"summary_large_image","twitter_misc":{"Dur\u00e9e de lecture estim\u00e9e":"2 minutes"},"schema":{"@context":"https:\/\/schema.org","@graph":[{"@type":"WebPage","@id":"https:\/\/biog-biogas.com\/fr\/installations-de-sechage\/","url":"https:\/\/biog-biogas.com\/fr\/installations-de-sechage\/","name":"Installations de s\u00e9chage | BioG \u2022 Solutions for green energy","isPartOf":{"@id":"https:\/\/biog-biogas.com\/fr\/#website"},"datePublished":"2019-02-09T10:40:43+00:00","dateModified":"2019-07-30T09:48:01+00:00","description":"Avec le concept du fond mouvant (Walking Floor), nous r\u00e9alisons pour vous le degr\u00e9 d\u2019efficacit\u00e9 le plus \u00e9lev\u00e9 dans le s\u00e9chage de produits en vrac ! \u2606 R\u00e9partition thermique la plus grande possible","breadcrumb":{"@id":"https:\/\/biog-biogas.com\/fr\/installations-de-sechage\/#breadcrumb"},"inLanguage":"fr-FR","potentialAction":[{"@type":"ReadAction","target":["https:\/\/biog-biogas.com\/fr\/installations-de-sechage\/"]}]},{"@type":"BreadcrumbList","@id":"https:\/\/biog-biogas.com\/fr\/installations-de-sechage\/#breadcrumb","itemListElement":[{"@type":"ListItem","position":1,"name":"Startseite","item":"https:\/\/biog-biogas.com\/fr\/"},{"@type":"ListItem","position":2,"name":"Installations de s\u00e9chage"}]},{"@type":"WebSite","@id":"https:\/\/biog-biogas.com\/fr\/#website","url":"https:\/\/biog-biogas.com\/fr\/","name":"BIOG","description":"Solutions for green energy","potentialAction":[{"@type":"SearchAction","target":{"@type":"EntryPoint","urlTemplate":"https:\/\/biog-biogas.com\/fr\/?s={search_term_string}"},"query-input":{"@type":"PropertyValueSpecification","valueRequired":true,"valueName":"search_term_string"}}],"inLanguage":"fr-FR"}]}},"_links":{"self":[{"href":"https:\/\/biog-biogas.com\/fr\/wp-json\/wp\/v2\/pages\/2525","targetHints":{"allow":["GET"]}}],"collection":[{"href":"https:\/\/biog-biogas.com\/fr\/wp-json\/wp\/v2\/pages"}],"about":[{"href":"https:\/\/biog-biogas.com\/fr\/wp-json\/wp\/v2\/types\/page"}],"author":[{"embeddable":true,"href":"https:\/\/biog-biogas.com\/fr\/wp-json\/wp\/v2\/users\/1"}],"replies":[{"embeddable":true,"href":"https:\/\/biog-biogas.com\/fr\/wp-json\/wp\/v2\/comments?post=2525"}],"version-history":[{"count":0,"href":"https:\/\/biog-biogas.com\/fr\/wp-json\/wp\/v2\/pages\/2525\/revisions"}],"wp:attachment":[{"href":"https:\/\/biog-biogas.com\/fr\/wp-json\/wp\/v2\/media?parent=2525"}],"curies":[{"name":"wp","href":"https:\/\/api.w.org\/{rel}","templated":true}]}}