{"id":282568,"date":"2024-03-12T11:43:19","date_gmt":"2024-03-12T10:43:19","guid":{"rendered":"https:\/\/biog-biogas.com\/?page_id=282568"},"modified":"2025-11-06T08:26:10","modified_gmt":"2025-11-06T07:26:10","slug":"gnv-station-service-a-la-ferme","status":"publish","type":"page","link":"https:\/\/biog-biogas.com\/fr\/gnv-station-service-a-la-ferme\/","title":{"rendered":"GNV Station service \u00e0 la ferme"},"content":{"rendered":"<div class=\"wpb-content-wrapper\"><p>[vc_row][vc_column width=\u00a0\u00bb2\/3&Prime;]<div id=\"ultimate-heading-5876a038eb7a047d\" class=\"uvc-heading ult-adjust-bottom-margin ultimate-heading-5876a038eb7a047d uvc-46  uvc-heading-default-font-sizes\" data-hspacer=\"no_spacer\"  data-halign=\"left\" style=\"text-align:left\"><div class=\"uvc-heading-spacer no_spacer\" style=\"top\"><\/div><div class=\"uvc-main-heading ult-responsive\"  data-ultimate-target='.uvc-heading.ultimate-heading-5876a038eb7a047d h2'  data-responsive-json-new='{\"font-size\":\"\",\"line-height\":\"\"}' ><h2 style=\"--font-weight:theme;\">GNV station service \u00e0 la ferme<\/h2><\/div><\/div><div id=\"ultimate-heading-94676a038eb7a05f1\" class=\"uvc-heading ult-adjust-bottom-margin ultimate-heading-94676a038eb7a05f1 uvc-2159  uvc-heading-default-font-sizes\" data-hspacer=\"no_spacer\"  data-halign=\"left\" style=\"text-align:left\"><div class=\"uvc-heading-spacer no_spacer\" style=\"top\"><\/div><div class=\"uvc-main-heading ult-responsive\"  data-ultimate-target='.uvc-heading.ultimate-heading-94676a038eb7a05f1 h1'  data-responsive-json-new='{\"font-size\":\"\",\"line-height\":\"\"}' ><h1 style=\"--font-weight:theme;\">Carburant \u00e0 base de fumier et de r\u00e9sidus de cultures<\/h1><\/div><\/div>[vc_column_text css=\u00a0\u00bb\u00a0\u00bb]Produisez votre propre carburant et obtenez des certificats ges gr\u00e2ce \u00e0 votre station-service.<\/p>\n<p>Le GNV est du Biogaz purifi\u00e9, comprim\u00e9 \u00e0 250 bars. Il est utilis\u00e9 pour tout type v\u00e9hicules fonctionnant au gaz naturel.[\/vc_column_text][\/vc_column][vc_column width=\u00a0\u00bb1\/3&Prime;][vc_single_image image=\u00a0\u00bb282351&Prime; img_size=\u00a0\u00bblarge\u00a0\u00bb alignment=\u00a0\u00bbcenter\u00a0\u00bb][\/vc_column][\/vc_row][vc_row][vc_column][vc_column_text css=\u00a0\u00bb\u00a0\u00bb]<strong>Elle fonctionne de la fa\u00e7on suivante:<\/strong><\/p>\n<p>10 \u00e0 20 % de votre production de Biogaz est pr\u00e9lev\u00e9 de votre production; il est ensuite nettoy\u00e9, comprim\u00e9 et s\u00e9par\u00e9 de son CO2 via une \u00e9puration membranaire. Le CH4 obtenu est ensuite comprim\u00e9 \u00e0 250 bars et stock\u00e9 dans des bouteilles. Le GNV est donc disponible dans les bouteilles pour les v\u00e9hicules. Les OFF-gaz, 82 % de CO2 ET 18 % de CH4, sont directement renvoy\u00e9s dans la ligne d\u2019alimentation du moteur de cog\u00e9n\u00e9ration.[\/vc_column_text][vc_empty_space][\/vc_column][\/vc_row][vc_row][vc_column width=\u00a0\u00bb1\/2&Prime;]<div id=\"ultimate-heading-42296a038eb7a06af\" class=\"uvc-heading ult-adjust-bottom-margin ultimate-heading-42296a038eb7a06af uvc-5105  uvc-heading-default-font-sizes\" data-hspacer=\"no_spacer\"  data-halign=\"left\" style=\"text-align:left\"><div class=\"uvc-heading-spacer no_spacer\" style=\"top\"><\/div><div class=\"uvc-main-heading ult-responsive\"  data-ultimate-target='.uvc-heading.ultimate-heading-42296a038eb7a06af h2'  data-responsive-json-new='{\"font-size\":\"\",\"line-height\":\"\"}' ><h2 style=\"--font-weight:theme;\">Donn\u00e9es techniques<\/h2><\/div><\/div>[vc_column_text css=\u00a0\u00bb\u00a0\u00bb]3 tailles: 35, 65 et 100 m\u00b3 de Biogaz[\/vc_column_text]<div class=\"standard-arrow list-divider bullet-top\"><ul>\n<li>La puret\u00e9 du CH4 en sotie membranes est comprise entre 95 et 98 %<\/li>\n<li>La teneur en CH4 des Offgaz est comprises entre 15 et 20 %<\/li>\n<li>Pour 10 % de Biogaz pr\u00e9lev\u00e9, la teneur en CH4 n\u2019est r\u00e9duit que de 4 %<\/li>\n<li>Un stockage de 960 l contient 240 m\u00b3 sois 1\u00b470 kg de CH4 \u00e0 250 bars<\/li>\n<li>Environ 1\/3 peut \u00eatre soutirer soit 56 kg, ce qui correspond \u00e0 73 l de diesel.<\/li>\n<li>1 kg de GNV produit l\u2019enegie de 1,5 l d\u2019essence et 1,3 l de diesel<\/li>\n<li>La consommation de la station correspond \u00e0 10 % du plein de l\u2018engin<\/li>\n<li>Les packs de stockage peuvent \u00eatre compl\u00e9t\u00e9s sous forme d&rsquo;extension (= pack de base de 960 l + extension possible par tranches de 960 l)<\/li>\n<\/ul>\n<\/div>[\/vc_column][vc_column width=\u00a0\u00bb1\/2&Prime;][vc_empty_space height=\u00a0\u00bb100px\u00a0\u00bb][vc_single_image image=\u00a0\u00bb284795&Prime; img_size=\u00a0\u00bbfull\u00a0\u00bb css=\u00a0\u00bb\u00a0\u00bb][\/vc_column][\/vc_row][vc_row][vc_column][vc_empty_space]<div id=\"highlight-box-wrap-1691\"  data-ultimate-target='#highlight-box-wrap-1691'  data-responsive-json-new='{\"font-size\":\"desktop:32px;\",\"line-height\":\"\"}'  class=\"ultimate-call-to-action ult-adjust-bottom-margin  ctaction-text-center ult-responsive\" style=\"font-family:Kalam;font-weight:normal;color:#ffffff;background:#0ba14b;padding-top:20px;padding-bottom:20px;\"  data-background=\"#0ba14b\"  data-background-hover=\"#2f2f2f\"  data-override=\"0\" ><div class=\"ultimate-ctaction-icon ctaction-icon-right-push\"><div class=\"ult-just-icon-wrapper  \"><div class=\"align-icon\" style=\"text-align:center;\">\n<div class=\"aio-icon none \"  style=\"font-size:32px;display:inline-block;\">\n\t<i class=\"Defaults-cloud-download\"><\/i>\n<\/div><\/div><\/div><\/div><div class=\"uvc-ctaction-data uvc-ctaction-data-right-push ult-responsive\">T\u00e9l\u00e9charger la brochure actuelle sur les stations-service BioCNG \u00e0 la ferme au format PDF !<\/div><a class=\"ulimate-call-to-action-link\" href=\"https:\/\/biog-biogas.com\/wp-content\/uploads\/FR_Hoftankstelle.pdf\" ><\/a><\/div>[\/vc_column][\/vc_row][vc_row][vc_column][vc_column_text css=\u00a0\u00bb\u00a0\u00bb]<\/p>\n<table width=\"471\">\n<tbody>\n<tr>\n<td width=\"226\">\n<h3>TYPE 3 niveaux<\/h3>\n<\/td>\n<td width=\"78\">\n<h3><strong>T35D<\/strong><\/h3>\n<\/td>\n<td width=\"78\">\n<h3><strong>T65D<\/strong><\/h3>\n<\/td>\n<td width=\"79\">\n<h3><strong>T100D<\/strong><\/h3>\n<\/td>\n<\/tr>\n<tr>\n<td>Quantit\u00e9 de biogaz m\u00b3\/h<\/td>\n<td>27,3<\/td>\n<td>50,4<\/td>\n<td>77,5<\/td>\n<\/tr>\n<tr>\n<td>Nombre de membranes<\/td>\n<td>3<\/td>\n<td>3<\/td>\n<td>3<\/td>\n<\/tr>\n<tr>\n<td>CH<sub>4<\/sub> m<sup>3<\/sup>\/h \u00e0 52 % CH<sub>4<\/sub><\/td>\n<td>14,2<\/td>\n<td>26,2<\/td>\n<td>40,3<\/td>\n<\/tr>\n<tr>\n<td>CH<sub>4<\/sub> dans les gaz r\u00e9siduaires \u00e0 0,5 % m\u00b3<\/td>\n<td>0,07<\/td>\n<td>0,13<\/td>\n<td>0,20<\/td>\n<\/tr>\n<tr>\n<td>CH<sub>4<\/sub> m<sup>3<\/sup>\/h pour le GNC<\/td>\n<td>14,1<\/td>\n<td>26,1<\/td>\n<td>40,1<\/td>\n<\/tr>\n<tr>\n<td>GNC kg\/h 97 % CH<sub>4<\/sub><\/td>\n<td>10,4<\/td>\n<td>19,3<\/td>\n<td>29,6<\/td>\n<\/tr>\n<tr>\n<td>GNC kg\/jour<\/td>\n<td>250<\/td>\n<td>462<\/td>\n<td>711<\/td>\n<\/tr>\n<tr>\n<td>GNC kg\/an<\/td>\n<td>91 462<\/td>\n<td>168 786<\/td>\n<td>259 645<\/td>\n<\/tr>\n<tr>\n<td>Diesel l\/an<\/td>\n<td>118 900<\/td>\n<td>219 420<\/td>\n<td>337 538<\/td>\n<\/tr>\n<\/tbody>\n<\/table>\n<p>[\/vc_column_text][\/vc_column][\/vc_row]<\/p>\n<\/div>","protected":false},"excerpt":{"rendered":"<p>[vc_row][vc_column width=\u00a0\u00bb2\/3&Prime;][vc_column_text css=\u00a0\u00bb\u00a0\u00bb]Produisez votre propre carburant et obtenez des certificats ges gr\u00e2ce \u00e0 votre station-service. Le GNV est du Biogaz purifi\u00e9, comprim\u00e9 \u00e0 250 bars. Il est utilis\u00e9 pour tout type v\u00e9hicules fonctionnant au gaz naturel.[\/vc_column_text][\/vc_column][vc_column width=\u00a0\u00bb1\/3&Prime;][vc_single_image image=\u00a0\u00bb282351&Prime; img_size=\u00a0\u00bblarge\u00a0\u00bb alignment=\u00a0\u00bbcenter\u00a0\u00bb][\/vc_column][\/vc_row][vc_row][vc_column][vc_column_text css=\u00a0\u00bb\u00a0\u00bb]Elle fonctionne de la fa\u00e7on suivante: 10 \u00e0 20 % de votre production de Biogaz&hellip;<\/p>\n","protected":false},"author":1,"featured_media":0,"parent":0,"menu_order":0,"comment_status":"closed","ping_status":"closed","template":"","meta":{"footnotes":""},"class_list":["post-282568","page","type-page","status-publish","hentry","description-off"],"yoast_head":"<!-- This site is optimized with the Yoast SEO plugin v27.5 - https:\/\/yoast.com\/product\/yoast-seo-wordpress\/ -->\n<title>GNV Station service \u00e0 la ferme - BIOG<\/title>\n<meta name=\"robots\" content=\"index, follow, max-snippet:-1, max-image-preview:large, max-video-preview:-1\" \/>\n<link rel=\"canonical\" href=\"https:\/\/biog-biogas.com\/fr\/gnv-station-service-a-la-ferme\/\" \/>\n<meta property=\"og:locale\" content=\"fr_FR\" \/>\n<meta property=\"og:type\" content=\"article\" \/>\n<meta property=\"og:title\" content=\"GNV Station service \u00e0 la ferme - BIOG\" \/>\n<meta property=\"og:description\" content=\"[vc_row][vc_column width=\u00a0\u00bb2\/3&Prime;][vc_column_text css=\u00a0\u00bb\u00a0\u00bb]Produisez votre propre carburant et obtenez des certificats ges gr\u00e2ce \u00e0 votre station-service. Le GNV est du Biogaz purifi\u00e9, comprim\u00e9 \u00e0 250 bars. Il est utilis\u00e9 pour tout type v\u00e9hicules fonctionnant au gaz naturel.[\/vc_column_text][\/vc_column][vc_column width=\u00a0\u00bb1\/3&Prime;][vc_single_image image=\u00a0\u00bb282351&Prime; img_size=\u00a0\u00bblarge\u00a0\u00bb alignment=\u00a0\u00bbcenter\u00a0\u00bb][\/vc_column][\/vc_row][vc_row][vc_column][vc_column_text css=\u00a0\u00bb\u00a0\u00bb]Elle fonctionne de la fa\u00e7on suivante: 10 \u00e0 20 % de votre production de Biogaz&hellip;\" \/>\n<meta property=\"og:url\" content=\"https:\/\/biog-biogas.com\/fr\/gnv-station-service-a-la-ferme\/\" \/>\n<meta property=\"og:site_name\" content=\"BIOG\" \/>\n<meta property=\"article:modified_time\" content=\"2025-11-06T07:26:10+00:00\" \/>\n<meta name=\"twitter:card\" content=\"summary_large_image\" \/>\n<meta name=\"twitter:label1\" content=\"Dur\u00e9e de lecture estim\u00e9e\" \/>\n\t<meta name=\"twitter:data1\" content=\"3 minutes\" \/>\n<script type=\"application\/ld+json\" class=\"yoast-schema-graph\">{\"@context\":\"https:\\\/\\\/schema.org\",\"@graph\":[{\"@type\":\"WebPage\",\"@id\":\"https:\\\/\\\/biog-biogas.com\\\/fr\\\/gnv-station-service-a-la-ferme\\\/\",\"url\":\"https:\\\/\\\/biog-biogas.com\\\/fr\\\/gnv-station-service-a-la-ferme\\\/\",\"name\":\"GNV Station service \u00e0 la ferme - BIOG\",\"isPartOf\":{\"@id\":\"https:\\\/\\\/biog-biogas.com\\\/fr\\\/#website\"},\"datePublished\":\"2024-03-12T10:43:19+00:00\",\"dateModified\":\"2025-11-06T07:26:10+00:00\",\"breadcrumb\":{\"@id\":\"https:\\\/\\\/biog-biogas.com\\\/fr\\\/gnv-station-service-a-la-ferme\\\/#breadcrumb\"},\"inLanguage\":\"fr-FR\",\"potentialAction\":[{\"@type\":\"ReadAction\",\"target\":[\"https:\\\/\\\/biog-biogas.com\\\/fr\\\/gnv-station-service-a-la-ferme\\\/\"]}]},{\"@type\":\"BreadcrumbList\",\"@id\":\"https:\\\/\\\/biog-biogas.com\\\/fr\\\/gnv-station-service-a-la-ferme\\\/#breadcrumb\",\"itemListElement\":[{\"@type\":\"ListItem\",\"position\":1,\"name\":\"Startseite\",\"item\":\"https:\\\/\\\/biog-biogas.com\\\/fr\\\/\"},{\"@type\":\"ListItem\",\"position\":2,\"name\":\"GNV Station service \u00e0 la ferme\"}]},{\"@type\":\"WebSite\",\"@id\":\"https:\\\/\\\/biog-biogas.com\\\/fr\\\/#website\",\"url\":\"https:\\\/\\\/biog-biogas.com\\\/fr\\\/\",\"name\":\"BIOG\",\"description\":\"Solutions for green energy\",\"potentialAction\":[{\"@type\":\"SearchAction\",\"target\":{\"@type\":\"EntryPoint\",\"urlTemplate\":\"https:\\\/\\\/biog-biogas.com\\\/fr\\\/?s={search_term_string}\"},\"query-input\":{\"@type\":\"PropertyValueSpecification\",\"valueRequired\":true,\"valueName\":\"search_term_string\"}}],\"inLanguage\":\"fr-FR\"}]}<\/script>\n<!-- \/ Yoast SEO plugin. -->","yoast_head_json":{"title":"GNV Station service \u00e0 la ferme - BIOG","robots":{"index":"index","follow":"follow","max-snippet":"max-snippet:-1","max-image-preview":"max-image-preview:large","max-video-preview":"max-video-preview:-1"},"canonical":"https:\/\/biog-biogas.com\/fr\/gnv-station-service-a-la-ferme\/","og_locale":"fr_FR","og_type":"article","og_title":"GNV Station service \u00e0 la ferme - BIOG","og_description":"[vc_row][vc_column width=\u00a0\u00bb2\/3&Prime;][vc_column_text css=\u00a0\u00bb\u00a0\u00bb]Produisez votre propre carburant et obtenez des certificats ges gr\u00e2ce \u00e0 votre station-service. Le GNV est du Biogaz purifi\u00e9, comprim\u00e9 \u00e0 250 bars. Il est utilis\u00e9 pour tout type v\u00e9hicules fonctionnant au gaz naturel.[\/vc_column_text][\/vc_column][vc_column width=\u00a0\u00bb1\/3&Prime;][vc_single_image image=\u00a0\u00bb282351&Prime; img_size=\u00a0\u00bblarge\u00a0\u00bb alignment=\u00a0\u00bbcenter\u00a0\u00bb][\/vc_column][\/vc_row][vc_row][vc_column][vc_column_text css=\u00a0\u00bb\u00a0\u00bb]Elle fonctionne de la fa\u00e7on suivante: 10 \u00e0 20 % de votre production de Biogaz&hellip;","og_url":"https:\/\/biog-biogas.com\/fr\/gnv-station-service-a-la-ferme\/","og_site_name":"BIOG","article_modified_time":"2025-11-06T07:26:10+00:00","twitter_card":"summary_large_image","twitter_misc":{"Dur\u00e9e de lecture estim\u00e9e":"3 minutes"},"schema":{"@context":"https:\/\/schema.org","@graph":[{"@type":"WebPage","@id":"https:\/\/biog-biogas.com\/fr\/gnv-station-service-a-la-ferme\/","url":"https:\/\/biog-biogas.com\/fr\/gnv-station-service-a-la-ferme\/","name":"GNV Station service \u00e0 la ferme - BIOG","isPartOf":{"@id":"https:\/\/biog-biogas.com\/fr\/#website"},"datePublished":"2024-03-12T10:43:19+00:00","dateModified":"2025-11-06T07:26:10+00:00","breadcrumb":{"@id":"https:\/\/biog-biogas.com\/fr\/gnv-station-service-a-la-ferme\/#breadcrumb"},"inLanguage":"fr-FR","potentialAction":[{"@type":"ReadAction","target":["https:\/\/biog-biogas.com\/fr\/gnv-station-service-a-la-ferme\/"]}]},{"@type":"BreadcrumbList","@id":"https:\/\/biog-biogas.com\/fr\/gnv-station-service-a-la-ferme\/#breadcrumb","itemListElement":[{"@type":"ListItem","position":1,"name":"Startseite","item":"https:\/\/biog-biogas.com\/fr\/"},{"@type":"ListItem","position":2,"name":"GNV Station service \u00e0 la ferme"}]},{"@type":"WebSite","@id":"https:\/\/biog-biogas.com\/fr\/#website","url":"https:\/\/biog-biogas.com\/fr\/","name":"BIOG","description":"Solutions for green energy","potentialAction":[{"@type":"SearchAction","target":{"@type":"EntryPoint","urlTemplate":"https:\/\/biog-biogas.com\/fr\/?s={search_term_string}"},"query-input":{"@type":"PropertyValueSpecification","valueRequired":true,"valueName":"search_term_string"}}],"inLanguage":"fr-FR"}]}},"_links":{"self":[{"href":"https:\/\/biog-biogas.com\/fr\/wp-json\/wp\/v2\/pages\/282568","targetHints":{"allow":["GET"]}}],"collection":[{"href":"https:\/\/biog-biogas.com\/fr\/wp-json\/wp\/v2\/pages"}],"about":[{"href":"https:\/\/biog-biogas.com\/fr\/wp-json\/wp\/v2\/types\/page"}],"author":[{"embeddable":true,"href":"https:\/\/biog-biogas.com\/fr\/wp-json\/wp\/v2\/users\/1"}],"replies":[{"embeddable":true,"href":"https:\/\/biog-biogas.com\/fr\/wp-json\/wp\/v2\/comments?post=282568"}],"version-history":[{"count":0,"href":"https:\/\/biog-biogas.com\/fr\/wp-json\/wp\/v2\/pages\/282568\/revisions"}],"wp:attachment":[{"href":"https:\/\/biog-biogas.com\/fr\/wp-json\/wp\/v2\/media?parent=282568"}],"curies":[{"name":"wp","href":"https:\/\/api.w.org\/{rel}","templated":true}]}}