{"id":283477,"date":"2025-07-14T10:12:14","date_gmt":"2025-07-14T08:12:14","guid":{"rendered":"https:\/\/biog-biogas.com\/systeme-de-melange-liquide-biomerge\/"},"modified":"2026-03-02T09:09:05","modified_gmt":"2026-03-02T08:09:05","slug":"systeme-de-melange-liquide-biomerge","status":"publish","type":"page","link":"https:\/\/biog-biogas.com\/fr\/systeme-de-melange-liquide-biomerge\/","title":{"rendered":"Syst\u00e8me de m\u00e9lange liquide &#8211; BioMerge"},"content":{"rendered":"<div class=\"wpb-content-wrapper\"><p>[vc_row][vc_column]<div id=\"ultimate-heading-690369ef892613be8\" class=\"uvc-heading ult-adjust-bottom-margin ultimate-heading-690369ef892613be8 uvc-4265  uvc-heading-default-font-sizes\" data-hspacer=\"no_spacer\"  data-halign=\"left\" style=\"text-align:left\"><div class=\"uvc-heading-spacer no_spacer\" style=\"top\"><\/div><div class=\"uvc-main-heading ult-responsive\"  data-ultimate-target='.uvc-heading.ultimate-heading-690369ef892613be8 h2'  data-responsive-json-new='{\"font-size\":\"\",\"line-height\":\"\"}' ><h2 style=\"--font-weight:theme;margin-bottom:15px;\">BioMerge - le syst\u00e8me de m\u00e9lange intelligent avec s\u00e9parateur de corps \u00e9trangers<\/h2><\/div><\/div><div id=\"ultimate-heading-660669ef892613ccb\" class=\"uvc-heading ult-adjust-bottom-margin ultimate-heading-660669ef892613ccb uvc-8752  uvc-heading-default-font-sizes\" data-hspacer=\"no_spacer\"  data-halign=\"left\" style=\"text-align:left\"><div class=\"uvc-heading-spacer no_spacer\" style=\"top\"><\/div><div class=\"uvc-main-heading ult-responsive\"  data-ultimate-target='.uvc-heading.ultimate-heading-660669ef892613ccb h1'  data-responsive-json-new='{\"font-size\":\"\",\"line-height\":\"\"}' ><h1 style=\"--font-weight:theme;margin-bottom:15px;\">D\u00e9bit maximal, m\u00e9lange parfait, s\u00e9paration propre<\/h1><\/div><\/div>[vc_empty_space][\/vc_column][\/vc_row][vc_row][vc_column width=\u00a0\u00bb2\/3&Prime;][vc_column_text css=\u00a0\u00bb\u00a0\u00bb]<strong>Syst\u00e8me de m\u00e9lange performant, m\u00eame pour les mat\u00e9riaux l\u00e9gers tels que la paille.<\/strong><\/p>\n<p>Notre syst\u00e8me BioMerge compl\u00e8te le syst\u00e8me complet BioCrusher \u00e9prouv\u00e9 par un m\u00e9lange efficace des mati\u00e8res solides avec s\u00e9paration des corps \u00e9trangers. Il est id\u00e9al pour les d\u00e9bits \u00e9lev\u00e9s, m\u00eame avec des mat\u00e9riaux l\u00e9gers tels que la paille.<\/p>\n<p>La mati\u00e8re est m\u00e9lang\u00e9e au liquide provenant du fermenteur \u00e0 l&rsquo;aide d&rsquo;une vis m\u00e9langeuse inclin\u00e9e (diam\u00e8tre 700 mm, volume 1 200 litres). Des pales de m\u00e9lange sp\u00e9ciales assurent un m\u00e9lange rapide et homog\u00e8ne, l&rsquo;air \u00e9tant expuls\u00e9 de mani\u00e8re fiable de la mati\u00e8re.<\/p>\n<p>Un s\u00e9parateur de corps \u00e9trangers int\u00e9gr\u00e9 \u00e9limine automatiquement les objets lourds, tels que les pierres ou les pi\u00e8ces m\u00e9talliques, soit dans un bac de collecte, soit via un convoyeur \u00e0 bande.<\/p>\n<p>[\/vc_column_text][vc_empty_space][\/vc_column][vc_column width=\u00a0\u00bb1\/3&Prime;][vc_single_image image=\u00a0\u00bb285396&Prime; img_size=\u00a0\u00bblarge\u00a0\u00bb css=\u00a0\u00bb\u00a0\u00bb][\/vc_column][\/vc_row][vc_row][vc_column width=\u00a0\u00bb1\/4&Prime;][vc_single_image image=\u00a0\u00bb283784&Prime; img_size=\u00a0\u00bblarge\u00a0\u00bb css=\u00a0\u00bb\u00a0\u00bb][\/vc_column][vc_column width=\u00a0\u00bb3\/4&Prime;]<div class=\"standard-arrow list-divider bullet-top\"><ul data-start=\"93\" data-end=\"712\">\n<li data-start=\"93\" data-end=\"263\">\n<p data-start=\"95\" data-end=\"263\">Applicable \u00e0 tous les mat\u00e9riaux organiques destin\u00e9s aux installations de biogaz, y compris tous les r\u00e9sidus de culture, la paille, le fumier et les d\u00e9chets organiques<\/p>\n<\/li>\n<li data-start=\"264\" data-end=\"352\">\n<p data-start=\"266\" data-end=\"352\">Double capacit\u00e9 de transport par rapport aux syst\u00e8mes d\u2019injection liquide classiques<\/p>\n<\/li>\n<li data-start=\"353\" data-end=\"412\">\n<p data-start=\"355\" data-end=\"412\">S\u00e9parateur efficace et automatique des mati\u00e8res lourdes<\/p>\n<\/li>\n<li data-start=\"413\" data-end=\"461\">\n<p data-start=\"415\" data-end=\"461\">\u00c9vacuation de l\u2019air contenu dans le mat\u00e9riau<\/p>\n<\/li>\n<li data-start=\"462\" data-end=\"542\">\n<p data-start=\"464\" data-end=\"542\">M\u00e9lange intensif pour une exploitation maximale du processus de fermentation<\/p>\n<\/li>\n<li data-start=\"543\" data-end=\"602\">\n<p data-start=\"545\" data-end=\"602\">R\u00e9duction des ph\u00e9nom\u00e8nes de d\u00e9phasage dans le digesteur<\/p>\n<\/li>\n<li data-start=\"603\" data-end=\"665\">\n<p data-start=\"605\" data-end=\"665\">Compatible avec tous les syst\u00e8mes d\u2019installation existants<\/p>\n<\/li>\n<li data-start=\"666\" data-end=\"712\">\n<p data-start=\"668\" data-end=\"712\">Compatible avec tous les syst\u00e8mes de pompage<\/p>\n<\/li>\n<\/ul>\n<\/div>[vc_empty_space][\/vc_column][\/vc_row][vc_row][vc_column width=\u00a0\u00bb2\/3&Prime;]<div id=\"ultimate-heading-831969ef892613e32\" class=\"uvc-heading ult-adjust-bottom-margin ultimate-heading-831969ef892613e32 uvc-589  uvc-heading-default-font-sizes\" data-hspacer=\"no_spacer\"  data-halign=\"left\" style=\"text-align:left\"><div class=\"uvc-heading-spacer no_spacer\" style=\"top\"><\/div><div class=\"uvc-main-heading ult-responsive\"  data-ultimate-target='.uvc-heading.ultimate-heading-831969ef892613e32 h3'  data-responsive-json-new='{\"font-size\":\"\",\"line-height\":\"\"}' ><h3 style=\"--font-weight:theme;\">BioMerge - S\u00e9paration des corps \u00e9trangers<\/h3><\/div><\/div>[vc_empty_space][vc_column_text css=\u00a0\u00bb\u00a0\u00bb]<strong>Solution propre \u2013 directement dans le processus de m\u00e9lange<\/strong><\/p>\n<div class=\"n4sEPd\">\n<div class=\"FFpbKc\">\n<div class=\"xMmqsf\"><span class=\"jCAhz ChMk0b\"><span class=\"ryNqvb\">Le syst\u00e8me de s\u00e9paration des corps \u00e9trangers BioMerge est une extension int\u00e9gr\u00e9e du syst\u00e8me BioMerge et assure l&rsquo;\u00e9limination fiable des impuret\u00e9s pendant le processus de m\u00e9lange.<\/span><\/span> <span class=\"jCAhz ChMk0b\"><span class=\"ryNqvb\">Qu&rsquo;il s&rsquo;agisse de pierres, de pi\u00e8ces m\u00e9talliques ou d&rsquo;autres corps \u00e9trangers solides, ce syst\u00e8me prot\u00e8ge votre \u00e9quipement, augmente la fiabilit\u00e9 op\u00e9rationnelle et r\u00e9duit les besoins de maintenance.<\/span><\/span><\/div>\n<\/div>\n<\/div>\n<p>[\/vc_column_text][vc_column_text css=\u00a0\u00bb\u00a0\u00bb]<strong>S\u00e9paration efficace \u2013 directement \u00e0 la source<\/strong><\/p>\n<p>Gr\u00e2ce \u00e0 l&rsquo;int\u00e9gration directe dans la vis m\u00e9langeuse inclin\u00e9e, les corps \u00e9trangers sont d\u00e9tect\u00e9s et s\u00e9par\u00e9s d\u00e8s leur entr\u00e9e. Particuli\u00e8rement pratique : les \u00e9l\u00e9ments lourds tels que les pierres ou les m\u00e9taux sont automatiquement achemin\u00e9s vers un bac de collecte ou, en option, vers un conteneur de stockage via un syst\u00e8me d&rsquo;\u00e9vacuation automatique.<\/p>\n<p>[\/vc_column_text]<div class=\"standard-arrow list-divider bullet-top\"><p><strong>Vos avantages avec la s\u00e9paration BioMerge<\/strong><\/p>\n<ul>\n<li><strong>Int\u00e9gr\u00e9 au syst\u00e8me de m\u00e9lange BioMerge<\/strong><br \/>\nPas d&rsquo;encombrement suppl\u00e9mentaire \u2013 combinaison parfaite entre m\u00e9lange et s\u00e9paration.<\/li>\n<li><strong>\u00c9limination fiable des corps \u00e9trangers<\/strong><br \/>\nM\u00eame avec des substrats l\u00e9gers tels que la paille ou l&rsquo;ensilage d&rsquo;herbe.<\/li>\n<li><strong>Moins d&rsquo;usure \u2013 dur\u00e9e de vie prolong\u00e9e<\/strong><br \/>\nProtection des broyeurs, des pompes et des digesteurs.<\/li>\n<li><strong>Peu d&rsquo;entretien et automatisable<\/strong><br \/>\nL&rsquo;\u00e9vacuation automatique en option permet d&rsquo;\u00e9conomiser du temps et de la main-d&rsquo;\u0153uvre.<\/li>\n<li><strong>Id\u00e9al pour les d\u00e9bits \u00e9lev\u00e9s<\/strong><br \/>\nL&rsquo;efficacit\u00e9 est maintenue m\u00eame avec un d\u00e9bit important.<\/li>\n<\/ul>\n<\/div>[vc_empty_space height=\u00a0\u00bb64px\u00a0\u00bb][\/vc_column][vc_column width=\u00a0\u00bb1\/3&Prime;][vc_empty_space][vc_single_image image=\u00a0\u00bb283760&Prime; img_size=\u00a0\u00bblarge\u00a0\u00bb css=\u00a0\u00bb\u00a0\u00bb][\/vc_column][\/vc_row][vc_row][vc_column width=\u00a0\u00bb1\/4&Prime;]<div id=\"ultimate-heading-600669ef892613f5e\" class=\"uvc-heading ult-adjust-bottom-margin ultimate-heading-600669ef892613f5e uvc-7313  uvc-heading-default-font-sizes\" data-hspacer=\"no_spacer\"  data-halign=\"left\" style=\"text-align:left\"><div class=\"uvc-heading-spacer no_spacer\" style=\"top\"><\/div><div class=\"uvc-main-heading ult-responsive\"  data-ultimate-target='.uvc-heading.ultimate-heading-600669ef892613f5e h3'  data-responsive-json-new='{\"font-size\":\"\",\"line-height\":\"\"}' ><h3 style=\"--font-weight:theme;margin-bottom:15px;\">Visualisation du BioFeeder<\/h3><\/div><\/div>[vc_column_text css=\u00a0\u00bb\u00a0\u00bb]Cette vue d\u2019ensemble montre l\u2019\u00e9tat de fonctionnement actuel du syst\u00e8me. Tous les composants essentiels tels que l\u2019hydraulique, les vis sans fin, le broyeur, BioMerge ainsi que les pompes sont repr\u00e9sent\u00e9s graphiquement. Les couleurs indiquent le statut des diff\u00e9rents \u00e9l\u00e9ments \u2013 vert signifie actif, gris inactif.<br data-start=\"373\" data-end=\"376\" \/>Les donn\u00e9es en temps r\u00e9el comme le niveau de remplissage, la pression, la consommation \u00e9lectrique, le d\u00e9bit et la fr\u00e9quence permettent une analyse rapide.<br data-start=\"530\" data-end=\"533\" \/>La visualisation intuitive aide le personnel d\u2019exploitation \u00e0 piloter le processus de mani\u00e8re s\u00fbre et efficace.<\/p>\n<p>[\/vc_column_text][vc_empty_space][\/vc_column][vc_column width=\u00a0\u00bb3\/4&Prime;][vc_single_image image=\u00a0\u00bb283386&Prime; img_size=\u00a0\u00bblarge\u00a0\u00bb css=\u00a0\u00bb\u00a0\u00bb][vc_empty_space][\/vc_column][\/vc_row][vc_row][vc_column width=\u00a0\u00bb1\/4&Prime;]<div id=\"ultimate-heading-121369ef892613ff3\" class=\"uvc-heading ult-adjust-bottom-margin ultimate-heading-121369ef892613ff3 uvc-2764  uvc-heading-default-font-sizes\" data-hspacer=\"no_spacer\"  data-halign=\"left\" style=\"text-align:left\"><div class=\"uvc-heading-spacer no_spacer\" style=\"top\"><\/div><div class=\"uvc-main-heading ult-responsive\"  data-ultimate-target='.uvc-heading.ultimate-heading-121369ef892613ff3 h3'  data-responsive-json-new='{\"font-size\":\"\",\"line-height\":\"\"}' ><h3 style=\"--font-weight:theme;margin-bottom:15px;\">Visualisation 3D du BioFeeder<\/h3><\/div><\/div>[vc_column_text css=\u00a0\u00bb\u00a0\u00bb]Cette image montre une repr\u00e9sentation 3D r\u00e9aliste du BioFeeder en fonctionnement. Elle illustre le parcours de la biomasse \u00e0 travers l\u2019installation \u2013 depuis le remplissage, en passant par la vis transversale, le broyeur, jusqu\u2019\u00e0 la pompe de transfert.<br data-start=\"310\" data-end=\"313\" \/>Tous les composants centraux tels que les v\u00e9rins hydrauliques, les vis sans fin et les agitateurs sont anim\u00e9s pour rendre compr\u00e9hensible le fonctionnement m\u00e9canique.<br data-start=\"478\" data-end=\"481\" \/>Les mouvements fluides et le niveau de d\u00e9tail technique offrent une repr\u00e9sentation claire des processus tels qu\u2019ils se d\u00e9roulent dans une v\u00e9ritable installation de biogaz.<br data-start=\"652\" data-end=\"655\" \/>Id\u00e9al pour comprendre la machine, d\u00e9tecter les sources d\u2019erreur et former le personnel.[\/vc_column_text][vc_empty_space][\/vc_column][vc_column width=\u00a0\u00bb3\/4&Prime;][vc_single_image image=\u00a0\u00bb283393&Prime; img_size=\u00a0\u00bblarge\u00a0\u00bb css=\u00a0\u00bb\u00a0\u00bb][vc_empty_space][\/vc_column][\/vc_row][vc_row][vc_column]<div id=\"ultimate-heading-711769ef892614079\" class=\"uvc-heading ult-adjust-bottom-margin ultimate-heading-711769ef892614079 uvc-4532  uvc-heading-default-font-sizes\" data-hspacer=\"no_spacer\"  data-halign=\"center\" style=\"text-align:center\"><div class=\"uvc-heading-spacer no_spacer\" style=\"top\"><\/div><div class=\"uvc-main-heading ult-responsive\"  data-ultimate-target='.uvc-heading.ultimate-heading-711769ef892614079 h3'  data-responsive-json-new='{\"font-size\":\"\",\"line-height\":\"\"}' ><h3 style=\"--font-weight:theme;margin-bottom:15px;\">Injection virtuelle<\/h3><\/div><\/div>[vc_column_text css=\u00a0\u00bb\u00a0\u00bb][\/vc_column_text][vc_video link=\u00a0\u00bbhttps:\/\/www.youtube.com\/watch?v=ALaXZjbRAGI\u00a0\u00bb css=\u00a0\u00bb\u00a0\u00bb][vc_empty_space][\/vc_column][\/vc_row][vc_row][vc_column width=\u00a0\u00bb1\/3&Prime;][vc_single_image image=\u00a0\u00bb279949&Prime; img_size=\u00a0\u00bblarge\u00a0\u00bb][\/vc_column][vc_column width=\u00a0\u00bb1\/3&Prime;][vc_single_image image=\u00a0\u00bb279924&Prime; img_size=\u00a0\u00bblarge\u00a0\u00bb][\/vc_column][vc_column width=\u00a0\u00bb1\/3&Prime;][vc_single_image image=\u00a0\u00bb279917&Prime; img_size=\u00a0\u00bblarge\u00a0\u00bb][\/vc_column][\/vc_row]<\/p>\n<\/div>","protected":false},"excerpt":{"rendered":"<p>[vc_row][vc_column][vc_empty_space][\/vc_column][\/vc_row][vc_row][vc_column width=\u00a0\u00bb2\/3&Prime;][vc_column_text css=\u00a0\u00bb\u00a0\u00bb]Syst\u00e8me de m\u00e9lange performant, m\u00eame pour les mat\u00e9riaux l\u00e9gers tels que la paille. Notre syst\u00e8me BioMerge compl\u00e8te le syst\u00e8me complet BioCrusher \u00e9prouv\u00e9 par un m\u00e9lange efficace des mati\u00e8res solides avec s\u00e9paration des corps \u00e9trangers. Il est id\u00e9al pour les d\u00e9bits \u00e9lev\u00e9s, m\u00eame avec des mat\u00e9riaux l\u00e9gers tels que la paille. La mati\u00e8re est&hellip;<\/p>\n","protected":false},"author":46,"featured_media":0,"parent":0,"menu_order":0,"comment_status":"closed","ping_status":"closed","template":"","meta":{"footnotes":""},"class_list":["post-283477","page","type-page","status-publish","hentry","description-off"],"yoast_head":"<!-- This site is optimized with the Yoast SEO plugin v27.4 - https:\/\/yoast.com\/product\/yoast-seo-wordpress\/ -->\n<title>Syst\u00e8me de m\u00e9lange liquide - BioMerge - BIOG<\/title>\n<meta name=\"robots\" content=\"index, follow, max-snippet:-1, max-image-preview:large, max-video-preview:-1\" \/>\n<link rel=\"canonical\" href=\"https:\/\/biog-biogas.com\/fr\/systeme-de-melange-liquide-biomerge\/\" \/>\n<meta property=\"og:locale\" content=\"fr_FR\" \/>\n<meta property=\"og:type\" content=\"article\" \/>\n<meta property=\"og:title\" content=\"Syst\u00e8me de m\u00e9lange liquide - BioMerge - BIOG\" \/>\n<meta property=\"og:description\" content=\"[vc_row][vc_column][vc_empty_space][\/vc_column][\/vc_row][vc_row][vc_column width=\u00a0\u00bb2\/3&Prime;][vc_column_text css=\u00a0\u00bb\u00a0\u00bb]Syst\u00e8me de m\u00e9lange performant, m\u00eame pour les mat\u00e9riaux l\u00e9gers tels que la paille. Notre syst\u00e8me BioMerge compl\u00e8te le syst\u00e8me complet BioCrusher \u00e9prouv\u00e9 par un m\u00e9lange efficace des mati\u00e8res solides avec s\u00e9paration des corps \u00e9trangers. Il est id\u00e9al pour les d\u00e9bits \u00e9lev\u00e9s, m\u00eame avec des mat\u00e9riaux l\u00e9gers tels que la paille. La mati\u00e8re est&hellip;\" \/>\n<meta property=\"og:url\" content=\"https:\/\/biog-biogas.com\/fr\/systeme-de-melange-liquide-biomerge\/\" \/>\n<meta property=\"og:site_name\" content=\"BIOG\" \/>\n<meta property=\"article:modified_time\" content=\"2026-03-02T08:09:05+00:00\" \/>\n<meta name=\"twitter:card\" content=\"summary_large_image\" \/>\n<meta name=\"twitter:label1\" content=\"Dur\u00e9e de lecture estim\u00e9e\" \/>\n\t<meta name=\"twitter:data1\" content=\"6 minutes\" \/>\n<script type=\"application\/ld+json\" class=\"yoast-schema-graph\">{\"@context\":\"https:\\\/\\\/schema.org\",\"@graph\":[{\"@type\":\"WebPage\",\"@id\":\"https:\\\/\\\/biog-biogas.com\\\/fr\\\/systeme-de-melange-liquide-biomerge\\\/\",\"url\":\"https:\\\/\\\/biog-biogas.com\\\/fr\\\/systeme-de-melange-liquide-biomerge\\\/\",\"name\":\"Syst\u00e8me de m\u00e9lange liquide - BioMerge - BIOG\",\"isPartOf\":{\"@id\":\"https:\\\/\\\/biog-biogas.com\\\/fr\\\/#website\"},\"datePublished\":\"2025-07-14T08:12:14+00:00\",\"dateModified\":\"2026-03-02T08:09:05+00:00\",\"breadcrumb\":{\"@id\":\"https:\\\/\\\/biog-biogas.com\\\/fr\\\/systeme-de-melange-liquide-biomerge\\\/#breadcrumb\"},\"inLanguage\":\"fr-FR\",\"potentialAction\":[{\"@type\":\"ReadAction\",\"target\":[\"https:\\\/\\\/biog-biogas.com\\\/fr\\\/systeme-de-melange-liquide-biomerge\\\/\"]}]},{\"@type\":\"BreadcrumbList\",\"@id\":\"https:\\\/\\\/biog-biogas.com\\\/fr\\\/systeme-de-melange-liquide-biomerge\\\/#breadcrumb\",\"itemListElement\":[{\"@type\":\"ListItem\",\"position\":1,\"name\":\"Startseite\",\"item\":\"https:\\\/\\\/biog-biogas.com\\\/fr\\\/\"},{\"@type\":\"ListItem\",\"position\":2,\"name\":\"Syst\u00e8me de m\u00e9lange liquide &#8211; BioMerge\"}]},{\"@type\":\"WebSite\",\"@id\":\"https:\\\/\\\/biog-biogas.com\\\/fr\\\/#website\",\"url\":\"https:\\\/\\\/biog-biogas.com\\\/fr\\\/\",\"name\":\"BIOG\",\"description\":\"Solutions for green energy\",\"potentialAction\":[{\"@type\":\"SearchAction\",\"target\":{\"@type\":\"EntryPoint\",\"urlTemplate\":\"https:\\\/\\\/biog-biogas.com\\\/fr\\\/?s={search_term_string}\"},\"query-input\":{\"@type\":\"PropertyValueSpecification\",\"valueRequired\":true,\"valueName\":\"search_term_string\"}}],\"inLanguage\":\"fr-FR\"}]}<\/script>\n<!-- \/ Yoast SEO plugin. -->","yoast_head_json":{"title":"Syst\u00e8me de m\u00e9lange liquide - BioMerge - BIOG","robots":{"index":"index","follow":"follow","max-snippet":"max-snippet:-1","max-image-preview":"max-image-preview:large","max-video-preview":"max-video-preview:-1"},"canonical":"https:\/\/biog-biogas.com\/fr\/systeme-de-melange-liquide-biomerge\/","og_locale":"fr_FR","og_type":"article","og_title":"Syst\u00e8me de m\u00e9lange liquide - BioMerge - BIOG","og_description":"[vc_row][vc_column][vc_empty_space][\/vc_column][\/vc_row][vc_row][vc_column width=\u00a0\u00bb2\/3&Prime;][vc_column_text css=\u00a0\u00bb\u00a0\u00bb]Syst\u00e8me de m\u00e9lange performant, m\u00eame pour les mat\u00e9riaux l\u00e9gers tels que la paille. Notre syst\u00e8me BioMerge compl\u00e8te le syst\u00e8me complet BioCrusher \u00e9prouv\u00e9 par un m\u00e9lange efficace des mati\u00e8res solides avec s\u00e9paration des corps \u00e9trangers. Il est id\u00e9al pour les d\u00e9bits \u00e9lev\u00e9s, m\u00eame avec des mat\u00e9riaux l\u00e9gers tels que la paille. La mati\u00e8re est&hellip;","og_url":"https:\/\/biog-biogas.com\/fr\/systeme-de-melange-liquide-biomerge\/","og_site_name":"BIOG","article_modified_time":"2026-03-02T08:09:05+00:00","twitter_card":"summary_large_image","twitter_misc":{"Dur\u00e9e de lecture estim\u00e9e":"6 minutes"},"schema":{"@context":"https:\/\/schema.org","@graph":[{"@type":"WebPage","@id":"https:\/\/biog-biogas.com\/fr\/systeme-de-melange-liquide-biomerge\/","url":"https:\/\/biog-biogas.com\/fr\/systeme-de-melange-liquide-biomerge\/","name":"Syst\u00e8me de m\u00e9lange liquide - BioMerge - BIOG","isPartOf":{"@id":"https:\/\/biog-biogas.com\/fr\/#website"},"datePublished":"2025-07-14T08:12:14+00:00","dateModified":"2026-03-02T08:09:05+00:00","breadcrumb":{"@id":"https:\/\/biog-biogas.com\/fr\/systeme-de-melange-liquide-biomerge\/#breadcrumb"},"inLanguage":"fr-FR","potentialAction":[{"@type":"ReadAction","target":["https:\/\/biog-biogas.com\/fr\/systeme-de-melange-liquide-biomerge\/"]}]},{"@type":"BreadcrumbList","@id":"https:\/\/biog-biogas.com\/fr\/systeme-de-melange-liquide-biomerge\/#breadcrumb","itemListElement":[{"@type":"ListItem","position":1,"name":"Startseite","item":"https:\/\/biog-biogas.com\/fr\/"},{"@type":"ListItem","position":2,"name":"Syst\u00e8me de m\u00e9lange liquide &#8211; BioMerge"}]},{"@type":"WebSite","@id":"https:\/\/biog-biogas.com\/fr\/#website","url":"https:\/\/biog-biogas.com\/fr\/","name":"BIOG","description":"Solutions for green energy","potentialAction":[{"@type":"SearchAction","target":{"@type":"EntryPoint","urlTemplate":"https:\/\/biog-biogas.com\/fr\/?s={search_term_string}"},"query-input":{"@type":"PropertyValueSpecification","valueRequired":true,"valueName":"search_term_string"}}],"inLanguage":"fr-FR"}]}},"_links":{"self":[{"href":"https:\/\/biog-biogas.com\/fr\/wp-json\/wp\/v2\/pages\/283477","targetHints":{"allow":["GET"]}}],"collection":[{"href":"https:\/\/biog-biogas.com\/fr\/wp-json\/wp\/v2\/pages"}],"about":[{"href":"https:\/\/biog-biogas.com\/fr\/wp-json\/wp\/v2\/types\/page"}],"author":[{"embeddable":true,"href":"https:\/\/biog-biogas.com\/fr\/wp-json\/wp\/v2\/users\/46"}],"replies":[{"embeddable":true,"href":"https:\/\/biog-biogas.com\/fr\/wp-json\/wp\/v2\/comments?post=283477"}],"version-history":[{"count":0,"href":"https:\/\/biog-biogas.com\/fr\/wp-json\/wp\/v2\/pages\/283477\/revisions"}],"wp:attachment":[{"href":"https:\/\/biog-biogas.com\/fr\/wp-json\/wp\/v2\/media?parent=283477"}],"curies":[{"name":"wp","href":"https:\/\/api.w.org\/{rel}","templated":true}]}}