{"id":283962,"date":"2025-07-17T10:57:17","date_gmt":"2025-07-17T08:57:17","guid":{"rendered":"https:\/\/biog-biogas.com\/fremdkoerperabscheidung\/"},"modified":"2025-08-05T08:24:54","modified_gmt":"2025-08-05T06:24:54","slug":"fremdkoerperabscheidung","status":"publish","type":"page","link":"https:\/\/biog-biogas.com\/fr\/systeme-de-melange-liquide-biomerge\/fremdkoerperabscheidung\/","title":{"rendered":"S\u00e9paration des corps \u00e9trangers"},"content":{"rendered":"<div class=\"wpb-content-wrapper\"><p>[vc_row][vc_column width=\u00a0\u00bb2\/3&Prime;]<div id=\"ultimate-heading-97026a038e99302e8\" class=\"uvc-heading ult-adjust-bottom-margin ultimate-heading-97026a038e99302e8 uvc-9513  uvc-heading-default-font-sizes\" data-hspacer=\"no_spacer\"  data-halign=\"left\" style=\"text-align:left\"><div class=\"uvc-heading-spacer no_spacer\" style=\"top\"><\/div><div class=\"uvc-main-heading ult-responsive\"  data-ultimate-target='.uvc-heading.ultimate-heading-97026a038e99302e8 h2'  data-responsive-json-new='{\"font-size\":\"\",\"line-height\":\"\"}' ><h2 style=\"--font-weight:theme;\">S\u00e9paration des corps \u00e9trangers par BioG<\/h2><\/div><\/div><div id=\"ultimate-heading-54696a038e99303d9\" class=\"uvc-heading ult-adjust-bottom-margin ultimate-heading-54696a038e99303d9 uvc-2907  uvc-heading-default-font-sizes\" data-hspacer=\"no_spacer\"  data-halign=\"left\" style=\"text-align:left\"><div class=\"uvc-heading-spacer no_spacer\" style=\"top\"><\/div><div class=\"uvc-main-heading ult-responsive\"  data-ultimate-target='.uvc-heading.ultimate-heading-54696a038e99303d9 h1'  data-responsive-json-new='{\"font-size\":\"\",\"line-height\":\"\"}' ><h1 style=\"--font-weight:theme;\">Efficace. Fiable. Peu d&#039;entretien.<\/h1><\/div><\/div>[vc_column_text css=\u00a0\u00bb\u00a0\u00bb]Le syst\u00e8me de s\u00e9paration des corps \u00e9trangers BioG est la solution id\u00e9ale pour les installations qui traitent des mat\u00e9riaux fortement contamin\u00e9s. Con\u00e7u pour des conditions d&rsquo;utilisation exigeantes, ce syst\u00e8me \u00e9limine de mani\u00e8re fiable les corps \u00e9trangers solides et souples avant qu&rsquo;ils ne causent des dommages.[\/vc_column_text][vc_empty_space]<div class=\"standard-arrow list-divider bullet-top\"><h2>Vos avantages en un coup d&rsquo;\u0153il<\/h2>\n<ul>\n<li><strong>Dur\u00e9e de vie prolong\u00e9e de votre installatio<\/strong>n<br \/>\nUn s\u00e9parateur magn\u00e9tique en amont prot\u00e8ge efficacement les broyeurs et les pompes contre les corps \u00e9trangers m\u00e9talliques.<\/li>\n<li><strong>S\u00e9curit\u00e9 de fonctionnement accrue<\/strong><br \/>\nMoins de corps \u00e9trangers dans le digesteur signifie moins de perturbations et une fermentation plus r\u00e9guli\u00e8re.<\/li>\n<li><strong>Faible entretien et efficacit\u00e9<\/strong><br \/>\nLa s\u00e9paration active prolonge consid\u00e9rablement les intervalles d&rsquo;entretien de vos digesteurs.<\/li>\n<li><strong>Mati\u00e8re premi\u00e8re propre<\/strong><br \/>\nLa s\u00e9paration am\u00e9liore l&rsquo;homog\u00e9n\u00e9it\u00e9 et facilite le contr\u00f4le qualit\u00e9 chez vos fournisseurs.<\/li>\n<li><strong>En option : s\u00e9parateur de pierres automatique<\/strong><br \/>\nId\u00e9al pour des dur\u00e9es de fonctionnement plus longues sans intervention manuelle.<\/li>\n<\/ul>\n<\/div>[vc_empty_space height=\u00a0\u00bb60px\u00a0\u00bb]<div id=\"ultimate-heading-90906a038e9930576\" class=\"uvc-heading ult-adjust-bottom-margin ultimate-heading-90906a038e9930576 uvc-6326  uvc-heading-default-font-sizes\" data-hspacer=\"no_spacer\"  data-halign=\"left\" style=\"text-align:left\"><div class=\"uvc-heading-spacer no_spacer\" style=\"top\"><\/div><div class=\"uvc-main-heading ult-responsive\"  data-ultimate-target='.uvc-heading.ultimate-heading-90906a038e9930576 h2'  data-responsive-json-new='{\"font-size\":\"\",\"line-height\":\"\"}' ><h2 style=\"--font-weight:theme;\">Variantes du syst\u00e8me<\/h2><\/div><\/div>[vc_empty_space][\/vc_column][vc_column width=\u00a0\u00bb1\/3&Prime;][vc_empty_space height=\u00a0\u00bb250px\u00a0\u00bb][vc_single_image image=\u00a0\u00bb283858&Prime; img_size=\u00a0\u00bbfull\u00a0\u00bb css=\u00a0\u00bb\u00a0\u00bb][\/vc_column][\/vc_row][vc_row][vc_column width=\u00a0\u00bb1\/3&Prime;][vc_column_text css=\u00a0\u00bb\u00a0\u00bb]<strong>S\u00e9parateurs magn\u00e9tiques pour broyeurs<\/strong><br \/>Protection contre les composants m\u00e9talliques et r\u00e9duction de l&rsquo;usure<\/p>\n<p>&nbsp;<\/p>\n<p>[\/vc_column_text][vc_single_image image=\u00a0\u00bb283886&Prime; img_size=\u00a0\u00bbmedium\u00a0\u00bb css=\u00a0\u00bb\u00a0\u00bb][\/vc_column][vc_column width=\u00a0\u00bb1\/3&Prime;][vc_column_text css=\u00a0\u00bb\u00a0\u00bb]<strong>S\u00e9paration compl\u00e8te avec BioMerge<\/strong><\/p>\n<p>Particuli\u00e8rement efficace contre une grande vari\u00e9t\u00e9 de corps \u00e9trangers, des sacs de sable aux tapis en caoutchouc et aux pierres.[\/vc_column_text][vc_single_image image=\u00a0\u00bb284074&Prime; img_size=\u00a0\u00bblarge\u00a0\u00bb css=\u00a0\u00bb\u00a0\u00bb][\/vc_column][vc_column width=\u00a0\u00bb1\/3&Prime;][vc_column_text css=\u00a0\u00bb\u00a0\u00bb]<strong>S\u00e9parateur automatique de pierres<\/strong><\/p>\n<p>Pour la s\u00e9paration automatique des corps \u00e9trangers lourds \u00e0 l&rsquo;aide d&rsquo;un convoyeur.<br \/>Intervalles d&rsquo;inspection des corps \u00e9trangers plus longs possibles.[\/vc_column_text][vc_single_image image=\u00a0\u00bb284081&Prime; img_size=\u00a0\u00bblarge\u00a0\u00bb css=\u00a0\u00bb\u00a0\u00bb][\/vc_column][\/vc_row][vc_row][vc_column][vc_empty_space][vc_column_text css=\u00a0\u00bb\u00a0\u00bb]<strong>Misez sur la s\u00e9curit\u00e9, l&rsquo;efficacit\u00e9 et la long\u00e9vit\u00e9 gr\u00e2ce au syst\u00e8me de s\u00e9paration des corps \u00e9trangers de BioG.<\/strong><\/p>\n<p>Demandez conseil d\u00e8s maintenant ou un devis sans engagement\u00a0![\/vc_column_text][\/vc_column][\/vc_row]<\/p>\n<\/div>","protected":false},"excerpt":{"rendered":"<p>[vc_row][vc_column width=\u00a0\u00bb2\/3&Prime;][vc_column_text css=\u00a0\u00bb\u00a0\u00bb]Le syst\u00e8me de s\u00e9paration des corps \u00e9trangers BioG est la solution id\u00e9ale pour les installations qui traitent des mat\u00e9riaux fortement contamin\u00e9s. Con\u00e7u pour des conditions d&rsquo;utilisation exigeantes, ce syst\u00e8me \u00e9limine de mani\u00e8re fiable les corps \u00e9trangers solides et souples avant qu&rsquo;ils ne causent des dommages.[\/vc_column_text][vc_empty_space][vc_empty_space height=\u00a0\u00bb60px\u00a0\u00bb][vc_empty_space][\/vc_column][vc_column width=\u00a0\u00bb1\/3&Prime;][vc_empty_space height=\u00a0\u00bb250px\u00a0\u00bb][vc_single_image image=\u00a0\u00bb283858&Prime; img_size=\u00a0\u00bbfull\u00a0\u00bb css=\u00a0\u00bb\u00a0\u00bb][\/vc_column][\/vc_row][vc_row][vc_column width=\u00a0\u00bb1\/3&Prime;][vc_column_text css=\u00a0\u00bb\u00a0\u00bb]S\u00e9parateurs&hellip;<\/p>\n","protected":false},"author":1,"featured_media":0,"parent":283477,"menu_order":0,"comment_status":"closed","ping_status":"closed","template":"","meta":{"footnotes":""},"class_list":["post-283962","page","type-page","status-publish","hentry","description-off"],"yoast_head":"<!-- This site is optimized with the Yoast SEO plugin v27.5 - https:\/\/yoast.com\/product\/yoast-seo-wordpress\/ -->\n<title>S\u00e9paration des corps \u00e9trangers - BIOG<\/title>\n<meta name=\"robots\" content=\"index, follow, max-snippet:-1, max-image-preview:large, max-video-preview:-1\" \/>\n<link rel=\"canonical\" href=\"https:\/\/biog-biogas.com\/fr\/systeme-de-melange-liquide-biomerge\/fremdkoerperabscheidung\/\" \/>\n<meta property=\"og:locale\" content=\"fr_FR\" \/>\n<meta property=\"og:type\" content=\"article\" \/>\n<meta property=\"og:title\" content=\"S\u00e9paration des corps \u00e9trangers - BIOG\" \/>\n<meta property=\"og:description\" content=\"[vc_row][vc_column width=\u00a0\u00bb2\/3&Prime;][vc_column_text css=\u00a0\u00bb\u00a0\u00bb]Le syst\u00e8me de s\u00e9paration des corps \u00e9trangers BioG est la solution id\u00e9ale pour les installations qui traitent des mat\u00e9riaux fortement contamin\u00e9s. Con\u00e7u pour des conditions d&rsquo;utilisation exigeantes, ce syst\u00e8me \u00e9limine de mani\u00e8re fiable les corps \u00e9trangers solides et souples avant qu&rsquo;ils ne causent des dommages.[\/vc_column_text][vc_empty_space][vc_empty_space height=\u00a0\u00bb60px\u00a0\u00bb][vc_empty_space][\/vc_column][vc_column width=\u00a0\u00bb1\/3&Prime;][vc_empty_space height=\u00a0\u00bb250px\u00a0\u00bb][vc_single_image image=\u00a0\u00bb283858&Prime; img_size=\u00a0\u00bbfull\u00a0\u00bb css=\u00a0\u00bb\u00a0\u00bb][\/vc_column][\/vc_row][vc_row][vc_column width=\u00a0\u00bb1\/3&Prime;][vc_column_text css=\u00a0\u00bb\u00a0\u00bb]S\u00e9parateurs&hellip;\" \/>\n<meta property=\"og:url\" content=\"https:\/\/biog-biogas.com\/fr\/systeme-de-melange-liquide-biomerge\/fremdkoerperabscheidung\/\" \/>\n<meta property=\"og:site_name\" content=\"BIOG\" \/>\n<meta property=\"article:modified_time\" content=\"2025-08-05T06:24:54+00:00\" \/>\n<meta name=\"twitter:card\" content=\"summary_large_image\" \/>\n<meta name=\"twitter:label1\" content=\"Dur\u00e9e de lecture estim\u00e9e\" \/>\n\t<meta name=\"twitter:data1\" content=\"2 minutes\" \/>\n<script type=\"application\/ld+json\" class=\"yoast-schema-graph\">{\"@context\":\"https:\\\/\\\/schema.org\",\"@graph\":[{\"@type\":\"WebPage\",\"@id\":\"https:\\\/\\\/biog-biogas.com\\\/fr\\\/systeme-de-melange-liquide-biomerge\\\/fremdkoerperabscheidung\\\/\",\"url\":\"https:\\\/\\\/biog-biogas.com\\\/fr\\\/systeme-de-melange-liquide-biomerge\\\/fremdkoerperabscheidung\\\/\",\"name\":\"S\u00e9paration des corps \u00e9trangers - BIOG\",\"isPartOf\":{\"@id\":\"https:\\\/\\\/biog-biogas.com\\\/fr\\\/#website\"},\"datePublished\":\"2025-07-17T08:57:17+00:00\",\"dateModified\":\"2025-08-05T06:24:54+00:00\",\"breadcrumb\":{\"@id\":\"https:\\\/\\\/biog-biogas.com\\\/fr\\\/systeme-de-melange-liquide-biomerge\\\/fremdkoerperabscheidung\\\/#breadcrumb\"},\"inLanguage\":\"fr-FR\",\"potentialAction\":[{\"@type\":\"ReadAction\",\"target\":[\"https:\\\/\\\/biog-biogas.com\\\/fr\\\/systeme-de-melange-liquide-biomerge\\\/fremdkoerperabscheidung\\\/\"]}]},{\"@type\":\"BreadcrumbList\",\"@id\":\"https:\\\/\\\/biog-biogas.com\\\/fr\\\/systeme-de-melange-liquide-biomerge\\\/fremdkoerperabscheidung\\\/#breadcrumb\",\"itemListElement\":[{\"@type\":\"ListItem\",\"position\":1,\"name\":\"Startseite\",\"item\":\"https:\\\/\\\/biog-biogas.com\\\/fr\\\/\"},{\"@type\":\"ListItem\",\"position\":2,\"name\":\"Syst\u00e8me de m\u00e9lange liquide &#8211; BioMerge\",\"item\":\"https:\\\/\\\/biog-biogas.com\\\/fr\\\/systeme-de-melange-liquide-biomerge\\\/\"},{\"@type\":\"ListItem\",\"position\":3,\"name\":\"S\u00e9paration des corps \u00e9trangers\"}]},{\"@type\":\"WebSite\",\"@id\":\"https:\\\/\\\/biog-biogas.com\\\/fr\\\/#website\",\"url\":\"https:\\\/\\\/biog-biogas.com\\\/fr\\\/\",\"name\":\"BIOG\",\"description\":\"Solutions for green energy\",\"potentialAction\":[{\"@type\":\"SearchAction\",\"target\":{\"@type\":\"EntryPoint\",\"urlTemplate\":\"https:\\\/\\\/biog-biogas.com\\\/fr\\\/?s={search_term_string}\"},\"query-input\":{\"@type\":\"PropertyValueSpecification\",\"valueRequired\":true,\"valueName\":\"search_term_string\"}}],\"inLanguage\":\"fr-FR\"}]}<\/script>\n<!-- \/ Yoast SEO plugin. -->","yoast_head_json":{"title":"S\u00e9paration des corps \u00e9trangers - BIOG","robots":{"index":"index","follow":"follow","max-snippet":"max-snippet:-1","max-image-preview":"max-image-preview:large","max-video-preview":"max-video-preview:-1"},"canonical":"https:\/\/biog-biogas.com\/fr\/systeme-de-melange-liquide-biomerge\/fremdkoerperabscheidung\/","og_locale":"fr_FR","og_type":"article","og_title":"S\u00e9paration des corps \u00e9trangers - BIOG","og_description":"[vc_row][vc_column width=\u00a0\u00bb2\/3&Prime;][vc_column_text css=\u00a0\u00bb\u00a0\u00bb]Le syst\u00e8me de s\u00e9paration des corps \u00e9trangers BioG est la solution id\u00e9ale pour les installations qui traitent des mat\u00e9riaux fortement contamin\u00e9s. Con\u00e7u pour des conditions d&rsquo;utilisation exigeantes, ce syst\u00e8me \u00e9limine de mani\u00e8re fiable les corps \u00e9trangers solides et souples avant qu&rsquo;ils ne causent des dommages.[\/vc_column_text][vc_empty_space][vc_empty_space height=\u00a0\u00bb60px\u00a0\u00bb][vc_empty_space][\/vc_column][vc_column width=\u00a0\u00bb1\/3&Prime;][vc_empty_space height=\u00a0\u00bb250px\u00a0\u00bb][vc_single_image image=\u00a0\u00bb283858&Prime; img_size=\u00a0\u00bbfull\u00a0\u00bb css=\u00a0\u00bb\u00a0\u00bb][\/vc_column][\/vc_row][vc_row][vc_column width=\u00a0\u00bb1\/3&Prime;][vc_column_text css=\u00a0\u00bb\u00a0\u00bb]S\u00e9parateurs&hellip;","og_url":"https:\/\/biog-biogas.com\/fr\/systeme-de-melange-liquide-biomerge\/fremdkoerperabscheidung\/","og_site_name":"BIOG","article_modified_time":"2025-08-05T06:24:54+00:00","twitter_card":"summary_large_image","twitter_misc":{"Dur\u00e9e de lecture estim\u00e9e":"2 minutes"},"schema":{"@context":"https:\/\/schema.org","@graph":[{"@type":"WebPage","@id":"https:\/\/biog-biogas.com\/fr\/systeme-de-melange-liquide-biomerge\/fremdkoerperabscheidung\/","url":"https:\/\/biog-biogas.com\/fr\/systeme-de-melange-liquide-biomerge\/fremdkoerperabscheidung\/","name":"S\u00e9paration des corps \u00e9trangers - BIOG","isPartOf":{"@id":"https:\/\/biog-biogas.com\/fr\/#website"},"datePublished":"2025-07-17T08:57:17+00:00","dateModified":"2025-08-05T06:24:54+00:00","breadcrumb":{"@id":"https:\/\/biog-biogas.com\/fr\/systeme-de-melange-liquide-biomerge\/fremdkoerperabscheidung\/#breadcrumb"},"inLanguage":"fr-FR","potentialAction":[{"@type":"ReadAction","target":["https:\/\/biog-biogas.com\/fr\/systeme-de-melange-liquide-biomerge\/fremdkoerperabscheidung\/"]}]},{"@type":"BreadcrumbList","@id":"https:\/\/biog-biogas.com\/fr\/systeme-de-melange-liquide-biomerge\/fremdkoerperabscheidung\/#breadcrumb","itemListElement":[{"@type":"ListItem","position":1,"name":"Startseite","item":"https:\/\/biog-biogas.com\/fr\/"},{"@type":"ListItem","position":2,"name":"Syst\u00e8me de m\u00e9lange liquide &#8211; BioMerge","item":"https:\/\/biog-biogas.com\/fr\/systeme-de-melange-liquide-biomerge\/"},{"@type":"ListItem","position":3,"name":"S\u00e9paration des corps \u00e9trangers"}]},{"@type":"WebSite","@id":"https:\/\/biog-biogas.com\/fr\/#website","url":"https:\/\/biog-biogas.com\/fr\/","name":"BIOG","description":"Solutions for green energy","potentialAction":[{"@type":"SearchAction","target":{"@type":"EntryPoint","urlTemplate":"https:\/\/biog-biogas.com\/fr\/?s={search_term_string}"},"query-input":{"@type":"PropertyValueSpecification","valueRequired":true,"valueName":"search_term_string"}}],"inLanguage":"fr-FR"}]}},"_links":{"self":[{"href":"https:\/\/biog-biogas.com\/fr\/wp-json\/wp\/v2\/pages\/283962","targetHints":{"allow":["GET"]}}],"collection":[{"href":"https:\/\/biog-biogas.com\/fr\/wp-json\/wp\/v2\/pages"}],"about":[{"href":"https:\/\/biog-biogas.com\/fr\/wp-json\/wp\/v2\/types\/page"}],"author":[{"embeddable":true,"href":"https:\/\/biog-biogas.com\/fr\/wp-json\/wp\/v2\/users\/1"}],"replies":[{"embeddable":true,"href":"https:\/\/biog-biogas.com\/fr\/wp-json\/wp\/v2\/comments?post=283962"}],"version-history":[{"count":0,"href":"https:\/\/biog-biogas.com\/fr\/wp-json\/wp\/v2\/pages\/283962\/revisions"}],"up":[{"embeddable":true,"href":"https:\/\/biog-biogas.com\/fr\/wp-json\/wp\/v2\/pages\/283477"}],"wp:attachment":[{"href":"https:\/\/biog-biogas.com\/fr\/wp-json\/wp\/v2\/media?parent=283962"}],"curies":[{"name":"wp","href":"https:\/\/api.w.org\/{rel}","templated":true}]}}