{"id":284726,"date":"2021-06-23T07:49:04","date_gmt":"2021-06-23T05:49:04","guid":{"rendered":"https:\/\/biog-biogas.com\/azienda\/firmengeschichte\/"},"modified":"2025-10-22T09:11:09","modified_gmt":"2025-10-22T07:11:09","slug":"firmengeschichte","status":"publish","type":"page","link":"https:\/\/biog-biogas.com\/fr\/azienda\/firmengeschichte\/","title":{"rendered":"Historique de l&rsquo;entreprise"},"content":{"rendered":"<div class=\"wpb-content-wrapper\"><p>[vc_row][vc_column width=\u00a0\u00bb1\/2&Prime;][vc_row_inner][vc_column_inner][vc_column_text]<\/p>\n<h1>Historique de l&rsquo;entreprise<\/h1>\n<p>[\/vc_column_text][\/vc_column_inner][\/vc_row_inner][vc_empty_space][vc_column_text]BioG emploie aujourd&rsquo;hui plus de 60 collaborateurs et accompagne chaque ann\u00e9e 30 \u00e0 50 installations de biogaz dans la construction ou la conversion d&rsquo;installations de biogaz passant des cultures principales telles que le ma\u00efs et les c\u00e9r\u00e9ales \u00e0 des r\u00e9sidus tels que la paille, le fumier, les d\u00e9chets d&rsquo;entretien du paysage et les d\u00e9chets organiques.<\/p>\n<p>En raison du bon bilan carbone du biom\u00e9thane issu de r\u00e9sidus et de l&rsquo;utilisation toujours plus intensive du biom\u00e9thane comme carburant, cette forme d&rsquo;\u00e9nergie est de plus en plus encourag\u00e9e dans le monde entier, ce qui correspond tout \u00e0 fait \u00e0 la philosophie de notre entreprise.<br \/>\n[\/vc_column_text][vc_empty_space height=\u00a0\u00bb100px\u00a0\u00bb][\/vc_column][vc_column width=\u00a0\u00bb1\/2&Prime;][vc_empty_space height=\u00a0\u00bb100px\u00a0\u00bb]<div class=\"shortcode-banner lazyload\" style=\"min-height: 350px;background-image:inherit\" data-bg-image=\"url(https:\/\/biog-biogas.com\/wp-content\/uploads\/DSCN1777-scaled.jpg)\"><div class=\"shortcode-banner-bg wf-table\" style=\"padding: 0px;min-height: 350px\"><div class=\"shortcode-banner-inside wf-table text-normal\" style=\"border: solid 10px transparent;outline: solid 0px;outline-color: #ffffff;height: 340px\"><div><\/div><\/div><\/div><\/div>[vc_empty_space height=\u00a0\u00bb50px\u00a0\u00bb][\/vc_column][\/vc_row][vc_row][vc_column][vc_empty_space][vc_single_image image=\u00a0\u00bb284716&Prime; img_size=\u00a0\u00bbfull\u00a0\u00bb css=\u00a0\u00bb\u00a0\u00bb][vc_empty_space]<div class=\"smile-icon-timeline-wrap csstime   \"     style=\"\"><div class=\"timeline-line \" style=\"border-right-color:;\"><span><\/span><\/div><div class=\"timeline-wrapper\"><div class=\"timeline-block \"><div class=\"timeline-dot\"><\/div><div class=\"ult-timeline-arrow\"><s><\/s><l><\/l><\/div><div class=\"timeline-icon-block\"><div class=\"ult-timeline-icon tl-icon-no-bg\" style=\"   \"><\/div> <!-- icon --><\/div><div class=\"timeline-header-block\" >\n\t\t\t\t\t\t\t<div id=\"timeline-item-5542\" class=\"timeline-header\" style=\"\"><h2 class=\"ult-timeline-title ult-responsive\"  data-ultimate-target='#timeline-item-5542 .ult-timeline-title'  data-responsive-json-new='{\"font-size\":\"\",\"line-height\":\"\"}'  style=\"\">2023<\/h2><div class=\"ult-responsive timeline-item-spt\"  data-ultimate-target='#timeline-item-5542 .timeline-item-spt'  data-responsive-json-new='{\"font-size\":\"\",\"line-height\":\"\"}'  style=\"\"><\/p>\n<p style=\"text-align: center;\"><a href=\"https:\/\/biog-biogas.com\/fr\/gnv-station-service-a-la-ferme\/\"><img decoding=\"async\" class=\"alignnone wp-image-282358 size-medium lazyload\" data-src=\"https:\/\/biog-biogas.com\/wp-content\/uploads\/0_CNG-Hoftankstelle_Ansicht-300x169.jpg\" alt=\"\" width=\"300\" height=\"169\" data-srcset=\"https:\/\/biog-biogas.com\/wp-content\/uploads\/\/0_CNG-Hoftankstelle_Ansicht-300x169.jpg 300w, https:\/\/biog-biogas.com\/wp-content\/uploads\/\/0_CNG-Hoftankstelle_Ansicht-1024x577.jpg 1024w, https:\/\/biog-biogas.com\/wp-content\/uploads\/\/0_CNG-Hoftankstelle_Ansicht-768x432.jpg 768w, https:\/\/biog-biogas.com\/wp-content\/uploads\/\/0_CNG-Hoftankstelle_Ansicht-1536x865.jpg 1536w, https:\/\/biog-biogas.com\/wp-content\/uploads\/\/0_CNG-Hoftankstelle_Ansicht-2048x1153.jpg 2048w, https:\/\/biog-biogas.com\/wp-content\/uploads\/\/0_CNG-Hoftankstelle_Ansicht-600x338.jpg 600w\" data-sizes=\"auto\" src=\"data:image\/svg+xml;base64,PHN2ZyB3aWR0aD0iMSIgaGVpZ2h0PSIxIiB4bWxucz0iaHR0cDovL3d3dy53My5vcmcvMjAwMC9zdmciPjwvc3ZnPg==\" style=\"--smush-placeholder-width: 300px; --smush-placeholder-aspect-ratio: 300\/169;\" data-original-sizes=\"(max-width: 300px) 100vw, 300px\" \/><\/a><\/p>\n<h3 style=\"text-align: center;\">Premi\u00e8re station-service BioCNG<br \/>\nDu carburant \u00e0 partir de paille et de fumier<\/h3>\n<p><\/div><\/div> <!-- header --><\/div><\/div><div class=\"timeline-block \"><div class=\"timeline-dot\"><\/div><div class=\"ult-timeline-arrow\"><s><\/s><l><\/l><\/div><div class=\"timeline-icon-block\"><div class=\"ult-timeline-icon tl-icon-no-bg\" style=\"   \"><\/div> <!-- icon --><\/div><div class=\"timeline-header-block\" >\n\t\t\t\t\t\t\t<div id=\"timeline-item-3264\" class=\"timeline-header\" style=\"\"><h2 class=\"ult-timeline-title ult-responsive\"  data-ultimate-target='#timeline-item-3264 .ult-timeline-title'  data-responsive-json-new='{\"font-size\":\"\",\"line-height\":\"\"}'  style=\"\">2022<\/h2><div class=\"ult-responsive timeline-item-spt\"  data-ultimate-target='#timeline-item-3264 .timeline-item-spt'  data-responsive-json-new='{\"font-size\":\"\",\"line-height\":\"\"}'  style=\"\"><\/p>\n<h3 style=\"text-align: center;\"><a href=\"https:\/\/biog-biogas.com\/energie-aus-feldresten-live-am-10-09-2022\/\"><img decoding=\"async\" class=\"alignnone size-medium wp-image-280812 lazyload\" data-src=\"https:\/\/biog-biogas.com\/wp-content\/uploads\/DJI_0710-300x200.jpg\" alt=\"\" width=\"300\" height=\"200\" src=\"data:image\/svg+xml;base64,PHN2ZyB3aWR0aD0iMSIgaGVpZ2h0PSIxIiB4bWxucz0iaHR0cDovL3d3dy53My5vcmcvMjAwMC9zdmciPjwvc3ZnPg==\" style=\"--smush-placeholder-width: 300px; --smush-placeholder-aspect-ratio: 300\/200;\" \/><\/a><a href=\"https:\/\/biog-biogas.com\/energie-aus-feldresten-live-am-10-09-2022\/\"><img decoding=\"async\" class=\"alignnone size-medium wp-image-280721 lazyload\" data-src=\"https:\/\/biog-biogas.com\/wp-content\/uploads\/Feldarbeit_BioChipper2-300x200.jpg\" alt=\"\" width=\"300\" height=\"200\" data-srcset=\"https:\/\/biog-biogas.com\/wp-content\/uploads\/Feldarbeit_BioChipper2-300x200.jpg 300w, https:\/\/biog-biogas.com\/wp-content\/uploads\/Feldarbeit_BioChipper2-1024x683.jpg 1024w, https:\/\/biog-biogas.com\/wp-content\/uploads\/Feldarbeit_BioChipper2-768x512.jpg 768w, https:\/\/biog-biogas.com\/wp-content\/uploads\/Feldarbeit_BioChipper2-1536x1024.jpg 1536w, https:\/\/biog-biogas.com\/wp-content\/uploads\/Feldarbeit_BioChipper2-2048x1365.jpg 2048w, https:\/\/biog-biogas.com\/wp-content\/uploads\/Feldarbeit_BioChipper2-600x400.jpg 600w\" data-sizes=\"auto\" src=\"data:image\/svg+xml;base64,PHN2ZyB3aWR0aD0iMSIgaGVpZ2h0PSIxIiB4bWxucz0iaHR0cDovL3d3dy53My5vcmcvMjAwMC9zdmciPjwvc3ZnPg==\" style=\"--smush-placeholder-width: 300px; --smush-placeholder-aspect-ratio: 300\/200;\" data-original-sizes=\"(max-width: 300px) 100vw, 300px\" \/><\/a><\/h3>\n<h3 style=\"text-align: center;\">Tag der offenen T\u00fcr \u00ab\u00a0Energie aus Feldresten LIVE\u00a0\u00bb<\/h3>\n<p><\/div><\/div> <!-- header --><\/div><\/div><div class=\"timeline-block \"><div class=\"timeline-dot\"><\/div><div class=\"ult-timeline-arrow\"><s><\/s><l><\/l><\/div><div class=\"timeline-icon-block\"><div class=\"ult-timeline-icon tl-icon-no-bg\" style=\"   \"><\/div> <!-- icon --><\/div><div class=\"timeline-header-block\" >\n\t\t\t\t\t\t\t<div id=\"timeline-item-9746\" class=\"timeline-header\" style=\"\"><h2 class=\"ult-timeline-title ult-responsive\"  data-ultimate-target='#timeline-item-9746 .ult-timeline-title'  data-responsive-json-new='{\"font-size\":\"\",\"line-height\":\"\"}'  style=\"\">2022<\/h2><div class=\"ult-responsive timeline-item-spt\"  data-ultimate-target='#timeline-item-9746 .timeline-item-spt'  data-responsive-json-new='{\"font-size\":\"\",\"line-height\":\"\"}'  style=\"\"><\/p>\n<h3 style=\"text-align: center;\"><a href=\"https:\/\/biog-biogas.com\/279971\/\"><img decoding=\"async\" class=\"alignnone size-medium wp-image-281562 lazyload\" data-src=\"https:\/\/biog-biogas.com\/wp-content\/uploads\/IMG_20220531_124112-300x225.jpg\" alt=\"\" width=\"300\" height=\"225\" data-srcset=\"https:\/\/biog-biogas.com\/wp-content\/uploads\/IMG_20220531_124112-300x225.jpg 300w, https:\/\/biog-biogas.com\/wp-content\/uploads\/IMG_20220531_124112-1024x768.jpg 1024w, https:\/\/biog-biogas.com\/wp-content\/uploads\/IMG_20220531_124112-768x576.jpg 768w, https:\/\/biog-biogas.com\/wp-content\/uploads\/IMG_20220531_124112-1536x1152.jpg 1536w, https:\/\/biog-biogas.com\/wp-content\/uploads\/IMG_20220531_124112-2048x1536.jpg 2048w, https:\/\/biog-biogas.com\/wp-content\/uploads\/IMG_20220531_124112-600x450.jpg 600w\" data-sizes=\"auto\" src=\"data:image\/svg+xml;base64,PHN2ZyB3aWR0aD0iMSIgaGVpZ2h0PSIxIiB4bWxucz0iaHR0cDovL3d3dy53My5vcmcvMjAwMC9zdmciPjwvc3ZnPg==\" style=\"--smush-placeholder-width: 300px; --smush-placeholder-aspect-ratio: 300\/225;\" data-original-sizes=\"(max-width: 300px) 100vw, 300px\" \/><\/a><\/h3>\n<h3 style=\"text-align: center;\">Fertigstellung der Produktionshalle<\/h3>\n<p><\/div><\/div> <!-- header --><\/div><\/div><div class=\"timeline-block \"><div class=\"timeline-dot\"><\/div><div class=\"ult-timeline-arrow\"><s><\/s><l><\/l><\/div><div class=\"timeline-icon-block\"><div class=\"ult-timeline-icon tl-icon-no-bg\" style=\"   \"><\/div> <!-- icon --><\/div><div class=\"timeline-header-block\" >\n\t\t\t\t\t\t\t<div id=\"timeline-item-9044\" class=\"timeline-header\" style=\"\"><h2 class=\"ult-timeline-title ult-responsive\"  data-ultimate-target='#timeline-item-9044 .ult-timeline-title'  data-responsive-json-new='{\"font-size\":\"\",\"line-height\":\"\"}'  style=\"\">2021<\/h2><div class=\"ult-responsive timeline-item-spt\"  data-ultimate-target='#timeline-item-9044 .timeline-item-spt'  data-responsive-json-new='{\"font-size\":\"\",\"line-height\":\"\"}'  style=\"\"><\/p>\n<h3 style=\"text-align: center;\"><img decoding=\"async\" class=\"size-medium wp-image-180031 aligncenter lazyload\" data-src=\"https:\/\/biog-biogas.com\/wp-content\/uploads\/BIOG-Ansicht-300x159.jpg\" alt=\"\" width=\"300\" height=\"159\" data-srcset=\"https:\/\/biog-biogas.com\/wp-content\/uploads\/BIOG-Ansicht-300x159.jpg 300w, https:\/\/biog-biogas.com\/wp-content\/uploads\/BIOG-Ansicht-1024x542.jpg 1024w, https:\/\/biog-biogas.com\/wp-content\/uploads\/BIOG-Ansicht-768x407.jpg 768w, https:\/\/biog-biogas.com\/wp-content\/uploads\/BIOG-Ansicht-600x318.jpg 600w, https:\/\/biog-biogas.com\/wp-content\/uploads\/BIOG-Ansicht.jpg 1280w\" data-sizes=\"auto\" src=\"data:image\/svg+xml;base64,PHN2ZyB3aWR0aD0iMSIgaGVpZ2h0PSIxIiB4bWxucz0iaHR0cDovL3d3dy53My5vcmcvMjAwMC9zdmciPjwvc3ZnPg==\" style=\"--smush-placeholder-width: 300px; --smush-placeholder-aspect-ratio: 300\/159;\" data-original-sizes=\"(max-width: 300px) 100vw, 300px\" \/><\/h3>\n<h3 style=\"text-align: center;\">Erweiterung der Produktionshalle<\/h3>\n<p><\/div><\/div> <!-- header --><\/div><\/div><div class=\"timeline-block \"><div class=\"timeline-dot\"><\/div><div class=\"ult-timeline-arrow\"><s><\/s><l><\/l><\/div><div class=\"timeline-icon-block\"><div class=\"ult-timeline-icon tl-icon-no-bg\" style=\"   \"><\/div> <!-- icon --><\/div><div class=\"timeline-header-block\" >\n\t\t\t\t\t\t\t<div id=\"timeline-item-8724\" class=\"timeline-header\" style=\"\"><h2 class=\"ult-timeline-title ult-responsive\"  data-ultimate-target='#timeline-item-8724 .ult-timeline-title'  data-responsive-json-new='{\"font-size\":\"\",\"line-height\":\"\"}'  style=\"\">2020<\/h2><div class=\"ult-responsive timeline-item-spt\"  data-ultimate-target='#timeline-item-8724 .timeline-item-spt'  data-responsive-json-new='{\"font-size\":\"\",\"line-height\":\"\"}'  style=\"\"><\/p>\n<h3 style=\"text-align: center;\"><img decoding=\"async\" class=\"alignnone size-medium wp-image-21423 lazyload\" data-src=\"https:\/\/biog-biogas.com\/wp-content\/uploads\/\/biog-und-meba-biogas-crop-300x166.jpg\" alt=\"\" width=\"300\" height=\"166\" data-srcset=\"https:\/\/biog-biogas.com\/wp-content\/uploads\/biog-und-meba-biogas-crop-300x166.jpg 300w, https:\/\/biog-biogas.com\/wp-content\/uploads\/biog-und-meba-biogas-crop-1024x567.jpg 1024w, https:\/\/biog-biogas.com\/wp-content\/uploads\/biog-und-meba-biogas-crop-768x425.jpg 768w, https:\/\/biog-biogas.com\/wp-content\/uploads\/biog-und-meba-biogas-crop-600x332.jpg 600w, https:\/\/biog-biogas.com\/wp-content\/uploads\/biog-und-meba-biogas-crop.jpg 1493w\" data-sizes=\"auto\" src=\"data:image\/svg+xml;base64,PHN2ZyB3aWR0aD0iMSIgaGVpZ2h0PSIxIiB4bWxucz0iaHR0cDovL3d3dy53My5vcmcvMjAwMC9zdmciPjwvc3ZnPg==\" style=\"--smush-placeholder-width: 300px; --smush-placeholder-aspect-ratio: 300\/166;\" data-original-sizes=\"(max-width: 300px) 100vw, 300px\" \/><\/h3>\n<p><\/p>\n<h3 style=\"text-align: center;\">Cr\u00e9ation de la coentreprise BioG Biogas GmbH \u00e0 N\u00f6rdlingen, en Allemagne<\/h3>\n<p><\/div><\/div> <!-- header --><\/div><\/div><div class=\"timeline-block \"><div class=\"timeline-dot\"><\/div><div class=\"ult-timeline-arrow\"><s><\/s><l><\/l><\/div><div class=\"timeline-icon-block\"><div class=\"ult-timeline-icon tl-icon-no-bg\" style=\"   \"><\/div> <!-- icon --><\/div><div class=\"timeline-header-block\" >\n\t\t\t\t\t\t\t<div id=\"timeline-item-5664\" class=\"timeline-header\" style=\"\"><h2 class=\"ult-timeline-title ult-responsive\"  data-ultimate-target='#timeline-item-5664 .ult-timeline-title'  data-responsive-json-new='{\"font-size\":\"\",\"line-height\":\"\"}'  style=\"\">2019<\/h2><div class=\"ult-responsive timeline-item-spt\"  data-ultimate-target='#timeline-item-5664 .timeline-item-spt'  data-responsive-json-new='{\"font-size\":\"\",\"line-height\":\"\"}'  style=\"\"><\/p>\n<h3 style=\"text-align: center;\">Cr\u00e9ation de la filiale BioG America Inc. \u00e0 Denver, aux \u00c9tats-Unis.<\/h3>\n<p><\/div><\/div> <!-- header --><\/div><\/div><div class=\"timeline-block \"><div class=\"timeline-dot\"><\/div><div class=\"ult-timeline-arrow\"><s><\/s><l><\/l><\/div><div class=\"timeline-icon-block\"><div class=\"ult-timeline-icon tl-icon-no-bg\" style=\"   \"><\/div> <!-- icon --><\/div><div class=\"timeline-header-block\" >\n\t\t\t\t\t\t\t<div id=\"timeline-item-5107\" class=\"timeline-header\" style=\"\"><h2 class=\"ult-timeline-title ult-responsive\"  data-ultimate-target='#timeline-item-5107 .ult-timeline-title'  data-responsive-json-new='{\"font-size\":\"\",\"line-height\":\"\"}'  style=\"\">2008<\/h2><div class=\"ult-responsive timeline-item-spt\"  data-ultimate-target='#timeline-item-5107 .timeline-item-spt'  data-responsive-json-new='{\"font-size\":\"\",\"line-height\":\"\"}'  style=\"\"><\/p>\n<h3 style=\"text-align: center;\">Cr\u00e9ation de la soci\u00e9t\u00e9 BioG GmbH pour la production de composants techniques et l&rsquo;accompagnement biologique de la production de biom\u00e9thane \u00e0 partir de paille et de fumier, avec 2 employ\u00e9s.<\/h3>\n<p><\/div><\/div> <!-- header --><\/div><\/div><div class=\"timeline-block \"><div class=\"timeline-dot\"><\/div><div class=\"ult-timeline-arrow\"><s><\/s><l><\/l><\/div><div class=\"timeline-icon-block\"><div class=\"ult-timeline-icon tl-icon-no-bg\" style=\"   \"><\/div> <!-- icon --><\/div><div class=\"timeline-header-block\" >\n\t\t\t\t\t\t\t<div id=\"timeline-item-3804\" class=\"timeline-header\" style=\"\"><h2 class=\"ult-timeline-title ult-responsive\"  data-ultimate-target='#timeline-item-3804 .ult-timeline-title'  data-responsive-json-new='{\"font-size\":\"\",\"line-height\":\"\"}'  style=\"\">2006 - 2008<\/h2><div class=\"ult-responsive timeline-item-spt\"  data-ultimate-target='#timeline-item-3804 .timeline-item-spt'  data-responsive-json-new='{\"font-size\":\"\",\"line-height\":\"\"}'  style=\"\"><\/p>\n<h3 style=\"text-align: center;\">Transformation de l&rsquo;installation de biogaz \u00d6koenergie Utzenaich gr\u00e2ce \u00e0 nos propres d\u00e9veloppements techniques afin de passer de l&rsquo;ensilage de ma\u00efs \u00e0 des r\u00e9sidus de culture, de la paille et du fumier comme mati\u00e8res premi\u00e8res.<\/h3>\n<p><\/div><\/div> <!-- header --><\/div><\/div><div class=\"timeline-block \"><div class=\"timeline-dot\"><\/div><div class=\"ult-timeline-arrow\"><s><\/s><l><\/l><\/div><div class=\"timeline-icon-block\"><div class=\"ult-timeline-icon tl-icon-no-bg\" style=\"   \"><\/div> <!-- icon --><\/div><div class=\"timeline-header-block\" >\n\t\t\t\t\t\t\t<div id=\"timeline-item-7960\" class=\"timeline-header\" style=\"\"><h2 class=\"ult-timeline-title ult-responsive\"  data-ultimate-target='#timeline-item-7960 .ult-timeline-title'  data-responsive-json-new='{\"font-size\":\"\",\"line-height\":\"\"}'  style=\"\">2004<\/h2><div class=\"ult-responsive timeline-item-spt\"  data-ultimate-target='#timeline-item-7960 .timeline-item-spt'  data-responsive-json-new='{\"font-size\":\"\",\"line-height\":\"\"}'  style=\"\"><\/p>\n<h3 style=\"text-align: center;\"><img decoding=\"async\" class=\"size-medium wp-image-203737 aligncenter lazyload\" data-src=\"https:\/\/biog-biogas.com\/wp-content\/uploads\/\/DSC00834-300x225.jpg\" alt=\"\" width=\"300\" height=\"179\" src=\"data:image\/svg+xml;base64,PHN2ZyB3aWR0aD0iMSIgaGVpZ2h0PSIxIiB4bWxucz0iaHR0cDovL3d3dy53My5vcmcvMjAwMC9zdmciPjwvc3ZnPg==\" style=\"--smush-placeholder-width: 300px; --smush-placeholder-aspect-ratio: 300\/179;\" \/><\/h3>\n<p><\/p>\n<h3 style=\"text-align: center;\">Cr\u00e9ation de la soci\u00e9t\u00e9 \u00d6koenergie Utzenaich GmbH pour l&rsquo;exploitation d&rsquo;une installation de biogaz de 500 kW \u00e0 partir d&rsquo;ensilage de ma\u00efs.<\/h3>\n<p><\/div><\/div> <!-- header --><\/div><\/div><\/div><\/div>[\/vc_column][\/vc_row]<\/p>\n<\/div>","protected":false},"excerpt":{"rendered":"<p>[vc_row][vc_column width=\u00a0\u00bb1\/2&Prime;][vc_row_inner][vc_column_inner][vc_column_text] Historique de l&rsquo;entreprise [\/vc_column_text][\/vc_column_inner][\/vc_row_inner][vc_empty_space][vc_column_text]BioG emploie aujourd&rsquo;hui plus de 60 collaborateurs et accompagne chaque ann\u00e9e 30 \u00e0 50 installations de biogaz dans la construction ou la conversion d&rsquo;installations de biogaz passant des cultures principales telles que le ma\u00efs et les c\u00e9r\u00e9ales \u00e0 des r\u00e9sidus tels que la paille, le fumier, les d\u00e9chets d&rsquo;entretien du&hellip;<\/p>\n","protected":false},"author":46,"featured_media":0,"parent":2233,"menu_order":0,"comment_status":"closed","ping_status":"closed","template":"","meta":{"footnotes":""},"class_list":["post-284726","page","type-page","status-publish","hentry","description-off"],"yoast_head":"<!-- This site is optimized with the Yoast SEO plugin v27.3 - https:\/\/yoast.com\/product\/yoast-seo-wordpress\/ -->\n<title>Historique de l&#039;entreprise - BIOG<\/title>\n<meta name=\"robots\" content=\"index, follow, max-snippet:-1, max-image-preview:large, max-video-preview:-1\" \/>\n<link rel=\"canonical\" href=\"https:\/\/biog-biogas.com\/fr\/azienda\/firmengeschichte\/\" \/>\n<meta property=\"og:locale\" content=\"fr_FR\" \/>\n<meta property=\"og:type\" content=\"article\" \/>\n<meta property=\"og:title\" content=\"Historique de l&#039;entreprise - BIOG\" \/>\n<meta property=\"og:description\" content=\"[vc_row][vc_column width=\u00a0\u00bb1\/2&Prime;][vc_row_inner][vc_column_inner][vc_column_text] Historique de l&rsquo;entreprise [\/vc_column_text][\/vc_column_inner][\/vc_row_inner][vc_empty_space][vc_column_text]BioG emploie aujourd&rsquo;hui plus de 60 collaborateurs et accompagne chaque ann\u00e9e 30 \u00e0 50 installations de biogaz dans la construction ou la conversion d&rsquo;installations de biogaz passant des cultures principales telles que le ma\u00efs et les c\u00e9r\u00e9ales \u00e0 des r\u00e9sidus tels que la paille, le fumier, les d\u00e9chets d&rsquo;entretien du&hellip;\" \/>\n<meta property=\"og:url\" content=\"https:\/\/biog-biogas.com\/fr\/azienda\/firmengeschichte\/\" \/>\n<meta property=\"og:site_name\" content=\"BIOG\" \/>\n<meta property=\"article:modified_time\" content=\"2025-10-22T07:11:09+00:00\" \/>\n<meta property=\"og:image\" content=\"https:\/\/biog-biogas.com\/wp-content\/uploads\/0_CNG-Hoftankstelle_Ansicht-scaled.jpg\" \/>\n\t<meta property=\"og:image:width\" content=\"2560\" \/>\n\t<meta property=\"og:image:height\" content=\"1441\" \/>\n\t<meta property=\"og:image:type\" content=\"image\/jpeg\" \/>\n<meta name=\"twitter:card\" content=\"summary_large_image\" \/>\n<meta name=\"twitter:label1\" content=\"Dur\u00e9e de lecture estim\u00e9e\" \/>\n\t<meta name=\"twitter:data1\" content=\"3 minutes\" \/>\n<script type=\"application\/ld+json\" class=\"yoast-schema-graph\">{\"@context\":\"https:\\\/\\\/schema.org\",\"@graph\":[{\"@type\":\"WebPage\",\"@id\":\"https:\\\/\\\/biog-biogas.com\\\/fr\\\/azienda\\\/firmengeschichte\\\/\",\"url\":\"https:\\\/\\\/biog-biogas.com\\\/fr\\\/azienda\\\/firmengeschichte\\\/\",\"name\":\"Historique de l'entreprise - BIOG\",\"isPartOf\":{\"@id\":\"https:\\\/\\\/biog-biogas.com\\\/fr\\\/#website\"},\"primaryImageOfPage\":{\"@id\":\"https:\\\/\\\/biog-biogas.com\\\/fr\\\/azienda\\\/firmengeschichte\\\/#primaryimage\"},\"image\":{\"@id\":\"https:\\\/\\\/biog-biogas.com\\\/fr\\\/azienda\\\/firmengeschichte\\\/#primaryimage\"},\"thumbnailUrl\":\"https:\\\/\\\/biog-biogas.com\\\/wp-content\\\/uploads\\\/0_CNG-Hoftankstelle_Ansicht-300x169.jpg\",\"datePublished\":\"2021-06-23T05:49:04+00:00\",\"dateModified\":\"2025-10-22T07:11:09+00:00\",\"breadcrumb\":{\"@id\":\"https:\\\/\\\/biog-biogas.com\\\/fr\\\/azienda\\\/firmengeschichte\\\/#breadcrumb\"},\"inLanguage\":\"fr-FR\",\"potentialAction\":[{\"@type\":\"ReadAction\",\"target\":[\"https:\\\/\\\/biog-biogas.com\\\/fr\\\/azienda\\\/firmengeschichte\\\/\"]}]},{\"@type\":\"ImageObject\",\"inLanguage\":\"fr-FR\",\"@id\":\"https:\\\/\\\/biog-biogas.com\\\/fr\\\/azienda\\\/firmengeschichte\\\/#primaryimage\",\"url\":\"https:\\\/\\\/biog-biogas.com\\\/wp-content\\\/uploads\\\/0_CNG-Hoftankstelle_Ansicht-300x169.jpg\",\"contentUrl\":\"https:\\\/\\\/biog-biogas.com\\\/wp-content\\\/uploads\\\/0_CNG-Hoftankstelle_Ansicht-300x169.jpg\"},{\"@type\":\"BreadcrumbList\",\"@id\":\"https:\\\/\\\/biog-biogas.com\\\/fr\\\/azienda\\\/firmengeschichte\\\/#breadcrumb\",\"itemListElement\":[{\"@type\":\"ListItem\",\"position\":1,\"name\":\"Startseite\",\"item\":\"https:\\\/\\\/biog-biogas.com\\\/fr\\\/\"},{\"@type\":\"ListItem\",\"position\":2,\"name\":\"Entreprise\",\"item\":\"https:\\\/\\\/biog-biogas.com\\\/fr\\\/azienda\\\/\"},{\"@type\":\"ListItem\",\"position\":3,\"name\":\"Historique de l&#8217;entreprise\"}]},{\"@type\":\"WebSite\",\"@id\":\"https:\\\/\\\/biog-biogas.com\\\/fr\\\/#website\",\"url\":\"https:\\\/\\\/biog-biogas.com\\\/fr\\\/\",\"name\":\"BIOG\",\"description\":\"Solutions for green energy\",\"potentialAction\":[{\"@type\":\"SearchAction\",\"target\":{\"@type\":\"EntryPoint\",\"urlTemplate\":\"https:\\\/\\\/biog-biogas.com\\\/fr\\\/?s={search_term_string}\"},\"query-input\":{\"@type\":\"PropertyValueSpecification\",\"valueRequired\":true,\"valueName\":\"search_term_string\"}}],\"inLanguage\":\"fr-FR\"}]}<\/script>\n<!-- \/ Yoast SEO plugin. -->","yoast_head_json":{"title":"Historique de l'entreprise - BIOG","robots":{"index":"index","follow":"follow","max-snippet":"max-snippet:-1","max-image-preview":"max-image-preview:large","max-video-preview":"max-video-preview:-1"},"canonical":"https:\/\/biog-biogas.com\/fr\/azienda\/firmengeschichte\/","og_locale":"fr_FR","og_type":"article","og_title":"Historique de l'entreprise - BIOG","og_description":"[vc_row][vc_column width=\u00a0\u00bb1\/2&Prime;][vc_row_inner][vc_column_inner][vc_column_text] Historique de l&rsquo;entreprise [\/vc_column_text][\/vc_column_inner][\/vc_row_inner][vc_empty_space][vc_column_text]BioG emploie aujourd&rsquo;hui plus de 60 collaborateurs et accompagne chaque ann\u00e9e 30 \u00e0 50 installations de biogaz dans la construction ou la conversion d&rsquo;installations de biogaz passant des cultures principales telles que le ma\u00efs et les c\u00e9r\u00e9ales \u00e0 des r\u00e9sidus tels que la paille, le fumier, les d\u00e9chets d&rsquo;entretien du&hellip;","og_url":"https:\/\/biog-biogas.com\/fr\/azienda\/firmengeschichte\/","og_site_name":"BIOG","article_modified_time":"2025-10-22T07:11:09+00:00","og_image":[{"width":2560,"height":1441,"url":"https:\/\/biog-biogas.com\/wp-content\/uploads\/0_CNG-Hoftankstelle_Ansicht-scaled.jpg","type":"image\/jpeg"}],"twitter_card":"summary_large_image","twitter_misc":{"Dur\u00e9e de lecture estim\u00e9e":"3 minutes"},"schema":{"@context":"https:\/\/schema.org","@graph":[{"@type":"WebPage","@id":"https:\/\/biog-biogas.com\/fr\/azienda\/firmengeschichte\/","url":"https:\/\/biog-biogas.com\/fr\/azienda\/firmengeschichte\/","name":"Historique de l'entreprise - BIOG","isPartOf":{"@id":"https:\/\/biog-biogas.com\/fr\/#website"},"primaryImageOfPage":{"@id":"https:\/\/biog-biogas.com\/fr\/azienda\/firmengeschichte\/#primaryimage"},"image":{"@id":"https:\/\/biog-biogas.com\/fr\/azienda\/firmengeschichte\/#primaryimage"},"thumbnailUrl":"https:\/\/biog-biogas.com\/wp-content\/uploads\/0_CNG-Hoftankstelle_Ansicht-300x169.jpg","datePublished":"2021-06-23T05:49:04+00:00","dateModified":"2025-10-22T07:11:09+00:00","breadcrumb":{"@id":"https:\/\/biog-biogas.com\/fr\/azienda\/firmengeschichte\/#breadcrumb"},"inLanguage":"fr-FR","potentialAction":[{"@type":"ReadAction","target":["https:\/\/biog-biogas.com\/fr\/azienda\/firmengeschichte\/"]}]},{"@type":"ImageObject","inLanguage":"fr-FR","@id":"https:\/\/biog-biogas.com\/fr\/azienda\/firmengeschichte\/#primaryimage","url":"https:\/\/biog-biogas.com\/wp-content\/uploads\/0_CNG-Hoftankstelle_Ansicht-300x169.jpg","contentUrl":"https:\/\/biog-biogas.com\/wp-content\/uploads\/0_CNG-Hoftankstelle_Ansicht-300x169.jpg"},{"@type":"BreadcrumbList","@id":"https:\/\/biog-biogas.com\/fr\/azienda\/firmengeschichte\/#breadcrumb","itemListElement":[{"@type":"ListItem","position":1,"name":"Startseite","item":"https:\/\/biog-biogas.com\/fr\/"},{"@type":"ListItem","position":2,"name":"Entreprise","item":"https:\/\/biog-biogas.com\/fr\/azienda\/"},{"@type":"ListItem","position":3,"name":"Historique de l&#8217;entreprise"}]},{"@type":"WebSite","@id":"https:\/\/biog-biogas.com\/fr\/#website","url":"https:\/\/biog-biogas.com\/fr\/","name":"BIOG","description":"Solutions for green energy","potentialAction":[{"@type":"SearchAction","target":{"@type":"EntryPoint","urlTemplate":"https:\/\/biog-biogas.com\/fr\/?s={search_term_string}"},"query-input":{"@type":"PropertyValueSpecification","valueRequired":true,"valueName":"search_term_string"}}],"inLanguage":"fr-FR"}]}},"_links":{"self":[{"href":"https:\/\/biog-biogas.com\/fr\/wp-json\/wp\/v2\/pages\/284726","targetHints":{"allow":["GET"]}}],"collection":[{"href":"https:\/\/biog-biogas.com\/fr\/wp-json\/wp\/v2\/pages"}],"about":[{"href":"https:\/\/biog-biogas.com\/fr\/wp-json\/wp\/v2\/types\/page"}],"author":[{"embeddable":true,"href":"https:\/\/biog-biogas.com\/fr\/wp-json\/wp\/v2\/users\/46"}],"replies":[{"embeddable":true,"href":"https:\/\/biog-biogas.com\/fr\/wp-json\/wp\/v2\/comments?post=284726"}],"version-history":[{"count":0,"href":"https:\/\/biog-biogas.com\/fr\/wp-json\/wp\/v2\/pages\/284726\/revisions"}],"up":[{"embeddable":true,"href":"https:\/\/biog-biogas.com\/fr\/wp-json\/wp\/v2\/pages\/2233"}],"wp:attachment":[{"href":"https:\/\/biog-biogas.com\/fr\/wp-json\/wp\/v2\/media?parent=284726"}],"curies":[{"name":"wp","href":"https:\/\/api.w.org\/{rel}","templated":true}]}}