{"id":285168,"date":"2026-01-15T11:38:59","date_gmt":"2026-01-15T10:38:59","guid":{"rendered":"https:\/\/biog-biogas.com\/cng-fronttank\/"},"modified":"2026-01-16T07:24:22","modified_gmt":"2026-01-16T06:24:22","slug":"cng-fronttank","status":"publish","type":"page","link":"https:\/\/biog-biogas.com\/fr\/cng-fronttank\/","title":{"rendered":"CNG Fronttank"},"content":{"rendered":"<div class=\"wpb-content-wrapper\"><p>[vc_row][vc_column width=\u00a0\u00bb1\/2&Prime;]<div id=\"ultimate-heading-956169d3c114e356c\" class=\"uvc-heading ult-adjust-bottom-margin ultimate-heading-956169d3c114e356c uvc-8650  uvc-heading-default-font-sizes\" data-hspacer=\"no_spacer\"  data-halign=\"left\" style=\"text-align:left\"><div class=\"uvc-heading-spacer no_spacer\" style=\"top\"><\/div><div class=\"uvc-main-heading ult-responsive\"  data-ultimate-target='.uvc-heading.ultimate-heading-956169d3c114e356c h2'  data-responsive-json-new='{\"font-size\":\"\",\"line-height\":\"\"}' ><h2 style=\"--font-weight:theme;\">R\u00e9servoir avant GNC<\/h2><\/div><\/div><div id=\"ultimate-heading-294569d3c114e3640\" class=\"uvc-heading ult-adjust-bottom-margin ultimate-heading-294569d3c114e3640 uvc-6497  uvc-heading-default-font-sizes\" data-hspacer=\"no_spacer\"  data-halign=\"left\" style=\"text-align:left\"><div class=\"uvc-heading-spacer no_spacer\" style=\"top\"><\/div><div class=\"uvc-main-heading ult-responsive\"  data-ultimate-target='.uvc-heading.ultimate-heading-294569d3c114e3640 h1'  data-responsive-json-new='{\"font-size\":\"\",\"line-height\":\"\"}' ><h1 style=\"--font-weight:theme;\">La source d'\u00e9nergie durable pour l'agriculture moderne<\/h1><\/div><\/div>[vc_empty_space][vc_column_text css=\u00a0\u00bb\u00a0\u00bb]En coop\u00e9ration avec New Holland, BioG am\u00e8ne la transition \u00e9nerg\u00e9tique directement dans les champs.<br data-start=\"166\" data-end=\"169\" \/>Le r\u00e9servoir frontal GNC rend l\u2019agriculture plus ind\u00e9pendante, plus durable et plus rentable.[\/vc_column_text][vc_empty_space][vc_column_text css=\u00a0\u00bb\u00a0\u00bb]<\/p>\n<h2 data-start=\"264\" data-end=\"287\">Flexible &amp; pratique<\/h2>\n<ul data-start=\"288\" data-end=\"466\">\n<li data-start=\"288\" data-end=\"344\">\n<p data-start=\"290\" data-end=\"344\">Montage frontal ou arri\u00e8re sur tout type de tracteur<\/p>\n<\/li>\n<li data-start=\"345\" data-end=\"407\">\n<p data-start=\"347\" data-end=\"407\">\u00c9galement installable sur des outils et \u00e9quipements port\u00e9s<\/p>\n<\/li>\n<li data-start=\"408\" data-end=\"466\">\n<p data-start=\"410\" data-end=\"466\">Syst\u00e8me de fixation rapide pour une flexibilit\u00e9 maximale<\/p>\n<\/li>\n<\/ul>\n<p>[\/vc_column_text][vc_empty_space height=\u00a0\u00bb70px\u00a0\u00bb][\/vc_column][vc_column width=\u00a0\u00bb1\/2&Prime;][vc_single_image image=\u00a0\u00bb285144&Prime; img_size=\u00a0\u00bbfull\u00a0\u00bb alignment=\u00a0\u00bbcenter\u00a0\u00bb css=\u00a0\u00bb\u00a0\u00bb][\/vc_column][\/vc_row][vc_row][vc_column width=\u00a0\u00bb1\/2&Prime;][vc_column_text css=\u00a0\u00bb\u00a0\u00bb]<\/p>\n<div class=\"text-base my-auto mx-auto [--thread-content-margin:--spacing(4)] @w-sm\/main:[--thread-content-margin:--spacing(6)] @w-lg\/main:[--thread-content-margin:--spacing(16)] px-(--thread-content-margin)\">\n<div class=\"[--thread-content-max-width:40rem] @w-lg\/main:[--thread-content-max-width:48rem] mx-auto max-w-(--thread-content-max-width) flex-1 group\/turn-messages focus-visible:outline-hidden relative flex w-full min-w-0 flex-col agent-turn\" tabindex=\"-1\">\n<div class=\"flex max-w-full flex-col grow\">\n<div class=\"min-h-8 text-message relative flex w-full flex-col items-end gap-2 text-start break-words whitespace-normal [.text-message+&amp;]:mt-1\" dir=\"auto\" data-message-author-role=\"assistant\" data-message-id=\"e2427a86-6c53-4d52-be03-8d676f5c2502\" data-message-model-slug=\"gpt-5-2\">\n<div class=\"flex w-full flex-col gap-1 empty:hidden first:pt-[1px]\">\n<div class=\"markdown prose dark:prose-invert w-full break-words light markdown-new-styling\">\n<h2 data-start=\"468\" data-end=\"485\">Vos avantages<\/h2>\n<ul data-start=\"486\" data-end=\"718\">\n<li data-start=\"486\" data-end=\"522\">\n<p data-start=\"488\" data-end=\"522\">R\u00e9duction des co\u00fbts de carburant<\/p>\n<\/li>\n<li data-start=\"523\" data-end=\"558\">\n<p data-start=\"525\" data-end=\"558\">Diminution des \u00e9missions de CO\u2082<\/p>\n<\/li>\n<li data-start=\"559\" data-end=\"595\">\n<p data-start=\"561\" data-end=\"595\">Ind\u00e9pendance vis-\u00e0-vis du diesel<\/p>\n<\/li>\n<li data-start=\"596\" data-end=\"646\">\n<p data-start=\"598\" data-end=\"646\">Int\u00e9gration simple dans les flottes existantes<\/p>\n<\/li>\n<li data-start=\"647\" data-end=\"665\">\n<p data-start=\"649\" data-end=\"665\">S\u00fbr et robuste<\/p>\n<\/li>\n<li data-start=\"666\" data-end=\"718\">\n<p data-start=\"668\" data-end=\"718\">Con\u00e7u sp\u00e9cifiquement pour une utilisation agricole<\/p>\n<\/li>\n<\/ul>\n<\/div>\n<\/div>\n<\/div>\n<\/div>\n<\/div>\n<\/div>\n<p>[\/vc_column_text][\/vc_column][vc_column width=\u00a0\u00bb1\/2&Prime;][vc_column_text css=\u00a0\u00bb\u00a0\u00bb]<\/p>\n<h2 data-start=\"720\" data-end=\"742\">Donn\u00e9es techniques<\/h2>\n<ul data-start=\"743\" data-end=\"911\">\n<li data-start=\"743\" data-end=\"766\">\n<p data-start=\"745\" data-end=\"766\">Volume : 575 litres<\/p>\n<\/li>\n<li data-start=\"767\" data-end=\"839\">\n<p data-start=\"769\" data-end=\"839\">Capacit\u00e9 de stockage : env. 80 kg de GNC \u2259 env. 110 litres de diesel<\/p>\n<\/li>\n<li data-start=\"840\" data-end=\"867\">\n<p data-start=\"842\" data-end=\"867\">Poids \u00e0 vide : 1 000 kg<\/p>\n<\/li>\n<li data-start=\"868\" data-end=\"911\">\n<p data-start=\"870\" data-end=\"911\">Charge suppl\u00e9mentaire possible : + 250 kg<\/p>\n<\/li>\n<\/ul>\n<p>[\/vc_column_text][\/vc_column][\/vc_row][vc_row][vc_column][vc_empty_space][vc_single_image image=\u00a0\u00bb285151&Prime; img_size=\u00a0\u00bblarge\u00a0\u00bb alignment=\u00a0\u00bbcenter\u00a0\u00bb css=\u00a0\u00bb\u00a0\u00bb][\/vc_column][\/vc_row]<\/p>\n<\/div>","protected":false},"excerpt":{"rendered":"<p>[vc_row][vc_column width=\u00a0\u00bb1\/2&Prime;][vc_empty_space][vc_column_text css=\u00a0\u00bb\u00a0\u00bb]En coop\u00e9ration avec New Holland, BioG am\u00e8ne la transition \u00e9nerg\u00e9tique directement dans les champs.Le r\u00e9servoir frontal GNC rend l\u2019agriculture plus ind\u00e9pendante, plus durable et plus rentable.[\/vc_column_text][vc_empty_space][vc_column_text css=\u00a0\u00bb\u00a0\u00bb] Flexible &amp; pratique Montage frontal ou arri\u00e8re sur tout type de tracteur \u00c9galement installable sur des outils et \u00e9quipements port\u00e9s Syst\u00e8me de fixation rapide pour une&hellip;<\/p>\n","protected":false},"author":46,"featured_media":0,"parent":0,"menu_order":0,"comment_status":"closed","ping_status":"closed","template":"","meta":{"footnotes":""},"class_list":["post-285168","page","type-page","status-publish","hentry","description-off"],"yoast_head":"<!-- This site is optimized with the Yoast SEO plugin v27.3 - https:\/\/yoast.com\/product\/yoast-seo-wordpress\/ -->\n<title>CNG Fronttank - BIOG<\/title>\n<meta name=\"robots\" content=\"index, follow, max-snippet:-1, max-image-preview:large, max-video-preview:-1\" \/>\n<link rel=\"canonical\" href=\"https:\/\/biog-biogas.com\/fr\/cng-fronttank\/\" \/>\n<meta property=\"og:locale\" content=\"fr_FR\" \/>\n<meta property=\"og:type\" content=\"article\" \/>\n<meta property=\"og:title\" content=\"CNG Fronttank - BIOG\" \/>\n<meta property=\"og:description\" content=\"[vc_row][vc_column width=\u00a0\u00bb1\/2&Prime;][vc_empty_space][vc_column_text css=\u00a0\u00bb\u00a0\u00bb]En coop\u00e9ration avec New Holland, BioG am\u00e8ne la transition \u00e9nerg\u00e9tique directement dans les champs.Le r\u00e9servoir frontal GNC rend l\u2019agriculture plus ind\u00e9pendante, plus durable et plus rentable.[\/vc_column_text][vc_empty_space][vc_column_text css=\u00a0\u00bb\u00a0\u00bb] Flexible &amp; pratique Montage frontal ou arri\u00e8re sur tout type de tracteur \u00c9galement installable sur des outils et \u00e9quipements port\u00e9s Syst\u00e8me de fixation rapide pour une&hellip;\" \/>\n<meta property=\"og:url\" content=\"https:\/\/biog-biogas.com\/fr\/cng-fronttank\/\" \/>\n<meta property=\"og:site_name\" content=\"BIOG\" \/>\n<meta property=\"article:modified_time\" content=\"2026-01-16T06:24:22+00:00\" \/>\n<meta name=\"twitter:card\" content=\"summary_large_image\" \/>\n<meta name=\"twitter:label1\" content=\"Dur\u00e9e de lecture estim\u00e9e\" \/>\n\t<meta name=\"twitter:data1\" content=\"2 minutes\" \/>\n<script type=\"application\/ld+json\" class=\"yoast-schema-graph\">{\"@context\":\"https:\\\/\\\/schema.org\",\"@graph\":[{\"@type\":\"WebPage\",\"@id\":\"https:\\\/\\\/biog-biogas.com\\\/fr\\\/cng-fronttank\\\/\",\"url\":\"https:\\\/\\\/biog-biogas.com\\\/fr\\\/cng-fronttank\\\/\",\"name\":\"CNG Fronttank - BIOG\",\"isPartOf\":{\"@id\":\"https:\\\/\\\/biog-biogas.com\\\/fr\\\/#website\"},\"datePublished\":\"2026-01-15T10:38:59+00:00\",\"dateModified\":\"2026-01-16T06:24:22+00:00\",\"breadcrumb\":{\"@id\":\"https:\\\/\\\/biog-biogas.com\\\/fr\\\/cng-fronttank\\\/#breadcrumb\"},\"inLanguage\":\"fr-FR\",\"potentialAction\":[{\"@type\":\"ReadAction\",\"target\":[\"https:\\\/\\\/biog-biogas.com\\\/fr\\\/cng-fronttank\\\/\"]}]},{\"@type\":\"BreadcrumbList\",\"@id\":\"https:\\\/\\\/biog-biogas.com\\\/fr\\\/cng-fronttank\\\/#breadcrumb\",\"itemListElement\":[{\"@type\":\"ListItem\",\"position\":1,\"name\":\"Startseite\",\"item\":\"https:\\\/\\\/biog-biogas.com\\\/fr\\\/\"},{\"@type\":\"ListItem\",\"position\":2,\"name\":\"CNG Fronttank\"}]},{\"@type\":\"WebSite\",\"@id\":\"https:\\\/\\\/biog-biogas.com\\\/fr\\\/#website\",\"url\":\"https:\\\/\\\/biog-biogas.com\\\/fr\\\/\",\"name\":\"BIOG\",\"description\":\"Solutions for green energy\",\"potentialAction\":[{\"@type\":\"SearchAction\",\"target\":{\"@type\":\"EntryPoint\",\"urlTemplate\":\"https:\\\/\\\/biog-biogas.com\\\/fr\\\/?s={search_term_string}\"},\"query-input\":{\"@type\":\"PropertyValueSpecification\",\"valueRequired\":true,\"valueName\":\"search_term_string\"}}],\"inLanguage\":\"fr-FR\"}]}<\/script>\n<!-- \/ Yoast SEO plugin. -->","yoast_head_json":{"title":"CNG Fronttank - BIOG","robots":{"index":"index","follow":"follow","max-snippet":"max-snippet:-1","max-image-preview":"max-image-preview:large","max-video-preview":"max-video-preview:-1"},"canonical":"https:\/\/biog-biogas.com\/fr\/cng-fronttank\/","og_locale":"fr_FR","og_type":"article","og_title":"CNG Fronttank - BIOG","og_description":"[vc_row][vc_column width=\u00a0\u00bb1\/2&Prime;][vc_empty_space][vc_column_text css=\u00a0\u00bb\u00a0\u00bb]En coop\u00e9ration avec New Holland, BioG am\u00e8ne la transition \u00e9nerg\u00e9tique directement dans les champs.Le r\u00e9servoir frontal GNC rend l\u2019agriculture plus ind\u00e9pendante, plus durable et plus rentable.[\/vc_column_text][vc_empty_space][vc_column_text css=\u00a0\u00bb\u00a0\u00bb] Flexible &amp; pratique Montage frontal ou arri\u00e8re sur tout type de tracteur \u00c9galement installable sur des outils et \u00e9quipements port\u00e9s Syst\u00e8me de fixation rapide pour une&hellip;","og_url":"https:\/\/biog-biogas.com\/fr\/cng-fronttank\/","og_site_name":"BIOG","article_modified_time":"2026-01-16T06:24:22+00:00","twitter_card":"summary_large_image","twitter_misc":{"Dur\u00e9e de lecture estim\u00e9e":"2 minutes"},"schema":{"@context":"https:\/\/schema.org","@graph":[{"@type":"WebPage","@id":"https:\/\/biog-biogas.com\/fr\/cng-fronttank\/","url":"https:\/\/biog-biogas.com\/fr\/cng-fronttank\/","name":"CNG Fronttank - BIOG","isPartOf":{"@id":"https:\/\/biog-biogas.com\/fr\/#website"},"datePublished":"2026-01-15T10:38:59+00:00","dateModified":"2026-01-16T06:24:22+00:00","breadcrumb":{"@id":"https:\/\/biog-biogas.com\/fr\/cng-fronttank\/#breadcrumb"},"inLanguage":"fr-FR","potentialAction":[{"@type":"ReadAction","target":["https:\/\/biog-biogas.com\/fr\/cng-fronttank\/"]}]},{"@type":"BreadcrumbList","@id":"https:\/\/biog-biogas.com\/fr\/cng-fronttank\/#breadcrumb","itemListElement":[{"@type":"ListItem","position":1,"name":"Startseite","item":"https:\/\/biog-biogas.com\/fr\/"},{"@type":"ListItem","position":2,"name":"CNG Fronttank"}]},{"@type":"WebSite","@id":"https:\/\/biog-biogas.com\/fr\/#website","url":"https:\/\/biog-biogas.com\/fr\/","name":"BIOG","description":"Solutions for green energy","potentialAction":[{"@type":"SearchAction","target":{"@type":"EntryPoint","urlTemplate":"https:\/\/biog-biogas.com\/fr\/?s={search_term_string}"},"query-input":{"@type":"PropertyValueSpecification","valueRequired":true,"valueName":"search_term_string"}}],"inLanguage":"fr-FR"}]}},"_links":{"self":[{"href":"https:\/\/biog-biogas.com\/fr\/wp-json\/wp\/v2\/pages\/285168","targetHints":{"allow":["GET"]}}],"collection":[{"href":"https:\/\/biog-biogas.com\/fr\/wp-json\/wp\/v2\/pages"}],"about":[{"href":"https:\/\/biog-biogas.com\/fr\/wp-json\/wp\/v2\/types\/page"}],"author":[{"embeddable":true,"href":"https:\/\/biog-biogas.com\/fr\/wp-json\/wp\/v2\/users\/46"}],"replies":[{"embeddable":true,"href":"https:\/\/biog-biogas.com\/fr\/wp-json\/wp\/v2\/comments?post=285168"}],"version-history":[{"count":0,"href":"https:\/\/biog-biogas.com\/fr\/wp-json\/wp\/v2\/pages\/285168\/revisions"}],"wp:attachment":[{"href":"https:\/\/biog-biogas.com\/fr\/wp-json\/wp\/v2\/media?parent=285168"}],"curies":[{"name":"wp","href":"https:\/\/api.w.org\/{rel}","templated":true}]}}