{"id":284732,"date":"2021-06-23T07:49:04","date_gmt":"2021-06-23T05:49:04","guid":{"rendered":"https:\/\/biog-biogas.com\/azienda\/firmengeschichte\/"},"modified":"2025-10-22T09:18:27","modified_gmt":"2025-10-22T07:18:27","slug":"firmengeschichte","status":"publish","type":"page","link":"https:\/\/biog-biogas.com\/it\/azienda\/firmengeschichte\/","title":{"rendered":"Storia dell&#8217;azienda"},"content":{"rendered":"<div class=\"wpb-content-wrapper\"><p>[vc_row][vc_column width=&#8221;1\/2&#8243;][vc_row_inner][vc_column_inner][vc_column_text]<\/p>\n<h1>Storia dell&#8217;azienda<\/h1>\n<p>[\/vc_column_text][\/vc_column_inner][\/vc_row_inner][vc_empty_space][vc_column_text]Attualmente BioG impiega oltre 60 dipendenti e ogni anno assiste 30-50 impianti di biogas nella costruzione o nella conversione da colture principali come mais e cereali a materiali di scarto come paglia, letame, materiale proveniente dalla manutenzione del paesaggio e rifiuti organici.<\/p>\n<p>Grazie al buon bilancio di CO2 del biometano ottenuto dai residui e al suo utilizzo sempre pi\u00f9 intenso come combustibile, questa forma di energia viene sempre pi\u00f9 promossa in tutto il mondo, il che \u00e8 perfettamente in linea con la nostra filosofia aziendale.<br \/>\n[\/vc_column_text][vc_empty_space height=&#8221;100px&#8221;][\/vc_column][vc_column width=&#8221;1\/2&#8243;][vc_empty_space height=&#8221;100px&#8221;]<div class=\"shortcode-banner lazyload\" style=\"min-height: 350px;background-image:inherit\" data-bg-image=\"url(https:\/\/biog-biogas.com\/wp-content\/uploads\/DSCN1777-scaled.jpg)\"><div class=\"shortcode-banner-bg wf-table\" style=\"padding: 0px;min-height: 350px\"><div class=\"shortcode-banner-inside wf-table text-normal\" style=\"border: solid 10px transparent;outline: solid 0px;outline-color: #ffffff;height: 340px\"><div><\/div><\/div><\/div><\/div>[vc_empty_space height=&#8221;50px&#8221;][\/vc_column][\/vc_row][vc_row][vc_column][vc_empty_space][vc_single_image image=&#8221;284717&#8243; img_size=&#8221;full&#8221; css=&#8221;&#8221;][vc_empty_space]<div class=\"smile-icon-timeline-wrap csstime   \"     style=\"\"><div class=\"timeline-line \" style=\"border-right-color:;\"><span><\/span><\/div><div class=\"timeline-wrapper\"><div class=\"timeline-block \"><div class=\"timeline-dot\"><\/div><div class=\"ult-timeline-arrow\"><s><\/s><l><\/l><\/div><div class=\"timeline-icon-block\"><div class=\"ult-timeline-icon tl-icon-no-bg\" style=\"   \"><\/div> <!-- icon --><\/div><div class=\"timeline-header-block\" >\n\t\t\t\t\t\t\t<div id=\"timeline-item-3307\" class=\"timeline-header\" style=\"\"><h2 class=\"ult-timeline-title ult-responsive\"  data-ultimate-target='#timeline-item-3307 .ult-timeline-title'  data-responsive-json-new='{\"font-size\":\"\",\"line-height\":\"\"}'  style=\"\">2023<\/h2><div class=\"ult-responsive timeline-item-spt\"  data-ultimate-target='#timeline-item-3307 .timeline-item-spt'  data-responsive-json-new='{\"font-size\":\"\",\"line-height\":\"\"}'  style=\"\"><\/p>\n<p style=\"text-align: center;\"><a href=\"https:\/\/biog-biogas.com\/it\/biocng-hoftankstelle\/\"><img decoding=\"async\" class=\"alignnone wp-image-282358 size-medium lazyload\" data-src=\"https:\/\/biog-biogas.com\/wp-content\/uploads\/0_CNG-Hoftankstelle_Ansicht-300x169.jpg\" alt=\"\" width=\"300\" height=\"169\" data-srcset=\"https:\/\/biog-biogas.com\/wp-content\/uploads\/\/0_CNG-Hoftankstelle_Ansicht-300x169.jpg 300w, https:\/\/biog-biogas.com\/wp-content\/uploads\/\/0_CNG-Hoftankstelle_Ansicht-1024x577.jpg 1024w, https:\/\/biog-biogas.com\/wp-content\/uploads\/\/0_CNG-Hoftankstelle_Ansicht-768x432.jpg 768w, https:\/\/biog-biogas.com\/wp-content\/uploads\/\/0_CNG-Hoftankstelle_Ansicht-1536x865.jpg 1536w, https:\/\/biog-biogas.com\/wp-content\/uploads\/\/0_CNG-Hoftankstelle_Ansicht-2048x1153.jpg 2048w, https:\/\/biog-biogas.com\/wp-content\/uploads\/\/0_CNG-Hoftankstelle_Ansicht-600x338.jpg 600w\" data-sizes=\"auto\" src=\"data:image\/svg+xml;base64,PHN2ZyB3aWR0aD0iMSIgaGVpZ2h0PSIxIiB4bWxucz0iaHR0cDovL3d3dy53My5vcmcvMjAwMC9zdmciPjwvc3ZnPg==\" style=\"--smush-placeholder-width: 300px; --smush-placeholder-aspect-ratio: 300\/169;\" data-original-sizes=\"(max-width: 300px) 100vw, 300px\" \/><\/a><\/p>\n<h3 style=\"text-align: center;\">Prima stazione di rifornimento BioCNG<br \/>\nCarburante ricavato da paglia e letame<\/h3>\n<p><\/div><\/div> <!-- header --><\/div><\/div><div class=\"timeline-block \"><div class=\"timeline-dot\"><\/div><div class=\"ult-timeline-arrow\"><s><\/s><l><\/l><\/div><div class=\"timeline-icon-block\"><div class=\"ult-timeline-icon tl-icon-no-bg\" style=\"   \"><\/div> <!-- icon --><\/div><div class=\"timeline-header-block\" >\n\t\t\t\t\t\t\t<div id=\"timeline-item-6611\" class=\"timeline-header\" style=\"\"><h2 class=\"ult-timeline-title ult-responsive\"  data-ultimate-target='#timeline-item-6611 .ult-timeline-title'  data-responsive-json-new='{\"font-size\":\"\",\"line-height\":\"\"}'  style=\"\">2022<\/h2><div class=\"ult-responsive timeline-item-spt\"  data-ultimate-target='#timeline-item-6611 .timeline-item-spt'  data-responsive-json-new='{\"font-size\":\"\",\"line-height\":\"\"}'  style=\"\"><\/p>\n<h3 style=\"text-align: center;\"><a href=\"https:\/\/biog-biogas.com\/energie-aus-feldresten-live-am-10-09-2022\/\"><img decoding=\"async\" class=\"alignnone size-medium wp-image-280812 lazyload\" data-src=\"https:\/\/biog-biogas.com\/wp-content\/uploads\/DJI_0710-300x200.jpg\" alt=\"\" width=\"300\" height=\"200\" src=\"data:image\/svg+xml;base64,PHN2ZyB3aWR0aD0iMSIgaGVpZ2h0PSIxIiB4bWxucz0iaHR0cDovL3d3dy53My5vcmcvMjAwMC9zdmciPjwvc3ZnPg==\" style=\"--smush-placeholder-width: 300px; --smush-placeholder-aspect-ratio: 300\/200;\" \/><\/a><a href=\"https:\/\/biog-biogas.com\/energie-aus-feldresten-live-am-10-09-2022\/\"><img decoding=\"async\" class=\"alignnone size-medium wp-image-280721 lazyload\" data-src=\"https:\/\/biog-biogas.com\/wp-content\/uploads\/Feldarbeit_BioChipper2-300x200.jpg\" alt=\"\" width=\"300\" height=\"200\" data-srcset=\"https:\/\/biog-biogas.com\/wp-content\/uploads\/Feldarbeit_BioChipper2-300x200.jpg 300w, https:\/\/biog-biogas.com\/wp-content\/uploads\/Feldarbeit_BioChipper2-1024x683.jpg 1024w, https:\/\/biog-biogas.com\/wp-content\/uploads\/Feldarbeit_BioChipper2-768x512.jpg 768w, https:\/\/biog-biogas.com\/wp-content\/uploads\/Feldarbeit_BioChipper2-1536x1024.jpg 1536w, https:\/\/biog-biogas.com\/wp-content\/uploads\/Feldarbeit_BioChipper2-2048x1365.jpg 2048w, https:\/\/biog-biogas.com\/wp-content\/uploads\/Feldarbeit_BioChipper2-600x400.jpg 600w\" data-sizes=\"auto\" src=\"data:image\/svg+xml;base64,PHN2ZyB3aWR0aD0iMSIgaGVpZ2h0PSIxIiB4bWxucz0iaHR0cDovL3d3dy53My5vcmcvMjAwMC9zdmciPjwvc3ZnPg==\" style=\"--smush-placeholder-width: 300px; --smush-placeholder-aspect-ratio: 300\/200;\" data-original-sizes=\"(max-width: 300px) 100vw, 300px\" \/><\/a><\/h3>\n<h3 style=\"text-align: center;\">Tag der offenen T\u00fcr &#8220;Energie aus Feldresten LIVE&#8221;<\/h3>\n<p><\/div><\/div> <!-- header --><\/div><\/div><div class=\"timeline-block \"><div class=\"timeline-dot\"><\/div><div class=\"ult-timeline-arrow\"><s><\/s><l><\/l><\/div><div class=\"timeline-icon-block\"><div class=\"ult-timeline-icon tl-icon-no-bg\" style=\"   \"><\/div> <!-- icon --><\/div><div class=\"timeline-header-block\" >\n\t\t\t\t\t\t\t<div id=\"timeline-item-5186\" class=\"timeline-header\" style=\"\"><h2 class=\"ult-timeline-title ult-responsive\"  data-ultimate-target='#timeline-item-5186 .ult-timeline-title'  data-responsive-json-new='{\"font-size\":\"\",\"line-height\":\"\"}'  style=\"\">2022<\/h2><div class=\"ult-responsive timeline-item-spt\"  data-ultimate-target='#timeline-item-5186 .timeline-item-spt'  data-responsive-json-new='{\"font-size\":\"\",\"line-height\":\"\"}'  style=\"\"><\/p>\n<h3 style=\"text-align: center;\"><a href=\"https:\/\/biog-biogas.com\/279971\/\"><img decoding=\"async\" class=\"alignnone size-medium wp-image-281562 lazyload\" data-src=\"https:\/\/biog-biogas.com\/wp-content\/uploads\/IMG_20220531_124112-300x225.jpg\" alt=\"\" width=\"300\" height=\"225\" data-srcset=\"https:\/\/biog-biogas.com\/wp-content\/uploads\/IMG_20220531_124112-300x225.jpg 300w, https:\/\/biog-biogas.com\/wp-content\/uploads\/IMG_20220531_124112-1024x768.jpg 1024w, https:\/\/biog-biogas.com\/wp-content\/uploads\/IMG_20220531_124112-768x576.jpg 768w, https:\/\/biog-biogas.com\/wp-content\/uploads\/IMG_20220531_124112-1536x1152.jpg 1536w, https:\/\/biog-biogas.com\/wp-content\/uploads\/IMG_20220531_124112-2048x1536.jpg 2048w, https:\/\/biog-biogas.com\/wp-content\/uploads\/IMG_20220531_124112-600x450.jpg 600w\" data-sizes=\"auto\" src=\"data:image\/svg+xml;base64,PHN2ZyB3aWR0aD0iMSIgaGVpZ2h0PSIxIiB4bWxucz0iaHR0cDovL3d3dy53My5vcmcvMjAwMC9zdmciPjwvc3ZnPg==\" style=\"--smush-placeholder-width: 300px; --smush-placeholder-aspect-ratio: 300\/225;\" data-original-sizes=\"(max-width: 300px) 100vw, 300px\" \/><\/a><\/h3>\n<h3 style=\"text-align: center;\">Fertigstellung der Produktionshalle<\/h3>\n<p><\/div><\/div> <!-- header --><\/div><\/div><div class=\"timeline-block \"><div class=\"timeline-dot\"><\/div><div class=\"ult-timeline-arrow\"><s><\/s><l><\/l><\/div><div class=\"timeline-icon-block\"><div class=\"ult-timeline-icon tl-icon-no-bg\" style=\"   \"><\/div> <!-- icon --><\/div><div class=\"timeline-header-block\" >\n\t\t\t\t\t\t\t<div id=\"timeline-item-9976\" class=\"timeline-header\" style=\"\"><h2 class=\"ult-timeline-title ult-responsive\"  data-ultimate-target='#timeline-item-9976 .ult-timeline-title'  data-responsive-json-new='{\"font-size\":\"\",\"line-height\":\"\"}'  style=\"\">2021<\/h2><div class=\"ult-responsive timeline-item-spt\"  data-ultimate-target='#timeline-item-9976 .timeline-item-spt'  data-responsive-json-new='{\"font-size\":\"\",\"line-height\":\"\"}'  style=\"\"><\/p>\n<h3 style=\"text-align: center;\"><img decoding=\"async\" class=\"size-medium wp-image-180031 aligncenter lazyload\" data-src=\"https:\/\/biog-biogas.com\/wp-content\/uploads\/BIOG-Ansicht-300x159.jpg\" alt=\"\" width=\"300\" height=\"159\" data-srcset=\"https:\/\/biog-biogas.com\/wp-content\/uploads\/BIOG-Ansicht-300x159.jpg 300w, https:\/\/biog-biogas.com\/wp-content\/uploads\/BIOG-Ansicht-1024x542.jpg 1024w, https:\/\/biog-biogas.com\/wp-content\/uploads\/BIOG-Ansicht-768x407.jpg 768w, https:\/\/biog-biogas.com\/wp-content\/uploads\/BIOG-Ansicht-600x318.jpg 600w, https:\/\/biog-biogas.com\/wp-content\/uploads\/BIOG-Ansicht.jpg 1280w\" data-sizes=\"auto\" src=\"data:image\/svg+xml;base64,PHN2ZyB3aWR0aD0iMSIgaGVpZ2h0PSIxIiB4bWxucz0iaHR0cDovL3d3dy53My5vcmcvMjAwMC9zdmciPjwvc3ZnPg==\" style=\"--smush-placeholder-width: 300px; --smush-placeholder-aspect-ratio: 300\/159;\" data-original-sizes=\"(max-width: 300px) 100vw, 300px\" \/><\/h3>\n<h3 style=\"text-align: center;\">Erweiterung der Produktionshalle<\/h3>\n<p><\/div><\/div> <!-- header --><\/div><\/div><div class=\"timeline-block \"><div class=\"timeline-dot\"><\/div><div class=\"ult-timeline-arrow\"><s><\/s><l><\/l><\/div><div class=\"timeline-icon-block\"><div class=\"ult-timeline-icon tl-icon-no-bg\" style=\"   \"><\/div> <!-- icon --><\/div><div class=\"timeline-header-block\" >\n\t\t\t\t\t\t\t<div id=\"timeline-item-1236\" class=\"timeline-header\" style=\"\"><h2 class=\"ult-timeline-title ult-responsive\"  data-ultimate-target='#timeline-item-1236 .ult-timeline-title'  data-responsive-json-new='{\"font-size\":\"\",\"line-height\":\"\"}'  style=\"\">2020<\/h2><div class=\"ult-responsive timeline-item-spt\"  data-ultimate-target='#timeline-item-1236 .timeline-item-spt'  data-responsive-json-new='{\"font-size\":\"\",\"line-height\":\"\"}'  style=\"\"><\/p>\n<h3 style=\"text-align: center;\"><img decoding=\"async\" class=\"alignnone size-medium wp-image-21423 lazyload\" data-src=\"https:\/\/biog-biogas.com\/wp-content\/uploads\/\/biog-und-meba-biogas-crop-300x166.jpg\" alt=\"\" width=\"300\" height=\"166\" data-srcset=\"https:\/\/biog-biogas.com\/wp-content\/uploads\/biog-und-meba-biogas-crop-300x166.jpg 300w, https:\/\/biog-biogas.com\/wp-content\/uploads\/biog-und-meba-biogas-crop-1024x567.jpg 1024w, https:\/\/biog-biogas.com\/wp-content\/uploads\/biog-und-meba-biogas-crop-768x425.jpg 768w, https:\/\/biog-biogas.com\/wp-content\/uploads\/biog-und-meba-biogas-crop-600x332.jpg 600w, https:\/\/biog-biogas.com\/wp-content\/uploads\/biog-und-meba-biogas-crop.jpg 1493w\" data-sizes=\"auto\" src=\"data:image\/svg+xml;base64,PHN2ZyB3aWR0aD0iMSIgaGVpZ2h0PSIxIiB4bWxucz0iaHR0cDovL3d3dy53My5vcmcvMjAwMC9zdmciPjwvc3ZnPg==\" style=\"--smush-placeholder-width: 300px; --smush-placeholder-aspect-ratio: 300\/166;\" data-original-sizes=\"(max-width: 300px) 100vw, 300px\" \/><\/h3>\n<p><\/p>\n<h3 style=\"text-align: center;\">Fondazione della joint venture BioG Biogas GmbH a N\u00f6rdlingen, Germania<\/h3>\n<p><\/div><\/div> <!-- header --><\/div><\/div><div class=\"timeline-block \"><div class=\"timeline-dot\"><\/div><div class=\"ult-timeline-arrow\"><s><\/s><l><\/l><\/div><div class=\"timeline-icon-block\"><div class=\"ult-timeline-icon tl-icon-no-bg\" style=\"   \"><\/div> <!-- icon --><\/div><div class=\"timeline-header-block\" >\n\t\t\t\t\t\t\t<div id=\"timeline-item-4250\" class=\"timeline-header\" style=\"\"><h2 class=\"ult-timeline-title ult-responsive\"  data-ultimate-target='#timeline-item-4250 .ult-timeline-title'  data-responsive-json-new='{\"font-size\":\"\",\"line-height\":\"\"}'  style=\"\">2019<\/h2><div class=\"ult-responsive timeline-item-spt\"  data-ultimate-target='#timeline-item-4250 .timeline-item-spt'  data-responsive-json-new='{\"font-size\":\"\",\"line-height\":\"\"}'  style=\"\"><\/p>\n<h3 style=\"text-align: center;\">Fondazione della filiale BioG America Inc. a Denver, Stati Uniti<\/h3>\n<p><\/div><\/div> <!-- header --><\/div><\/div><div class=\"timeline-block \"><div class=\"timeline-dot\"><\/div><div class=\"ult-timeline-arrow\"><s><\/s><l><\/l><\/div><div class=\"timeline-icon-block\"><div class=\"ult-timeline-icon tl-icon-no-bg\" style=\"   \"><\/div> <!-- icon --><\/div><div class=\"timeline-header-block\" >\n\t\t\t\t\t\t\t<div id=\"timeline-item-3806\" class=\"timeline-header\" style=\"\"><h2 class=\"ult-timeline-title ult-responsive\"  data-ultimate-target='#timeline-item-3806 .ult-timeline-title'  data-responsive-json-new='{\"font-size\":\"\",\"line-height\":\"\"}'  style=\"\">2008<\/h2><div class=\"ult-responsive timeline-item-spt\"  data-ultimate-target='#timeline-item-3806 .timeline-item-spt'  data-responsive-json-new='{\"font-size\":\"\",\"line-height\":\"\"}'  style=\"\"><\/p>\n<h3 style=\"text-align: center;\">Fondazione della BioG GmbH per la produzione di componenti tecnici e assistenza biologica per la produzione di biometano da paglia e letame con 2 dipendenti.<\/h3>\n<p><\/div><\/div> <!-- header --><\/div><\/div><div class=\"timeline-block \"><div class=\"timeline-dot\"><\/div><div class=\"ult-timeline-arrow\"><s><\/s><l><\/l><\/div><div class=\"timeline-icon-block\"><div class=\"ult-timeline-icon tl-icon-no-bg\" style=\"   \"><\/div> <!-- icon --><\/div><div class=\"timeline-header-block\" >\n\t\t\t\t\t\t\t<div id=\"timeline-item-5435\" class=\"timeline-header\" style=\"\"><h2 class=\"ult-timeline-title ult-responsive\"  data-ultimate-target='#timeline-item-5435 .ult-timeline-title'  data-responsive-json-new='{\"font-size\":\"\",\"line-height\":\"\"}'  style=\"\">2006 - 2008<\/h2><div class=\"ult-responsive timeline-item-spt\"  data-ultimate-target='#timeline-item-5435 .timeline-item-spt'  data-responsive-json-new='{\"font-size\":\"\",\"line-height\":\"\"}'  style=\"\"><\/p>\n<h3 style=\"text-align: center;\">Ristrutturazione dell&#8217;impianto di biogas \u00d6koenergie Utzenaich grazie a sviluppi tecnici propri per passare dall&#8217;utilizzo di insilato di mais a residui agricoli, paglia e letame.<\/h3>\n<p><\/div><\/div> <!-- header --><\/div><\/div><div class=\"timeline-block \"><div class=\"timeline-dot\"><\/div><div class=\"ult-timeline-arrow\"><s><\/s><l><\/l><\/div><div class=\"timeline-icon-block\"><div class=\"ult-timeline-icon tl-icon-no-bg\" style=\"   \"><\/div> <!-- icon --><\/div><div class=\"timeline-header-block\" >\n\t\t\t\t\t\t\t<div id=\"timeline-item-3595\" class=\"timeline-header\" style=\"\"><h2 class=\"ult-timeline-title ult-responsive\"  data-ultimate-target='#timeline-item-3595 .ult-timeline-title'  data-responsive-json-new='{\"font-size\":\"\",\"line-height\":\"\"}'  style=\"\">2004<\/h2><div class=\"ult-responsive timeline-item-spt\"  data-ultimate-target='#timeline-item-3595 .timeline-item-spt'  data-responsive-json-new='{\"font-size\":\"\",\"line-height\":\"\"}'  style=\"\"><\/p>\n<h3 style=\"text-align: center;\"><img decoding=\"async\" class=\"size-medium wp-image-203737 aligncenter lazyload\" data-src=\"https:\/\/biog-biogas.com\/wp-content\/uploads\/\/DSC00834-300x225.jpg\" alt=\"\" width=\"300\" height=\"179\" src=\"data:image\/svg+xml;base64,PHN2ZyB3aWR0aD0iMSIgaGVpZ2h0PSIxIiB4bWxucz0iaHR0cDovL3d3dy53My5vcmcvMjAwMC9zdmciPjwvc3ZnPg==\" style=\"--smush-placeholder-width: 300px; --smush-placeholder-aspect-ratio: 300\/179;\" \/><\/h3>\n<p><\/p>\n<h3 style=\"text-align: center;\">Fondazione della societ\u00e0 \u00d6koenergie Utzenaich GmbH per la gestione di un impianto di biogas da 500 kW alimentato con insilato di mais.<\/h3>\n<p><\/div><\/div> <!-- header --><\/div><\/div><\/div><\/div>[\/vc_column][\/vc_row]<\/p>\n<\/div>","protected":false},"excerpt":{"rendered":"<p>[vc_row][vc_column width=&#8221;1\/2&#8243;][vc_row_inner][vc_column_inner][vc_column_text] Storia dell&#8217;azienda [\/vc_column_text][\/vc_column_inner][\/vc_row_inner][vc_empty_space][vc_column_text]Attualmente BioG impiega oltre 60 dipendenti e ogni anno assiste 30-50 impianti di biogas nella costruzione o nella conversione da colture principali come mais e cereali a materiali di scarto come paglia, letame, materiale proveniente dalla manutenzione del paesaggio e rifiuti organici. Grazie al buon bilancio di CO2 del biometano ottenuto&hellip;<\/p>\n","protected":false},"author":46,"featured_media":0,"parent":2239,"menu_order":0,"comment_status":"closed","ping_status":"closed","template":"","meta":{"footnotes":""},"class_list":["post-284732","page","type-page","status-publish","hentry","description-off"],"yoast_head":"<!-- This site is optimized with the Yoast SEO plugin v27.4 - https:\/\/yoast.com\/product\/yoast-seo-wordpress\/ -->\n<title>Storia dell&#039;azienda - BIOG<\/title>\n<meta name=\"robots\" content=\"index, follow, max-snippet:-1, max-image-preview:large, max-video-preview:-1\" \/>\n<link rel=\"canonical\" href=\"https:\/\/biog-biogas.com\/it\/azienda\/firmengeschichte\/\" \/>\n<meta property=\"og:locale\" content=\"it_IT\" \/>\n<meta property=\"og:type\" content=\"article\" \/>\n<meta property=\"og:title\" content=\"Storia dell&#039;azienda - BIOG\" \/>\n<meta property=\"og:description\" content=\"[vc_row][vc_column width=&#8221;1\/2&#8243;][vc_row_inner][vc_column_inner][vc_column_text] Storia dell&#8217;azienda [\/vc_column_text][\/vc_column_inner][\/vc_row_inner][vc_empty_space][vc_column_text]Attualmente BioG impiega oltre 60 dipendenti e ogni anno assiste 30-50 impianti di biogas nella costruzione o nella conversione da colture principali come mais e cereali a materiali di scarto come paglia, letame, materiale proveniente dalla manutenzione del paesaggio e rifiuti organici. Grazie al buon bilancio di CO2 del biometano ottenuto&hellip;\" \/>\n<meta property=\"og:url\" content=\"https:\/\/biog-biogas.com\/it\/azienda\/firmengeschichte\/\" \/>\n<meta property=\"og:site_name\" content=\"BIOG\" \/>\n<meta property=\"article:modified_time\" content=\"2025-10-22T07:18:27+00:00\" \/>\n<meta property=\"og:image\" content=\"https:\/\/biog-biogas.com\/wp-content\/uploads\/0_CNG-Hoftankstelle_Ansicht-scaled.jpg\" \/>\n\t<meta property=\"og:image:width\" content=\"2560\" \/>\n\t<meta property=\"og:image:height\" content=\"1441\" \/>\n\t<meta property=\"og:image:type\" content=\"image\/jpeg\" \/>\n<meta name=\"twitter:card\" content=\"summary_large_image\" \/>\n<meta name=\"twitter:label1\" content=\"Tempo di lettura stimato\" \/>\n\t<meta name=\"twitter:data1\" content=\"3 minuti\" \/>\n<script type=\"application\/ld+json\" class=\"yoast-schema-graph\">{\"@context\":\"https:\\\/\\\/schema.org\",\"@graph\":[{\"@type\":\"WebPage\",\"@id\":\"https:\\\/\\\/biog-biogas.com\\\/it\\\/azienda\\\/firmengeschichte\\\/\",\"url\":\"https:\\\/\\\/biog-biogas.com\\\/it\\\/azienda\\\/firmengeschichte\\\/\",\"name\":\"Storia dell'azienda - BIOG\",\"isPartOf\":{\"@id\":\"https:\\\/\\\/biog-biogas.com\\\/it\\\/#website\"},\"primaryImageOfPage\":{\"@id\":\"https:\\\/\\\/biog-biogas.com\\\/it\\\/azienda\\\/firmengeschichte\\\/#primaryimage\"},\"image\":{\"@id\":\"https:\\\/\\\/biog-biogas.com\\\/it\\\/azienda\\\/firmengeschichte\\\/#primaryimage\"},\"thumbnailUrl\":\"https:\\\/\\\/biog-biogas.com\\\/wp-content\\\/uploads\\\/0_CNG-Hoftankstelle_Ansicht-300x169.jpg\",\"datePublished\":\"2021-06-23T05:49:04+00:00\",\"dateModified\":\"2025-10-22T07:18:27+00:00\",\"breadcrumb\":{\"@id\":\"https:\\\/\\\/biog-biogas.com\\\/it\\\/azienda\\\/firmengeschichte\\\/#breadcrumb\"},\"inLanguage\":\"it-IT\",\"potentialAction\":[{\"@type\":\"ReadAction\",\"target\":[\"https:\\\/\\\/biog-biogas.com\\\/it\\\/azienda\\\/firmengeschichte\\\/\"]}]},{\"@type\":\"ImageObject\",\"inLanguage\":\"it-IT\",\"@id\":\"https:\\\/\\\/biog-biogas.com\\\/it\\\/azienda\\\/firmengeschichte\\\/#primaryimage\",\"url\":\"https:\\\/\\\/biog-biogas.com\\\/wp-content\\\/uploads\\\/0_CNG-Hoftankstelle_Ansicht-300x169.jpg\",\"contentUrl\":\"https:\\\/\\\/biog-biogas.com\\\/wp-content\\\/uploads\\\/0_CNG-Hoftankstelle_Ansicht-300x169.jpg\"},{\"@type\":\"BreadcrumbList\",\"@id\":\"https:\\\/\\\/biog-biogas.com\\\/it\\\/azienda\\\/firmengeschichte\\\/#breadcrumb\",\"itemListElement\":[{\"@type\":\"ListItem\",\"position\":1,\"name\":\"Startseite\",\"item\":\"https:\\\/\\\/biog-biogas.com\\\/it\\\/\"},{\"@type\":\"ListItem\",\"position\":2,\"name\":\"Azienda\",\"item\":\"https:\\\/\\\/biog-biogas.com\\\/it\\\/azienda\\\/\"},{\"@type\":\"ListItem\",\"position\":3,\"name\":\"Storia dell&#8217;azienda\"}]},{\"@type\":\"WebSite\",\"@id\":\"https:\\\/\\\/biog-biogas.com\\\/it\\\/#website\",\"url\":\"https:\\\/\\\/biog-biogas.com\\\/it\\\/\",\"name\":\"BIOG\",\"description\":\"Solutions for green energy\",\"potentialAction\":[{\"@type\":\"SearchAction\",\"target\":{\"@type\":\"EntryPoint\",\"urlTemplate\":\"https:\\\/\\\/biog-biogas.com\\\/it\\\/?s={search_term_string}\"},\"query-input\":{\"@type\":\"PropertyValueSpecification\",\"valueRequired\":true,\"valueName\":\"search_term_string\"}}],\"inLanguage\":\"it-IT\"}]}<\/script>\n<!-- \/ Yoast SEO plugin. -->","yoast_head_json":{"title":"Storia dell'azienda - BIOG","robots":{"index":"index","follow":"follow","max-snippet":"max-snippet:-1","max-image-preview":"max-image-preview:large","max-video-preview":"max-video-preview:-1"},"canonical":"https:\/\/biog-biogas.com\/it\/azienda\/firmengeschichte\/","og_locale":"it_IT","og_type":"article","og_title":"Storia dell'azienda - BIOG","og_description":"[vc_row][vc_column width=&#8221;1\/2&#8243;][vc_row_inner][vc_column_inner][vc_column_text] Storia dell&#8217;azienda [\/vc_column_text][\/vc_column_inner][\/vc_row_inner][vc_empty_space][vc_column_text]Attualmente BioG impiega oltre 60 dipendenti e ogni anno assiste 30-50 impianti di biogas nella costruzione o nella conversione da colture principali come mais e cereali a materiali di scarto come paglia, letame, materiale proveniente dalla manutenzione del paesaggio e rifiuti organici. Grazie al buon bilancio di CO2 del biometano ottenuto&hellip;","og_url":"https:\/\/biog-biogas.com\/it\/azienda\/firmengeschichte\/","og_site_name":"BIOG","article_modified_time":"2025-10-22T07:18:27+00:00","og_image":[{"width":2560,"height":1441,"url":"https:\/\/biog-biogas.com\/wp-content\/uploads\/0_CNG-Hoftankstelle_Ansicht-scaled.jpg","type":"image\/jpeg"}],"twitter_card":"summary_large_image","twitter_misc":{"Tempo di lettura stimato":"3 minuti"},"schema":{"@context":"https:\/\/schema.org","@graph":[{"@type":"WebPage","@id":"https:\/\/biog-biogas.com\/it\/azienda\/firmengeschichte\/","url":"https:\/\/biog-biogas.com\/it\/azienda\/firmengeschichte\/","name":"Storia dell'azienda - BIOG","isPartOf":{"@id":"https:\/\/biog-biogas.com\/it\/#website"},"primaryImageOfPage":{"@id":"https:\/\/biog-biogas.com\/it\/azienda\/firmengeschichte\/#primaryimage"},"image":{"@id":"https:\/\/biog-biogas.com\/it\/azienda\/firmengeschichte\/#primaryimage"},"thumbnailUrl":"https:\/\/biog-biogas.com\/wp-content\/uploads\/0_CNG-Hoftankstelle_Ansicht-300x169.jpg","datePublished":"2021-06-23T05:49:04+00:00","dateModified":"2025-10-22T07:18:27+00:00","breadcrumb":{"@id":"https:\/\/biog-biogas.com\/it\/azienda\/firmengeschichte\/#breadcrumb"},"inLanguage":"it-IT","potentialAction":[{"@type":"ReadAction","target":["https:\/\/biog-biogas.com\/it\/azienda\/firmengeschichte\/"]}]},{"@type":"ImageObject","inLanguage":"it-IT","@id":"https:\/\/biog-biogas.com\/it\/azienda\/firmengeschichte\/#primaryimage","url":"https:\/\/biog-biogas.com\/wp-content\/uploads\/0_CNG-Hoftankstelle_Ansicht-300x169.jpg","contentUrl":"https:\/\/biog-biogas.com\/wp-content\/uploads\/0_CNG-Hoftankstelle_Ansicht-300x169.jpg"},{"@type":"BreadcrumbList","@id":"https:\/\/biog-biogas.com\/it\/azienda\/firmengeschichte\/#breadcrumb","itemListElement":[{"@type":"ListItem","position":1,"name":"Startseite","item":"https:\/\/biog-biogas.com\/it\/"},{"@type":"ListItem","position":2,"name":"Azienda","item":"https:\/\/biog-biogas.com\/it\/azienda\/"},{"@type":"ListItem","position":3,"name":"Storia dell&#8217;azienda"}]},{"@type":"WebSite","@id":"https:\/\/biog-biogas.com\/it\/#website","url":"https:\/\/biog-biogas.com\/it\/","name":"BIOG","description":"Solutions for green energy","potentialAction":[{"@type":"SearchAction","target":{"@type":"EntryPoint","urlTemplate":"https:\/\/biog-biogas.com\/it\/?s={search_term_string}"},"query-input":{"@type":"PropertyValueSpecification","valueRequired":true,"valueName":"search_term_string"}}],"inLanguage":"it-IT"}]}},"_links":{"self":[{"href":"https:\/\/biog-biogas.com\/it\/wp-json\/wp\/v2\/pages\/284732","targetHints":{"allow":["GET"]}}],"collection":[{"href":"https:\/\/biog-biogas.com\/it\/wp-json\/wp\/v2\/pages"}],"about":[{"href":"https:\/\/biog-biogas.com\/it\/wp-json\/wp\/v2\/types\/page"}],"author":[{"embeddable":true,"href":"https:\/\/biog-biogas.com\/it\/wp-json\/wp\/v2\/users\/46"}],"replies":[{"embeddable":true,"href":"https:\/\/biog-biogas.com\/it\/wp-json\/wp\/v2\/comments?post=284732"}],"version-history":[{"count":0,"href":"https:\/\/biog-biogas.com\/it\/wp-json\/wp\/v2\/pages\/284732\/revisions"}],"up":[{"embeddable":true,"href":"https:\/\/biog-biogas.com\/it\/wp-json\/wp\/v2\/pages\/2239"}],"wp:attachment":[{"href":"https:\/\/biog-biogas.com\/it\/wp-json\/wp\/v2\/media?parent=284732"}],"curies":[{"name":"wp","href":"https:\/\/api.w.org\/{rel}","templated":true}]}}