{"id":2384,"date":"2019-02-08T19:20:51","date_gmt":"2019-02-08T18:20:51","guid":{"rendered":"http:\/\/biog.adview.network\/higienizacja\/"},"modified":"2019-07-25T14:08:00","modified_gmt":"2019-07-25T12:08:00","slug":"higienizacja","status":"publish","type":"page","link":"https:\/\/biog-biogas.com\/pl\/higienizacja\/","title":{"rendered":"Higienizacja"},"content":{"rendered":"<div class=\"wpb-content-wrapper\"><p>[vc_row][vc_column]<div id=\"ultimate-heading-335269d6070654cf1\" class=\"uvc-heading ult-adjust-bottom-margin ultimate-heading-335269d6070654cf1 uvc-2708  uvc-heading-default-font-sizes\" data-hspacer=\"no_spacer\"  data-halign=\"left\" style=\"text-align:left\"><div class=\"uvc-heading-spacer no_spacer\" style=\"top\"><\/div><div class=\"uvc-main-heading ult-responsive\"  data-ultimate-target='.uvc-heading.ultimate-heading-335269d6070654cf1 h2'  data-responsive-json-new='{\"font-size\":\"\",\"line-height\":\"\"}' ><h2 style=\"--font-weight:theme;margin-bottom:15px;\">Higienizacja<\/h2><\/div><\/div><div id=\"ultimate-heading-919469d6070654e11\" class=\"uvc-heading ult-adjust-bottom-margin ultimate-heading-919469d6070654e11 uvc-9673  uvc-heading-default-font-sizes\" data-hspacer=\"no_spacer\"  data-halign=\"left\" style=\"text-align:left\"><div class=\"uvc-heading-spacer no_spacer\" style=\"top\"><\/div><div class=\"uvc-main-heading ult-responsive\"  data-ultimate-target='.uvc-heading.ultimate-heading-919469d6070654e11 h1'  data-responsive-json-new='{\"font-size\":\"\",\"line-height\":\"\"}' ><h1 style=\"--font-weight:theme;margin-bottom:15px;\">Specjalista w zakresie rurowych urz\u0105dze\u0144 do higienizacji metod\u0105 przelotow\u0105<\/h1><\/div><\/div>[vc_column_text]Unieszkodliwianie odpad\u00f3w wymaga obszernego know-how z powodu nak\u0142adanych coraz ostrzejszych obowi\u0105zk\u00f3w. W przypadku wra\u017cliwych materia\u0142\u00f3w organicznych, jak odpady poubojowe, czy te\u017c odpady domowe konieczne jest unieszkodliwianie drobnoustroj\u00f3w drog\u0105 ogrzewania.<\/p>\n<p>W dotychczas stosowanych metodach unieszkodliwiania drobnoustroj\u00f3w dochodzi zawsze do niepo\u017c\u0105danego tworzenia piany. Aby zaradzi\u0107 temu problemowi, skoncentrowali\u015bmy si\u0119 w BioG na koncepcji i rozwoju higienizacji rurowej. Tworzenie si\u0119 piany jest przy tym w ca\u0142o\u015bci opanowane w zamkni\u0119tym obiegu. Koncepcja opiera si\u0119 na metodzie przelotowej, wzgl\u0119dnie systemie rura-w-rurze. Wykorzystywane jest tutaj ciep\u0142o odpadowe higienizowanego materia\u0142u a materia\u0142, kt\u00f3ry jeszcze trzeba higienizowa\u0107, jest podgrzewany, jak w wymienniku ciep\u0142a. Materia\u0142 odpadowy w temperaturze 70\u00b0C jest poddawany obr\u00f3bce w obiegu przez jedn\u0105 godzin\u0119, zanim wolny od zarazk\u00f3w opu\u015bci urz\u0105dzenie do higienizacji. W ten spos\u00f3b gwarantowane jest ni\u017csze zu\u017cycie ciep\u0142a i r\u00f3wnie\u017c mniejsze zu\u017cycie pr\u0105du.[\/vc_column_text][\/vc_column][\/vc_row][vc_row equal_height=&#8221;yes&#8221; content_placement=&#8221;middle&#8221;][vc_column]<style type=\"text\/css\" data-type=\"the7_shortcodes-inline-css\">.gallery-shortcode.gallery-masonry-shortcode-id-7168100f01de24ca08741356c169be3a figure,\n.gallery-shortcode.gallery-masonry-shortcode-id-7168100f01de24ca08741356c169be3a .rollover,\n.gallery-shortcode.gallery-masonry-shortcode-id-7168100f01de24ca08741356c169be3a img,\n.gallery-shortcode.gallery-masonry-shortcode-id-7168100f01de24ca08741356c169be3a .gallery-rollover {\n  border-radius: 0px;\n}\n.gallery-shortcode.gallery-masonry-shortcode-id-7168100f01de24ca08741356c169be3a.enable-bg-rollover .gallery-rollover {\n  background: -webkit-linear-gradient();\n  background: linear-gradient();\n}\n.gallery-shortcode.gallery-masonry-shortcode-id-7168100f01de24ca08741356c169be3a.enable-bg-rollover.hover-scale figure .rollover:after {\n  background: -webkit-linear-gradient();\n  background: linear-gradient();\n}\n.gallery-shortcode.gallery-masonry-shortcode-id-7168100f01de24ca08741356c169be3a .gallery-zoom-ico {\n  width: 44px;\n  height: 44px;\n  line-height: 44px;\n  border-radius: 100px;\n  margin: -22px 0 0 -22px;\n  border-width: 0px;\n  color: #ffffff;\n}\n.dt-icon-bg-on.gallery-shortcode.gallery-masonry-shortcode-id-7168100f01de24ca08741356c169be3a .gallery-zoom-ico {\n  background: rgba(255,255,255,0.3);\n  box-shadow: none;\n}\n.gallery-shortcode.gallery-masonry-shortcode-id-7168100f01de24ca08741356c169be3a .gallery-zoom-ico:before,\n.gallery-shortcode.gallery-masonry-shortcode-id-7168100f01de24ca08741356c169be3a .gallery-zoom-ico span {\n  font-size: 32px;\n  line-height: 44px;\n  color: #ffffff;\n}\n.gallery-shortcode.gallery-masonry-shortcode-id-7168100f01de24ca08741356c169be3a:not(.resize-by-browser-width) .dt-css-grid {\n  grid-row-gap: 10px;\n  grid-column-gap: 10px;\n  grid-template-columns: repeat(auto-fill,minmax(,1fr));\n}\n.gallery-shortcode.gallery-masonry-shortcode-id-7168100f01de24ca08741356c169be3a:not(.resize-by-browser-width) .dt-css-grid .double-width {\n  grid-column: span 2;\n}\n.cssgridlegacy.no-cssgrid .gallery-shortcode.gallery-masonry-shortcode-id-7168100f01de24ca08741356c169be3a:not(.resize-by-browser-width) .dt-css-grid,\n.no-cssgridlegacy.no-cssgrid .gallery-shortcode.gallery-masonry-shortcode-id-7168100f01de24ca08741356c169be3a:not(.resize-by-browser-width) .dt-css-grid {\n  display: flex;\n  flex-flow: row wrap;\n  margin: -5px;\n}\n.cssgridlegacy.no-cssgrid .gallery-shortcode.gallery-masonry-shortcode-id-7168100f01de24ca08741356c169be3a:not(.resize-by-browser-width) .dt-css-grid .wf-cell,\n.no-cssgridlegacy.no-cssgrid .gallery-shortcode.gallery-masonry-shortcode-id-7168100f01de24ca08741356c169be3a:not(.resize-by-browser-width) .dt-css-grid .wf-cell {\n  flex: 1 0 ;\n  max-width: 100%;\n  padding: 5px;\n  box-sizing: border-box;\n}\n.gallery-shortcode.gallery-masonry-shortcode-id-7168100f01de24ca08741356c169be3a.resize-by-browser-width .dt-css-grid {\n  grid-template-columns: repeat(4,1fr);\n  grid-template-rows: auto;\n  grid-column-gap: 10px;\n  grid-row-gap: 10px;\n}\n.gallery-shortcode.gallery-masonry-shortcode-id-7168100f01de24ca08741356c169be3a.resize-by-browser-width .dt-css-grid .double-width {\n  grid-column: span 2;\n}\n.cssgridlegacy.no-cssgrid .gallery-shortcode.gallery-masonry-shortcode-id-7168100f01de24ca08741356c169be3a.resize-by-browser-width .dt-css-grid {\n  margin: -5px;\n}\n.cssgridlegacy.no-cssgrid .gallery-shortcode.gallery-masonry-shortcode-id-7168100f01de24ca08741356c169be3a.resize-by-browser-width .dt-css-grid .wf-cell {\n  width: 25%;\n  padding: 5px;\n}\n.cssgridlegacy.no-cssgrid .gallery-shortcode.gallery-masonry-shortcode-id-7168100f01de24ca08741356c169be3a.resize-by-browser-width .dt-css-grid .wf-cell.double-width {\n  width: calc(25%) * 2;\n}\n.gallery-shortcode.gallery-masonry-shortcode-id-7168100f01de24ca08741356c169be3a.resize-by-browser-width:not(.centered-layout-list):not(.content-bg-on) .dt-css-grid {\n  grid-row-gap: 10px - ;\n}\n@media screen and (max-width: 1199px) {\n  .gallery-shortcode.gallery-masonry-shortcode-id-7168100f01de24ca08741356c169be3a.resize-by-browser-width .dt-css-grid {\n    grid-template-columns: repeat(4,1fr);\n  }\n  .cssgridlegacy.no-cssgrid .gallery-shortcode.gallery-masonry-shortcode-id-7168100f01de24ca08741356c169be3a.resize-by-browser-width .dt-css-grid .wf-cell,\n  .no-cssgridlegacy.no-cssgrid .gallery-shortcode.gallery-masonry-shortcode-id-7168100f01de24ca08741356c169be3a.resize-by-browser-width .dt-css-grid .wf-cell {\n    width: 25%;\n  }\n  .cssgridlegacy.no-cssgrid .gallery-shortcode.gallery-masonry-shortcode-id-7168100f01de24ca08741356c169be3a.resize-by-browser-width .dt-css-grid .wf-cell.double-width,\n  .no-cssgridlegacy.no-cssgrid .gallery-shortcode.gallery-masonry-shortcode-id-7168100f01de24ca08741356c169be3a.resize-by-browser-width .dt-css-grid .wf-cell.double-width {\n    width: calc(25%)*2;\n  }\n}\n@media screen and (max-width: 991px) {\n  .gallery-shortcode.gallery-masonry-shortcode-id-7168100f01de24ca08741356c169be3a.resize-by-browser-width .dt-css-grid {\n    grid-template-columns: repeat(4,1fr);\n  }\n  .cssgridlegacy.no-cssgrid .gallery-shortcode.gallery-masonry-shortcode-id-7168100f01de24ca08741356c169be3a.resize-by-browser-width .dt-css-grid .wf-cell,\n  .no-cssgridlegacy.no-cssgrid .gallery-shortcode.gallery-masonry-shortcode-id-7168100f01de24ca08741356c169be3a.resize-by-browser-width .dt-css-grid .wf-cell {\n    width: 25%;\n  }\n  .cssgridlegacy.no-cssgrid .gallery-shortcode.gallery-masonry-shortcode-id-7168100f01de24ca08741356c169be3a.resize-by-browser-width .dt-css-grid .wf-cell.double-width,\n  .no-cssgridlegacy.no-cssgrid .gallery-shortcode.gallery-masonry-shortcode-id-7168100f01de24ca08741356c169be3a.resize-by-browser-width .dt-css-grid .wf-cell.double-width {\n    width: calc(25%)*2;\n  }\n}\n@media screen and (max-width: 767px) {\n  .gallery-shortcode.gallery-masonry-shortcode-id-7168100f01de24ca08741356c169be3a.resize-by-browser-width .dt-css-grid {\n    grid-template-columns: repeat(2,1fr);\n  }\n  .cssgridlegacy.no-cssgrid .gallery-shortcode.gallery-masonry-shortcode-id-7168100f01de24ca08741356c169be3a.resize-by-browser-width .dt-css-grid .wf-cell,\n  .no-cssgridlegacy.no-cssgrid .gallery-shortcode.gallery-masonry-shortcode-id-7168100f01de24ca08741356c169be3a.resize-by-browser-width .dt-css-grid .wf-cell {\n    width: 50%;\n  }\n  .cssgridlegacy.no-cssgrid .gallery-shortcode.gallery-masonry-shortcode-id-7168100f01de24ca08741356c169be3a.resize-by-browser-width .dt-css-grid .wf-cell.double-width,\n  .no-cssgridlegacy.no-cssgrid .gallery-shortcode.gallery-masonry-shortcode-id-7168100f01de24ca08741356c169be3a.resize-by-browser-width .dt-css-grid .wf-cell.double-width {\n    width: calc(50%)*2;\n  }\n}\n<\/style><div class=\"gallery-shortcode dt-gallery-container gallery-masonry-shortcode-id-7168100f01de24ca08741356c169be3a mode-grid jquery-filter dt-icon-bg-off quick-scale-img dt-css-grid-wrap enable-bg-rollover resize-by-browser-width  hover-fade loading-effect-fall-perspective description-on-hover\" data-padding=\"5px\" data-cur-page=\"1\" data-post-limit=\"-1\" data-pagination-mode=\"none\" data-desktop-columns-num=\"4\" data-v-tablet-columns-num=\"4\" data-h-tablet-columns-num=\"4\" data-phone-columns-num=\"2\" data-width=\"0px\" data-columns=\"0\"><div class=\"dt-css-grid\" ><div class=\"wf-cell\" data-post-id=\"1968\" data-date=\"2019-01-13T10:28:30+01:00\" data-name=\"Urz\u0105dzenie rurowe do higienizacji\"><figure class=\"post visible\"><a href=\"https:\/\/biog-biogas.com\/wp-content\/uploads\/Hygienisierungstechnik-von-BIOG.jpg\" class=\"rollover dt-pswp-item layzr-bg\" data-large_image_width=\"1620\" data-large_image_height=\"1080\" data-dt-img-description=\"\" title=\"Urz\u0105dzenie rurowe do higienizacji\"><img decoding=\"async\" class=\"preload-me iso-lazy-load aspect\" src=\"data:image\/svg+xml,%3Csvg%20xmlns%3D&#39;http%3A%2F%2Fwww.w3.org%2F2000%2Fsvg&#39;%20viewBox%3D&#39;0%200%20231%20129&#39;%2F%3E\" data-src=\"https:\/\/biog-biogas.com\/wp-content\/uploads\/Hygienisierungstechnik-von-BIOG-231x129.jpg\" data-srcset=\"https:\/\/biog-biogas.com\/wp-content\/uploads\/Hygienisierungstechnik-von-BIOG-231x129.jpg 231w, https:\/\/biog-biogas.com\/wp-content\/uploads\/Hygienisierungstechnik-von-BIOG-347x194.jpg 347w\" loading=\"eager\" style=\"--ratio: 231 \/ 129\" sizes=\"(max-width: 231px) 100vw, 231px\" alt=\"Urz\u0105dzenie rurowe BIOG do higienizacji metod\u0105 przelotow\u0105\" width=\"231\" height=\"129\"  \/><span class=\"gallery-rollover\"><span class=\"gallery-zoom-ico icomoon-the7-font-the7-zoom-06\"><span><\/span><\/span><\/span><\/a><\/figure><\/div><div class=\"wf-cell\" data-post-id=\"1148\" data-date=\"2018-11-12T12:41:50+01:00\" data-name=\"Higienizacja metod\u0105 wymiany ciep\u0142a\"><figure class=\"post visible\"><a href=\"https:\/\/biog-biogas.com\/wp-content\/uploads\/Hygienisierung-im-Waermetauscherverfahren.jpg\" class=\"rollover dt-pswp-item layzr-bg\" data-large_image_width=\"1920\" data-large_image_height=\"1046\" data-dt-img-description=\"\" title=\"Higienizacja metod\u0105 wymiany ciep\u0142a\"><img decoding=\"async\" class=\"preload-me iso-lazy-load aspect\" src=\"data:image\/svg+xml,%3Csvg%20xmlns%3D&#39;http%3A%2F%2Fwww.w3.org%2F2000%2Fsvg&#39;%20viewBox%3D&#39;0%200%20231%20129&#39;%2F%3E\" data-src=\"https:\/\/biog-biogas.com\/wp-content\/uploads\/Hygienisierung-im-Waermetauscherverfahren-231x129.jpg\" data-srcset=\"https:\/\/biog-biogas.com\/wp-content\/uploads\/Hygienisierung-im-Waermetauscherverfahren-231x129.jpg 231w, https:\/\/biog-biogas.com\/wp-content\/uploads\/Hygienisierung-im-Waermetauscherverfahren-347x194.jpg 347w\" loading=\"eager\" style=\"--ratio: 231 \/ 129\" sizes=\"(max-width: 231px) 100vw, 231px\" alt=\"Urz\u0105dzenie do higienizacji metod\u0105 wymiany ciep\u0142a\" width=\"231\" height=\"129\"  \/><span class=\"gallery-rollover\"><span class=\"gallery-zoom-ico icomoon-the7-font-the7-zoom-06\"><span><\/span><\/span><\/span><\/a><\/figure><\/div><div class=\"wf-cell\" data-post-id=\"1155\" data-date=\"2018-11-12T12:41:55+01:00\" data-name=\"Urz\u0105dzenie rurowe do higienizacji\"><figure class=\"post visible\"><a href=\"https:\/\/biog-biogas.com\/wp-content\/uploads\/Rohrhygienisierungstechnik.jpg\" class=\"rollover dt-pswp-item layzr-bg\" data-large_image_width=\"1920\" data-large_image_height=\"893\" data-dt-img-description=\"\" title=\"Urz\u0105dzenie rurowe do higienizacji\"><img decoding=\"async\" class=\"preload-me iso-lazy-load aspect\" src=\"data:image\/svg+xml,%3Csvg%20xmlns%3D&#39;http%3A%2F%2Fwww.w3.org%2F2000%2Fsvg&#39;%20viewBox%3D&#39;0%200%20231%20129&#39;%2F%3E\" data-src=\"https:\/\/biog-biogas.com\/wp-content\/uploads\/Rohrhygienisierungstechnik-231x129.jpg\" data-srcset=\"https:\/\/biog-biogas.com\/wp-content\/uploads\/Rohrhygienisierungstechnik-231x129.jpg 231w, https:\/\/biog-biogas.com\/wp-content\/uploads\/Rohrhygienisierungstechnik-347x194.jpg 347w\" loading=\"eager\" style=\"--ratio: 231 \/ 129\" sizes=\"(max-width: 231px) 100vw, 231px\" alt=\"Urz\u0105dzenie rurowe do higienizacji metod\u0105 przelotow\u0105\" width=\"231\" height=\"129\"  \/><span class=\"gallery-rollover\"><span class=\"gallery-zoom-ico icomoon-the7-font-the7-zoom-06\"><span><\/span><\/span><\/span><\/a><\/figure><\/div><div class=\"wf-cell\" data-post-id=\"1162\" data-date=\"2018-11-12T12:42:00+01:00\" data-name=\"Urz\u0105dzenie do unieszkodliwiania drobnoustroj\u00f3w w odpadach\"><figure class=\"post visible\"><a href=\"https:\/\/biog-biogas.com\/wp-content\/uploads\/Technik-zur-Keimbefreiung-von-Abfaellen.jpg\" class=\"rollover dt-pswp-item layzr-bg\" data-large_image_width=\"1920\" data-large_image_height=\"1080\" data-dt-img-description=\"\" title=\"Urz\u0105dzenie do unieszkodliwiania drobnoustroj\u00f3w w odpadach\"><img decoding=\"async\" class=\"preload-me iso-lazy-load aspect\" src=\"data:image\/svg+xml,%3Csvg%20xmlns%3D&#39;http%3A%2F%2Fwww.w3.org%2F2000%2Fsvg&#39;%20viewBox%3D&#39;0%200%20231%20129&#39;%2F%3E\" data-src=\"https:\/\/biog-biogas.com\/wp-content\/uploads\/Technik-zur-Keimbefreiung-von-Abfaellen-231x129.jpg\" data-srcset=\"https:\/\/biog-biogas.com\/wp-content\/uploads\/Technik-zur-Keimbefreiung-von-Abfaellen-231x129.jpg 231w, https:\/\/biog-biogas.com\/wp-content\/uploads\/Technik-zur-Keimbefreiung-von-Abfaellen-347x194.jpg 347w\" loading=\"eager\" style=\"--ratio: 231 \/ 129\" sizes=\"(max-width: 231px) 100vw, 231px\" alt=\"Urz\u0105dzenie do unieszkodliwiania drobnoustroj\u00f3w w odpadach\" width=\"231\" height=\"129\"  \/><span class=\"gallery-rollover\"><span class=\"gallery-zoom-ico icomoon-the7-font-the7-zoom-06\"><span><\/span><\/span><\/span><\/a><\/figure><\/div><\/div><!-- iso-container|iso-grid --><\/div>[\/vc_column][\/vc_row]<\/p>\n<\/div>","protected":false},"excerpt":{"rendered":"<p>[vc_row][vc_column][vc_column_text]Unieszkodliwianie odpad\u00f3w wymaga obszernego know-how z powodu nak\u0142adanych coraz ostrzejszych obowi\u0105zk\u00f3w. W przypadku wra\u017cliwych materia\u0142\u00f3w organicznych, jak odpady poubojowe, czy te\u017c odpady domowe konieczne jest unieszkodliwianie drobnoustroj\u00f3w drog\u0105 ogrzewania. W dotychczas stosowanych metodach unieszkodliwiania drobnoustroj\u00f3w dochodzi zawsze do niepo\u017c\u0105danego tworzenia piany. Aby zaradzi\u0107 temu problemowi, skoncentrowali\u015bmy si\u0119 w BioG na koncepcji i rozwoju higienizacji rurowej.&hellip;<\/p>\n","protected":false},"author":1,"featured_media":0,"parent":0,"menu_order":0,"comment_status":"closed","ping_status":"open","template":"","meta":{"footnotes":""},"class_list":["post-2384","page","type-page","status-publish","hentry","description-off"],"yoast_head":"<!-- This site is optimized with the Yoast SEO plugin v27.3 - https:\/\/yoast.com\/product\/yoast-seo-wordpress\/ -->\n<title>Higienizacja | BioG \u2022 Solutions for green energy<\/title>\n<meta name=\"description\" content=\"Jeste\u015bmy specjalist\u0105 w zakresie urz\u0105dze\u0144 do higienizacji metod\u0105 przelotow\u0105! \u2606 Ograniczanie spieniania \u2022 unieszkodliwianie drobnoustroj\u00f3w przez ogrzewanie\" \/>\n<meta name=\"robots\" content=\"index, follow, max-snippet:-1, max-image-preview:large, max-video-preview:-1\" \/>\n<link rel=\"canonical\" href=\"https:\/\/biog-biogas.com\/pl\/higienizacja\/\" \/>\n<meta property=\"og:locale\" content=\"pl_PL\" \/>\n<meta property=\"og:type\" content=\"article\" \/>\n<meta property=\"og:title\" content=\"Higienizacja | BioG \u2022 Solutions for green energy\" \/>\n<meta property=\"og:description\" content=\"Jeste\u015bmy specjalist\u0105 w zakresie urz\u0105dze\u0144 do higienizacji metod\u0105 przelotow\u0105! \u2606 Ograniczanie spieniania \u2022 unieszkodliwianie drobnoustroj\u00f3w przez ogrzewanie\" \/>\n<meta property=\"og:url\" content=\"https:\/\/biog-biogas.com\/pl\/higienizacja\/\" \/>\n<meta property=\"og:site_name\" content=\"BIOG\" \/>\n<meta property=\"article:modified_time\" content=\"2019-07-25T12:08:00+00:00\" \/>\n<meta name=\"twitter:card\" content=\"summary_large_image\" \/>\n<meta name=\"twitter:label1\" content=\"Szacowany czas czytania\" \/>\n\t<meta name=\"twitter:data1\" content=\"1 minuta\" \/>\n<script type=\"application\/ld+json\" class=\"yoast-schema-graph\">{\"@context\":\"https:\\\/\\\/schema.org\",\"@graph\":[{\"@type\":\"WebPage\",\"@id\":\"https:\\\/\\\/biog-biogas.com\\\/pl\\\/higienizacja\\\/\",\"url\":\"https:\\\/\\\/biog-biogas.com\\\/pl\\\/higienizacja\\\/\",\"name\":\"Higienizacja | BioG \u2022 Solutions for green energy\",\"isPartOf\":{\"@id\":\"https:\\\/\\\/biog-biogas.com\\\/pl\\\/#website\"},\"datePublished\":\"2019-02-08T18:20:51+00:00\",\"dateModified\":\"2019-07-25T12:08:00+00:00\",\"description\":\"Jeste\u015bmy specjalist\u0105 w zakresie urz\u0105dze\u0144 do higienizacji metod\u0105 przelotow\u0105! \u2606 Ograniczanie spieniania \u2022 unieszkodliwianie drobnoustroj\u00f3w przez ogrzewanie\",\"breadcrumb\":{\"@id\":\"https:\\\/\\\/biog-biogas.com\\\/pl\\\/higienizacja\\\/#breadcrumb\"},\"inLanguage\":\"pl-PL\",\"potentialAction\":[{\"@type\":\"ReadAction\",\"target\":[\"https:\\\/\\\/biog-biogas.com\\\/pl\\\/higienizacja\\\/\"]}]},{\"@type\":\"BreadcrumbList\",\"@id\":\"https:\\\/\\\/biog-biogas.com\\\/pl\\\/higienizacja\\\/#breadcrumb\",\"itemListElement\":[{\"@type\":\"ListItem\",\"position\":1,\"name\":\"Startseite\",\"item\":\"https:\\\/\\\/biog-biogas.com\\\/pl\\\/\"},{\"@type\":\"ListItem\",\"position\":2,\"name\":\"Higienizacja\"}]},{\"@type\":\"WebSite\",\"@id\":\"https:\\\/\\\/biog-biogas.com\\\/pl\\\/#website\",\"url\":\"https:\\\/\\\/biog-biogas.com\\\/pl\\\/\",\"name\":\"BIOG\",\"description\":\"Solutions for green energy\",\"potentialAction\":[{\"@type\":\"SearchAction\",\"target\":{\"@type\":\"EntryPoint\",\"urlTemplate\":\"https:\\\/\\\/biog-biogas.com\\\/pl\\\/?s={search_term_string}\"},\"query-input\":{\"@type\":\"PropertyValueSpecification\",\"valueRequired\":true,\"valueName\":\"search_term_string\"}}],\"inLanguage\":\"pl-PL\"}]}<\/script>\n<!-- \/ Yoast SEO plugin. -->","yoast_head_json":{"title":"Higienizacja | BioG \u2022 Solutions for green energy","description":"Jeste\u015bmy specjalist\u0105 w zakresie urz\u0105dze\u0144 do higienizacji metod\u0105 przelotow\u0105! \u2606 Ograniczanie spieniania \u2022 unieszkodliwianie drobnoustroj\u00f3w przez ogrzewanie","robots":{"index":"index","follow":"follow","max-snippet":"max-snippet:-1","max-image-preview":"max-image-preview:large","max-video-preview":"max-video-preview:-1"},"canonical":"https:\/\/biog-biogas.com\/pl\/higienizacja\/","og_locale":"pl_PL","og_type":"article","og_title":"Higienizacja | BioG \u2022 Solutions for green energy","og_description":"Jeste\u015bmy specjalist\u0105 w zakresie urz\u0105dze\u0144 do higienizacji metod\u0105 przelotow\u0105! \u2606 Ograniczanie spieniania \u2022 unieszkodliwianie drobnoustroj\u00f3w przez ogrzewanie","og_url":"https:\/\/biog-biogas.com\/pl\/higienizacja\/","og_site_name":"BIOG","article_modified_time":"2019-07-25T12:08:00+00:00","twitter_card":"summary_large_image","twitter_misc":{"Szacowany czas czytania":"1 minuta"},"schema":{"@context":"https:\/\/schema.org","@graph":[{"@type":"WebPage","@id":"https:\/\/biog-biogas.com\/pl\/higienizacja\/","url":"https:\/\/biog-biogas.com\/pl\/higienizacja\/","name":"Higienizacja | BioG \u2022 Solutions for green energy","isPartOf":{"@id":"https:\/\/biog-biogas.com\/pl\/#website"},"datePublished":"2019-02-08T18:20:51+00:00","dateModified":"2019-07-25T12:08:00+00:00","description":"Jeste\u015bmy specjalist\u0105 w zakresie urz\u0105dze\u0144 do higienizacji metod\u0105 przelotow\u0105! \u2606 Ograniczanie spieniania \u2022 unieszkodliwianie drobnoustroj\u00f3w przez ogrzewanie","breadcrumb":{"@id":"https:\/\/biog-biogas.com\/pl\/higienizacja\/#breadcrumb"},"inLanguage":"pl-PL","potentialAction":[{"@type":"ReadAction","target":["https:\/\/biog-biogas.com\/pl\/higienizacja\/"]}]},{"@type":"BreadcrumbList","@id":"https:\/\/biog-biogas.com\/pl\/higienizacja\/#breadcrumb","itemListElement":[{"@type":"ListItem","position":1,"name":"Startseite","item":"https:\/\/biog-biogas.com\/pl\/"},{"@type":"ListItem","position":2,"name":"Higienizacja"}]},{"@type":"WebSite","@id":"https:\/\/biog-biogas.com\/pl\/#website","url":"https:\/\/biog-biogas.com\/pl\/","name":"BIOG","description":"Solutions for green energy","potentialAction":[{"@type":"SearchAction","target":{"@type":"EntryPoint","urlTemplate":"https:\/\/biog-biogas.com\/pl\/?s={search_term_string}"},"query-input":{"@type":"PropertyValueSpecification","valueRequired":true,"valueName":"search_term_string"}}],"inLanguage":"pl-PL"}]}},"_links":{"self":[{"href":"https:\/\/biog-biogas.com\/pl\/wp-json\/wp\/v2\/pages\/2384","targetHints":{"allow":["GET"]}}],"collection":[{"href":"https:\/\/biog-biogas.com\/pl\/wp-json\/wp\/v2\/pages"}],"about":[{"href":"https:\/\/biog-biogas.com\/pl\/wp-json\/wp\/v2\/types\/page"}],"author":[{"embeddable":true,"href":"https:\/\/biog-biogas.com\/pl\/wp-json\/wp\/v2\/users\/1"}],"replies":[{"embeddable":true,"href":"https:\/\/biog-biogas.com\/pl\/wp-json\/wp\/v2\/comments?post=2384"}],"version-history":[{"count":0,"href":"https:\/\/biog-biogas.com\/pl\/wp-json\/wp\/v2\/pages\/2384\/revisions"}],"wp:attachment":[{"href":"https:\/\/biog-biogas.com\/pl\/wp-json\/wp\/v2\/media?parent=2384"}],"curies":[{"name":"wp","href":"https:\/\/api.w.org\/{rel}","templated":true}]}}