{"id":2478,"date":"2019-02-09T11:24:10","date_gmt":"2019-02-09T10:24:10","guid":{"rendered":"http:\/\/biog.adview.network\/serwis\/"},"modified":"2025-08-07T10:15:02","modified_gmt":"2025-08-07T08:15:02","slug":"serwis","status":"publish","type":"page","link":"https:\/\/biog-biogas.com\/pl\/serwis\/","title":{"rendered":"Serwis"},"content":{"rendered":"<div class=\"wpb-content-wrapper\"><p>[vc_row][vc_column]<div id=\"ultimate-heading-32769f405ec485cd\" class=\"uvc-heading ult-adjust-bottom-margin ultimate-heading-32769f405ec485cd uvc-3234  uvc-heading-default-font-sizes\" data-hspacer=\"no_spacer\"  data-halign=\"left\" style=\"text-align:left\"><div class=\"uvc-heading-spacer no_spacer\" style=\"top\"><\/div><div class=\"uvc-main-heading ult-responsive\"  data-ultimate-target='.uvc-heading.ultimate-heading-32769f405ec485cd h1'  data-responsive-json-new='{\"font-size\":\"\",\"line-height\":\"\"}' ><h1 style=\"--font-weight:theme;margin-bottom:15px;\">Zr\u00f3wnowa\u017cone pozyskiwanie energii stawia wymagania technice i serwisowi.<\/h1><\/div><\/div>[vc_column_text]Serwis piszemy w BioG wielkimi literami. Dlatego te\u017c oferujemy szczeg\u00f3lne us\u0142ugi, kt\u00f3re zapewniaj\u0105 ci\u0105g\u0142\u0105 eksploatacj\u0119.[\/vc_column_text][\/vc_column][\/vc_row][vc_row equal_height=&#8221;yes&#8221; content_placement=&#8221;middle&#8221;][vc_column width=&#8221;2\/3&#8243;]<div id=\"ultimate-heading-671269f405ec486eb\" class=\"uvc-heading ult-adjust-bottom-margin ultimate-heading-671269f405ec486eb uvc-434  uvc-heading-default-font-sizes\" data-hspacer=\"no_spacer\"  data-halign=\"left\" style=\"text-align:left\"><div class=\"uvc-heading-spacer no_spacer\" style=\"top\"><\/div><div class=\"uvc-main-heading ult-responsive\"  data-ultimate-target='.uvc-heading.ultimate-heading-671269f405ec486eb h3'  data-responsive-json-new='{\"font-size\":\"\",\"line-height\":\"\"}' ><h3 style=\"--font-weight:theme;margin-bottom:15px;\">Konserwacja zdalna i wsparcie techniczne<\/h3><\/div><\/div>[vc_column_text]Nasza technika, dzi\u0119ki mo\u017cliwo\u015bci konserwacji zdalnej online, umo\u017cliwia dost\u0119p do ca\u0142ej instalacji, odczytanie informacji o b\u0142\u0119dach i usuni\u0119cie usterek. Dzi\u0119ki konserwacji zdalnej mo\u017cliwa jest r\u00f3wnie\u017c nieskomplikowana pomoc Klientowi w razie pyta\u0144 technicznych. Dzi\u0119ki ci\u0105g\u0142emu zapisywaniu proces\u00f3w roboczych 24 godziny na dob\u0119 i 7 dni w tygodniu mo\u017cemy r\u00f3wnie\u017c si\u0119gn\u0105\u0107 po dane o wydajno\u015bci i usterkach z przesz\u0142o\u015bci.<\/p>\n<p>W ten spos\u00f3b na odleg\u0142o\u015b\u0107 mo\u017cemy r\u00f3wnie\u017c wykrywa\u0107 zu\u017cycie i prowadzi\u0107 analizy usterek. Dzi\u0119ki naszemu do\u015bwiadczeniu mo\u017cna na bie\u017c\u0105co dokonywa\u0107 optymalizacji, takich jak zwi\u0119kszenie mocy t\u0142oczenia przy mniejszym zu\u017cyciu energii.[\/vc_column_text][vc_empty_space height=&#8221;50px&#8221;][\/vc_column][vc_column width=&#8221;1\/3&#8243;][vc_single_image image=&#8221;1978&#8243; img_size=&#8221;large&#8221; css=&#8221;&#8221;][\/vc_column][\/vc_row][vc_row][vc_column]<div id=\"ultimate-heading-49769f405ec487b5\" class=\"uvc-heading ult-adjust-bottom-margin ultimate-heading-49769f405ec487b5 uvc-5886  uvc-heading-default-font-sizes\" data-hspacer=\"no_spacer\"  data-halign=\"left\" style=\"text-align:left\"><div class=\"uvc-heading-spacer no_spacer\" style=\"top\"><\/div><div class=\"uvc-main-heading ult-responsive\"  data-ultimate-target='.uvc-heading.ultimate-heading-49769f405ec487b5 h3'  data-responsive-json-new='{\"font-size\":\"\",\"line-height\":\"\"}' ><h3 style=\"--font-weight:theme;margin-bottom:15px;\">Konserwacja<\/h3><\/div><\/div>[vc_column_text css=&#8221;&#8221;]<strong>Wydajna, przejrzysta, niezawodna \u2013 Twoja strona konserwacji dla maksymalnej dost\u0119pno\u015bci instalacji<\/strong><\/p>\n<p>Nasza strona konserwacji to centralne narz\u0119dzie do inteligentnej obs\u0142ugi instalacji. Oferuje przejrzysty i uporz\u0105dkowany przegl\u0105d wszystkich nadchodz\u0105cych zada\u0144 konserwacyjnych \u2013 od testowania biopodajnik\u00f3w i kontroli rozdrabniaczy po przegl\u0105dy pomp.<\/p>\n<p>Dzi\u0119ki precyzyjnym czasom rzeczywistym\/docelowym i prostej funkcji resetowania, interfejs umo\u017cliwia bezproblemow\u0105 dokumentacj\u0119 i planowanie. To nie tylko pomaga zachowa\u0107 przegl\u0105d, ale tak\u017ce wcze\u015bnie wykry\u0107 ograniczenia zu\u017cycia \u2013 zanim stan\u0105 si\u0119 problemem.<\/p>\n<ul>\n<li>Serwis prewencyjny zamiast kosztownych awarii<\/li>\n<li>Zminimalizowany czas przestoju<\/li>\n<li>Maksymalna wydajno\u015b\u0107 instalacji<\/li>\n<\/ul>\n<p>Skorzystaj z inteligentnego planowania konserwacji i zapewnij d\u0142ugoterminow\u0105 wydajno\u015b\u0107 swojej biogazowni \u2013 proste, przejrzyste i zoptymalizowane pod k\u0105tem konserwacji.<\/p>\n<p><em>Teraz dost\u0119pne w strefie serwisowej Twojego systemu sterowania!<\/em>[\/vc_column_text][vc_single_image image=&#8221;284274&#8243; img_size=&#8221;large&#8221; onclick=&#8221;link_image&#8221; css=&#8221;&#8221;][\/vc_column][\/vc_row][vc_row][vc_column]<style type=\"text\/css\" data-type=\"the7_shortcodes-inline-css\">.gallery-shortcode.gallery-masonry-shortcode-id-b815dc0dce86eb81447d6d939d2cb31b figure,\n.gallery-shortcode.gallery-masonry-shortcode-id-b815dc0dce86eb81447d6d939d2cb31b .rollover,\n.gallery-shortcode.gallery-masonry-shortcode-id-b815dc0dce86eb81447d6d939d2cb31b img,\n.gallery-shortcode.gallery-masonry-shortcode-id-b815dc0dce86eb81447d6d939d2cb31b .gallery-rollover {\n  border-radius: 0px;\n}\n.gallery-shortcode.gallery-masonry-shortcode-id-b815dc0dce86eb81447d6d939d2cb31b.enable-bg-rollover .gallery-rollover {\n  background: -webkit-linear-gradient();\n  background: linear-gradient();\n}\n.gallery-shortcode.gallery-masonry-shortcode-id-b815dc0dce86eb81447d6d939d2cb31b.enable-bg-rollover.hover-scale figure .rollover:after {\n  background: -webkit-linear-gradient();\n  background: linear-gradient();\n}\n.gallery-shortcode.gallery-masonry-shortcode-id-b815dc0dce86eb81447d6d939d2cb31b .gallery-zoom-ico {\n  width: 44px;\n  height: 44px;\n  line-height: 44px;\n  border-radius: 100px;\n  margin: -22px 0 0 -22px;\n  border-width: 0px;\n  color: #ffffff;\n}\n.dt-icon-bg-on.gallery-shortcode.gallery-masonry-shortcode-id-b815dc0dce86eb81447d6d939d2cb31b .gallery-zoom-ico {\n  background: rgba(255,255,255,0.3);\n  box-shadow: none;\n}\n.gallery-shortcode.gallery-masonry-shortcode-id-b815dc0dce86eb81447d6d939d2cb31b .gallery-zoom-ico:before,\n.gallery-shortcode.gallery-masonry-shortcode-id-b815dc0dce86eb81447d6d939d2cb31b .gallery-zoom-ico span {\n  font-size: 32px;\n  line-height: 44px;\n  color: #ffffff;\n}\n.gallery-shortcode.gallery-masonry-shortcode-id-b815dc0dce86eb81447d6d939d2cb31b:not(.resize-by-browser-width) .dt-css-grid {\n  grid-row-gap: 10px;\n  grid-column-gap: 10px;\n  grid-template-columns: repeat(auto-fill,minmax(,1fr));\n}\n.gallery-shortcode.gallery-masonry-shortcode-id-b815dc0dce86eb81447d6d939d2cb31b:not(.resize-by-browser-width) .dt-css-grid .double-width {\n  grid-column: span 2;\n}\n.cssgridlegacy.no-cssgrid .gallery-shortcode.gallery-masonry-shortcode-id-b815dc0dce86eb81447d6d939d2cb31b:not(.resize-by-browser-width) .dt-css-grid,\n.no-cssgridlegacy.no-cssgrid .gallery-shortcode.gallery-masonry-shortcode-id-b815dc0dce86eb81447d6d939d2cb31b:not(.resize-by-browser-width) .dt-css-grid {\n  display: flex;\n  flex-flow: row wrap;\n  margin: -5px;\n}\n.cssgridlegacy.no-cssgrid .gallery-shortcode.gallery-masonry-shortcode-id-b815dc0dce86eb81447d6d939d2cb31b:not(.resize-by-browser-width) .dt-css-grid .wf-cell,\n.no-cssgridlegacy.no-cssgrid .gallery-shortcode.gallery-masonry-shortcode-id-b815dc0dce86eb81447d6d939d2cb31b:not(.resize-by-browser-width) .dt-css-grid .wf-cell {\n  flex: 1 0 ;\n  max-width: 100%;\n  padding: 5px;\n  box-sizing: border-box;\n}\n.gallery-shortcode.gallery-masonry-shortcode-id-b815dc0dce86eb81447d6d939d2cb31b.resize-by-browser-width .dt-css-grid {\n  grid-template-columns: repeat(4,1fr);\n  grid-template-rows: auto;\n  grid-column-gap: 10px;\n  grid-row-gap: 10px;\n}\n.gallery-shortcode.gallery-masonry-shortcode-id-b815dc0dce86eb81447d6d939d2cb31b.resize-by-browser-width .dt-css-grid .double-width {\n  grid-column: span 2;\n}\n.cssgridlegacy.no-cssgrid .gallery-shortcode.gallery-masonry-shortcode-id-b815dc0dce86eb81447d6d939d2cb31b.resize-by-browser-width .dt-css-grid {\n  margin: -5px;\n}\n.cssgridlegacy.no-cssgrid .gallery-shortcode.gallery-masonry-shortcode-id-b815dc0dce86eb81447d6d939d2cb31b.resize-by-browser-width .dt-css-grid .wf-cell {\n  width: 25%;\n  padding: 5px;\n}\n.cssgridlegacy.no-cssgrid .gallery-shortcode.gallery-masonry-shortcode-id-b815dc0dce86eb81447d6d939d2cb31b.resize-by-browser-width .dt-css-grid .wf-cell.double-width {\n  width: calc(25%) * 2;\n}\n.gallery-shortcode.gallery-masonry-shortcode-id-b815dc0dce86eb81447d6d939d2cb31b.resize-by-browser-width:not(.centered-layout-list):not(.content-bg-on) .dt-css-grid {\n  grid-row-gap: 10px - ;\n}\n@media screen and (max-width: 1199px) {\n  .gallery-shortcode.gallery-masonry-shortcode-id-b815dc0dce86eb81447d6d939d2cb31b.resize-by-browser-width .dt-css-grid {\n    grid-template-columns: repeat(4,1fr);\n  }\n  .cssgridlegacy.no-cssgrid .gallery-shortcode.gallery-masonry-shortcode-id-b815dc0dce86eb81447d6d939d2cb31b.resize-by-browser-width .dt-css-grid .wf-cell,\n  .no-cssgridlegacy.no-cssgrid .gallery-shortcode.gallery-masonry-shortcode-id-b815dc0dce86eb81447d6d939d2cb31b.resize-by-browser-width .dt-css-grid .wf-cell {\n    width: 25%;\n  }\n  .cssgridlegacy.no-cssgrid .gallery-shortcode.gallery-masonry-shortcode-id-b815dc0dce86eb81447d6d939d2cb31b.resize-by-browser-width .dt-css-grid .wf-cell.double-width,\n  .no-cssgridlegacy.no-cssgrid .gallery-shortcode.gallery-masonry-shortcode-id-b815dc0dce86eb81447d6d939d2cb31b.resize-by-browser-width .dt-css-grid .wf-cell.double-width {\n    width: calc(25%)*2;\n  }\n}\n@media screen and (max-width: 991px) {\n  .gallery-shortcode.gallery-masonry-shortcode-id-b815dc0dce86eb81447d6d939d2cb31b.resize-by-browser-width .dt-css-grid {\n    grid-template-columns: repeat(4,1fr);\n  }\n  .cssgridlegacy.no-cssgrid .gallery-shortcode.gallery-masonry-shortcode-id-b815dc0dce86eb81447d6d939d2cb31b.resize-by-browser-width .dt-css-grid .wf-cell,\n  .no-cssgridlegacy.no-cssgrid .gallery-shortcode.gallery-masonry-shortcode-id-b815dc0dce86eb81447d6d939d2cb31b.resize-by-browser-width .dt-css-grid .wf-cell {\n    width: 25%;\n  }\n  .cssgridlegacy.no-cssgrid .gallery-shortcode.gallery-masonry-shortcode-id-b815dc0dce86eb81447d6d939d2cb31b.resize-by-browser-width .dt-css-grid .wf-cell.double-width,\n  .no-cssgridlegacy.no-cssgrid .gallery-shortcode.gallery-masonry-shortcode-id-b815dc0dce86eb81447d6d939d2cb31b.resize-by-browser-width .dt-css-grid .wf-cell.double-width {\n    width: calc(25%)*2;\n  }\n}\n@media screen and (max-width: 767px) {\n  .gallery-shortcode.gallery-masonry-shortcode-id-b815dc0dce86eb81447d6d939d2cb31b.resize-by-browser-width .dt-css-grid {\n    grid-template-columns: repeat(2,1fr);\n  }\n  .cssgridlegacy.no-cssgrid .gallery-shortcode.gallery-masonry-shortcode-id-b815dc0dce86eb81447d6d939d2cb31b.resize-by-browser-width .dt-css-grid .wf-cell,\n  .no-cssgridlegacy.no-cssgrid .gallery-shortcode.gallery-masonry-shortcode-id-b815dc0dce86eb81447d6d939d2cb31b.resize-by-browser-width .dt-css-grid .wf-cell {\n    width: 50%;\n  }\n  .cssgridlegacy.no-cssgrid .gallery-shortcode.gallery-masonry-shortcode-id-b815dc0dce86eb81447d6d939d2cb31b.resize-by-browser-width .dt-css-grid .wf-cell.double-width,\n  .no-cssgridlegacy.no-cssgrid .gallery-shortcode.gallery-masonry-shortcode-id-b815dc0dce86eb81447d6d939d2cb31b.resize-by-browser-width .dt-css-grid .wf-cell.double-width {\n    width: calc(50%)*2;\n  }\n}\n<\/style><div class=\"gallery-shortcode dt-gallery-container gallery-masonry-shortcode-id-b815dc0dce86eb81447d6d939d2cb31b mode-grid jquery-filter dt-icon-bg-off quick-scale-img dt-css-grid-wrap enable-bg-rollover resize-by-browser-width  hover-fade loading-effect-fall-perspective description-on-hover\" data-padding=\"5px\" data-cur-page=\"1\" data-post-limit=\"-1\" data-pagination-mode=\"none\" data-desktop-columns-num=\"4\" data-v-tablet-columns-num=\"4\" data-h-tablet-columns-num=\"4\" data-phone-columns-num=\"2\" data-width=\"0px\" data-columns=\"0\"><div class=\"dt-css-grid\" ><div class=\"wf-cell\" data-post-id=\"24672\" data-date=\"2020-07-15T10:52:09+02:00\" data-name=\"BIOG-Teile2\"><figure class=\"post visible\"><a href=\"https:\/\/biog-biogas.com\/wp-content\/uploads\/BIOG-Teile2.jpg\" class=\"rollover dt-pswp-item layzr-bg\" data-large_image_width=\"1618\" data-large_image_height=\"1080\" data-dt-img-description=\"\" title=\"BIOG-Teile2\"><img decoding=\"async\" class=\"preload-me iso-lazy-load aspect\" src=\"data:image\/svg+xml,%3Csvg%20xmlns%3D&#39;http%3A%2F%2Fwww.w3.org%2F2000%2Fsvg&#39;%20viewBox%3D&#39;0%200%20231%20130&#39;%2F%3E\" data-src=\"https:\/\/biog-biogas.com\/wp-content\/uploads\/BIOG-Teile2-231x130.jpg\" data-srcset=\"https:\/\/biog-biogas.com\/wp-content\/uploads\/BIOG-Teile2-231x130.jpg 231w, https:\/\/biog-biogas.com\/wp-content\/uploads\/BIOG-Teile2-347x195.jpg 347w\" loading=\"eager\" style=\"--ratio: 231 \/ 130\" sizes=\"(max-width: 231px) 100vw, 231px\" alt=\"\" width=\"231\" height=\"130\"  \/><span class=\"gallery-rollover\"><span class=\"gallery-zoom-ico icomoon-the7-font-the7-zoom-06\"><span><\/span><\/span><\/span><\/a><\/figure><\/div><div class=\"wf-cell\" data-post-id=\"24665\" data-date=\"2020-07-15T10:51:50+02:00\" data-name=\"BIOG-Servicearbeiten\"><figure class=\"post visible\"><a href=\"https:\/\/biog-biogas.com\/wp-content\/uploads\/BIOG-Servicearbeiten-1.jpg\" class=\"rollover dt-pswp-item layzr-bg\" data-large_image_width=\"1618\" data-large_image_height=\"1080\" data-dt-img-description=\"\" title=\"BIOG-Servicearbeiten\"><img decoding=\"async\" class=\"preload-me iso-lazy-load aspect\" src=\"data:image\/svg+xml,%3Csvg%20xmlns%3D&#39;http%3A%2F%2Fwww.w3.org%2F2000%2Fsvg&#39;%20viewBox%3D&#39;0%200%20231%20130&#39;%2F%3E\" data-src=\"https:\/\/biog-biogas.com\/wp-content\/uploads\/BIOG-Servicearbeiten-1-231x130.jpg\" data-srcset=\"https:\/\/biog-biogas.com\/wp-content\/uploads\/BIOG-Servicearbeiten-1-231x130.jpg 231w, https:\/\/biog-biogas.com\/wp-content\/uploads\/BIOG-Servicearbeiten-1-347x195.jpg 347w\" loading=\"eager\" style=\"--ratio: 231 \/ 130\" sizes=\"(max-width: 231px) 100vw, 231px\" alt=\"\" width=\"231\" height=\"130\"  \/><span class=\"gallery-rollover\"><span class=\"gallery-zoom-ico icomoon-the7-font-the7-zoom-06\"><span><\/span><\/span><\/span><\/a><\/figure><\/div><div class=\"wf-cell\" data-post-id=\"24658\" data-date=\"2020-07-15T10:51:16+02:00\" data-name=\"BIOG-ersatzteile 1\"><figure class=\"post visible\"><a href=\"https:\/\/biog-biogas.com\/wp-content\/uploads\/BIOG-ersatzteile-1.jpg\" class=\"rollover dt-pswp-item layzr-bg\" data-large_image_width=\"1618\" data-large_image_height=\"1080\" data-dt-img-description=\"\" title=\"BIOG-ersatzteile 1\"><img decoding=\"async\" class=\"preload-me iso-lazy-load aspect\" src=\"data:image\/svg+xml,%3Csvg%20xmlns%3D&#39;http%3A%2F%2Fwww.w3.org%2F2000%2Fsvg&#39;%20viewBox%3D&#39;0%200%20231%20130&#39;%2F%3E\" data-src=\"https:\/\/biog-biogas.com\/wp-content\/uploads\/BIOG-ersatzteile-1-231x130.jpg\" data-srcset=\"https:\/\/biog-biogas.com\/wp-content\/uploads\/BIOG-ersatzteile-1-231x130.jpg 231w, https:\/\/biog-biogas.com\/wp-content\/uploads\/BIOG-ersatzteile-1-347x195.jpg 347w\" loading=\"eager\" style=\"--ratio: 231 \/ 130\" sizes=\"(max-width: 231px) 100vw, 231px\" alt=\"\" width=\"231\" height=\"130\"  \/><span class=\"gallery-rollover\"><span class=\"gallery-zoom-ico icomoon-the7-font-the7-zoom-06\"><span><\/span><\/span><\/span><\/a><\/figure><\/div><div class=\"wf-cell\" data-post-id=\"282637\" data-date=\"2024-04-08T08:53:44+02:00\" data-name=\"MicrosoftTeams-image\"><figure class=\"post visible\"><a href=\"https:\/\/biog-biogas.com\/wp-content\/uploads\/MicrosoftTeams-image-1.png\" class=\"rollover dt-pswp-item layzr-bg\" data-large_image_width=\"1878\" data-large_image_height=\"974\" data-dt-img-description=\"\" title=\"MicrosoftTeams-image\"><img decoding=\"async\" class=\"preload-me iso-lazy-load aspect\" src=\"data:image\/svg+xml,%3Csvg%20xmlns%3D&#39;http%3A%2F%2Fwww.w3.org%2F2000%2Fsvg&#39;%20viewBox%3D&#39;0%200%20231%20129&#39;%2F%3E\" data-src=\"https:\/\/biog-biogas.com\/wp-content\/uploads\/MicrosoftTeams-image-1-231x129.png\" data-srcset=\"https:\/\/biog-biogas.com\/wp-content\/uploads\/MicrosoftTeams-image-1-231x129.png 231w, https:\/\/biog-biogas.com\/wp-content\/uploads\/MicrosoftTeams-image-1-347x194.png 347w\" loading=\"eager\" style=\"--ratio: 231 \/ 129\" sizes=\"(max-width: 231px) 100vw, 231px\" alt=\"\" width=\"231\" height=\"129\"  \/><span class=\"gallery-rollover\"><span class=\"gallery-zoom-ico icomoon-the7-font-the7-zoom-06\"><span><\/span><\/span><\/span><\/a><\/figure><\/div><\/div><!-- iso-container|iso-grid --><\/div>[\/vc_column][vc_column][vc_empty_space height=&#8221;50px&#8221;]<div id=\"ultimate-heading-381769f405ec5652f\" class=\"uvc-heading ult-adjust-bottom-margin ultimate-heading-381769f405ec5652f uvc-8263  uvc-heading-default-font-sizes\" data-hspacer=\"no_spacer\"  data-halign=\"left\" style=\"text-align:left\"><div class=\"uvc-heading-spacer no_spacer\" style=\"top\"><\/div><div class=\"uvc-main-heading ult-responsive\"  data-ultimate-target='.uvc-heading.ultimate-heading-381769f405ec5652f h3'  data-responsive-json-new='{\"font-size\":\"\",\"line-height\":\"\"}' ><h3 style=\"--font-weight:theme;margin-bottom:15px;\">Skontaktuj si\u0119 z nami bez zobowi\u0105za\u0144:<\/h3><\/div><\/div>[vc_row_inner equal_height=&#8221;yes&#8221; content_placement=&#8221;middle&#8221;][vc_column_inner width=&#8221;1\/4&#8243;][vc_empty_space height=&#8221;20px&#8221;][vc_single_image image=&#8221;282595&#8243; alignment=&#8221;center&#8221; style=&#8221;vc_box_outline_circle&#8221; onclick=&#8221;link_image&#8221; css=&#8221;.vc_custom_1710488730762{margin-bottom: 10px !important;}&#8221;][\/vc_column_inner][vc_column_inner width=&#8221;1\/4&#8243;][vc_column_text]<\/p>\n<h4><\/h4>\n<p>&nbsp;<\/p>\n<h4>Dominik Leitner<\/h4>\n<p>Servicekoordination<br \/><a href=\"tel:+436603185280\">+43 660 318 5280<\/a><br \/><a href=\"&#109;a&#x69;l&#x74;o&#x3a;&#100;&#x6f;&#109;&#x69;&#110;i&#x6b;&#46;&#x6c;e&#x69;&#116;&#x6e;&#101;&#x72;&#64;&#x62;&#105;o&#x67;&#46;&#x61;t\">dom&#105;&#110;&#105;&#107;&#x2e;&#x6c;&#x65;&#x69;&#x74;&#x6e;&#x65;r&#64;b&#105;&#111;&#103;&#46;&#97;&#x74;<\/a>[\/vc_column_text][\/vc_column_inner][vc_column_inner width=&#8221;1\/4&#8243;][vc_empty_space height=&#8221;20px&#8221;][vc_single_image image=&#8221;282603&#8243; alignment=&#8221;center&#8221; style=&#8221;vc_box_outline_circle&#8221; onclick=&#8221;link_image&#8221; css=&#8221;.vc_custom_1710488803304{margin-bottom: 10px !important;}&#8221;][\/vc_column_inner][vc_column_inner width=&#8221;1\/4&#8243;][vc_column_text]<\/p>\n<h4><\/h4>\n<p>&nbsp;<\/p>\n<h4>Paul Schmitsberger<\/h4>\n<p>Servicekoordination<br \/><a href=\"tel:+4377515014941\">+43 7751 50149-41<\/a><br \/><a href=\"&#x6d;&#x61;&#x69;&#x6c;&#x74;&#x6f;&#x3a;&#x70;&#x61;&#x75;&#x6c;&#x2e;&#x73;&#x63;&#x68;&#x6d;&#x69;&#x74;&#x73;&#x62;&#x65;&#x72;&#x67;&#x65;&#x72;&#x40;&#x62;&#x69;&#x6f;&#x67;&#x2e;&#x61;&#x74;\">&#x70;&#97;u&#x6c;&#x2e;&#115;c&#x68;&#x6d;&#105;t&#x73;&#98;e&#x72;&#x67;&#101;r&#x40;&#x62;&#105;o&#x67;&#46;&#97;&#x74;<\/a>[\/vc_column_text][\/vc_column_inner][\/vc_row_inner][\/vc_column][\/vc_row]<\/p>\n<\/div>","protected":false},"excerpt":{"rendered":"<p>[vc_row][vc_column][vc_column_text]Serwis piszemy w BioG wielkimi literami. Dlatego te\u017c oferujemy szczeg\u00f3lne us\u0142ugi, kt\u00f3re zapewniaj\u0105 ci\u0105g\u0142\u0105 eksploatacj\u0119.[\/vc_column_text][\/vc_column][\/vc_row][vc_row equal_height=&#8221;yes&#8221; content_placement=&#8221;middle&#8221;][vc_column width=&#8221;2\/3&#8243;][vc_column_text]Nasza technika, dzi\u0119ki mo\u017cliwo\u015bci konserwacji zdalnej online, umo\u017cliwia dost\u0119p do ca\u0142ej instalacji, odczytanie informacji o b\u0142\u0119dach i usuni\u0119cie usterek. Dzi\u0119ki konserwacji zdalnej mo\u017cliwa jest r\u00f3wnie\u017c nieskomplikowana pomoc Klientowi w razie pyta\u0144 technicznych. Dzi\u0119ki ci\u0105g\u0142emu zapisywaniu proces\u00f3w roboczych 24&hellip;<\/p>\n","protected":false},"author":1,"featured_media":0,"parent":0,"menu_order":0,"comment_status":"closed","ping_status":"open","template":"","meta":{"footnotes":""},"class_list":["post-2478","page","type-page","status-publish","hentry","description-off"],"yoast_head":"<!-- This site is optimized with the Yoast SEO plugin v27.5 - https:\/\/yoast.com\/product\/yoast-seo-wordpress\/ -->\n<title>Serwis i konserwacja | BioG \u2022 Solutions for green energy<\/title>\n<meta name=\"description\" content=\"Oferujemy Pa\u0144stwu szczeg\u00f3lne us\u0142ugi, kt\u00f3re gwarantuj\u0105 ci\u0105g\u0142\u0105 eksploatacj\u0119! \u2606 Konserwacja zdalna i wsparcie techniczne \u2022 szybki serwis cz\u0119\u015bci zamiennych\" \/>\n<meta name=\"robots\" content=\"index, follow, max-snippet:-1, max-image-preview:large, max-video-preview:-1\" \/>\n<link rel=\"canonical\" href=\"https:\/\/biog-biogas.com\/pl\/serwis\/\" \/>\n<meta property=\"og:locale\" content=\"pl_PL\" \/>\n<meta property=\"og:type\" content=\"article\" \/>\n<meta property=\"og:title\" content=\"Serwis i konserwacja | BioG \u2022 Solutions for green energy\" \/>\n<meta property=\"og:description\" content=\"Oferujemy Pa\u0144stwu szczeg\u00f3lne us\u0142ugi, kt\u00f3re gwarantuj\u0105 ci\u0105g\u0142\u0105 eksploatacj\u0119! \u2606 Konserwacja zdalna i wsparcie techniczne \u2022 szybki serwis cz\u0119\u015bci zamiennych\" \/>\n<meta property=\"og:url\" content=\"https:\/\/biog-biogas.com\/pl\/serwis\/\" \/>\n<meta property=\"og:site_name\" content=\"BIOG\" \/>\n<meta property=\"article:modified_time\" content=\"2025-08-07T08:15:02+00:00\" \/>\n<meta name=\"twitter:card\" content=\"summary_large_image\" \/>\n<meta name=\"twitter:label1\" content=\"Szacowany czas czytania\" \/>\n\t<meta name=\"twitter:data1\" content=\"2 minuty\" \/>\n<script type=\"application\/ld+json\" class=\"yoast-schema-graph\">{\"@context\":\"https:\\\/\\\/schema.org\",\"@graph\":[{\"@type\":\"WebPage\",\"@id\":\"https:\\\/\\\/biog-biogas.com\\\/pl\\\/serwis\\\/\",\"url\":\"https:\\\/\\\/biog-biogas.com\\\/pl\\\/serwis\\\/\",\"name\":\"Serwis i konserwacja | BioG \u2022 Solutions for green energy\",\"isPartOf\":{\"@id\":\"https:\\\/\\\/biog-biogas.com\\\/pl\\\/#website\"},\"datePublished\":\"2019-02-09T10:24:10+00:00\",\"dateModified\":\"2025-08-07T08:15:02+00:00\",\"description\":\"Oferujemy Pa\u0144stwu szczeg\u00f3lne us\u0142ugi, kt\u00f3re gwarantuj\u0105 ci\u0105g\u0142\u0105 eksploatacj\u0119! \u2606 Konserwacja zdalna i wsparcie techniczne \u2022 szybki serwis cz\u0119\u015bci zamiennych\",\"breadcrumb\":{\"@id\":\"https:\\\/\\\/biog-biogas.com\\\/pl\\\/serwis\\\/#breadcrumb\"},\"inLanguage\":\"pl-PL\",\"potentialAction\":[{\"@type\":\"ReadAction\",\"target\":[\"https:\\\/\\\/biog-biogas.com\\\/pl\\\/serwis\\\/\"]}]},{\"@type\":\"BreadcrumbList\",\"@id\":\"https:\\\/\\\/biog-biogas.com\\\/pl\\\/serwis\\\/#breadcrumb\",\"itemListElement\":[{\"@type\":\"ListItem\",\"position\":1,\"name\":\"Startseite\",\"item\":\"https:\\\/\\\/biog-biogas.com\\\/pl\\\/\"},{\"@type\":\"ListItem\",\"position\":2,\"name\":\"Serwis\"}]},{\"@type\":\"WebSite\",\"@id\":\"https:\\\/\\\/biog-biogas.com\\\/pl\\\/#website\",\"url\":\"https:\\\/\\\/biog-biogas.com\\\/pl\\\/\",\"name\":\"BIOG\",\"description\":\"Solutions for green energy\",\"potentialAction\":[{\"@type\":\"SearchAction\",\"target\":{\"@type\":\"EntryPoint\",\"urlTemplate\":\"https:\\\/\\\/biog-biogas.com\\\/pl\\\/?s={search_term_string}\"},\"query-input\":{\"@type\":\"PropertyValueSpecification\",\"valueRequired\":true,\"valueName\":\"search_term_string\"}}],\"inLanguage\":\"pl-PL\"}]}<\/script>\n<!-- \/ Yoast SEO plugin. -->","yoast_head_json":{"title":"Serwis i konserwacja | BioG \u2022 Solutions for green energy","description":"Oferujemy Pa\u0144stwu szczeg\u00f3lne us\u0142ugi, kt\u00f3re gwarantuj\u0105 ci\u0105g\u0142\u0105 eksploatacj\u0119! \u2606 Konserwacja zdalna i wsparcie techniczne \u2022 szybki serwis cz\u0119\u015bci zamiennych","robots":{"index":"index","follow":"follow","max-snippet":"max-snippet:-1","max-image-preview":"max-image-preview:large","max-video-preview":"max-video-preview:-1"},"canonical":"https:\/\/biog-biogas.com\/pl\/serwis\/","og_locale":"pl_PL","og_type":"article","og_title":"Serwis i konserwacja | BioG \u2022 Solutions for green energy","og_description":"Oferujemy Pa\u0144stwu szczeg\u00f3lne us\u0142ugi, kt\u00f3re gwarantuj\u0105 ci\u0105g\u0142\u0105 eksploatacj\u0119! \u2606 Konserwacja zdalna i wsparcie techniczne \u2022 szybki serwis cz\u0119\u015bci zamiennych","og_url":"https:\/\/biog-biogas.com\/pl\/serwis\/","og_site_name":"BIOG","article_modified_time":"2025-08-07T08:15:02+00:00","twitter_card":"summary_large_image","twitter_misc":{"Szacowany czas czytania":"2 minuty"},"schema":{"@context":"https:\/\/schema.org","@graph":[{"@type":"WebPage","@id":"https:\/\/biog-biogas.com\/pl\/serwis\/","url":"https:\/\/biog-biogas.com\/pl\/serwis\/","name":"Serwis i konserwacja | BioG \u2022 Solutions for green energy","isPartOf":{"@id":"https:\/\/biog-biogas.com\/pl\/#website"},"datePublished":"2019-02-09T10:24:10+00:00","dateModified":"2025-08-07T08:15:02+00:00","description":"Oferujemy Pa\u0144stwu szczeg\u00f3lne us\u0142ugi, kt\u00f3re gwarantuj\u0105 ci\u0105g\u0142\u0105 eksploatacj\u0119! \u2606 Konserwacja zdalna i wsparcie techniczne \u2022 szybki serwis cz\u0119\u015bci zamiennych","breadcrumb":{"@id":"https:\/\/biog-biogas.com\/pl\/serwis\/#breadcrumb"},"inLanguage":"pl-PL","potentialAction":[{"@type":"ReadAction","target":["https:\/\/biog-biogas.com\/pl\/serwis\/"]}]},{"@type":"BreadcrumbList","@id":"https:\/\/biog-biogas.com\/pl\/serwis\/#breadcrumb","itemListElement":[{"@type":"ListItem","position":1,"name":"Startseite","item":"https:\/\/biog-biogas.com\/pl\/"},{"@type":"ListItem","position":2,"name":"Serwis"}]},{"@type":"WebSite","@id":"https:\/\/biog-biogas.com\/pl\/#website","url":"https:\/\/biog-biogas.com\/pl\/","name":"BIOG","description":"Solutions for green energy","potentialAction":[{"@type":"SearchAction","target":{"@type":"EntryPoint","urlTemplate":"https:\/\/biog-biogas.com\/pl\/?s={search_term_string}"},"query-input":{"@type":"PropertyValueSpecification","valueRequired":true,"valueName":"search_term_string"}}],"inLanguage":"pl-PL"}]}},"_links":{"self":[{"href":"https:\/\/biog-biogas.com\/pl\/wp-json\/wp\/v2\/pages\/2478","targetHints":{"allow":["GET"]}}],"collection":[{"href":"https:\/\/biog-biogas.com\/pl\/wp-json\/wp\/v2\/pages"}],"about":[{"href":"https:\/\/biog-biogas.com\/pl\/wp-json\/wp\/v2\/types\/page"}],"author":[{"embeddable":true,"href":"https:\/\/biog-biogas.com\/pl\/wp-json\/wp\/v2\/users\/1"}],"replies":[{"embeddable":true,"href":"https:\/\/biog-biogas.com\/pl\/wp-json\/wp\/v2\/comments?post=2478"}],"version-history":[{"count":0,"href":"https:\/\/biog-biogas.com\/pl\/wp-json\/wp\/v2\/pages\/2478\/revisions"}],"wp:attachment":[{"href":"https:\/\/biog-biogas.com\/pl\/wp-json\/wp\/v2\/media?parent=2478"}],"curies":[{"name":"wp","href":"https:\/\/api.w.org\/{rel}","templated":true}]}}