{"id":2529,"date":"2019-02-09T11:43:07","date_gmt":"2019-02-09T10:43:07","guid":{"rendered":"http:\/\/biog.adview.network\/suszarnie\/"},"modified":"2019-07-30T11:47:35","modified_gmt":"2019-07-30T09:47:35","slug":"suszarnie","status":"publish","type":"page","link":"https:\/\/biog-biogas.com\/pl\/suszarnie\/","title":{"rendered":"Suszarnie"},"content":{"rendered":"<div class=\"wpb-content-wrapper\"><p>[vc_row][vc_column]<div id=\"ultimate-heading-933669fb722462fd6\" class=\"uvc-heading ult-adjust-bottom-margin ultimate-heading-933669fb722462fd6 uvc-1703  uvc-heading-default-font-sizes\" data-hspacer=\"no_spacer\"  data-halign=\"left\" style=\"text-align:left\"><div class=\"uvc-heading-spacer no_spacer\" style=\"top\"><\/div><div class=\"uvc-main-heading ult-responsive\"  data-ultimate-target='.uvc-heading.ultimate-heading-933669fb722462fd6 h2'  data-responsive-json-new='{\"font-size\":\"\",\"line-height\":\"\"}' ><h2 style=\"--font-weight:theme;margin-bottom:15px;\">Suszarnie<\/h2><\/div><\/div><div id=\"ultimate-heading-31669fb7224630b3\" class=\"uvc-heading ult-adjust-bottom-margin ultimate-heading-31669fb7224630b3 uvc-9999  uvc-heading-default-font-sizes\" data-hspacer=\"no_spacer\"  data-halign=\"left\" style=\"text-align:left\"><div class=\"uvc-heading-spacer no_spacer\" style=\"top\"><\/div><div class=\"uvc-main-heading ult-responsive\"  data-ultimate-target='.uvc-heading.ultimate-heading-31669fb7224630b3 h1'  data-responsive-json-new='{\"font-size\":\"\",\"line-height\":\"\"}' ><h1 style=\"--font-weight:theme;margin-bottom:15px;\">Koncepcja Walking-Floor dla najwy\u017cszej wydajno\u015bci suszenia sypkiego materia\u0142u.<\/h1><\/div><\/div>[\/vc_column][\/vc_row][vc_row equal_height=&#8221;yes&#8221; content_placement=&#8221;bottom&#8221;][vc_column width=&#8221;3\/4&#8243;][vc_column_text]BioG buduje r\u00f3wnie\u017c suszarnie w oparciu o Walking-Floor i oferuje je w formie rozwi\u0105za\u0144 kontenerowych, jak r\u00f3wnie\u017c produkowanych na wymiar i zintegrowanych system\u00f3w suszarniczych. Uwaga jest przy tym skupiona na mo\u017cliwie najwi\u0119kszym wykorzystaniu ciep\u0142a.<\/p>\n<p>W 2-stopniowym procesie, odbywaj\u0105cym si\u0119 w zasobniku i komorze suszarni, osi\u0105gane jest 100% napowietrzenie i dok\u0142adnie nastawiany stopie\u0144 wysuszenia. Powietrze ogrzane przez wymiennik ciep\u0142a jest przy tym w dwustopniowym procesie prowadzone najpierw przez obszar suszenia ko\u0144cowego i dopiero potem przez obszar zasobnika. Dzia\u0142a on jednocze\u015bnie jako biofiltr i utrzymuje szyn\u0119 suszarnicz\u0105 w stanie wolnym od py\u0142u.<\/p>\n<p>Tego rodzaju systemy idealnie nadaj\u0105 si\u0119 do stosowania w biogazowniach. Ciep\u0142o odpadowe mo\u017ce tu zosta\u0107 idealnie wykorzystane do suszenia materia\u0142\u00f3w, takich jak zbo\u017ce, wi\u00f3ry i inne materia\u0142y sypkie. R\u00f3wnie\u017c instalacje do zgazowania w\u0119gla s\u0105 idealnym miejscem do zastosowania tej innowacyjnej techniki suszenia.[\/vc_column_text][vc_single_image image=&#8221;1178&#8243; img_size=&#8221;medium&#8221; alignment=&#8221;right&#8221; onclick=&#8221;link_image&#8221;][\/vc_column][vc_column width=&#8221;1\/4&#8243;][vc_single_image image=&#8221;1171&#8243; img_size=&#8221;large&#8221; onclick=&#8221;link_image&#8221;][\/vc_column][\/vc_row]<\/p>\n<\/div>","protected":false},"excerpt":{"rendered":"<p>[vc_row][vc_column][\/vc_column][\/vc_row][vc_row equal_height=&#8221;yes&#8221; content_placement=&#8221;bottom&#8221;][vc_column width=&#8221;3\/4&#8243;][vc_column_text]BioG buduje r\u00f3wnie\u017c suszarnie w oparciu o Walking-Floor i oferuje je w formie rozwi\u0105za\u0144 kontenerowych, jak r\u00f3wnie\u017c produkowanych na wymiar i zintegrowanych system\u00f3w suszarniczych. Uwaga jest przy tym skupiona na mo\u017cliwie najwi\u0119kszym wykorzystaniu ciep\u0142a. W 2-stopniowym procesie, odbywaj\u0105cym si\u0119 w zasobniku i komorze suszarni, osi\u0105gane jest 100% napowietrzenie i dok\u0142adnie nastawiany stopie\u0144&hellip;<\/p>\n","protected":false},"author":1,"featured_media":0,"parent":0,"menu_order":0,"comment_status":"closed","ping_status":"open","template":"","meta":{"footnotes":""},"class_list":["post-2529","page","type-page","status-publish","hentry","description-off"],"yoast_head":"<!-- This site is optimized with the Yoast SEO plugin v27.5 - https:\/\/yoast.com\/product\/yoast-seo-wordpress\/ -->\n<title>Suszarnie | BioG \u2022 Solutions for green energy<\/title>\n<meta name=\"description\" content=\"Dzi\u0119ki koncepcji Walking-Floor osi\u0105gniemy dla Pa\u0144stwa najwy\u017csz\u0105 wydajno\u015b\u0107 suszenia materia\u0142\u00f3w sypkich! \u2606 najwi\u0119ksze z mo\u017cliwych wykorzystanie ciep\u0142a\" \/>\n<meta name=\"robots\" content=\"index, follow, max-snippet:-1, max-image-preview:large, max-video-preview:-1\" \/>\n<link rel=\"canonical\" href=\"https:\/\/biog-biogas.com\/pl\/suszarnie\/\" \/>\n<meta property=\"og:locale\" content=\"pl_PL\" \/>\n<meta property=\"og:type\" content=\"article\" \/>\n<meta property=\"og:title\" content=\"Suszarnie | BioG \u2022 Solutions for green energy\" \/>\n<meta property=\"og:description\" content=\"Dzi\u0119ki koncepcji Walking-Floor osi\u0105gniemy dla Pa\u0144stwa najwy\u017csz\u0105 wydajno\u015b\u0107 suszenia materia\u0142\u00f3w sypkich! \u2606 najwi\u0119ksze z mo\u017cliwych wykorzystanie ciep\u0142a\" \/>\n<meta property=\"og:url\" content=\"https:\/\/biog-biogas.com\/pl\/suszarnie\/\" \/>\n<meta property=\"og:site_name\" content=\"BIOG\" \/>\n<meta property=\"article:modified_time\" content=\"2019-07-30T09:47:35+00:00\" \/>\n<meta name=\"twitter:card\" content=\"summary_large_image\" \/>\n<meta name=\"twitter:label1\" content=\"Szacowany czas czytania\" \/>\n\t<meta name=\"twitter:data1\" content=\"1 minuta\" \/>\n<script type=\"application\/ld+json\" class=\"yoast-schema-graph\">{\"@context\":\"https:\\\/\\\/schema.org\",\"@graph\":[{\"@type\":\"WebPage\",\"@id\":\"https:\\\/\\\/biog-biogas.com\\\/pl\\\/suszarnie\\\/\",\"url\":\"https:\\\/\\\/biog-biogas.com\\\/pl\\\/suszarnie\\\/\",\"name\":\"Suszarnie | BioG \u2022 Solutions for green energy\",\"isPartOf\":{\"@id\":\"https:\\\/\\\/biog-biogas.com\\\/pl\\\/#website\"},\"datePublished\":\"2019-02-09T10:43:07+00:00\",\"dateModified\":\"2019-07-30T09:47:35+00:00\",\"description\":\"Dzi\u0119ki koncepcji Walking-Floor osi\u0105gniemy dla Pa\u0144stwa najwy\u017csz\u0105 wydajno\u015b\u0107 suszenia materia\u0142\u00f3w sypkich! \u2606 najwi\u0119ksze z mo\u017cliwych wykorzystanie ciep\u0142a\",\"breadcrumb\":{\"@id\":\"https:\\\/\\\/biog-biogas.com\\\/pl\\\/suszarnie\\\/#breadcrumb\"},\"inLanguage\":\"pl-PL\",\"potentialAction\":[{\"@type\":\"ReadAction\",\"target\":[\"https:\\\/\\\/biog-biogas.com\\\/pl\\\/suszarnie\\\/\"]}]},{\"@type\":\"BreadcrumbList\",\"@id\":\"https:\\\/\\\/biog-biogas.com\\\/pl\\\/suszarnie\\\/#breadcrumb\",\"itemListElement\":[{\"@type\":\"ListItem\",\"position\":1,\"name\":\"Startseite\",\"item\":\"https:\\\/\\\/biog-biogas.com\\\/pl\\\/\"},{\"@type\":\"ListItem\",\"position\":2,\"name\":\"Suszarnie\"}]},{\"@type\":\"WebSite\",\"@id\":\"https:\\\/\\\/biog-biogas.com\\\/pl\\\/#website\",\"url\":\"https:\\\/\\\/biog-biogas.com\\\/pl\\\/\",\"name\":\"BIOG\",\"description\":\"Solutions for green energy\",\"potentialAction\":[{\"@type\":\"SearchAction\",\"target\":{\"@type\":\"EntryPoint\",\"urlTemplate\":\"https:\\\/\\\/biog-biogas.com\\\/pl\\\/?s={search_term_string}\"},\"query-input\":{\"@type\":\"PropertyValueSpecification\",\"valueRequired\":true,\"valueName\":\"search_term_string\"}}],\"inLanguage\":\"pl-PL\"}]}<\/script>\n<!-- \/ Yoast SEO plugin. -->","yoast_head_json":{"title":"Suszarnie | BioG \u2022 Solutions for green energy","description":"Dzi\u0119ki koncepcji Walking-Floor osi\u0105gniemy dla Pa\u0144stwa najwy\u017csz\u0105 wydajno\u015b\u0107 suszenia materia\u0142\u00f3w sypkich! \u2606 najwi\u0119ksze z mo\u017cliwych wykorzystanie ciep\u0142a","robots":{"index":"index","follow":"follow","max-snippet":"max-snippet:-1","max-image-preview":"max-image-preview:large","max-video-preview":"max-video-preview:-1"},"canonical":"https:\/\/biog-biogas.com\/pl\/suszarnie\/","og_locale":"pl_PL","og_type":"article","og_title":"Suszarnie | BioG \u2022 Solutions for green energy","og_description":"Dzi\u0119ki koncepcji Walking-Floor osi\u0105gniemy dla Pa\u0144stwa najwy\u017csz\u0105 wydajno\u015b\u0107 suszenia materia\u0142\u00f3w sypkich! \u2606 najwi\u0119ksze z mo\u017cliwych wykorzystanie ciep\u0142a","og_url":"https:\/\/biog-biogas.com\/pl\/suszarnie\/","og_site_name":"BIOG","article_modified_time":"2019-07-30T09:47:35+00:00","twitter_card":"summary_large_image","twitter_misc":{"Szacowany czas czytania":"1 minuta"},"schema":{"@context":"https:\/\/schema.org","@graph":[{"@type":"WebPage","@id":"https:\/\/biog-biogas.com\/pl\/suszarnie\/","url":"https:\/\/biog-biogas.com\/pl\/suszarnie\/","name":"Suszarnie | BioG \u2022 Solutions for green energy","isPartOf":{"@id":"https:\/\/biog-biogas.com\/pl\/#website"},"datePublished":"2019-02-09T10:43:07+00:00","dateModified":"2019-07-30T09:47:35+00:00","description":"Dzi\u0119ki koncepcji Walking-Floor osi\u0105gniemy dla Pa\u0144stwa najwy\u017csz\u0105 wydajno\u015b\u0107 suszenia materia\u0142\u00f3w sypkich! \u2606 najwi\u0119ksze z mo\u017cliwych wykorzystanie ciep\u0142a","breadcrumb":{"@id":"https:\/\/biog-biogas.com\/pl\/suszarnie\/#breadcrumb"},"inLanguage":"pl-PL","potentialAction":[{"@type":"ReadAction","target":["https:\/\/biog-biogas.com\/pl\/suszarnie\/"]}]},{"@type":"BreadcrumbList","@id":"https:\/\/biog-biogas.com\/pl\/suszarnie\/#breadcrumb","itemListElement":[{"@type":"ListItem","position":1,"name":"Startseite","item":"https:\/\/biog-biogas.com\/pl\/"},{"@type":"ListItem","position":2,"name":"Suszarnie"}]},{"@type":"WebSite","@id":"https:\/\/biog-biogas.com\/pl\/#website","url":"https:\/\/biog-biogas.com\/pl\/","name":"BIOG","description":"Solutions for green energy","potentialAction":[{"@type":"SearchAction","target":{"@type":"EntryPoint","urlTemplate":"https:\/\/biog-biogas.com\/pl\/?s={search_term_string}"},"query-input":{"@type":"PropertyValueSpecification","valueRequired":true,"valueName":"search_term_string"}}],"inLanguage":"pl-PL"}]}},"_links":{"self":[{"href":"https:\/\/biog-biogas.com\/pl\/wp-json\/wp\/v2\/pages\/2529","targetHints":{"allow":["GET"]}}],"collection":[{"href":"https:\/\/biog-biogas.com\/pl\/wp-json\/wp\/v2\/pages"}],"about":[{"href":"https:\/\/biog-biogas.com\/pl\/wp-json\/wp\/v2\/types\/page"}],"author":[{"embeddable":true,"href":"https:\/\/biog-biogas.com\/pl\/wp-json\/wp\/v2\/users\/1"}],"replies":[{"embeddable":true,"href":"https:\/\/biog-biogas.com\/pl\/wp-json\/wp\/v2\/comments?post=2529"}],"version-history":[{"count":0,"href":"https:\/\/biog-biogas.com\/pl\/wp-json\/wp\/v2\/pages\/2529\/revisions"}],"wp:attachment":[{"href":"https:\/\/biog-biogas.com\/pl\/wp-json\/wp\/v2\/media?parent=2529"}],"curies":[{"name":"wp","href":"https:\/\/api.w.org\/{rel}","templated":true}]}}