{"id":2711,"date":"2019-02-09T14:39:04","date_gmt":"2019-02-09T13:39:04","guid":{"rendered":"http:\/\/biog.adview.network\/newsletter\/"},"modified":"2019-05-02T07:24:06","modified_gmt":"2019-05-02T05:24:06","slug":"newsletter","status":"publish","type":"page","link":"https:\/\/biog-biogas.com\/pl\/newsletter\/","title":{"rendered":"Newsletter"},"content":{"rendered":"<div class=\"wpb-content-wrapper\"><p>[vc_row css=&#8221;.vc_custom_1542878111524{margin-bottom: 70px !important;border-bottom-width: 1px !important;padding-top: 70px !important;padding-bottom: 70px !important;border-bottom-color: rgba(11,161,75,0.7) !important;border-bottom-style: dashed !important;}&#8221;][vc_column width=&#8221;2\/3&#8243; css=&#8221;.vc_custom_1542877394539{padding-top: 0px !important;}&#8221;][vc_column_text css=&#8221;.vc_custom_1551079754117{margin-bottom: 0px !important;}&#8221;][\/vc_column_text][\/vc_column][vc_column width=&#8221;1\/3&#8243; offset=&#8221;vc_hidden-xs&#8221;]<div class=\"ult-just-icon-wrapper  \"><div class=\"align-icon\" style=\"text-align:center;\">\n<div class=\"aio-icon none \"  style=\"color:#cfcfcf;font-size:350px;display:inline-block;\">\n\t<i class=\"Defaults-envelope-o\"><\/i>\n<\/div><\/div><\/div>[\/vc_column][\/vc_row][vc_row gap=&#8221;35&#8243;][vc_column width=&#8221;1\/2&#8243;]<div class=\"aio-icon-component    style_1\"><div id=\"Info-box-wrap-4189\" class=\"aio-icon-box left-icon\" style=\"\"  ><div class=\"aio-icon-left\"><div class=\"ult-just-icon-wrapper  \"><div class=\"align-icon\" style=\"text-align:center;\">\n<div class=\"aio-icon none \"  style=\"color:#333;font-size:32px;display:inline-block;\">\n\t<i class=\"Defaults-file-text-o\"><\/i>\n<\/div><\/div><\/div><\/div><div class=\"aio-ibd-block\"><div class=\"aio-icon-header\" ><h3 class=\"aio-icon-title ult-responsive\"  data-ultimate-target='#Info-box-wrap-4189 .aio-icon-title'  data-responsive-json-new='{\"font-size\":\"\",\"line-height\":\"\"}'  style=\"\">Z jakimi tre\u015bciami mog\u0119 si\u0119 liczy\u0107?<\/h3><\/div> <!-- header --><div class=\"aio-icon-description ult-responsive\"  data-ultimate-target='#Info-box-wrap-4189 .aio-icon-description'  data-responsive-json-new='{\"font-size\":\"\",\"line-height\":\"\"}'  style=\"\">W naszym newsletterze informujemy Pa\u0144stwa o r\u00f3\u017cnych sprawach dotycz\u0105cych pozyskiwania energii z materia\u0142\u00f3w odpadowych, takich jak s\u0142oma i obornik, nowo\u015bciach z BIOG i aktualnych terminach targ\u00f3w.<\/div> <!-- description --><\/div> <!-- aio-ibd-block --><\/div> <!-- aio-icon-box --><\/div> <!-- aio-icon-component -->[\/vc_column][vc_column width=&#8221;1\/2&#8243;]<div class=\"aio-icon-component    style_1\"><div id=\"Info-box-wrap-1837\" class=\"aio-icon-box left-icon\" style=\"\"  ><div class=\"aio-icon-left\"><div class=\"ult-just-icon-wrapper  \"><div class=\"align-icon\" style=\"text-align:center;\">\n<div class=\"aio-icon none \"  style=\"color:#333;font-size:32px;display:inline-block;\">\n\t<i class=\"Defaults-compress\"><\/i>\n<\/div><\/div><\/div><\/div><div class=\"aio-ibd-block\"><div class=\"aio-icon-header\" ><h3 class=\"aio-icon-title ult-responsive\"  data-ultimate-target='#Info-box-wrap-1837 .aio-icon-title'  data-responsive-json-new='{\"font-size\":\"\",\"line-height\":\"\"}'  style=\"\">Double-Opt-In i Opt-Out<\/h3><\/div> <!-- header --><div class=\"aio-icon-description ult-responsive\"  data-ultimate-target='#Info-box-wrap-1837 .aio-icon-description'  data-responsive-json-new='{\"font-size\":\"\",\"line-height\":\"\"}'  style=\"\">Otrzymaj\u0105 Pa\u0144stwo tak zwany Double-Opt-In-E-Mail, w kt\u00f3rym zostan\u0105 Pa\u0144stwo poproszeni o potwierdzenie zg\u0142oszenia. Mog\u0105 Pa\u0144stwo w ka\u017cdej chwili odm\u00f3wi\u0107 otrzymywania newslettera (Opt-Out). Link do wypisania znajd\u0105 Pa\u0144stwo w ka\u017cdym newsletterze.<\/div> <!-- description --><\/div> <!-- aio-ibd-block --><\/div> <!-- aio-icon-box --><\/div> <!-- aio-icon-component -->[\/vc_column][\/vc_row][vc_row gap=&#8221;35&#8243;][vc_column width=&#8221;1\/2&#8243;]<div class=\"aio-icon-component    style_1\"><div id=\"Info-box-wrap-4644\" class=\"aio-icon-box left-icon\" style=\"\"  ><div class=\"aio-icon-left\"><div class=\"ult-just-icon-wrapper  \"><div class=\"align-icon\" style=\"text-align:center;\">\n<div class=\"aio-icon none \"  style=\"color:#333;font-size:32px;display:inline-block;\">\n\t<i class=\"Defaults-calendar\"><\/i>\n<\/div><\/div><\/div><\/div><div class=\"aio-ibd-block\"><div class=\"aio-icon-header\" ><h3 class=\"aio-icon-title ult-responsive\"  data-ultimate-target='#Info-box-wrap-4644 .aio-icon-title'  data-responsive-json-new='{\"font-size\":\"\",\"line-height\":\"\"}'  style=\"\">Jak cz\u0119sto s\u0105 wysy\u0142ane nasze newslettery?<\/h3><\/div> <!-- header --><div class=\"aio-icon-description ult-responsive\"  data-ultimate-target='#Info-box-wrap-4644 .aio-icon-description'  data-responsive-json-new='{\"font-size\":\"\",\"line-height\":\"\"}'  style=\"\">Nasz newsletter otrzymuj\u0105 Pa\u0144stwo ok. 4-8 razy w roku.<\/div> <!-- description --><\/div> <!-- aio-ibd-block --><\/div> <!-- aio-icon-box --><\/div> <!-- aio-icon-component -->[\/vc_column][vc_column width=&#8221;1\/2&#8243;]<div class=\"aio-icon-component    style_1\"><div id=\"Info-box-wrap-3154\" class=\"aio-icon-box left-icon\" style=\"\"  ><div class=\"aio-icon-left\"><div class=\"ult-just-icon-wrapper  \"><div class=\"align-icon\" style=\"text-align:center;\">\n<div class=\"aio-icon none \"  style=\"color:#333;font-size:32px;display:inline-block;\">\n\t<i class=\"Defaults-line-chart\"><\/i>\n<\/div><\/div><\/div><\/div><div class=\"aio-ibd-block\"><div class=\"aio-icon-header\" ><h3 class=\"aio-icon-title ult-responsive\"  data-ultimate-target='#Info-box-wrap-3154 .aio-icon-title'  data-responsive-json-new='{\"font-size\":\"\",\"line-height\":\"\"}'  style=\"\">Statystyki i pomiar skuteczno\u015bci<\/h3><\/div> <!-- header --><div class=\"aio-icon-description ult-responsive\"  data-ultimate-target='#Info-box-wrap-3154 .aio-icon-description'  data-responsive-json-new='{\"font-size\":\"\",\"line-height\":\"\"}'  style=\"\">Aby optymalizowa\u0107 i ci\u0105gle ulepsza\u0107 newsletter dla Pa\u0144stwa, analizujemy liczb\u0119 otwar\u0107 i linki, kt\u00f3re klikaj\u0105 czytelnicy.<\/div> <!-- description --><\/div> <!-- aio-ibd-block --><\/div> <!-- aio-icon-box --><\/div> <!-- aio-icon-component -->[\/vc_column][\/vc_row][vc_row gap=&#8221;35&#8243;][vc_column width=&#8221;1\/2&#8243;]<div class=\"aio-icon-component    style_1\"><div id=\"Info-box-wrap-5430\" class=\"aio-icon-box left-icon\" style=\"\"  ><div class=\"aio-icon-left\"><div class=\"ult-just-icon-wrapper  \"><div class=\"align-icon\" style=\"text-align:center;\">\n<div class=\"aio-icon none \"  style=\"color:#333;font-size:32px;display:inline-block;\">\n\t<i class=\"Defaults-envelope-o\"><\/i>\n<\/div><\/div><\/div><\/div><div class=\"aio-ibd-block\"><div class=\"aio-icon-header\" ><h3 class=\"aio-icon-title ult-responsive\"  data-ultimate-target='#Info-box-wrap-5430 .aio-icon-title'  data-responsive-json-new='{\"font-size\":\"\",\"line-height\":\"\"}'  style=\"\">Zastosowanie MailChimp<\/h3><\/div> <!-- header --><div class=\"aio-icon-description ult-responsive\"  data-ultimate-target='#Info-box-wrap-5430 .aio-icon-description'  data-responsive-json-new='{\"font-size\":\"\",\"line-height\":\"\"}'  style=\"\">Wysy\u0142ka newslettera odbywa si\u0119 przy u\u017cyciu <strong>MailChimp<\/strong>, za pomoc\u0105 kt\u00f3rego s\u0105 r\u00f3wnie\u017c zapisywane adresy mailowe i inne informacje dotycz\u0105ce wysy\u0142ki i analizy newslettera.<\/div> <!-- description --><\/div> <!-- aio-ibd-block --><\/div> <!-- aio-icon-box --><\/div> <!-- aio-icon-component -->[\/vc_column][vc_column width=&#8221;1\/2&#8243;]<div class=\"aio-icon-component    style_1\"><div id=\"Info-box-wrap-5460\" class=\"aio-icon-box left-icon\" style=\"\"  ><div class=\"aio-icon-left\"><div class=\"ult-just-icon-wrapper  \"><div class=\"align-icon\" style=\"text-align:center;\">\n<div class=\"aio-icon none \"  style=\"color:#333;font-size:32px;display:inline-block;\">\n\t<i class=\"Defaults-lock\"><\/i>\n<\/div><\/div><\/div><\/div><div class=\"aio-ibd-block\"><div class=\"aio-icon-header\" ><h3 class=\"aio-icon-title ult-responsive\"  data-ultimate-target='#Info-box-wrap-5460 .aio-icon-title'  data-responsive-json-new='{\"font-size\":\"\",\"line-height\":\"\"}'  style=\"\">Informacje o ochronie danych<\/h3><\/div> <!-- header --><div class=\"aio-icon-description ult-responsive\"  data-ultimate-target='#Info-box-wrap-5460 .aio-icon-description'  data-responsive-json-new='{\"font-size\":\"\",\"line-height\":\"\"}'  style=\"\">Ausf\u00fchrliche Informationen zum Versandverfahren und den Statistiken sowie zu den Widerrufsm\u00f6glichkeiten finden Sie in unserer <a href=\"https:\/\/biog-biogas.com\/datenschutzerklaerung\/\">Datenschutzerkl\u00e4rung<\/a>.<\/div> <!-- description --><\/div> <!-- aio-ibd-block --><\/div> <!-- aio-icon-box --><\/div> <!-- aio-icon-component -->[\/vc_column][\/vc_row]<\/p>\n<\/div>","protected":false},"excerpt":{"rendered":"<p>[vc_row css=&#8221;.vc_custom_1542878111524{margin-bottom: 70px !important;border-bottom-width: 1px !important;padding-top: 70px !important;padding-bottom: 70px !important;border-bottom-color: rgba(11,161,75,0.7) !important;border-bottom-style: dashed !important;}&#8221;][vc_column width=&#8221;2\/3&#8243; css=&#8221;.vc_custom_1542877394539{padding-top: 0px !important;}&#8221;][vc_column_text css=&#8221;.vc_custom_1551079754117{margin-bottom: 0px !important;}&#8221;][\/vc_column_text][\/vc_column][vc_column width=&#8221;1\/3&#8243; offset=&#8221;vc_hidden-xs&#8221;][\/vc_column][\/vc_row][vc_row gap=&#8221;35&#8243;][vc_column width=&#8221;1\/2&#8243;][\/vc_column][vc_column width=&#8221;1\/2&#8243;][\/vc_column][\/vc_row][vc_row gap=&#8221;35&#8243;][vc_column width=&#8221;1\/2&#8243;][\/vc_column][vc_column width=&#8221;1\/2&#8243;][\/vc_column][\/vc_row][vc_row gap=&#8221;35&#8243;][vc_column width=&#8221;1\/2&#8243;][\/vc_column][vc_column width=&#8221;1\/2&#8243;][\/vc_column][\/vc_row]<\/p>\n","protected":false},"author":1,"featured_media":0,"parent":0,"menu_order":0,"comment_status":"closed","ping_status":"open","template":"","meta":{"footnotes":""},"class_list":["post-2711","page","type-page","status-publish","hentry","description-off"],"yoast_head":"<!-- This site is optimized with the Yoast SEO plugin v27.4 - https:\/\/yoast.com\/product\/yoast-seo-wordpress\/ -->\n<title>Zg\u0142oszenie do newslettera | BIOG \u2022 Solutions for green energy<\/title>\n<meta name=\"description\" content=\"Otrzymujcie Pa\u0144stwo informacje na tematy dotycz\u0105ce wszystkiego, co zwi\u0105zane z pozyskiwaniem energii z materia\u0142\u00f3w odpadowych, takich jak s\u0142oma i obornik, nowo\u015bciach z BIOG i aktualnych terminach targ\u00f3w.\" \/>\n<meta name=\"robots\" content=\"index, follow, max-snippet:-1, max-image-preview:large, max-video-preview:-1\" \/>\n<link rel=\"canonical\" href=\"https:\/\/biog-biogas.com\/pl\/newsletter\/\" \/>\n<meta property=\"og:locale\" content=\"pl_PL\" \/>\n<meta property=\"og:type\" content=\"article\" \/>\n<meta property=\"og:title\" content=\"Zg\u0142oszenie do newslettera | BIOG \u2022 Solutions for green energy\" \/>\n<meta property=\"og:description\" content=\"Otrzymujcie Pa\u0144stwo informacje na tematy dotycz\u0105ce wszystkiego, co zwi\u0105zane z pozyskiwaniem energii z materia\u0142\u00f3w odpadowych, takich jak s\u0142oma i obornik, nowo\u015bciach z BIOG i aktualnych terminach targ\u00f3w.\" \/>\n<meta property=\"og:url\" content=\"https:\/\/biog-biogas.com\/pl\/newsletter\/\" \/>\n<meta property=\"og:site_name\" content=\"BIOG\" \/>\n<meta property=\"article:modified_time\" content=\"2019-05-02T05:24:06+00:00\" \/>\n<meta name=\"twitter:card\" content=\"summary_large_image\" \/>\n<meta name=\"twitter:label1\" content=\"Szacowany czas czytania\" \/>\n\t<meta name=\"twitter:data1\" content=\"2 minuty\" \/>\n<script type=\"application\/ld+json\" class=\"yoast-schema-graph\">{\"@context\":\"https:\\\/\\\/schema.org\",\"@graph\":[{\"@type\":\"WebPage\",\"@id\":\"https:\\\/\\\/biog-biogas.com\\\/pl\\\/newsletter\\\/\",\"url\":\"https:\\\/\\\/biog-biogas.com\\\/pl\\\/newsletter\\\/\",\"name\":\"Zg\u0142oszenie do newslettera | BIOG \u2022 Solutions for green energy\",\"isPartOf\":{\"@id\":\"https:\\\/\\\/biog-biogas.com\\\/pl\\\/#website\"},\"datePublished\":\"2019-02-09T13:39:04+00:00\",\"dateModified\":\"2019-05-02T05:24:06+00:00\",\"description\":\"Otrzymujcie Pa\u0144stwo informacje na tematy dotycz\u0105ce wszystkiego, co zwi\u0105zane z pozyskiwaniem energii z materia\u0142\u00f3w odpadowych, takich jak s\u0142oma i obornik, nowo\u015bciach z BIOG i aktualnych terminach targ\u00f3w.\",\"breadcrumb\":{\"@id\":\"https:\\\/\\\/biog-biogas.com\\\/pl\\\/newsletter\\\/#breadcrumb\"},\"inLanguage\":\"pl-PL\",\"potentialAction\":[{\"@type\":\"ReadAction\",\"target\":[\"https:\\\/\\\/biog-biogas.com\\\/pl\\\/newsletter\\\/\"]}]},{\"@type\":\"BreadcrumbList\",\"@id\":\"https:\\\/\\\/biog-biogas.com\\\/pl\\\/newsletter\\\/#breadcrumb\",\"itemListElement\":[{\"@type\":\"ListItem\",\"position\":1,\"name\":\"Startseite\",\"item\":\"https:\\\/\\\/biog-biogas.com\\\/pl\\\/\"},{\"@type\":\"ListItem\",\"position\":2,\"name\":\"Newsletter\"}]},{\"@type\":\"WebSite\",\"@id\":\"https:\\\/\\\/biog-biogas.com\\\/pl\\\/#website\",\"url\":\"https:\\\/\\\/biog-biogas.com\\\/pl\\\/\",\"name\":\"BIOG\",\"description\":\"Solutions for green energy\",\"potentialAction\":[{\"@type\":\"SearchAction\",\"target\":{\"@type\":\"EntryPoint\",\"urlTemplate\":\"https:\\\/\\\/biog-biogas.com\\\/pl\\\/?s={search_term_string}\"},\"query-input\":{\"@type\":\"PropertyValueSpecification\",\"valueRequired\":true,\"valueName\":\"search_term_string\"}}],\"inLanguage\":\"pl-PL\"}]}<\/script>\n<!-- \/ Yoast SEO plugin. -->","yoast_head_json":{"title":"Zg\u0142oszenie do newslettera | BIOG \u2022 Solutions for green energy","description":"Otrzymujcie Pa\u0144stwo informacje na tematy dotycz\u0105ce wszystkiego, co zwi\u0105zane z pozyskiwaniem energii z materia\u0142\u00f3w odpadowych, takich jak s\u0142oma i obornik, nowo\u015bciach z BIOG i aktualnych terminach targ\u00f3w.","robots":{"index":"index","follow":"follow","max-snippet":"max-snippet:-1","max-image-preview":"max-image-preview:large","max-video-preview":"max-video-preview:-1"},"canonical":"https:\/\/biog-biogas.com\/pl\/newsletter\/","og_locale":"pl_PL","og_type":"article","og_title":"Zg\u0142oszenie do newslettera | BIOG \u2022 Solutions for green energy","og_description":"Otrzymujcie Pa\u0144stwo informacje na tematy dotycz\u0105ce wszystkiego, co zwi\u0105zane z pozyskiwaniem energii z materia\u0142\u00f3w odpadowych, takich jak s\u0142oma i obornik, nowo\u015bciach z BIOG i aktualnych terminach targ\u00f3w.","og_url":"https:\/\/biog-biogas.com\/pl\/newsletter\/","og_site_name":"BIOG","article_modified_time":"2019-05-02T05:24:06+00:00","twitter_card":"summary_large_image","twitter_misc":{"Szacowany czas czytania":"2 minuty"},"schema":{"@context":"https:\/\/schema.org","@graph":[{"@type":"WebPage","@id":"https:\/\/biog-biogas.com\/pl\/newsletter\/","url":"https:\/\/biog-biogas.com\/pl\/newsletter\/","name":"Zg\u0142oszenie do newslettera | BIOG \u2022 Solutions for green energy","isPartOf":{"@id":"https:\/\/biog-biogas.com\/pl\/#website"},"datePublished":"2019-02-09T13:39:04+00:00","dateModified":"2019-05-02T05:24:06+00:00","description":"Otrzymujcie Pa\u0144stwo informacje na tematy dotycz\u0105ce wszystkiego, co zwi\u0105zane z pozyskiwaniem energii z materia\u0142\u00f3w odpadowych, takich jak s\u0142oma i obornik, nowo\u015bciach z BIOG i aktualnych terminach targ\u00f3w.","breadcrumb":{"@id":"https:\/\/biog-biogas.com\/pl\/newsletter\/#breadcrumb"},"inLanguage":"pl-PL","potentialAction":[{"@type":"ReadAction","target":["https:\/\/biog-biogas.com\/pl\/newsletter\/"]}]},{"@type":"BreadcrumbList","@id":"https:\/\/biog-biogas.com\/pl\/newsletter\/#breadcrumb","itemListElement":[{"@type":"ListItem","position":1,"name":"Startseite","item":"https:\/\/biog-biogas.com\/pl\/"},{"@type":"ListItem","position":2,"name":"Newsletter"}]},{"@type":"WebSite","@id":"https:\/\/biog-biogas.com\/pl\/#website","url":"https:\/\/biog-biogas.com\/pl\/","name":"BIOG","description":"Solutions for green energy","potentialAction":[{"@type":"SearchAction","target":{"@type":"EntryPoint","urlTemplate":"https:\/\/biog-biogas.com\/pl\/?s={search_term_string}"},"query-input":{"@type":"PropertyValueSpecification","valueRequired":true,"valueName":"search_term_string"}}],"inLanguage":"pl-PL"}]}},"_links":{"self":[{"href":"https:\/\/biog-biogas.com\/pl\/wp-json\/wp\/v2\/pages\/2711","targetHints":{"allow":["GET"]}}],"collection":[{"href":"https:\/\/biog-biogas.com\/pl\/wp-json\/wp\/v2\/pages"}],"about":[{"href":"https:\/\/biog-biogas.com\/pl\/wp-json\/wp\/v2\/types\/page"}],"author":[{"embeddable":true,"href":"https:\/\/biog-biogas.com\/pl\/wp-json\/wp\/v2\/users\/1"}],"replies":[{"embeddable":true,"href":"https:\/\/biog-biogas.com\/pl\/wp-json\/wp\/v2\/comments?post=2711"}],"version-history":[{"count":0,"href":"https:\/\/biog-biogas.com\/pl\/wp-json\/wp\/v2\/pages\/2711\/revisions"}],"wp:attachment":[{"href":"https:\/\/biog-biogas.com\/pl\/wp-json\/wp\/v2\/media?parent=2711"}],"curies":[{"name":"wp","href":"https:\/\/api.w.org\/{rel}","templated":true}]}}