{"id":283826,"date":"2022-01-31T13:19:12","date_gmt":"2022-01-31T12:19:12","guid":{"rendered":"https:\/\/biog-biogas.com\/fluessig-mischsystem-biomerge\/"},"modified":"2026-03-02T09:13:18","modified_gmt":"2026-03-02T08:13:18","slug":"fluessig-mischsystem-biomerge","status":"publish","type":"page","link":"https:\/\/biog-biogas.com\/pl\/fluessig-mischsystem-biomerge\/","title":{"rendered":"System mieszania cieczy \u2013 BioMerge"},"content":{"rendered":"<div class=\"wpb-content-wrapper\"><p>[vc_row][vc_column]<div id=\"ultimate-heading-445469f3c4ad2d1fe\" class=\"uvc-heading ult-adjust-bottom-margin ultimate-heading-445469f3c4ad2d1fe uvc-3517  uvc-heading-default-font-sizes\" data-hspacer=\"no_spacer\"  data-halign=\"left\" style=\"text-align:left\"><div class=\"uvc-heading-spacer no_spacer\" style=\"top\"><\/div><div class=\"uvc-main-heading ult-responsive\"  data-ultimate-target='.uvc-heading.ultimate-heading-445469f3c4ad2d1fe h2'  data-responsive-json-new='{\"font-size\":\"\",\"line-height\":\"\"}' ><h2 style=\"--font-weight:theme;margin-bottom:15px;\">BioMerge \u2013 inteligentny system mieszania z separatorem cia\u0142 obcych<\/h2><\/div><\/div><div id=\"ultimate-heading-341469f3c4ad2d313\" class=\"uvc-heading ult-adjust-bottom-margin ultimate-heading-341469f3c4ad2d313 uvc-3933  uvc-heading-default-font-sizes\" data-hspacer=\"no_spacer\"  data-halign=\"left\" style=\"text-align:left\"><div class=\"uvc-heading-spacer no_spacer\" style=\"top\"><\/div><div class=\"uvc-main-heading ult-responsive\"  data-ultimate-target='.uvc-heading.ultimate-heading-341469f3c4ad2d313 h1'  data-responsive-json-new='{\"font-size\":\"\",\"line-height\":\"\"}' ><h1 style=\"--font-weight:theme;margin-bottom:15px;\">Maksymalna wydajno\u015b\u0107, idealne mieszanie, czyste oddzielanie<\/h1><\/div><\/div>[vc_empty_space][\/vc_column][\/vc_row][vc_row][vc_column width=&#8221;2\/3&#8243;][vc_column_text css=&#8221;&#8221;]<strong>Wydajny system mieszania \u2013 r\u00f3wnie\u017c dla lekkich materia\u0142\u00f3w, takich jak s\u0142oma.<\/strong><\/p>\n<p>Nasz system BioMerge uzupe\u0142nia sprawdzony kompletny system BioCrusher o skuteczne mieszanie substancji sta\u0142ych z separacj\u0105 cia\u0142 obcych. Jest idealny do wysokich przepustowo\u015bci \u2013 nawet przy lekkich materia\u0142ach, takich jak s\u0142oma.<\/p>\n<p>Materia\u0142 jest mieszany z ciecz\u0105 z fermentora za pomoc\u0105 sko\u015bnej \u015bruby mieszaj\u0105cej (\u015brednica 700 mm, obj\u0119to\u015b\u0107 1200 litr\u00f3w). Specjalne \u0142opatki mieszaj\u0105ce zapewniaj\u0105 szybkie i r\u00f3wnomierne wymieszanie \u2013 powietrze jest niezawodnie wypierane z materia\u0142u.<\/p>\n<p>Zintegrowany separator cia\u0142 obcych automatycznie usuwa ci\u0119\u017ckie przedmioty, takie jak kamienie czy elementy metalowe \u2013 do pojemnika zbiorczego lub opcjonalnie na ta\u015bm\u0119 transportuj\u0105c\u0105.[\/vc_column_text][vc_empty_space][\/vc_column][vc_column width=&#8221;1\/3&#8243;][vc_single_image image=&#8221;285398&#8243; img_size=&#8221;large&#8221; css=&#8221;&#8221;][\/vc_column][\/vc_row][vc_row][vc_column width=&#8221;1\/3&#8243;][vc_single_image image=&#8221;283786&#8243; img_size=&#8221;full&#8221; css=&#8221;&#8221;][\/vc_column][vc_column width=&#8221;2\/3&#8243;]<div class=\"standard-arrow list-divider bullet-top\"><ul>\n<li>Zastosowanie do wszystkich materia\u0142\u00f3w organicznych przeznaczonych dla biogazowni, w tym wszystkich resztek polowych, s\u0142omy, obornika i odpad\u00f3w organicznych.<\/li>\n<li>Podw\u00f3jna wydajno\u015b\u0107 transportu w por\u00f3wnaniu z tradycyjnymi systemami podawania cieczy.<\/li>\n<li>Efektywny, automatyczny separator ci\u0119\u017ckich frakcji.<\/li>\n<li>Wypieranie powietrza z materia\u0142u.<\/li>\n<li>Intensywne mieszanie dla maksymalnego wykorzystania procesu fermentacji.<\/li>\n<li>Redukcja rozwarstwiania si\u0119 w fermentorze.<\/li>\n<li>Kompatybilny ze wszystkimi istniej\u0105cymi systemami instalacyjnymi.<\/li>\n<li>Kompatybilny ze wszystkimi systemami pomp.<\/li>\n<\/ul>\n<\/div>[vc_empty_space][\/vc_column][\/vc_row][vc_row][vc_column width=&#8221;2\/3&#8243;]<div id=\"ultimate-heading-780469f3c4ad2d4b5\" class=\"uvc-heading ult-adjust-bottom-margin ultimate-heading-780469f3c4ad2d4b5 uvc-5583  uvc-heading-default-font-sizes\" data-hspacer=\"no_spacer\"  data-halign=\"left\" style=\"text-align:left\"><div class=\"uvc-heading-spacer no_spacer\" style=\"top\"><\/div><div class=\"uvc-main-heading ult-responsive\"  data-ultimate-target='.uvc-heading.ultimate-heading-780469f3c4ad2d4b5 h3'  data-responsive-json-new='{\"font-size\":\"\",\"line-height\":\"\"}' ><h3 style=\"--font-weight:theme;\">BioMerge Separacja cia\u0142 obcych<\/h3><\/div><\/div>[vc_empty_space][vc_column_text css=&#8221;&#8221;]<strong>Czyste rozwi\u0105zanie \u2013 bezpo\u015brednio w procesie mieszania<\/strong><\/p>\n<p>Separator cia\u0142 obcych BioMerge to zintegrowane rozszerzenie systemu BioMerge, kt\u00f3re zapewnia niezawodne usuwanie zanieczyszcze\u0144 ju\u017c podczas mieszania. Niezale\u017cnie od tego, czy s\u0105 to kamienie, elementy metalowe czy inne sta\u0142e cia\u0142a obce \u2013 system chroni Twoj\u0105 technik\u0119, zwi\u0119ksza bezpiecze\u0144stwo pracy i redukuje koszty konserwacji.[\/vc_column_text][vc_column_text css=&#8221;&#8221;]<\/p>\n<p><strong>Efektywna separacja \u2013 bezpo\u015brednio w miejscu dzia\u0142ania<\/strong><\/p>\n<p>Dzi\u0119ki bezpo\u015bredniej integracji ze sko\u015bn\u0105 \u015brub\u0105 mieszaj\u0105c\u0105 cia\u0142a obce s\u0105 wykrywane i usuwane ju\u017c podczas podawania materia\u0142u. Szczeg\u00f3lnie praktyczne: ci\u0119\u017ckie elementy, takie jak kamienie czy metal, trafiaj\u0105 automatycznie do pojemnika zbiorczego lub opcjonalnie s\u0105 transportowane automatycznie do pojemnika na odpady.[\/vc_column_text]<div class=\"standard-arrow list-divider bullet-top\"><p><strong>Twoje korzy\u015bci z separacji BioMerge<\/strong><\/p>\n<ul>\n<li><strong>Zintegrowana z systemem mieszania BioMerge<\/strong><br \/>\nNie wymaga dodatkowej przestrzeni \u2013 idealne po\u0142\u0105czenie mieszania i separacji.<\/li>\n<li><strong>Niezawodne usuwanie cia\u0142 obcych<\/strong><br \/>\nSkuteczna r\u00f3wnie\u017c przy lekkich substratach, takich jak s\u0142oma czy kiszonka z trawy.<\/li>\n<li><strong>Mniejsze zu\u017cycie \u2013 d\u0142u\u017csza \u017cywotno\u015b\u0107<\/strong><br \/>\nOchrona rozdrabniaczy, pomp i fermentor\u00f3w.<\/li>\n<li><strong>Niska konserwacja i mo\u017cliwo\u015b\u0107 automatyzacji<\/strong><br \/>\nOpcjonalne automatyczne opr\u00f3\u017cnianie oszcz\u0119dza czas i redukuje zapotrzebowanie na personel.<\/li>\n<li><strong>Idealne do wysokich wydajno\u015bci podawania<\/strong><br \/>\nWydajno\u015b\u0107 pozostaje wysoka nawet przy du\u017cych ilo\u015bciach materia\u0142u.<\/li>\n<\/ul>\n<\/div>[vc_empty_space height=&#8221;64px&#8221;][\/vc_column][vc_column width=&#8221;1\/3&#8243;][vc_empty_space][vc_single_image image=&#8221;283762&#8243; img_size=&#8221;large&#8221; css=&#8221;&#8221;][\/vc_column][\/vc_row][vc_row][vc_column width=&#8221;1\/4&#8243;]<div id=\"ultimate-heading-746769f3c4ad2d624\" class=\"uvc-heading ult-adjust-bottom-margin ultimate-heading-746769f3c4ad2d624 uvc-2735  uvc-heading-default-font-sizes\" data-hspacer=\"no_spacer\"  data-halign=\"left\" style=\"text-align:left\"><div class=\"uvc-heading-spacer no_spacer\" style=\"top\"><\/div><div class=\"uvc-main-heading ult-responsive\"  data-ultimate-target='.uvc-heading.ultimate-heading-746769f3c4ad2d624 h3'  data-responsive-json-new='{\"font-size\":\"\",\"line-height\":\"\"}' ><h3 style=\"--font-weight:theme;margin-bottom:15px;\">Wizualizacja urz\u0105dzenia BioFeeder<\/h3><\/div><\/div>[vc_column_text css=&#8221;&#8221;]Ten przegl\u0105d pokazuje aktualny stan pracy systemu. Wszystkie kluczowe komponenty, takie jak hydraulika, \u015blimaki, rozdrabniacz, BioMerge oraz pompy, s\u0105 przedstawione graficznie. Kolory wskazuj\u0105 status poszczeg\u00f3lnych element\u00f3w \u2013 zielony oznacza aktywny, szary nieaktywny. Dane w czasie rzeczywistym, takie jak poziom nape\u0142nienia, ci\u015bnienie, pob\u00f3r pr\u0105du, wydajno\u015b\u0107 i cz\u0119stotliwo\u015b\u0107, umo\u017cliwiaj\u0105 szybk\u0105 analiz\u0119. Intuicyjna wizualizacja wspiera personel obs\u0142ugi w bezpiecznym i efektywnym sterowaniu procesem.[\/vc_column_text][vc_empty_space][\/vc_column][vc_column width=&#8221;3\/4&#8243;][vc_single_image image=&#8221;283388&#8243; img_size=&#8221;large&#8221; css=&#8221;&#8221;][vc_empty_space][\/vc_column][\/vc_row][vc_row][vc_column width=&#8221;1\/4&#8243;]<div id=\"ultimate-heading-217769f3c4ad2d6c0\" class=\"uvc-heading ult-adjust-bottom-margin ultimate-heading-217769f3c4ad2d6c0 uvc-1103  uvc-heading-default-font-sizes\" data-hspacer=\"no_spacer\"  data-halign=\"left\" style=\"text-align:left\"><div class=\"uvc-heading-spacer no_spacer\" style=\"top\"><\/div><div class=\"uvc-main-heading ult-responsive\"  data-ultimate-target='.uvc-heading.ultimate-heading-217769f3c4ad2d6c0 h3'  data-responsive-json-new='{\"font-size\":\"\",\"line-height\":\"\"}' ><h3 style=\"--font-weight:theme;margin-bottom:15px;\">Wizualizacja 3D urz\u0105dzenia BioFeeder<\/h3><\/div><\/div>[vc_column_text css=&#8221;&#8221;]To zdj\u0119cie przedstawia realistyczn\u0105, tr\u00f3jwymiarow\u0105 wizualizacj\u0119 Biofeedera podczas pracy. Ilustruje drog\u0119 biomasy przez instalacj\u0119 \u2013 od nape\u0142niania, przez \u015blimak poprzeczny, rozdrabniacz, a\u017c do pompy zasilaj\u0105cej. Wszystkie kluczowe elementy, takie jak cylindry hydrauliczne, podajniki \u015blimakowe i mieszad\u0142a, s\u0105 animowane, aby u\u0142atwi\u0107 zrozumienie przebiegu mechanicznego. P\u0142ynne ruchy i wysoki poziom szczeg\u00f3\u0142owo\u015bci technicznej daj\u0105 wyra\u017any obraz proces\u00f3w, kt\u00f3re zachodz\u0105 w rzeczywistej biogazowni. Idealne do zrozumienia dzia\u0142ania maszyny, identyfikacji \u017ar\u00f3de\u0142 b\u0142\u0119d\u00f3w oraz szkolenia personelu.[\/vc_column_text][vc_empty_space][\/vc_column][vc_column width=&#8221;3\/4&#8243;][vc_single_image image=&#8221;283395&#8243; img_size=&#8221;large&#8221; css=&#8221;&#8221;][vc_empty_space][\/vc_column][\/vc_row][vc_row][vc_column]<div id=\"ultimate-heading-499769f3c4ad2d754\" class=\"uvc-heading ult-adjust-bottom-margin ultimate-heading-499769f3c4ad2d754 uvc-2253  uvc-heading-default-font-sizes\" data-hspacer=\"no_spacer\"  data-halign=\"center\" style=\"text-align:center\"><div class=\"uvc-heading-spacer no_spacer\" style=\"top\"><\/div><div class=\"uvc-main-heading ult-responsive\"  data-ultimate-target='.uvc-heading.ultimate-heading-499769f3c4ad2d754 h3'  data-responsive-json-new='{\"font-size\":\"\",\"line-height\":\"\"}' ><h3 style=\"--font-weight:theme;margin-bottom:15px;\">Wirtualne wprowadzenie<\/h3><\/div><\/div>[vc_column_text css=&#8221;&#8221;][\/vc_column_text][vc_video link=&#8221;https:\/\/www.youtube.com\/watch?v=ALaXZjbRAGI&#8221; css=&#8221;&#8221;][vc_empty_space][\/vc_column][\/vc_row][vc_row][vc_column width=&#8221;1\/3&#8243;][vc_single_image image=&#8221;279951&#8243; img_size=&#8221;large&#8221;][\/vc_column][vc_column width=&#8221;1\/3&#8243;][vc_single_image image=&#8221;279926&#8243; img_size=&#8221;large&#8221;][\/vc_column][vc_column width=&#8221;1\/3&#8243;][vc_single_image image=&#8221;279919&#8243; img_size=&#8221;large&#8221;][\/vc_column][\/vc_row]<\/p>\n<\/div>","protected":false},"excerpt":{"rendered":"<p>[vc_row][vc_column][vc_empty_space][\/vc_column][\/vc_row][vc_row][vc_column width=&#8221;2\/3&#8243;][vc_column_text css=&#8221;&#8221;]Wydajny system mieszania \u2013 r\u00f3wnie\u017c dla lekkich materia\u0142\u00f3w, takich jak s\u0142oma. Nasz system BioMerge uzupe\u0142nia sprawdzony kompletny system BioCrusher o skuteczne mieszanie substancji sta\u0142ych z separacj\u0105 cia\u0142 obcych. Jest idealny do wysokich przepustowo\u015bci \u2013 nawet przy lekkich materia\u0142ach, takich jak s\u0142oma. Materia\u0142 jest mieszany z ciecz\u0105 z fermentora za pomoc\u0105 sko\u015bnej \u015bruby mieszaj\u0105cej&hellip;<\/p>\n","protected":false},"author":46,"featured_media":0,"parent":0,"menu_order":0,"comment_status":"closed","ping_status":"closed","template":"","meta":{"footnotes":""},"class_list":["post-283826","page","type-page","status-publish","hentry","description-off"],"yoast_head":"<!-- This site is optimized with the Yoast SEO plugin v27.5 - https:\/\/yoast.com\/product\/yoast-seo-wordpress\/ -->\n<title>System mieszania cieczy \u2013 BioMerge - BIOG<\/title>\n<meta name=\"robots\" content=\"index, follow, max-snippet:-1, max-image-preview:large, max-video-preview:-1\" \/>\n<link rel=\"canonical\" href=\"https:\/\/biog-biogas.com\/pl\/fluessig-mischsystem-biomerge\/\" \/>\n<meta property=\"og:locale\" content=\"pl_PL\" \/>\n<meta property=\"og:type\" content=\"article\" \/>\n<meta property=\"og:title\" content=\"System mieszania cieczy \u2013 BioMerge - BIOG\" \/>\n<meta property=\"og:description\" content=\"[vc_row][vc_column][vc_empty_space][\/vc_column][\/vc_row][vc_row][vc_column width=&#8221;2\/3&#8243;][vc_column_text css=&#8221;&#8221;]Wydajny system mieszania \u2013 r\u00f3wnie\u017c dla lekkich materia\u0142\u00f3w, takich jak s\u0142oma. Nasz system BioMerge uzupe\u0142nia sprawdzony kompletny system BioCrusher o skuteczne mieszanie substancji sta\u0142ych z separacj\u0105 cia\u0142 obcych. Jest idealny do wysokich przepustowo\u015bci \u2013 nawet przy lekkich materia\u0142ach, takich jak s\u0142oma. Materia\u0142 jest mieszany z ciecz\u0105 z fermentora za pomoc\u0105 sko\u015bnej \u015bruby mieszaj\u0105cej&hellip;\" \/>\n<meta property=\"og:url\" content=\"https:\/\/biog-biogas.com\/pl\/fluessig-mischsystem-biomerge\/\" \/>\n<meta property=\"og:site_name\" content=\"BIOG\" \/>\n<meta property=\"article:modified_time\" content=\"2026-03-02T08:13:18+00:00\" \/>\n<meta name=\"twitter:card\" content=\"summary_large_image\" \/>\n<meta name=\"twitter:label1\" content=\"Szacowany czas czytania\" \/>\n\t<meta name=\"twitter:data1\" content=\"3 minuty\" \/>\n<script type=\"application\/ld+json\" class=\"yoast-schema-graph\">{\"@context\":\"https:\\\/\\\/schema.org\",\"@graph\":[{\"@type\":\"WebPage\",\"@id\":\"https:\\\/\\\/biog-biogas.com\\\/pl\\\/fluessig-mischsystem-biomerge\\\/\",\"url\":\"https:\\\/\\\/biog-biogas.com\\\/pl\\\/fluessig-mischsystem-biomerge\\\/\",\"name\":\"System mieszania cieczy \u2013 BioMerge - BIOG\",\"isPartOf\":{\"@id\":\"https:\\\/\\\/biog-biogas.com\\\/pl\\\/#website\"},\"datePublished\":\"2022-01-31T12:19:12+00:00\",\"dateModified\":\"2026-03-02T08:13:18+00:00\",\"breadcrumb\":{\"@id\":\"https:\\\/\\\/biog-biogas.com\\\/pl\\\/fluessig-mischsystem-biomerge\\\/#breadcrumb\"},\"inLanguage\":\"pl-PL\",\"potentialAction\":[{\"@type\":\"ReadAction\",\"target\":[\"https:\\\/\\\/biog-biogas.com\\\/pl\\\/fluessig-mischsystem-biomerge\\\/\"]}]},{\"@type\":\"BreadcrumbList\",\"@id\":\"https:\\\/\\\/biog-biogas.com\\\/pl\\\/fluessig-mischsystem-biomerge\\\/#breadcrumb\",\"itemListElement\":[{\"@type\":\"ListItem\",\"position\":1,\"name\":\"Startseite\",\"item\":\"https:\\\/\\\/biog-biogas.com\\\/pl\\\/\"},{\"@type\":\"ListItem\",\"position\":2,\"name\":\"System mieszania cieczy \u2013 BioMerge\"}]},{\"@type\":\"WebSite\",\"@id\":\"https:\\\/\\\/biog-biogas.com\\\/pl\\\/#website\",\"url\":\"https:\\\/\\\/biog-biogas.com\\\/pl\\\/\",\"name\":\"BIOG\",\"description\":\"Solutions for green energy\",\"potentialAction\":[{\"@type\":\"SearchAction\",\"target\":{\"@type\":\"EntryPoint\",\"urlTemplate\":\"https:\\\/\\\/biog-biogas.com\\\/pl\\\/?s={search_term_string}\"},\"query-input\":{\"@type\":\"PropertyValueSpecification\",\"valueRequired\":true,\"valueName\":\"search_term_string\"}}],\"inLanguage\":\"pl-PL\"}]}<\/script>\n<!-- \/ Yoast SEO plugin. -->","yoast_head_json":{"title":"System mieszania cieczy \u2013 BioMerge - BIOG","robots":{"index":"index","follow":"follow","max-snippet":"max-snippet:-1","max-image-preview":"max-image-preview:large","max-video-preview":"max-video-preview:-1"},"canonical":"https:\/\/biog-biogas.com\/pl\/fluessig-mischsystem-biomerge\/","og_locale":"pl_PL","og_type":"article","og_title":"System mieszania cieczy \u2013 BioMerge - BIOG","og_description":"[vc_row][vc_column][vc_empty_space][\/vc_column][\/vc_row][vc_row][vc_column width=&#8221;2\/3&#8243;][vc_column_text css=&#8221;&#8221;]Wydajny system mieszania \u2013 r\u00f3wnie\u017c dla lekkich materia\u0142\u00f3w, takich jak s\u0142oma. Nasz system BioMerge uzupe\u0142nia sprawdzony kompletny system BioCrusher o skuteczne mieszanie substancji sta\u0142ych z separacj\u0105 cia\u0142 obcych. Jest idealny do wysokich przepustowo\u015bci \u2013 nawet przy lekkich materia\u0142ach, takich jak s\u0142oma. Materia\u0142 jest mieszany z ciecz\u0105 z fermentora za pomoc\u0105 sko\u015bnej \u015bruby mieszaj\u0105cej&hellip;","og_url":"https:\/\/biog-biogas.com\/pl\/fluessig-mischsystem-biomerge\/","og_site_name":"BIOG","article_modified_time":"2026-03-02T08:13:18+00:00","twitter_card":"summary_large_image","twitter_misc":{"Szacowany czas czytania":"3 minuty"},"schema":{"@context":"https:\/\/schema.org","@graph":[{"@type":"WebPage","@id":"https:\/\/biog-biogas.com\/pl\/fluessig-mischsystem-biomerge\/","url":"https:\/\/biog-biogas.com\/pl\/fluessig-mischsystem-biomerge\/","name":"System mieszania cieczy \u2013 BioMerge - BIOG","isPartOf":{"@id":"https:\/\/biog-biogas.com\/pl\/#website"},"datePublished":"2022-01-31T12:19:12+00:00","dateModified":"2026-03-02T08:13:18+00:00","breadcrumb":{"@id":"https:\/\/biog-biogas.com\/pl\/fluessig-mischsystem-biomerge\/#breadcrumb"},"inLanguage":"pl-PL","potentialAction":[{"@type":"ReadAction","target":["https:\/\/biog-biogas.com\/pl\/fluessig-mischsystem-biomerge\/"]}]},{"@type":"BreadcrumbList","@id":"https:\/\/biog-biogas.com\/pl\/fluessig-mischsystem-biomerge\/#breadcrumb","itemListElement":[{"@type":"ListItem","position":1,"name":"Startseite","item":"https:\/\/biog-biogas.com\/pl\/"},{"@type":"ListItem","position":2,"name":"System mieszania cieczy \u2013 BioMerge"}]},{"@type":"WebSite","@id":"https:\/\/biog-biogas.com\/pl\/#website","url":"https:\/\/biog-biogas.com\/pl\/","name":"BIOG","description":"Solutions for green energy","potentialAction":[{"@type":"SearchAction","target":{"@type":"EntryPoint","urlTemplate":"https:\/\/biog-biogas.com\/pl\/?s={search_term_string}"},"query-input":{"@type":"PropertyValueSpecification","valueRequired":true,"valueName":"search_term_string"}}],"inLanguage":"pl-PL"}]}},"_links":{"self":[{"href":"https:\/\/biog-biogas.com\/pl\/wp-json\/wp\/v2\/pages\/283826","targetHints":{"allow":["GET"]}}],"collection":[{"href":"https:\/\/biog-biogas.com\/pl\/wp-json\/wp\/v2\/pages"}],"about":[{"href":"https:\/\/biog-biogas.com\/pl\/wp-json\/wp\/v2\/types\/page"}],"author":[{"embeddable":true,"href":"https:\/\/biog-biogas.com\/pl\/wp-json\/wp\/v2\/users\/46"}],"replies":[{"embeddable":true,"href":"https:\/\/biog-biogas.com\/pl\/wp-json\/wp\/v2\/comments?post=283826"}],"version-history":[{"count":0,"href":"https:\/\/biog-biogas.com\/pl\/wp-json\/wp\/v2\/pages\/283826\/revisions"}],"wp:attachment":[{"href":"https:\/\/biog-biogas.com\/pl\/wp-json\/wp\/v2\/media?parent=283826"}],"curies":[{"name":"wp","href":"https:\/\/api.w.org\/{rel}","templated":true}]}}