{"id":284664,"date":"2024-02-13T14:02:48","date_gmt":"2024-02-13T13:02:48","guid":{"rendered":"https:\/\/biog-biogas.com\/trade-fairs-events\/"},"modified":"2026-01-28T08:22:49","modified_gmt":"2026-01-28T07:22:49","slug":"trade-fairs-events","status":"publish","type":"page","link":"https:\/\/biog-biogas.com\/pl\/trade-fairs-events\/","title":{"rendered":"Targi \/ Wydarzenia"},"content":{"rendered":"<div class=\"wpb-content-wrapper\"><p>[vc_row][vc_column]<div id=\"ultimate-heading-705469d3d78e79641\" class=\"uvc-heading ult-adjust-bottom-margin ultimate-heading-705469d3d78e79641 uvc-7572  uvc-heading-default-font-sizes\" data-hspacer=\"no_spacer\"  data-halign=\"center\" style=\"text-align:center\"><div class=\"uvc-heading-spacer no_spacer\" style=\"top\"><\/div><div class=\"uvc-main-heading ult-responsive\"  data-ultimate-target='.uvc-heading.ultimate-heading-705469d3d78e79641 h1'  data-responsive-json-new='{\"font-size\":\"\",\"line-height\":\"\"}' ><h1 style=\"--font-weight:theme;\">Przegl\u0105d naszych udzia\u0142\u00f3w w targach<\/h1><\/div><\/div>[vc_empty_space][vc_column_text css=&#8221;&#8221;]<\/p>\n<table>\n<tbody>\n<tr>\n<td width=\"201\"><strong>Data<\/strong><\/td>\n<td width=\"201\"><strong>Targi<\/strong><\/td>\n<td width=\"201\"><strong>Kraj<\/strong><\/td>\n<\/tr>\n<tr>\n<td width=\"201\">04.05. &#8211; 07.05.2026<\/td>\n<td width=\"201\">IFAT Monachium<\/td>\n<td width=\"201\">DE<\/td>\n<\/tr>\n<tr>\n<td width=\"201\">28.08. &#8211; 01.09.2026<\/td>\n<td width=\"201\">Rottalschau Karpfham<\/td>\n<td width=\"201\">DE<\/td>\n<\/tr>\n<tr>\n<td width=\"201\">10.11. &#8211; 13.11.2026<\/td>\n<td width=\"201\">Energy Decentral Hanower<\/td>\n<td width=\"201\">DE<\/td>\n<\/tr>\n<\/tbody>\n<\/table>\n<p>[\/vc_column_text][\/vc_column][\/vc_row][vc_row][vc_column][\/vc_column][\/vc_row]<\/p>\n<\/div>","protected":false},"excerpt":{"rendered":"<p>[vc_row][vc_column][vc_empty_space][vc_column_text css=&#8221;&#8221;] Data Targi Kraj 04.05. &#8211; 07.05.2026 IFAT Monachium DE 28.08. &#8211; 01.09.2026 Rottalschau Karpfham DE 10.11. &#8211; 13.11.2026 Energy Decentral Hanower DE [\/vc_column_text][\/vc_column][\/vc_row][vc_row][vc_column][\/vc_column][\/vc_row]<\/p>\n","protected":false},"author":46,"featured_media":0,"parent":0,"menu_order":0,"comment_status":"closed","ping_status":"closed","template":"","meta":{"footnotes":""},"class_list":["post-284664","page","type-page","status-publish","hentry","description-off"],"yoast_head":"<!-- This site is optimized with the Yoast SEO plugin v27.3 - https:\/\/yoast.com\/product\/yoast-seo-wordpress\/ -->\n<title>Targi \/ Wydarzenia - BIOG<\/title>\n<meta name=\"robots\" content=\"index, follow, max-snippet:-1, max-image-preview:large, max-video-preview:-1\" \/>\n<link rel=\"canonical\" href=\"https:\/\/biog-biogas.com\/pl\/trade-fairs-events\/\" \/>\n<meta property=\"og:locale\" content=\"pl_PL\" \/>\n<meta property=\"og:type\" content=\"article\" \/>\n<meta property=\"og:title\" content=\"Targi \/ Wydarzenia - BIOG\" \/>\n<meta property=\"og:description\" content=\"[vc_row][vc_column][vc_empty_space][vc_column_text css=&#8221;&#8221;] Data Targi Kraj 04.05. &#8211; 07.05.2026 IFAT Monachium DE 28.08. &#8211; 01.09.2026 Rottalschau Karpfham DE 10.11. &#8211; 13.11.2026 Energy Decentral Hanower DE [\/vc_column_text][\/vc_column][\/vc_row][vc_row][vc_column][\/vc_column][\/vc_row]\" \/>\n<meta property=\"og:url\" content=\"https:\/\/biog-biogas.com\/pl\/trade-fairs-events\/\" \/>\n<meta property=\"og:site_name\" content=\"BIOG\" \/>\n<meta property=\"article:modified_time\" content=\"2026-01-28T07:22:49+00:00\" \/>\n<meta name=\"twitter:card\" content=\"summary_large_image\" \/>\n<meta name=\"twitter:label1\" content=\"Szacowany czas czytania\" \/>\n\t<meta name=\"twitter:data1\" content=\"1 minuta\" \/>\n<script type=\"application\/ld+json\" class=\"yoast-schema-graph\">{\"@context\":\"https:\\\/\\\/schema.org\",\"@graph\":[{\"@type\":\"WebPage\",\"@id\":\"https:\\\/\\\/biog-biogas.com\\\/pl\\\/trade-fairs-events\\\/\",\"url\":\"https:\\\/\\\/biog-biogas.com\\\/pl\\\/trade-fairs-events\\\/\",\"name\":\"Targi \\\/ Wydarzenia - BIOG\",\"isPartOf\":{\"@id\":\"https:\\\/\\\/biog-biogas.com\\\/pl\\\/#website\"},\"datePublished\":\"2024-02-13T13:02:48+00:00\",\"dateModified\":\"2026-01-28T07:22:49+00:00\",\"breadcrumb\":{\"@id\":\"https:\\\/\\\/biog-biogas.com\\\/pl\\\/trade-fairs-events\\\/#breadcrumb\"},\"inLanguage\":\"pl-PL\",\"potentialAction\":[{\"@type\":\"ReadAction\",\"target\":[\"https:\\\/\\\/biog-biogas.com\\\/pl\\\/trade-fairs-events\\\/\"]}]},{\"@type\":\"BreadcrumbList\",\"@id\":\"https:\\\/\\\/biog-biogas.com\\\/pl\\\/trade-fairs-events\\\/#breadcrumb\",\"itemListElement\":[{\"@type\":\"ListItem\",\"position\":1,\"name\":\"Startseite\",\"item\":\"https:\\\/\\\/biog-biogas.com\\\/pl\\\/\"},{\"@type\":\"ListItem\",\"position\":2,\"name\":\"Targi \\\/ Wydarzenia\"}]},{\"@type\":\"WebSite\",\"@id\":\"https:\\\/\\\/biog-biogas.com\\\/pl\\\/#website\",\"url\":\"https:\\\/\\\/biog-biogas.com\\\/pl\\\/\",\"name\":\"BIOG\",\"description\":\"Solutions for green energy\",\"potentialAction\":[{\"@type\":\"SearchAction\",\"target\":{\"@type\":\"EntryPoint\",\"urlTemplate\":\"https:\\\/\\\/biog-biogas.com\\\/pl\\\/?s={search_term_string}\"},\"query-input\":{\"@type\":\"PropertyValueSpecification\",\"valueRequired\":true,\"valueName\":\"search_term_string\"}}],\"inLanguage\":\"pl-PL\"}]}<\/script>\n<!-- \/ Yoast SEO plugin. -->","yoast_head_json":{"title":"Targi \/ Wydarzenia - BIOG","robots":{"index":"index","follow":"follow","max-snippet":"max-snippet:-1","max-image-preview":"max-image-preview:large","max-video-preview":"max-video-preview:-1"},"canonical":"https:\/\/biog-biogas.com\/pl\/trade-fairs-events\/","og_locale":"pl_PL","og_type":"article","og_title":"Targi \/ Wydarzenia - BIOG","og_description":"[vc_row][vc_column][vc_empty_space][vc_column_text css=&#8221;&#8221;] Data Targi Kraj 04.05. &#8211; 07.05.2026 IFAT Monachium DE 28.08. &#8211; 01.09.2026 Rottalschau Karpfham DE 10.11. &#8211; 13.11.2026 Energy Decentral Hanower DE [\/vc_column_text][\/vc_column][\/vc_row][vc_row][vc_column][\/vc_column][\/vc_row]","og_url":"https:\/\/biog-biogas.com\/pl\/trade-fairs-events\/","og_site_name":"BIOG","article_modified_time":"2026-01-28T07:22:49+00:00","twitter_card":"summary_large_image","twitter_misc":{"Szacowany czas czytania":"1 minuta"},"schema":{"@context":"https:\/\/schema.org","@graph":[{"@type":"WebPage","@id":"https:\/\/biog-biogas.com\/pl\/trade-fairs-events\/","url":"https:\/\/biog-biogas.com\/pl\/trade-fairs-events\/","name":"Targi \/ Wydarzenia - BIOG","isPartOf":{"@id":"https:\/\/biog-biogas.com\/pl\/#website"},"datePublished":"2024-02-13T13:02:48+00:00","dateModified":"2026-01-28T07:22:49+00:00","breadcrumb":{"@id":"https:\/\/biog-biogas.com\/pl\/trade-fairs-events\/#breadcrumb"},"inLanguage":"pl-PL","potentialAction":[{"@type":"ReadAction","target":["https:\/\/biog-biogas.com\/pl\/trade-fairs-events\/"]}]},{"@type":"BreadcrumbList","@id":"https:\/\/biog-biogas.com\/pl\/trade-fairs-events\/#breadcrumb","itemListElement":[{"@type":"ListItem","position":1,"name":"Startseite","item":"https:\/\/biog-biogas.com\/pl\/"},{"@type":"ListItem","position":2,"name":"Targi \/ Wydarzenia"}]},{"@type":"WebSite","@id":"https:\/\/biog-biogas.com\/pl\/#website","url":"https:\/\/biog-biogas.com\/pl\/","name":"BIOG","description":"Solutions for green energy","potentialAction":[{"@type":"SearchAction","target":{"@type":"EntryPoint","urlTemplate":"https:\/\/biog-biogas.com\/pl\/?s={search_term_string}"},"query-input":{"@type":"PropertyValueSpecification","valueRequired":true,"valueName":"search_term_string"}}],"inLanguage":"pl-PL"}]}},"_links":{"self":[{"href":"https:\/\/biog-biogas.com\/pl\/wp-json\/wp\/v2\/pages\/284664","targetHints":{"allow":["GET"]}}],"collection":[{"href":"https:\/\/biog-biogas.com\/pl\/wp-json\/wp\/v2\/pages"}],"about":[{"href":"https:\/\/biog-biogas.com\/pl\/wp-json\/wp\/v2\/types\/page"}],"author":[{"embeddable":true,"href":"https:\/\/biog-biogas.com\/pl\/wp-json\/wp\/v2\/users\/46"}],"replies":[{"embeddable":true,"href":"https:\/\/biog-biogas.com\/pl\/wp-json\/wp\/v2\/comments?post=284664"}],"version-history":[{"count":0,"href":"https:\/\/biog-biogas.com\/pl\/wp-json\/wp\/v2\/pages\/284664\/revisions"}],"wp:attachment":[{"href":"https:\/\/biog-biogas.com\/pl\/wp-json\/wp\/v2\/media?parent=284664"}],"curies":[{"name":"wp","href":"https:\/\/api.w.org\/{rel}","templated":true}]}}