{"id":284738,"date":"2021-06-23T07:49:04","date_gmt":"2021-06-23T05:49:04","guid":{"rendered":"https:\/\/biog-biogas.com\/przedsiebiorstwo\/firmengeschichte\/"},"modified":"2025-10-22T09:53:18","modified_gmt":"2025-10-22T07:53:18","slug":"firmengeschichte","status":"publish","type":"page","link":"https:\/\/biog-biogas.com\/pl\/przedsiebiorstwo\/firmengeschichte\/","title":{"rendered":"Historia firmy"},"content":{"rendered":"<div class=\"wpb-content-wrapper\"><p>[vc_row][vc_column width=&#8221;1\/2&#8243;][vc_row_inner][vc_column_inner][vc_column_text]<\/p>\n<h1>Historia firmy<\/h1>\n<p>[\/vc_column_text][\/vc_column_inner][\/vc_row_inner][vc_empty_space][vc_column_text]Obecnie BioG zatrudnia ponad 60 pracownik\u00f3w i co roku wspiera 30\u201350 biogazowni w budowie lub modernizacji instalacji biogazowych z g\u0142\u00f3wnych upraw, takich jak kukurydza i zbo\u017ca, na odpady, takie jak s\u0142oma, obornik, materia\u0142y pochodz\u0105ce z piel\u0119gnacji krajobrazu i odpady organiczne.<\/p>\n<p>Ze wzgl\u0119du na dobry bilans CO2 biometanu z odpad\u00f3w i coraz intensywniejsze wykorzystanie biometanu jako paliwa, ta forma energii jest coraz bardziej promowana na ca\u0142ym \u015bwiecie, co bardzo odpowiada filozofii naszej firmy.<br \/>\n[\/vc_column_text][vc_empty_space height=&#8221;100px&#8221;][\/vc_column][vc_column width=&#8221;1\/2&#8243;][vc_empty_space height=&#8221;100px&#8221;]<div class=\"shortcode-banner lazyload\" style=\"min-height: 350px;background-image:inherit\" data-bg-image=\"url(https:\/\/biog-biogas.com\/wp-content\/uploads\/DSCN1777-scaled.jpg)\"><div class=\"shortcode-banner-bg wf-table\" style=\"padding: 0px;min-height: 350px\"><div class=\"shortcode-banner-inside wf-table text-normal\" style=\"border: solid 10px transparent;outline: solid 0px;outline-color: #ffffff;height: 340px\"><div><\/div><\/div><\/div><\/div>[vc_empty_space height=&#8221;50px&#8221;][\/vc_column][\/vc_row][vc_row][vc_column][vc_empty_space][vc_single_image image=&#8221;284718&#8243; img_size=&#8221;full&#8221; css=&#8221;&#8221;][vc_empty_space]<div class=\"smile-icon-timeline-wrap csstime   \"     style=\"\"><div class=\"timeline-line \" style=\"border-right-color:;\"><span><\/span><\/div><div class=\"timeline-wrapper\"><div class=\"timeline-block \"><div class=\"timeline-dot\"><\/div><div class=\"ult-timeline-arrow\"><s><\/s><l><\/l><\/div><div class=\"timeline-icon-block\"><div class=\"ult-timeline-icon tl-icon-no-bg\" style=\"   \"><\/div> <!-- icon --><\/div><div class=\"timeline-header-block\" >\n\t\t\t\t\t\t\t<div id=\"timeline-item-6001\" class=\"timeline-header\" style=\"\"><h2 class=\"ult-timeline-title ult-responsive\"  data-ultimate-target='#timeline-item-6001 .ult-timeline-title'  data-responsive-json-new='{\"font-size\":\"\",\"line-height\":\"\"}'  style=\"\">2023<\/h2><div class=\"ult-responsive timeline-item-spt\"  data-ultimate-target='#timeline-item-6001 .timeline-item-spt'  data-responsive-json-new='{\"font-size\":\"\",\"line-height\":\"\"}'  style=\"\"><\/p>\n<p style=\"text-align: center;\"><a href=\"https:\/\/biog-biogas.com\/pl\/biocng-hoftankstelle\/\"><img decoding=\"async\" class=\"alignnone wp-image-282358 size-medium lazyload\" data-src=\"https:\/\/biog-biogas.com\/wp-content\/uploads\/0_CNG-Hoftankstelle_Ansicht-300x169.jpg\" alt=\"\" width=\"300\" height=\"169\" data-srcset=\"https:\/\/biog-biogas.com\/wp-content\/uploads\/\/0_CNG-Hoftankstelle_Ansicht-300x169.jpg 300w, https:\/\/biog-biogas.com\/wp-content\/uploads\/\/0_CNG-Hoftankstelle_Ansicht-1024x577.jpg 1024w, https:\/\/biog-biogas.com\/wp-content\/uploads\/\/0_CNG-Hoftankstelle_Ansicht-768x432.jpg 768w, https:\/\/biog-biogas.com\/wp-content\/uploads\/\/0_CNG-Hoftankstelle_Ansicht-1536x865.jpg 1536w, https:\/\/biog-biogas.com\/wp-content\/uploads\/\/0_CNG-Hoftankstelle_Ansicht-2048x1153.jpg 2048w, https:\/\/biog-biogas.com\/wp-content\/uploads\/\/0_CNG-Hoftankstelle_Ansicht-600x338.jpg 600w\" data-sizes=\"auto\" src=\"data:image\/svg+xml;base64,PHN2ZyB3aWR0aD0iMSIgaGVpZ2h0PSIxIiB4bWxucz0iaHR0cDovL3d3dy53My5vcmcvMjAwMC9zdmciPjwvc3ZnPg==\" style=\"--smush-placeholder-width: 300px; --smush-placeholder-aspect-ratio: 300\/169;\" data-original-sizes=\"(max-width: 300px) 100vw, 300px\" \/><\/a><\/p>\n<h3 style=\"text-align: center;\">Pierwsza stacja paliwowa BioCNG<br \/>\nPaliwo ze s\u0142omy i obornika<\/h3>\n<p><\/div><\/div> <!-- header --><\/div><\/div><div class=\"timeline-block \"><div class=\"timeline-dot\"><\/div><div class=\"ult-timeline-arrow\"><s><\/s><l><\/l><\/div><div class=\"timeline-icon-block\"><div class=\"ult-timeline-icon tl-icon-no-bg\" style=\"   \"><\/div> <!-- icon --><\/div><div class=\"timeline-header-block\" >\n\t\t\t\t\t\t\t<div id=\"timeline-item-3748\" class=\"timeline-header\" style=\"\"><h2 class=\"ult-timeline-title ult-responsive\"  data-ultimate-target='#timeline-item-3748 .ult-timeline-title'  data-responsive-json-new='{\"font-size\":\"\",\"line-height\":\"\"}'  style=\"\">2022<\/h2><div class=\"ult-responsive timeline-item-spt\"  data-ultimate-target='#timeline-item-3748 .timeline-item-spt'  data-responsive-json-new='{\"font-size\":\"\",\"line-height\":\"\"}'  style=\"\"><\/p>\n<h3 style=\"text-align: center;\"><a href=\"https:\/\/biog-biogas.com\/energie-aus-feldresten-live-am-10-09-2022\/\"><img decoding=\"async\" class=\"alignnone size-medium wp-image-280812 lazyload\" data-src=\"https:\/\/biog-biogas.com\/wp-content\/uploads\/DJI_0710-300x200.jpg\" alt=\"\" width=\"300\" height=\"200\" src=\"data:image\/svg+xml;base64,PHN2ZyB3aWR0aD0iMSIgaGVpZ2h0PSIxIiB4bWxucz0iaHR0cDovL3d3dy53My5vcmcvMjAwMC9zdmciPjwvc3ZnPg==\" style=\"--smush-placeholder-width: 300px; --smush-placeholder-aspect-ratio: 300\/200;\" \/><\/a><a href=\"https:\/\/biog-biogas.com\/energie-aus-feldresten-live-am-10-09-2022\/\"><img decoding=\"async\" class=\"alignnone size-medium wp-image-280721 lazyload\" data-src=\"https:\/\/biog-biogas.com\/wp-content\/uploads\/Feldarbeit_BioChipper2-300x200.jpg\" alt=\"\" width=\"300\" height=\"200\" data-srcset=\"https:\/\/biog-biogas.com\/wp-content\/uploads\/Feldarbeit_BioChipper2-300x200.jpg 300w, https:\/\/biog-biogas.com\/wp-content\/uploads\/Feldarbeit_BioChipper2-1024x683.jpg 1024w, https:\/\/biog-biogas.com\/wp-content\/uploads\/Feldarbeit_BioChipper2-768x512.jpg 768w, https:\/\/biog-biogas.com\/wp-content\/uploads\/Feldarbeit_BioChipper2-1536x1024.jpg 1536w, https:\/\/biog-biogas.com\/wp-content\/uploads\/Feldarbeit_BioChipper2-2048x1365.jpg 2048w, https:\/\/biog-biogas.com\/wp-content\/uploads\/Feldarbeit_BioChipper2-600x400.jpg 600w\" data-sizes=\"auto\" src=\"data:image\/svg+xml;base64,PHN2ZyB3aWR0aD0iMSIgaGVpZ2h0PSIxIiB4bWxucz0iaHR0cDovL3d3dy53My5vcmcvMjAwMC9zdmciPjwvc3ZnPg==\" style=\"--smush-placeholder-width: 300px; --smush-placeholder-aspect-ratio: 300\/200;\" data-original-sizes=\"(max-width: 300px) 100vw, 300px\" \/><\/a><\/h3>\n<h3 style=\"text-align: center;\">Dzie\u0144 otwarty \u201eEnergia z resztek polowych NA \u017bYWO\u201d<\/h3>\n<p><\/div><\/div> <!-- header --><\/div><\/div><div class=\"timeline-block \"><div class=\"timeline-dot\"><\/div><div class=\"ult-timeline-arrow\"><s><\/s><l><\/l><\/div><div class=\"timeline-icon-block\"><div class=\"ult-timeline-icon tl-icon-no-bg\" style=\"   \"><\/div> <!-- icon --><\/div><div class=\"timeline-header-block\" >\n\t\t\t\t\t\t\t<div id=\"timeline-item-3039\" class=\"timeline-header\" style=\"\"><h2 class=\"ult-timeline-title ult-responsive\"  data-ultimate-target='#timeline-item-3039 .ult-timeline-title'  data-responsive-json-new='{\"font-size\":\"\",\"line-height\":\"\"}'  style=\"\">2022<\/h2><div class=\"ult-responsive timeline-item-spt\"  data-ultimate-target='#timeline-item-3039 .timeline-item-spt'  data-responsive-json-new='{\"font-size\":\"\",\"line-height\":\"\"}'  style=\"\"><\/p>\n<h3 style=\"text-align: center;\"><a href=\"https:\/\/biog-biogas.com\/279971\/\"><img decoding=\"async\" class=\"alignnone size-medium wp-image-281562 lazyload\" data-src=\"https:\/\/biog-biogas.com\/wp-content\/uploads\/IMG_20220531_124112-300x225.jpg\" alt=\"\" width=\"300\" height=\"225\" data-srcset=\"https:\/\/biog-biogas.com\/wp-content\/uploads\/IMG_20220531_124112-300x225.jpg 300w, https:\/\/biog-biogas.com\/wp-content\/uploads\/IMG_20220531_124112-1024x768.jpg 1024w, https:\/\/biog-biogas.com\/wp-content\/uploads\/IMG_20220531_124112-768x576.jpg 768w, https:\/\/biog-biogas.com\/wp-content\/uploads\/IMG_20220531_124112-1536x1152.jpg 1536w, https:\/\/biog-biogas.com\/wp-content\/uploads\/IMG_20220531_124112-2048x1536.jpg 2048w, https:\/\/biog-biogas.com\/wp-content\/uploads\/IMG_20220531_124112-600x450.jpg 600w\" data-sizes=\"auto\" src=\"data:image\/svg+xml;base64,PHN2ZyB3aWR0aD0iMSIgaGVpZ2h0PSIxIiB4bWxucz0iaHR0cDovL3d3dy53My5vcmcvMjAwMC9zdmciPjwvc3ZnPg==\" style=\"--smush-placeholder-width: 300px; --smush-placeholder-aspect-ratio: 300\/225;\" data-original-sizes=\"(max-width: 300px) 100vw, 300px\" \/><\/a><\/h3>\n<h3 style=\"text-align: center;\">Zako\u0144czenie budowy hali produkcyjnej<\/h3>\n<p><\/div><\/div> <!-- header --><\/div><\/div><div class=\"timeline-block \"><div class=\"timeline-dot\"><\/div><div class=\"ult-timeline-arrow\"><s><\/s><l><\/l><\/div><div class=\"timeline-icon-block\"><div class=\"ult-timeline-icon tl-icon-no-bg\" style=\"   \"><\/div> <!-- icon --><\/div><div class=\"timeline-header-block\" >\n\t\t\t\t\t\t\t<div id=\"timeline-item-6538\" class=\"timeline-header\" style=\"\"><h2 class=\"ult-timeline-title ult-responsive\"  data-ultimate-target='#timeline-item-6538 .ult-timeline-title'  data-responsive-json-new='{\"font-size\":\"\",\"line-height\":\"\"}'  style=\"\">2021<\/h2><div class=\"ult-responsive timeline-item-spt\"  data-ultimate-target='#timeline-item-6538 .timeline-item-spt'  data-responsive-json-new='{\"font-size\":\"\",\"line-height\":\"\"}'  style=\"\"><\/p>\n<h3 style=\"text-align: center;\"><img decoding=\"async\" class=\"size-medium wp-image-180031 aligncenter lazyload\" data-src=\"https:\/\/biog-biogas.com\/wp-content\/uploads\/BIOG-Ansicht-300x159.jpg\" alt=\"\" width=\"300\" height=\"159\" data-srcset=\"https:\/\/biog-biogas.com\/wp-content\/uploads\/BIOG-Ansicht-300x159.jpg 300w, https:\/\/biog-biogas.com\/wp-content\/uploads\/BIOG-Ansicht-1024x542.jpg 1024w, https:\/\/biog-biogas.com\/wp-content\/uploads\/BIOG-Ansicht-768x407.jpg 768w, https:\/\/biog-biogas.com\/wp-content\/uploads\/BIOG-Ansicht-600x318.jpg 600w, https:\/\/biog-biogas.com\/wp-content\/uploads\/BIOG-Ansicht.jpg 1280w\" data-sizes=\"auto\" src=\"data:image\/svg+xml;base64,PHN2ZyB3aWR0aD0iMSIgaGVpZ2h0PSIxIiB4bWxucz0iaHR0cDovL3d3dy53My5vcmcvMjAwMC9zdmciPjwvc3ZnPg==\" style=\"--smush-placeholder-width: 300px; --smush-placeholder-aspect-ratio: 300\/159;\" data-original-sizes=\"(max-width: 300px) 100vw, 300px\" \/><\/h3>\n<h3 style=\"text-align: center;\">Rozbudowa hali produkcyjnej<\/h3>\n<p><\/div><\/div> <!-- header --><\/div><\/div><div class=\"timeline-block \"><div class=\"timeline-dot\"><\/div><div class=\"ult-timeline-arrow\"><s><\/s><l><\/l><\/div><div class=\"timeline-icon-block\"><div class=\"ult-timeline-icon tl-icon-no-bg\" style=\"   \"><\/div> <!-- icon --><\/div><div class=\"timeline-header-block\" >\n\t\t\t\t\t\t\t<div id=\"timeline-item-3653\" class=\"timeline-header\" style=\"\"><h2 class=\"ult-timeline-title ult-responsive\"  data-ultimate-target='#timeline-item-3653 .ult-timeline-title'  data-responsive-json-new='{\"font-size\":\"\",\"line-height\":\"\"}'  style=\"\">2020<\/h2><div class=\"ult-responsive timeline-item-spt\"  data-ultimate-target='#timeline-item-3653 .timeline-item-spt'  data-responsive-json-new='{\"font-size\":\"\",\"line-height\":\"\"}'  style=\"\"><\/p>\n<h3 style=\"text-align: center;\"><img decoding=\"async\" class=\"alignnone size-medium wp-image-21423 lazyload\" data-src=\"https:\/\/biog-biogas.com\/wp-content\/uploads\/\/biog-und-meba-biogas-crop-300x166.jpg\" alt=\"\" width=\"300\" height=\"166\" data-srcset=\"https:\/\/biog-biogas.com\/wp-content\/uploads\/biog-und-meba-biogas-crop-300x166.jpg 300w, https:\/\/biog-biogas.com\/wp-content\/uploads\/biog-und-meba-biogas-crop-1024x567.jpg 1024w, https:\/\/biog-biogas.com\/wp-content\/uploads\/biog-und-meba-biogas-crop-768x425.jpg 768w, https:\/\/biog-biogas.com\/wp-content\/uploads\/biog-und-meba-biogas-crop-600x332.jpg 600w, https:\/\/biog-biogas.com\/wp-content\/uploads\/biog-und-meba-biogas-crop.jpg 1493w\" data-sizes=\"auto\" src=\"data:image\/svg+xml;base64,PHN2ZyB3aWR0aD0iMSIgaGVpZ2h0PSIxIiB4bWxucz0iaHR0cDovL3d3dy53My5vcmcvMjAwMC9zdmciPjwvc3ZnPg==\" style=\"--smush-placeholder-width: 300px; --smush-placeholder-aspect-ratio: 300\/166;\" data-original-sizes=\"(max-width: 300px) 100vw, 300px\" \/><\/h3>\n<h3 style=\"text-align: center;\">Za\u0142o\u017cenie sp\u00f3\u0142ki joint venture BioG Biogas GmbH w N\u00f6rdlingen w Niemczech<\/h3>\n<p><\/div><\/div> <!-- header --><\/div><\/div><div class=\"timeline-block \"><div class=\"timeline-dot\"><\/div><div class=\"ult-timeline-arrow\"><s><\/s><l><\/l><\/div><div class=\"timeline-icon-block\"><div class=\"ult-timeline-icon tl-icon-no-bg\" style=\"   \"><\/div> <!-- icon --><\/div><div class=\"timeline-header-block\" >\n\t\t\t\t\t\t\t<div id=\"timeline-item-5951\" class=\"timeline-header\" style=\"\"><h2 class=\"ult-timeline-title ult-responsive\"  data-ultimate-target='#timeline-item-5951 .ult-timeline-title'  data-responsive-json-new='{\"font-size\":\"\",\"line-height\":\"\"}'  style=\"\">2019<\/h2><div class=\"ult-responsive timeline-item-spt\"  data-ultimate-target='#timeline-item-5951 .timeline-item-spt'  data-responsive-json-new='{\"font-size\":\"\",\"line-height\":\"\"}'  style=\"\"><\/p>\n<h3 style=\"text-align: center;\">Za\u0142o\u017cenie sp\u00f3\u0142ki zale\u017cnej BioG America Inc. w Denver w Stanach Zjednoczonych.<\/h3>\n<p><\/div><\/div> <!-- header --><\/div><\/div><div class=\"timeline-block \"><div class=\"timeline-dot\"><\/div><div class=\"ult-timeline-arrow\"><s><\/s><l><\/l><\/div><div class=\"timeline-icon-block\"><div class=\"ult-timeline-icon tl-icon-no-bg\" style=\"   \"><\/div> <!-- icon --><\/div><div class=\"timeline-header-block\" >\n\t\t\t\t\t\t\t<div id=\"timeline-item-1852\" class=\"timeline-header\" style=\"\"><h2 class=\"ult-timeline-title ult-responsive\"  data-ultimate-target='#timeline-item-1852 .ult-timeline-title'  data-responsive-json-new='{\"font-size\":\"\",\"line-height\":\"\"}'  style=\"\">2008<\/h2><div class=\"ult-responsive timeline-item-spt\"  data-ultimate-target='#timeline-item-1852 .timeline-item-spt'  data-responsive-json-new='{\"font-size\":\"\",\"line-height\":\"\"}'  style=\"\"><\/p>\n<h3 style=\"text-align: center;\">Za\u0142o\u017cenie firmy BioG GmbH zajmuj\u0105cej si\u0119 produkcj\u0105 komponent\u00f3w technicznych i wsparciem biologicznym w zakresie produkcji biometanu ze s\u0142omy i obornika, zatrudniaj\u0105cej 2 pracownik\u00f3w.<\/h3>\n<p><\/div><\/div> <!-- header --><\/div><\/div><div class=\"timeline-block \"><div class=\"timeline-dot\"><\/div><div class=\"ult-timeline-arrow\"><s><\/s><l><\/l><\/div><div class=\"timeline-icon-block\"><div class=\"ult-timeline-icon tl-icon-no-bg\" style=\"   \"><\/div> <!-- icon --><\/div><div class=\"timeline-header-block\" >\n\t\t\t\t\t\t\t<div id=\"timeline-item-7719\" class=\"timeline-header\" style=\"\"><h2 class=\"ult-timeline-title ult-responsive\"  data-ultimate-target='#timeline-item-7719 .ult-timeline-title'  data-responsive-json-new='{\"font-size\":\"\",\"line-height\":\"\"}'  style=\"\">2006 - 2008<\/h2><div class=\"ult-responsive timeline-item-spt\"  data-ultimate-target='#timeline-item-7719 .timeline-item-spt'  data-responsive-json-new='{\"font-size\":\"\",\"line-height\":\"\"}'  style=\"\"><\/p>\n<h3 style=\"text-align: center;\">Przebudowa biogazowni \u00d6koenergie Utzenaich poprzez w\u0142asne rozwi\u0105zania techniczne w celu zmiany surowca z kiszonki kukurydzianej na resztki polowe, s\u0142om\u0119 i obornik.<\/h3>\n<p><\/div><\/div> <!-- header --><\/div><\/div><div class=\"timeline-block \"><div class=\"timeline-dot\"><\/div><div class=\"ult-timeline-arrow\"><s><\/s><l><\/l><\/div><div class=\"timeline-icon-block\"><div class=\"ult-timeline-icon tl-icon-no-bg\" style=\"   \"><\/div> <!-- icon --><\/div><div class=\"timeline-header-block\" >\n\t\t\t\t\t\t\t<div id=\"timeline-item-6291\" class=\"timeline-header\" style=\"\"><h2 class=\"ult-timeline-title ult-responsive\"  data-ultimate-target='#timeline-item-6291 .ult-timeline-title'  data-responsive-json-new='{\"font-size\":\"\",\"line-height\":\"\"}'  style=\"\">2004<\/h2><div class=\"ult-responsive timeline-item-spt\"  data-ultimate-target='#timeline-item-6291 .timeline-item-spt'  data-responsive-json-new='{\"font-size\":\"\",\"line-height\":\"\"}'  style=\"\"><\/p>\n<h3 style=\"text-align: center;\"><img decoding=\"async\" class=\"size-medium wp-image-203737 aligncenter lazyload\" data-src=\"https:\/\/biog-biogas.com\/wp-content\/uploads\/\/DSC00834-300x225.jpg\" alt=\"\" width=\"300\" height=\"179\" src=\"data:image\/svg+xml;base64,PHN2ZyB3aWR0aD0iMSIgaGVpZ2h0PSIxIiB4bWxucz0iaHR0cDovL3d3dy53My5vcmcvMjAwMC9zdmciPjwvc3ZnPg==\" style=\"--smush-placeholder-width: 300px; --smush-placeholder-aspect-ratio: 300\/179;\" \/><\/h3>\n<h3 style=\"text-align: center;\">Za\u0142o\u017cenie firmy \u00d6koenergie Utzenaich GmbH w celu eksploatacji biogazowni o mocy 500 kW wykorzystuj\u0105cej kiszonk\u0119 kukurydzian\u0105.<\/h3>\n<p><\/div><\/div> <!-- header --><\/div><\/div><\/div><\/div>[\/vc_column][\/vc_row]<\/p>\n<\/div>","protected":false},"excerpt":{"rendered":"<p>[vc_row][vc_column width=&#8221;1\/2&#8243;][vc_row_inner][vc_column_inner][vc_column_text] Historia firmy [\/vc_column_text][\/vc_column_inner][\/vc_row_inner][vc_empty_space][vc_column_text]Obecnie BioG zatrudnia ponad 60 pracownik\u00f3w i co roku wspiera 30\u201350 biogazowni w budowie lub modernizacji instalacji biogazowych z g\u0142\u00f3wnych upraw, takich jak kukurydza i zbo\u017ca, na odpady, takie jak s\u0142oma, obornik, materia\u0142y pochodz\u0105ce z piel\u0119gnacji krajobrazu i odpady organiczne. Ze wzgl\u0119du na dobry bilans CO2 biometanu z odpad\u00f3w i coraz&hellip;<\/p>\n","protected":false},"author":46,"featured_media":0,"parent":2245,"menu_order":0,"comment_status":"closed","ping_status":"closed","template":"","meta":{"footnotes":""},"class_list":["post-284738","page","type-page","status-publish","hentry","description-off"],"yoast_head":"<!-- This site is optimized with the Yoast SEO plugin v27.3 - https:\/\/yoast.com\/product\/yoast-seo-wordpress\/ -->\n<title>Historia firmy - BIOG<\/title>\n<meta name=\"robots\" content=\"index, follow, max-snippet:-1, max-image-preview:large, max-video-preview:-1\" \/>\n<link rel=\"canonical\" href=\"https:\/\/biog-biogas.com\/pl\/przedsiebiorstwo\/firmengeschichte\/\" \/>\n<meta property=\"og:locale\" content=\"pl_PL\" \/>\n<meta property=\"og:type\" content=\"article\" \/>\n<meta property=\"og:title\" content=\"Historia firmy - BIOG\" \/>\n<meta property=\"og:description\" content=\"[vc_row][vc_column width=&#8221;1\/2&#8243;][vc_row_inner][vc_column_inner][vc_column_text] Historia firmy [\/vc_column_text][\/vc_column_inner][\/vc_row_inner][vc_empty_space][vc_column_text]Obecnie BioG zatrudnia ponad 60 pracownik\u00f3w i co roku wspiera 30\u201350 biogazowni w budowie lub modernizacji instalacji biogazowych z g\u0142\u00f3wnych upraw, takich jak kukurydza i zbo\u017ca, na odpady, takie jak s\u0142oma, obornik, materia\u0142y pochodz\u0105ce z piel\u0119gnacji krajobrazu i odpady organiczne. Ze wzgl\u0119du na dobry bilans CO2 biometanu z odpad\u00f3w i coraz&hellip;\" \/>\n<meta property=\"og:url\" content=\"https:\/\/biog-biogas.com\/pl\/przedsiebiorstwo\/firmengeschichte\/\" \/>\n<meta property=\"og:site_name\" content=\"BIOG\" \/>\n<meta property=\"article:modified_time\" content=\"2025-10-22T07:53:18+00:00\" \/>\n<meta property=\"og:image\" content=\"https:\/\/biog-biogas.com\/wp-content\/uploads\/0_CNG-Hoftankstelle_Ansicht-300x169.jpg\" \/>\n<meta name=\"twitter:card\" content=\"summary_large_image\" \/>\n<meta name=\"twitter:label1\" content=\"Szacowany czas czytania\" \/>\n\t<meta name=\"twitter:data1\" content=\"3 minuty\" \/>\n<script type=\"application\/ld+json\" class=\"yoast-schema-graph\">{\"@context\":\"https:\\\/\\\/schema.org\",\"@graph\":[{\"@type\":\"WebPage\",\"@id\":\"https:\\\/\\\/biog-biogas.com\\\/pl\\\/przedsiebiorstwo\\\/firmengeschichte\\\/\",\"url\":\"https:\\\/\\\/biog-biogas.com\\\/pl\\\/przedsiebiorstwo\\\/firmengeschichte\\\/\",\"name\":\"Historia firmy - BIOG\",\"isPartOf\":{\"@id\":\"https:\\\/\\\/biog-biogas.com\\\/pl\\\/#website\"},\"primaryImageOfPage\":{\"@id\":\"https:\\\/\\\/biog-biogas.com\\\/pl\\\/przedsiebiorstwo\\\/firmengeschichte\\\/#primaryimage\"},\"image\":{\"@id\":\"https:\\\/\\\/biog-biogas.com\\\/pl\\\/przedsiebiorstwo\\\/firmengeschichte\\\/#primaryimage\"},\"thumbnailUrl\":\"https:\\\/\\\/biog-biogas.com\\\/wp-content\\\/uploads\\\/0_CNG-Hoftankstelle_Ansicht-300x169.jpg\",\"datePublished\":\"2021-06-23T05:49:04+00:00\",\"dateModified\":\"2025-10-22T07:53:18+00:00\",\"breadcrumb\":{\"@id\":\"https:\\\/\\\/biog-biogas.com\\\/pl\\\/przedsiebiorstwo\\\/firmengeschichte\\\/#breadcrumb\"},\"inLanguage\":\"pl-PL\",\"potentialAction\":[{\"@type\":\"ReadAction\",\"target\":[\"https:\\\/\\\/biog-biogas.com\\\/pl\\\/przedsiebiorstwo\\\/firmengeschichte\\\/\"]}]},{\"@type\":\"ImageObject\",\"inLanguage\":\"pl-PL\",\"@id\":\"https:\\\/\\\/biog-biogas.com\\\/pl\\\/przedsiebiorstwo\\\/firmengeschichte\\\/#primaryimage\",\"url\":\"https:\\\/\\\/biog-biogas.com\\\/wp-content\\\/uploads\\\/0_CNG-Hoftankstelle_Ansicht-300x169.jpg\",\"contentUrl\":\"https:\\\/\\\/biog-biogas.com\\\/wp-content\\\/uploads\\\/0_CNG-Hoftankstelle_Ansicht-300x169.jpg\"},{\"@type\":\"BreadcrumbList\",\"@id\":\"https:\\\/\\\/biog-biogas.com\\\/pl\\\/przedsiebiorstwo\\\/firmengeschichte\\\/#breadcrumb\",\"itemListElement\":[{\"@type\":\"ListItem\",\"position\":1,\"name\":\"Startseite\",\"item\":\"https:\\\/\\\/biog-biogas.com\\\/pl\\\/\"},{\"@type\":\"ListItem\",\"position\":2,\"name\":\"Przedsi\u0119biorstwo\",\"item\":\"https:\\\/\\\/biog-biogas.com\\\/pl\\\/unternehmen\\\/\"},{\"@type\":\"ListItem\",\"position\":3,\"name\":\"Historia firmy\"}]},{\"@type\":\"WebSite\",\"@id\":\"https:\\\/\\\/biog-biogas.com\\\/pl\\\/#website\",\"url\":\"https:\\\/\\\/biog-biogas.com\\\/pl\\\/\",\"name\":\"BIOG\",\"description\":\"Solutions for green energy\",\"potentialAction\":[{\"@type\":\"SearchAction\",\"target\":{\"@type\":\"EntryPoint\",\"urlTemplate\":\"https:\\\/\\\/biog-biogas.com\\\/pl\\\/?s={search_term_string}\"},\"query-input\":{\"@type\":\"PropertyValueSpecification\",\"valueRequired\":true,\"valueName\":\"search_term_string\"}}],\"inLanguage\":\"pl-PL\"}]}<\/script>\n<!-- \/ Yoast SEO plugin. -->","yoast_head_json":{"title":"Historia firmy - BIOG","robots":{"index":"index","follow":"follow","max-snippet":"max-snippet:-1","max-image-preview":"max-image-preview:large","max-video-preview":"max-video-preview:-1"},"canonical":"https:\/\/biog-biogas.com\/pl\/przedsiebiorstwo\/firmengeschichte\/","og_locale":"pl_PL","og_type":"article","og_title":"Historia firmy - BIOG","og_description":"[vc_row][vc_column width=&#8221;1\/2&#8243;][vc_row_inner][vc_column_inner][vc_column_text] Historia firmy [\/vc_column_text][\/vc_column_inner][\/vc_row_inner][vc_empty_space][vc_column_text]Obecnie BioG zatrudnia ponad 60 pracownik\u00f3w i co roku wspiera 30\u201350 biogazowni w budowie lub modernizacji instalacji biogazowych z g\u0142\u00f3wnych upraw, takich jak kukurydza i zbo\u017ca, na odpady, takie jak s\u0142oma, obornik, materia\u0142y pochodz\u0105ce z piel\u0119gnacji krajobrazu i odpady organiczne. Ze wzgl\u0119du na dobry bilans CO2 biometanu z odpad\u00f3w i coraz&hellip;","og_url":"https:\/\/biog-biogas.com\/pl\/przedsiebiorstwo\/firmengeschichte\/","og_site_name":"BIOG","article_modified_time":"2025-10-22T07:53:18+00:00","og_image":[{"url":"https:\/\/biog-biogas.com\/wp-content\/uploads\/0_CNG-Hoftankstelle_Ansicht-300x169.jpg","type":"","width":"","height":""}],"twitter_card":"summary_large_image","twitter_misc":{"Szacowany czas czytania":"3 minuty"},"schema":{"@context":"https:\/\/schema.org","@graph":[{"@type":"WebPage","@id":"https:\/\/biog-biogas.com\/pl\/przedsiebiorstwo\/firmengeschichte\/","url":"https:\/\/biog-biogas.com\/pl\/przedsiebiorstwo\/firmengeschichte\/","name":"Historia firmy - BIOG","isPartOf":{"@id":"https:\/\/biog-biogas.com\/pl\/#website"},"primaryImageOfPage":{"@id":"https:\/\/biog-biogas.com\/pl\/przedsiebiorstwo\/firmengeschichte\/#primaryimage"},"image":{"@id":"https:\/\/biog-biogas.com\/pl\/przedsiebiorstwo\/firmengeschichte\/#primaryimage"},"thumbnailUrl":"https:\/\/biog-biogas.com\/wp-content\/uploads\/0_CNG-Hoftankstelle_Ansicht-300x169.jpg","datePublished":"2021-06-23T05:49:04+00:00","dateModified":"2025-10-22T07:53:18+00:00","breadcrumb":{"@id":"https:\/\/biog-biogas.com\/pl\/przedsiebiorstwo\/firmengeschichte\/#breadcrumb"},"inLanguage":"pl-PL","potentialAction":[{"@type":"ReadAction","target":["https:\/\/biog-biogas.com\/pl\/przedsiebiorstwo\/firmengeschichte\/"]}]},{"@type":"ImageObject","inLanguage":"pl-PL","@id":"https:\/\/biog-biogas.com\/pl\/przedsiebiorstwo\/firmengeschichte\/#primaryimage","url":"https:\/\/biog-biogas.com\/wp-content\/uploads\/0_CNG-Hoftankstelle_Ansicht-300x169.jpg","contentUrl":"https:\/\/biog-biogas.com\/wp-content\/uploads\/0_CNG-Hoftankstelle_Ansicht-300x169.jpg"},{"@type":"BreadcrumbList","@id":"https:\/\/biog-biogas.com\/pl\/przedsiebiorstwo\/firmengeschichte\/#breadcrumb","itemListElement":[{"@type":"ListItem","position":1,"name":"Startseite","item":"https:\/\/biog-biogas.com\/pl\/"},{"@type":"ListItem","position":2,"name":"Przedsi\u0119biorstwo","item":"https:\/\/biog-biogas.com\/pl\/unternehmen\/"},{"@type":"ListItem","position":3,"name":"Historia firmy"}]},{"@type":"WebSite","@id":"https:\/\/biog-biogas.com\/pl\/#website","url":"https:\/\/biog-biogas.com\/pl\/","name":"BIOG","description":"Solutions for green energy","potentialAction":[{"@type":"SearchAction","target":{"@type":"EntryPoint","urlTemplate":"https:\/\/biog-biogas.com\/pl\/?s={search_term_string}"},"query-input":{"@type":"PropertyValueSpecification","valueRequired":true,"valueName":"search_term_string"}}],"inLanguage":"pl-PL"}]}},"_links":{"self":[{"href":"https:\/\/biog-biogas.com\/pl\/wp-json\/wp\/v2\/pages\/284738","targetHints":{"allow":["GET"]}}],"collection":[{"href":"https:\/\/biog-biogas.com\/pl\/wp-json\/wp\/v2\/pages"}],"about":[{"href":"https:\/\/biog-biogas.com\/pl\/wp-json\/wp\/v2\/types\/page"}],"author":[{"embeddable":true,"href":"https:\/\/biog-biogas.com\/pl\/wp-json\/wp\/v2\/users\/46"}],"replies":[{"embeddable":true,"href":"https:\/\/biog-biogas.com\/pl\/wp-json\/wp\/v2\/comments?post=284738"}],"version-history":[{"count":0,"href":"https:\/\/biog-biogas.com\/pl\/wp-json\/wp\/v2\/pages\/284738\/revisions"}],"up":[{"embeddable":true,"href":"https:\/\/biog-biogas.com\/pl\/wp-json\/wp\/v2\/pages\/2245"}],"wp:attachment":[{"href":"https:\/\/biog-biogas.com\/pl\/wp-json\/wp\/v2\/media?parent=284738"}],"curies":[{"name":"wp","href":"https:\/\/api.w.org\/{rel}","templated":true}]}}