{"id":285181,"date":"2026-01-15T11:38:59","date_gmt":"2026-01-15T10:38:59","guid":{"rendered":"https:\/\/biog-biogas.com\/cng-fronttank\/"},"modified":"2026-01-16T07:40:10","modified_gmt":"2026-01-16T06:40:10","slug":"cng-fronttank","status":"publish","type":"page","link":"https:\/\/biog-biogas.com\/pl\/cng-fronttank\/","title":{"rendered":"CNG Fronttank"},"content":{"rendered":"<div class=\"wpb-content-wrapper\"><p>[vc_row][vc_column width=&#8221;1\/2&#8243;]<div id=\"ultimate-heading-752869d3ab7e70bf2\" class=\"uvc-heading ult-adjust-bottom-margin ultimate-heading-752869d3ab7e70bf2 uvc-8645  uvc-heading-default-font-sizes\" data-hspacer=\"no_spacer\"  data-halign=\"left\" style=\"text-align:left\"><div class=\"uvc-heading-spacer no_spacer\" style=\"top\"><\/div><div class=\"uvc-main-heading ult-responsive\"  data-ultimate-target='.uvc-heading.ultimate-heading-752869d3ab7e70bf2 h2'  data-responsive-json-new='{\"font-size\":\"\",\"line-height\":\"\"}' ><h2 style=\"--font-weight:theme;\">Zbiornik CNG z przodu<\/h2><\/div><\/div><div id=\"ultimate-heading-23869d3ab7e70cfc\" class=\"uvc-heading ult-adjust-bottom-margin ultimate-heading-23869d3ab7e70cfc uvc-9941  uvc-heading-default-font-sizes\" data-hspacer=\"no_spacer\"  data-halign=\"left\" style=\"text-align:left\"><div class=\"uvc-heading-spacer no_spacer\" style=\"top\"><\/div><div class=\"uvc-main-heading ult-responsive\"  data-ultimate-target='.uvc-heading.ultimate-heading-23869d3ab7e70cfc h1'  data-responsive-json-new='{\"font-size\":\"\",\"line-height\":\"\"}' ><h1 style=\"--font-weight:theme;\">Zr\u00f3wnowa\u017cone \u017ar\u00f3d\u0142o energii dla nowoczesnego rolnictwa<\/h1><\/div><\/div>[vc_empty_space][vc_column_text css=&#8221;&#8221;]We wsp\u00f3\u0142pracy z New Holland, BioG wprowadza transformacj\u0119 energetyczn\u0105 prosto na pola.<br data-start=\"166\" data-end=\"169\" \/>Zbiornik CNG montowany z przodu sprawia, \u017ce rolnictwo staje si\u0119 bardziej niezale\u017cne, zr\u00f3wnowa\u017cone i op\u0142acalne.[\/vc_column_text][vc_empty_space][vc_column_text css=&#8221;&#8221;]<\/p>\n<h2 data-start=\"281\" data-end=\"308\">Elastyczny i praktyczny<\/h2>\n<ul data-start=\"309\" data-end=\"464\">\n<li data-start=\"309\" data-end=\"358\">\n<p data-start=\"311\" data-end=\"358\">Monta\u017c z przodu lub z ty\u0142u na ka\u017cdym ci\u0105gniku<\/p>\n<\/li>\n<li data-start=\"359\" data-end=\"411\">\n<p data-start=\"361\" data-end=\"411\">Mo\u017cliwo\u015b\u0107 monta\u017cu r\u00f3wnie\u017c na osprz\u0119cie rolniczym<\/p>\n<\/li>\n<li data-start=\"412\" data-end=\"464\">\n<p data-start=\"414\" data-end=\"464\">Szybkoz\u0142\u0105czka zapewniaj\u0105ca maksymaln\u0105 elastyczno\u015b\u0107<\/p>\n<\/li>\n<\/ul>\n<p>[\/vc_column_text][vc_empty_space height=&#8221;70px&#8221;][\/vc_column][vc_column width=&#8221;1\/2&#8243;][vc_single_image image=&#8221;285146&#8243; img_size=&#8221;full&#8221; alignment=&#8221;center&#8221; css=&#8221;&#8221;][\/vc_column][\/vc_row][vc_row][vc_column width=&#8221;1\/2&#8243;][vc_column_text css=&#8221;&#8221;]<\/p>\n<div class=\"text-base my-auto mx-auto [--thread-content-margin:--spacing(4)] @w-sm\/main:[--thread-content-margin:--spacing(6)] @w-lg\/main:[--thread-content-margin:--spacing(16)] px-(--thread-content-margin)\">\n<div class=\"[--thread-content-max-width:40rem] @w-lg\/main:[--thread-content-max-width:48rem] mx-auto max-w-(--thread-content-max-width) flex-1 group\/turn-messages focus-visible:outline-hidden relative flex w-full min-w-0 flex-col agent-turn\" tabindex=\"-1\">\n<div class=\"flex max-w-full flex-col grow\">\n<div class=\"min-h-8 text-message relative flex w-full flex-col items-end gap-2 text-start break-words whitespace-normal [.text-message+&amp;]:mt-1\" dir=\"auto\" data-message-author-role=\"assistant\" data-message-id=\"e2427a86-6c53-4d52-be03-8d676f5c2502\" data-message-model-slug=\"gpt-5-2\">\n<div class=\"flex w-full flex-col gap-1 empty:hidden first:pt-[1px]\">\n<div class=\"markdown prose dark:prose-invert w-full break-words light markdown-new-styling\">\n<h2 data-start=\"466\" data-end=\"484\">Twoje korzy\u015bci<\/h2>\n<ul data-start=\"485\" data-end=\"695\">\n<li data-start=\"485\" data-end=\"513\">\n<p data-start=\"487\" data-end=\"513\">Obni\u017cenie koszt\u00f3w paliwa<\/p>\n<\/li>\n<li data-start=\"514\" data-end=\"537\">\n<p data-start=\"516\" data-end=\"537\">Redukcja emisji CO\u2082<\/p>\n<\/li>\n<li data-start=\"538\" data-end=\"574\">\n<p data-start=\"540\" data-end=\"574\">Niezale\u017cno\u015b\u0107 od oleju nap\u0119dowego<\/p>\n<\/li>\n<li data-start=\"575\" data-end=\"614\">\n<p data-start=\"577\" data-end=\"614\">\u0141atwa integracja z istniej\u0105c\u0105 flot\u0105<\/p>\n<\/li>\n<li data-start=\"615\" data-end=\"642\">\n<p data-start=\"617\" data-end=\"642\">Bezpieczny i wytrzyma\u0142y<\/p>\n<\/li>\n<li data-start=\"643\" data-end=\"695\">\n<p data-start=\"645\" data-end=\"695\">Zaprojektowany specjalnie do zastosowa\u0144 rolniczych<\/p>\n<\/li>\n<\/ul>\n<\/div>\n<\/div>\n<\/div>\n<\/div>\n<\/div>\n<\/div>\n<p>[\/vc_column_text][\/vc_column][vc_column width=&#8221;1\/2&#8243;][vc_column_text css=&#8221;&#8221;]<\/p>\n<h2 data-start=\"697\" data-end=\"716\">Dane techniczne<\/h2>\n<ul data-start=\"717\" data-end=\"888\">\n<li data-start=\"717\" data-end=\"742\">\n<p data-start=\"719\" data-end=\"742\"><strong>Pojemno\u015b\u0107:<\/strong> 575 litr\u00f3w<\/p>\n<\/li>\n<li data-start=\"743\" data-end=\"816\">\n<p data-start=\"745\" data-end=\"816\"><strong>Pojemno\u015b\u0107 magazynowa:<\/strong> ok. 80 kg CNG \u2259 ok. 110 litr\u00f3w oleju nap\u0119dowego<\/p>\n<\/li>\n<li data-start=\"817\" data-end=\"842\">\n<p data-start=\"819\" data-end=\"842\"><strong>Waga w\u0142asna:<\/strong> 1.000 kg<\/p>\n<\/li>\n<li data-start=\"843\" data-end=\"888\">\n<p data-start=\"845\" data-end=\"888\"><strong>Dopuszczalne dodatkowe obci\u0105\u017cenie:<\/strong> + 250 kg<\/p>\n<\/li>\n<\/ul>\n<p>[\/vc_column_text][\/vc_column][\/vc_row][vc_row][vc_column][vc_empty_space][vc_single_image image=&#8221;285153&#8243; img_size=&#8221;large&#8221; alignment=&#8221;center&#8221; css=&#8221;&#8221;][\/vc_column][\/vc_row]<\/p>\n<\/div>","protected":false},"excerpt":{"rendered":"<p>[vc_row][vc_column width=&#8221;1\/2&#8243;][vc_empty_space][vc_column_text css=&#8221;&#8221;]We wsp\u00f3\u0142pracy z New Holland, BioG wprowadza transformacj\u0119 energetyczn\u0105 prosto na pola.Zbiornik CNG montowany z przodu sprawia, \u017ce rolnictwo staje si\u0119 bardziej niezale\u017cne, zr\u00f3wnowa\u017cone i op\u0142acalne.[\/vc_column_text][vc_empty_space][vc_column_text css=&#8221;&#8221;] Elastyczny i praktyczny Monta\u017c z przodu lub z ty\u0142u na ka\u017cdym ci\u0105gniku Mo\u017cliwo\u015b\u0107 monta\u017cu r\u00f3wnie\u017c na osprz\u0119cie rolniczym Szybkoz\u0142\u0105czka zapewniaj\u0105ca maksymaln\u0105 elastyczno\u015b\u0107 [\/vc_column_text][vc_empty_space height=&#8221;70px&#8221;][\/vc_column][vc_column width=&#8221;1\/2&#8243;][vc_single_image image=&#8221;285146&#8243;&hellip;<\/p>\n","protected":false},"author":46,"featured_media":0,"parent":0,"menu_order":0,"comment_status":"closed","ping_status":"closed","template":"","meta":{"footnotes":""},"class_list":["post-285181","page","type-page","status-publish","hentry","description-off"],"yoast_head":"<!-- This site is optimized with the Yoast SEO plugin v27.3 - https:\/\/yoast.com\/product\/yoast-seo-wordpress\/ -->\n<title>CNG Fronttank - BIOG<\/title>\n<meta name=\"robots\" content=\"index, follow, max-snippet:-1, max-image-preview:large, max-video-preview:-1\" \/>\n<link rel=\"canonical\" href=\"https:\/\/biog-biogas.com\/pl\/cng-fronttank\/\" \/>\n<meta property=\"og:locale\" content=\"pl_PL\" \/>\n<meta property=\"og:type\" content=\"article\" \/>\n<meta property=\"og:title\" content=\"CNG Fronttank - BIOG\" \/>\n<meta property=\"og:description\" content=\"[vc_row][vc_column width=&#8221;1\/2&#8243;][vc_empty_space][vc_column_text css=&#8221;&#8221;]We wsp\u00f3\u0142pracy z New Holland, BioG wprowadza transformacj\u0119 energetyczn\u0105 prosto na pola.Zbiornik CNG montowany z przodu sprawia, \u017ce rolnictwo staje si\u0119 bardziej niezale\u017cne, zr\u00f3wnowa\u017cone i op\u0142acalne.[\/vc_column_text][vc_empty_space][vc_column_text css=&#8221;&#8221;] Elastyczny i praktyczny Monta\u017c z przodu lub z ty\u0142u na ka\u017cdym ci\u0105gniku Mo\u017cliwo\u015b\u0107 monta\u017cu r\u00f3wnie\u017c na osprz\u0119cie rolniczym Szybkoz\u0142\u0105czka zapewniaj\u0105ca maksymaln\u0105 elastyczno\u015b\u0107 [\/vc_column_text][vc_empty_space height=&#8221;70px&#8221;][\/vc_column][vc_column width=&#8221;1\/2&#8243;][vc_single_image image=&#8221;285146&#8243;&hellip;\" \/>\n<meta property=\"og:url\" content=\"https:\/\/biog-biogas.com\/pl\/cng-fronttank\/\" \/>\n<meta property=\"og:site_name\" content=\"BIOG\" \/>\n<meta property=\"article:modified_time\" content=\"2026-01-16T06:40:10+00:00\" \/>\n<meta name=\"twitter:card\" content=\"summary_large_image\" \/>\n<meta name=\"twitter:label1\" content=\"Szacowany czas czytania\" \/>\n\t<meta name=\"twitter:data1\" content=\"2 minuty\" \/>\n<script type=\"application\/ld+json\" class=\"yoast-schema-graph\">{\"@context\":\"https:\\\/\\\/schema.org\",\"@graph\":[{\"@type\":\"WebPage\",\"@id\":\"https:\\\/\\\/biog-biogas.com\\\/pl\\\/cng-fronttank\\\/\",\"url\":\"https:\\\/\\\/biog-biogas.com\\\/pl\\\/cng-fronttank\\\/\",\"name\":\"CNG Fronttank - BIOG\",\"isPartOf\":{\"@id\":\"https:\\\/\\\/biog-biogas.com\\\/pl\\\/#website\"},\"datePublished\":\"2026-01-15T10:38:59+00:00\",\"dateModified\":\"2026-01-16T06:40:10+00:00\",\"breadcrumb\":{\"@id\":\"https:\\\/\\\/biog-biogas.com\\\/pl\\\/cng-fronttank\\\/#breadcrumb\"},\"inLanguage\":\"pl-PL\",\"potentialAction\":[{\"@type\":\"ReadAction\",\"target\":[\"https:\\\/\\\/biog-biogas.com\\\/pl\\\/cng-fronttank\\\/\"]}]},{\"@type\":\"BreadcrumbList\",\"@id\":\"https:\\\/\\\/biog-biogas.com\\\/pl\\\/cng-fronttank\\\/#breadcrumb\",\"itemListElement\":[{\"@type\":\"ListItem\",\"position\":1,\"name\":\"Startseite\",\"item\":\"https:\\\/\\\/biog-biogas.com\\\/pl\\\/\"},{\"@type\":\"ListItem\",\"position\":2,\"name\":\"CNG Fronttank\"}]},{\"@type\":\"WebSite\",\"@id\":\"https:\\\/\\\/biog-biogas.com\\\/pl\\\/#website\",\"url\":\"https:\\\/\\\/biog-biogas.com\\\/pl\\\/\",\"name\":\"BIOG\",\"description\":\"Solutions for green energy\",\"potentialAction\":[{\"@type\":\"SearchAction\",\"target\":{\"@type\":\"EntryPoint\",\"urlTemplate\":\"https:\\\/\\\/biog-biogas.com\\\/pl\\\/?s={search_term_string}\"},\"query-input\":{\"@type\":\"PropertyValueSpecification\",\"valueRequired\":true,\"valueName\":\"search_term_string\"}}],\"inLanguage\":\"pl-PL\"}]}<\/script>\n<!-- \/ Yoast SEO plugin. -->","yoast_head_json":{"title":"CNG Fronttank - BIOG","robots":{"index":"index","follow":"follow","max-snippet":"max-snippet:-1","max-image-preview":"max-image-preview:large","max-video-preview":"max-video-preview:-1"},"canonical":"https:\/\/biog-biogas.com\/pl\/cng-fronttank\/","og_locale":"pl_PL","og_type":"article","og_title":"CNG Fronttank - BIOG","og_description":"[vc_row][vc_column width=&#8221;1\/2&#8243;][vc_empty_space][vc_column_text css=&#8221;&#8221;]We wsp\u00f3\u0142pracy z New Holland, BioG wprowadza transformacj\u0119 energetyczn\u0105 prosto na pola.Zbiornik CNG montowany z przodu sprawia, \u017ce rolnictwo staje si\u0119 bardziej niezale\u017cne, zr\u00f3wnowa\u017cone i op\u0142acalne.[\/vc_column_text][vc_empty_space][vc_column_text css=&#8221;&#8221;] Elastyczny i praktyczny Monta\u017c z przodu lub z ty\u0142u na ka\u017cdym ci\u0105gniku Mo\u017cliwo\u015b\u0107 monta\u017cu r\u00f3wnie\u017c na osprz\u0119cie rolniczym Szybkoz\u0142\u0105czka zapewniaj\u0105ca maksymaln\u0105 elastyczno\u015b\u0107 [\/vc_column_text][vc_empty_space height=&#8221;70px&#8221;][\/vc_column][vc_column width=&#8221;1\/2&#8243;][vc_single_image image=&#8221;285146&#8243;&hellip;","og_url":"https:\/\/biog-biogas.com\/pl\/cng-fronttank\/","og_site_name":"BIOG","article_modified_time":"2026-01-16T06:40:10+00:00","twitter_card":"summary_large_image","twitter_misc":{"Szacowany czas czytania":"2 minuty"},"schema":{"@context":"https:\/\/schema.org","@graph":[{"@type":"WebPage","@id":"https:\/\/biog-biogas.com\/pl\/cng-fronttank\/","url":"https:\/\/biog-biogas.com\/pl\/cng-fronttank\/","name":"CNG Fronttank - BIOG","isPartOf":{"@id":"https:\/\/biog-biogas.com\/pl\/#website"},"datePublished":"2026-01-15T10:38:59+00:00","dateModified":"2026-01-16T06:40:10+00:00","breadcrumb":{"@id":"https:\/\/biog-biogas.com\/pl\/cng-fronttank\/#breadcrumb"},"inLanguage":"pl-PL","potentialAction":[{"@type":"ReadAction","target":["https:\/\/biog-biogas.com\/pl\/cng-fronttank\/"]}]},{"@type":"BreadcrumbList","@id":"https:\/\/biog-biogas.com\/pl\/cng-fronttank\/#breadcrumb","itemListElement":[{"@type":"ListItem","position":1,"name":"Startseite","item":"https:\/\/biog-biogas.com\/pl\/"},{"@type":"ListItem","position":2,"name":"CNG Fronttank"}]},{"@type":"WebSite","@id":"https:\/\/biog-biogas.com\/pl\/#website","url":"https:\/\/biog-biogas.com\/pl\/","name":"BIOG","description":"Solutions for green energy","potentialAction":[{"@type":"SearchAction","target":{"@type":"EntryPoint","urlTemplate":"https:\/\/biog-biogas.com\/pl\/?s={search_term_string}"},"query-input":{"@type":"PropertyValueSpecification","valueRequired":true,"valueName":"search_term_string"}}],"inLanguage":"pl-PL"}]}},"_links":{"self":[{"href":"https:\/\/biog-biogas.com\/pl\/wp-json\/wp\/v2\/pages\/285181","targetHints":{"allow":["GET"]}}],"collection":[{"href":"https:\/\/biog-biogas.com\/pl\/wp-json\/wp\/v2\/pages"}],"about":[{"href":"https:\/\/biog-biogas.com\/pl\/wp-json\/wp\/v2\/types\/page"}],"author":[{"embeddable":true,"href":"https:\/\/biog-biogas.com\/pl\/wp-json\/wp\/v2\/users\/46"}],"replies":[{"embeddable":true,"href":"https:\/\/biog-biogas.com\/pl\/wp-json\/wp\/v2\/comments?post=285181"}],"version-history":[{"count":0,"href":"https:\/\/biog-biogas.com\/pl\/wp-json\/wp\/v2\/pages\/285181\/revisions"}],"wp:attachment":[{"href":"https:\/\/biog-biogas.com\/pl\/wp-json\/wp\/v2\/media?parent=285181"}],"curies":[{"name":"wp","href":"https:\/\/api.w.org\/{rel}","templated":true}]}}